{"id":5543,"date":"2022-08-31T09:38:43","date_gmt":"2022-08-31T07:38:43","guid":{"rendered":"https:\/\/mascotasegura.es\/?page_id=5543"},"modified":"2023-10-31T15:54:04","modified_gmt":"2023-10-31T14:54:04","slug":"prevencion-enfermedades-y-accidentes-gatos","status":"publish","type":"page","link":"https:\/\/www.aon.es\/personales\/seguro-perro-gato\/prevencion-enfermedades-y-accidentes-gatos\/","title":{"rendered":"Enfermedades y accidentes gatos"},"content":{"rendered":"\n<div class=\"wp-block-cover is-light\"><span aria-hidden=\"true\" class=\"wp-block-cover__background has-background-dim-40 has-background-dim\"><\/span><img decoding=\"async\" width=\"1500\" height=\"761\" class=\"wp-block-cover__image-background wp-image-5547\" alt=\"Enfermedades y accidentes comunes en gatos-min\" src=\"https:\/\/www.aon.es\/personales\/seguro-perro-gato\/wp-content\/uploads\/sites\/2\/2022\/08\/Enfermedaes-y-accidentes-comunes-en-gatos-min.jpg\" style=\"object-position:21% 13%\" data-object-fit=\"cover\" data-object-position=\"21% 13%\" srcset=\"https:\/\/www.aon.es\/personales\/seguro-perro-gato\/wp-content\/uploads\/sites\/2\/2022\/08\/Enfermedaes-y-accidentes-comunes-en-gatos-min-200x101.jpg 200w, https:\/\/www.aon.es\/personales\/seguro-perro-gato\/wp-content\/uploads\/sites\/2\/2022\/08\/Enfermedaes-y-accidentes-comunes-en-gatos-min-300x152.jpg 300w, https:\/\/www.aon.es\/personales\/seguro-perro-gato\/wp-content\/uploads\/sites\/2\/2022\/08\/Enfermedaes-y-accidentes-comunes-en-gatos-min-400x203.jpg 400w, https:\/\/www.aon.es\/personales\/seguro-perro-gato\/wp-content\/uploads\/sites\/2\/2022\/08\/Enfermedaes-y-accidentes-comunes-en-gatos-min-600x304.jpg 600w, https:\/\/www.aon.es\/personales\/seguro-perro-gato\/wp-content\/uploads\/sites\/2\/2022\/08\/Enfermedaes-y-accidentes-comunes-en-gatos-min-768x390.jpg 768w, https:\/\/www.aon.es\/personales\/seguro-perro-gato\/wp-content\/uploads\/sites\/2\/2022\/08\/Enfermedaes-y-accidentes-comunes-en-gatos-min-800x406.jpg 800w, https:\/\/www.aon.es\/personales\/seguro-perro-gato\/wp-content\/uploads\/sites\/2\/2022\/08\/Enfermedaes-y-accidentes-comunes-en-gatos-min-1024x520.jpg 1024w, https:\/\/www.aon.es\/personales\/seguro-perro-gato\/wp-content\/uploads\/sites\/2\/2022\/08\/Enfermedaes-y-accidentes-comunes-en-gatos-min-1200x609.jpg 1200w, https:\/\/www.aon.es\/personales\/seguro-perro-gato\/wp-content\/uploads\/sites\/2\/2022\/08\/Enfermedaes-y-accidentes-comunes-en-gatos-min.jpg 1500w\" sizes=\"(max-width: 1500px) 100vw, 1500px\" \/><div class=\"wp-block-cover__inner-container is-layout-flow wp-block-cover-is-layout-flow\">\n<h1 class=\"gutenberg-main-title has-white-color has-text-color has-huge-font-size wp-block-heading\">Enfermedades y accidentes comunes en gatos<\/h1>\n\n\n\n<p class=\"gutenberg-main-p has-white-color has-text-color\" style=\"font-size:21px\">Sabemos que no quieres que le ocurra nada malo a tu gato, pero por desgracia puede enfermar o sufrir un accidente. En esta secci\u00f3n encontrar\u00e1s informaci\u00f3n muy \u00fatil como un glosario de enfermedades felinas con datos sobre prevenci\u00f3n y tratamientos, o c\u00f3mo prevenir que sufra alg\u00fan accidente en el hogar. Estos art\u00edculos te mantendr\u00e1n informados para saber c\u00f3mo actuar o evitar situaciones indeseadas. \u00a1Toma nota!<\/p>\n<\/div><\/div>\n\n\n\n<div class=\"wp-block-cover is-light py-5\" style=\"min-height:180px;aspect-ratio:unset;\"><span aria-hidden=\"true\" class=\"wp-block-cover__background has-background-dim-100 has-background-dim\" style=\"background-color:#eef6f7\"><\/span><div class=\"wp-block-cover__inner-container is-layout-flow wp-block-cover-is-layout-flow\">\n<h2 class=\"has-text-align-center mb-4 mt-2 title-heading-left has-text-color has-xlarge-font-size wp-block-heading\" style=\"font-style:normal;font-weight:900\">Explorar los consejos sobre evitar enfermedades felinas<\/h2>\n\n\n\n<div class=\"wp-block-columns is-layout-flex wp-container-core-columns-is-layout-9d6595d7 wp-block-columns-is-layout-flex\">\n<div class=\"wp-block-column is-layout-flow wp-block-column-is-layout-flow\">\n<div class=\"wp-block-buttons is-layout-flex wp-block-buttons-is-layout-flex\">\n<div class=\"wp-block-button btn btn-navigation\"><a class=\"wp-block-button__link\" href=\"https:\/\/www.aon.es\/personales\/seguro-perro-gato\/salud-y-cuidados-gatos\/\">Salud y cuidados<\/a><\/div>\n<\/div>\n<\/div>\n\n\n\n<div class=\"wp-block-column is-layout-flow wp-block-column-is-layout-flow\">\n<div class=\"wp-block-buttons is-layout-flex wp-block-buttons-is-layout-flex\">\n<div class=\"wp-block-button btn btn-navigation\"><a class=\"wp-block-button__link\" href=\"https:\/\/www.aon.es\/personales\/seguro-perro-gato\/consejos-sobre-higiene-felina\/\">Higiene<\/a><\/div>\n<\/div>\n<\/div>\n<\/div>\n<\/div><\/div>\n\n\n\n<h2 class=\"title-heading-left mt-3 mx-3 has-text-color wp-block-heading\">Post destacados<\/h2>\n\n\n                    <section class=\"mt-5 mb-5\">                <div class=\"col-md-4 featured-post p-0\">\n                                <a href=\"https:\/\/www.aon.es\/personales\/seguro-perro-gato\/blog\/la-importancia-de-la-actividad-fisica-en-gatos\/\">\n                    <div class=\"featured-post-content d-flex align-items-end justify-content-center p-3 pb-5 \"\n                        style=\"background:linear-gradient(0deg, rgba(0,0,0,1) 0%, rgba(9,9,121,0) 95%, rgba(0,212,255,0) 100%),url(https:\/\/www.aon.es\/personales\/seguro-perro-gato\/wp-content\/uploads\/sites\/2\/2025\/09\/AdobeStock_395469399-scaled.jpeg) no-repeat;background-size:cover;background-position:center;\">\n                        La importancia de la actividad f\u00edsica en gatos                    <\/div>\n                <\/a>\n                <\/div>\n                            <div class=\"col-md-4 featured-post p-0\">\n                                <a href=\"https:\/\/www.aon.es\/personales\/seguro-perro-gato\/blog\/comportamientos-raros-gatos\/\">\n                    <div class=\"featured-post-content d-flex align-items-end justify-content-center p-3 pb-5 \"\n                        style=\"background:linear-gradient(0deg, rgba(0,0,0,1) 0%, rgba(9,9,121,0) 95%, rgba(0,212,255,0) 100%),url(https:\/\/www.aon.es\/personales\/seguro-perro-gato\/wp-content\/uploads\/sites\/2\/2024\/01\/cerrar-retrato-hermoso-gato-despojado-relajante-manta-cebra-scaled.jpg) no-repeat;background-size:cover;background-position:center;\">\n                        Mi gato tiene comportamientos raros, \u00bfpor qu\u00e9?                    <\/div>\n                <\/a>\n                <\/div>\n                            <div class=\"col-md-4 featured-post p-0\">\n                                <a href=\"https:\/\/www.aon.es\/personales\/seguro-perro-gato\/blog\/desparasitar_a_tu_mascota\/\">\n                    <div class=\"featured-post-content d-flex align-items-end justify-content-center p-3 pb-5 \"\n                        style=\"background:linear-gradient(0deg, rgba(0,0,0,1) 0%, rgba(9,9,121,0) 95%, rgba(0,212,255,0) 100%),url(https:\/\/www.aon.es\/personales\/seguro-perro-gato\/wp-content\/uploads\/sites\/2\/2023\/01\/desparasitar_mascotas.jpg) no-repeat;background-size:cover;background-position:center;\">\n                        La importancia de desparasitar a tu mascota                    <\/div>\n                <\/a>\n                <\/div>\n                        <\/section>\n                <\/div>\n    \n\n\n\n<div style=\"height:30px\" aria-hidden=\"true\" class=\"wp-block-spacer\"><\/div>\n\n\n\n<h2 class=\"title-heading-left mt-3 mx-3 has-text-color wp-block-heading\">Todos los posts sobre las enfermedades m\u00e1s comunes en gatos<\/h2>\n\n\n                    <div id=\"enfermedades\" class=\"blog-header-container\">\n            <ul class=\"blog-header row_ fusion-blog-shortcode\">\n                                        <li class=\"col-lg-3 first-post \">\n                    <div class=\"featured-post-category-img\"\n                    style=\"background:url(https:\/\/www.aon.es\/personales\/seguro-perro-gato\/wp-content\/uploads\/sites\/2\/2025\/09\/AdobeStock_395469399-scaled.jpeg) no-repeat;background-size:cover;background-position:center;height:220px;\">\n                    <\/div>\n                    <div class=\"featured-post-content d-flex justify-content-center \">\n                        <h2 class=\"blog-shortcode-post-title entry-title\"><a href=\"https:\/\/www.aon.es\/personales\/seguro-perro-gato\/blog\/la-importancia-de-la-actividad-fisica-en-gatos\/\">La importancia de la actividad f\u00edsica en gatos<\/a><\/h2>\n                    <\/div>\n                <\/li>\n                                        <li class=\"col-lg-3 first-post \">\n                    <div class=\"featured-post-category-img\"\n                    style=\"background:url(https:\/\/www.aon.es\/personales\/seguro-perro-gato\/wp-content\/uploads\/sites\/2\/2024\/01\/cerrar-retrato-hermoso-gato-despojado-relajante-manta-cebra-scaled.jpg) no-repeat;background-size:cover;background-position:center;height:220px;\">\n                    <\/div>\n                    <div class=\"featured-post-content d-flex justify-content-center \">\n                        <h2 class=\"blog-shortcode-post-title entry-title\"><a href=\"https:\/\/www.aon.es\/personales\/seguro-perro-gato\/blog\/comportamientos-raros-gatos\/\">Mi gato tiene comportamientos raros, \u00bfpor qu\u00e9?<\/a><\/h2>\n                    <\/div>\n                <\/li>\n                                        <li class=\"col-lg-3 first-post \">\n                    <div class=\"featured-post-category-img\"\n                    style=\"background:url(https:\/\/www.aon.es\/personales\/seguro-perro-gato\/wp-content\/uploads\/sites\/2\/2023\/01\/desparasitar_mascotas.jpg) no-repeat;background-size:cover;background-position:center;height:220px;\">\n                    <\/div>\n                    <div class=\"featured-post-content d-flex justify-content-center \">\n                        <h2 class=\"blog-shortcode-post-title entry-title\"><a href=\"https:\/\/www.aon.es\/personales\/seguro-perro-gato\/blog\/desparasitar_a_tu_mascota\/\">La importancia de desparasitar a tu mascota<\/a><\/h2>\n                    <\/div>\n                <\/li>\n                                        <li class=\"col-lg-3 first-post \">\n                    <div class=\"featured-post-category-img\"\n                    style=\"background:url(https:\/\/www.aon.es\/personales\/seguro-perro-gato\/wp-content\/uploads\/sites\/2\/2022\/11\/procesos-tramites-enterrar-mascota.jpg) no-repeat;background-size:cover;background-position:center;height:220px;\">\n                    <\/div>\n                    <div class=\"featured-post-content d-flex justify-content-center \">\n                        <h2 class=\"blog-shortcode-post-title entry-title\"><a href=\"https:\/\/www.aon.es\/personales\/seguro-perro-gato\/blog\/tramites-enterrar-mascota\/\">\u00bfQu\u00e9 tr\u00e1mites hay que hacer para enterrar a una mascota?<\/a><\/h2>\n                    <\/div>\n                <\/li>\n                                        <li class=\"col-lg-3 first-post \">\n                    <div class=\"featured-post-category-img\"\n                    style=\"background:url(https:\/\/www.aon.es\/personales\/seguro-perro-gato\/wp-content\/uploads\/sites\/2\/2022\/11\/gatos-hipoalergenicos.jpg) no-repeat;background-size:cover;background-position:center;height:220px;\">\n                    <\/div>\n                    <div class=\"featured-post-content d-flex justify-content-center \">\n                        <h2 class=\"blog-shortcode-post-title entry-title\"><a href=\"https:\/\/www.aon.es\/personales\/seguro-perro-gato\/blog\/razas-de-gato-hipoalergenicos\/\">5 Razas de gatos hipoalerg\u00e9nicos<\/a><\/h2>\n                    <\/div>\n                <\/li>\n                                        <li class=\"col-lg-3 first-post \">\n                    <div class=\"featured-post-category-img\"\n                    style=\"background:url(https:\/\/www.aon.es\/personales\/seguro-perro-gato\/wp-content\/uploads\/sites\/2\/2022\/09\/gato-con-gripe-1.jpg) no-repeat;background-size:cover;background-position:center;height:220px;\">\n                    <\/div>\n                    <div class=\"featured-post-content d-flex justify-content-center \">\n                        <h2 class=\"blog-shortcode-post-title entry-title\"><a href=\"https:\/\/www.aon.es\/personales\/seguro-perro-gato\/blog\/la-gripe-felina-sintomas-tratamientos-y-cuidados\/\">La gripe felina: S\u00edntomas, tratamientos y cuidados<\/a><\/h2>\n                    <\/div>\n                <\/li>\n                                        <li class=\"col-lg-3 first-post \">\n                    <div class=\"featured-post-category-img\"\n                    style=\"background:url(https:\/\/www.aon.es\/personales\/seguro-perro-gato\/wp-content\/uploads\/sites\/2\/2022\/09\/Pueden-los-gatos-tener-sindorme-de-Down-1.jpg) no-repeat;background-size:cover;background-position:center;height:220px;\">\n                    <\/div>\n                    <div class=\"featured-post-content d-flex justify-content-center \">\n                        <h2 class=\"blog-shortcode-post-title entry-title\"><a href=\"https:\/\/www.aon.es\/personales\/seguro-perro-gato\/blog\/pueden-tener-los-gatos-sindrome-de-down\/\">\u00bfPueden tener los gatos s\u00edndrome de Down?<\/a><\/h2>\n                    <\/div>\n                <\/li>\n                                        <li class=\"col-lg-3 first-post \">\n                    <div class=\"featured-post-category-img\"\n                    style=\"background:url(https:\/\/www.aon.es\/personales\/seguro-perro-gato\/wp-content\/uploads\/sites\/2\/2022\/07\/leucemia-felina-que-es.jpg) no-repeat;background-size:cover;background-position:center;height:220px;\">\n                    <\/div>\n                    <div class=\"featured-post-content d-flex justify-content-center \">\n                        <h2 class=\"blog-shortcode-post-title entry-title\"><a href=\"https:\/\/www.aon.es\/personales\/seguro-perro-gato\/blog\/que-es-lucemia-felina-gatos\/\">Leucemia felina: Qu\u00e9 es, s\u00edntomas y c\u00f3mo evitarla<\/a><\/h2>\n                    <\/div>\n                <\/li>\n                        <\/ul>\n                                    <div id=\"enfermedades-loading-elements\" class=\"text-center mt-1 loading-elements\"><div class=\"lds-ellipsis\"><div><\/div><div><\/div><div><\/div><div><\/div><\/div><\/div>\n                <div class=\"row\">\n                    <div class=\"col-lg-12 mb-5 d-flex justify-content-center\">\n                        <button id=\"enfermedades-load-more-articles\" class=\"btn load-more\" data-cat=\"gato\" data-tag=\"enfermedades\" data-animal=\"\"\n                        data-numpost=\"8\">Cargar m\u00e1s art\u00edculos<\/button>\n                    <\/div>\n                <\/div>\n                                        <\/div>\n        \n","protected":false},"excerpt":{"rendered":"<p>Post destacados Todos los posts sobre las enfermedades m\u00e1s comunes en gatos<\/p>\n","protected":false},"author":3,"featured_media":0,"parent":0,"menu_order":0,"comment_status":"closed","ping_status":"closed","template":"page-gutenberg.php","meta":{"footnotes":""},"class_list":["post-5543","page","type-page","status-publish","hentry"],"yoast_head":"<!-- This site is optimized with the Yoast SEO plugin v27.5 - https:\/\/yoast.com\/product\/yoast-seo-wordpress\/ -->\n<title>Glosario de enfermedades comunes en gatos - Aon Seguro para Perros y Gatos<\/title>\n<meta name=\"description\" content=\"Art\u00edculos muy interesantes sobre las enfermedades y accidentes m\u00e1s comunes que sufren los gatos. \u00a1Toma nota y ev\u00edtalos!\" \/>\n<meta name=\"robots\" content=\"index, follow, max-snippet:-1, max-image-preview:large, max-video-preview:-1\" \/>\n<link rel=\"canonical\" href=\"https:\/\/www.aon.es\/personales\/seguro-perro-gato\/prevencion-enfermedades-y-accidentes-gatos\/\" \/>\n<meta property=\"og:locale\" content=\"es_ES\" \/>\n<meta property=\"og:type\" content=\"article\" \/>\n<meta property=\"og:title\" content=\"Glosario de enfermedades comunes en gatos - Aon Seguro para Perros y Gatos\" \/>\n<meta property=\"og:description\" content=\"Art\u00edculos muy interesantes sobre las enfermedades y accidentes m\u00e1s comunes que sufren los gatos. \u00a1Toma nota y ev\u00edtalos!\" \/>\n<meta property=\"og:url\" content=\"https:\/\/www.aon.es\/personales\/seguro-perro-gato\/prevencion-enfermedades-y-accidentes-gatos\/\" \/>\n<meta property=\"og:site_name\" content=\"Aon Seguro para Perros y Gatos\" \/>\n<meta property=\"article:modified_time\" content=\"2023-10-31T14:54:04+00:00\" \/>\n<meta property=\"og:image\" content=\"https:\/\/www.aon.es\/personales\/seguro-perro-gato\/wp-content\/uploads\/sites\/2\/2022\/08\/Enfermedaes-y-accidentes-comunes-en-gatos-min.jpg\" \/>\n<meta name=\"twitter:card\" content=\"summary_large_image\" \/>\n<meta name=\"twitter:label1\" content=\"Tiempo de lectura\" \/>\n\t<meta name=\"twitter:data1\" content=\"1 minuto\" \/>\n<script type=\"application\/ld+json\" class=\"yoast-schema-graph\">{\"@context\":\"https:\\\/\\\/schema.org\",\"@graph\":[{\"@type\":\"WebPage\",\"@id\":\"https:\\\/\\\/www.aon.es\\\/personales\\\/seguro-perro-gato\\\/prevencion-enfermedades-y-accidentes-gatos\\\/\",\"url\":\"https:\\\/\\\/www.aon.es\\\/personales\\\/seguro-perro-gato\\\/prevencion-enfermedades-y-accidentes-gatos\\\/\",\"name\":\"Glosario de enfermedades comunes en gatos - Aon Seguro para Perros y Gatos\",\"isPartOf\":{\"@id\":\"https:\\\/\\\/www.aon.es\\\/personales\\\/seguro-perro-gato\\\/#website\"},\"primaryImageOfPage\":{\"@id\":\"https:\\\/\\\/www.aon.es\\\/personales\\\/seguro-perro-gato\\\/prevencion-enfermedades-y-accidentes-gatos\\\/#primaryimage\"},\"image\":{\"@id\":\"https:\\\/\\\/www.aon.es\\\/personales\\\/seguro-perro-gato\\\/prevencion-enfermedades-y-accidentes-gatos\\\/#primaryimage\"},\"thumbnailUrl\":\"https:\\\/\\\/www.aon.es\\\/personales\\\/seguro-perro-gato\\\/wp-content\\\/uploads\\\/sites\\\/2\\\/2022\\\/08\\\/Enfermedaes-y-accidentes-comunes-en-gatos-min.jpg\",\"datePublished\":\"2022-08-31T07:38:43+00:00\",\"dateModified\":\"2023-10-31T14:54:04+00:00\",\"description\":\"Art\u00edculos muy interesantes sobre las enfermedades y accidentes m\u00e1s comunes que sufren los gatos. \u00a1Toma nota y ev\u00edtalos!\",\"breadcrumb\":{\"@id\":\"https:\\\/\\\/www.aon.es\\\/personales\\\/seguro-perro-gato\\\/prevencion-enfermedades-y-accidentes-gatos\\\/#breadcrumb\"},\"inLanguage\":\"es\",\"potentialAction\":[{\"@type\":\"ReadAction\",\"target\":[\"https:\\\/\\\/www.aon.es\\\/personales\\\/seguro-perro-gato\\\/prevencion-enfermedades-y-accidentes-gatos\\\/\"]}]},{\"@type\":\"ImageObject\",\"inLanguage\":\"es\",\"@id\":\"https:\\\/\\\/www.aon.es\\\/personales\\\/seguro-perro-gato\\\/prevencion-enfermedades-y-accidentes-gatos\\\/#primaryimage\",\"url\":\"https:\\\/\\\/www.aon.es\\\/personales\\\/seguro-perro-gato\\\/wp-content\\\/uploads\\\/sites\\\/2\\\/2022\\\/08\\\/Enfermedaes-y-accidentes-comunes-en-gatos-min.jpg\",\"contentUrl\":\"https:\\\/\\\/www.aon.es\\\/personales\\\/seguro-perro-gato\\\/wp-content\\\/uploads\\\/sites\\\/2\\\/2022\\\/08\\\/Enfermedaes-y-accidentes-comunes-en-gatos-min.jpg\",\"width\":1500,\"height\":761,\"caption\":\"Enfermedades y accidentes comunes en gatos-min\"},{\"@type\":\"BreadcrumbList\",\"@id\":\"https:\\\/\\\/www.aon.es\\\/personales\\\/seguro-perro-gato\\\/prevencion-enfermedades-y-accidentes-gatos\\\/#breadcrumb\",\"itemListElement\":[{\"@type\":\"ListItem\",\"position\":1,\"name\":\"Portada\",\"item\":\"https:\\\/\\\/www.aon.es\\\/personales\\\/seguro-perro-gato\\\/\"},{\"@type\":\"ListItem\",\"position\":2,\"name\":\"Enfermedades y accidentes gatos\"}]},{\"@type\":\"WebSite\",\"@id\":\"https:\\\/\\\/www.aon.es\\\/personales\\\/seguro-perro-gato\\\/#website\",\"url\":\"https:\\\/\\\/www.aon.es\\\/personales\\\/seguro-perro-gato\\\/\",\"name\":\"Aon Seguro para Perros y Gatos\",\"description\":\"Bienestar que deja huella. Seguros de Salud y Accidentes para Mascotas\",\"potentialAction\":[{\"@type\":\"SearchAction\",\"target\":{\"@type\":\"EntryPoint\",\"urlTemplate\":\"https:\\\/\\\/www.aon.es\\\/personales\\\/seguro-perro-gato\\\/?s={search_term_string}\"},\"query-input\":{\"@type\":\"PropertyValueSpecification\",\"valueRequired\":true,\"valueName\":\"search_term_string\"}}],\"inLanguage\":\"es\"}]}<\/script>\n<!-- \/ Yoast SEO plugin. -->","yoast_head_json":{"title":"Glosario de enfermedades comunes en gatos - Aon Seguro para Perros y Gatos","description":"Art\u00edculos muy interesantes sobre las enfermedades y accidentes m\u00e1s comunes que sufren los gatos. \u00a1Toma nota y ev\u00edtalos!","robots":{"index":"index","follow":"follow","max-snippet":"max-snippet:-1","max-image-preview":"max-image-preview:large","max-video-preview":"max-video-preview:-1"},"canonical":"https:\/\/www.aon.es\/personales\/seguro-perro-gato\/prevencion-enfermedades-y-accidentes-gatos\/","og_locale":"es_ES","og_type":"article","og_title":"Glosario de enfermedades comunes en gatos - Aon Seguro para Perros y Gatos","og_description":"Art\u00edculos muy interesantes sobre las enfermedades y accidentes m\u00e1s comunes que sufren los gatos. \u00a1Toma nota y ev\u00edtalos!","og_url":"https:\/\/www.aon.es\/personales\/seguro-perro-gato\/prevencion-enfermedades-y-accidentes-gatos\/","og_site_name":"Aon Seguro para Perros y Gatos","article_modified_time":"2023-10-31T14:54:04+00:00","og_image":[{"url":"https:\/\/www.aon.es\/personales\/seguro-perro-gato\/wp-content\/uploads\/sites\/2\/2022\/08\/Enfermedaes-y-accidentes-comunes-en-gatos-min.jpg","type":"","width":"","height":""}],"twitter_card":"summary_large_image","twitter_misc":{"Tiempo de lectura":"1 minuto"},"schema":{"@context":"https:\/\/schema.org","@graph":[{"@type":"WebPage","@id":"https:\/\/www.aon.es\/personales\/seguro-perro-gato\/prevencion-enfermedades-y-accidentes-gatos\/","url":"https:\/\/www.aon.es\/personales\/seguro-perro-gato\/prevencion-enfermedades-y-accidentes-gatos\/","name":"Glosario de enfermedades comunes en gatos - Aon Seguro para Perros y Gatos","isPartOf":{"@id":"https:\/\/www.aon.es\/personales\/seguro-perro-gato\/#website"},"primaryImageOfPage":{"@id":"https:\/\/www.aon.es\/personales\/seguro-perro-gato\/prevencion-enfermedades-y-accidentes-gatos\/#primaryimage"},"image":{"@id":"https:\/\/www.aon.es\/personales\/seguro-perro-gato\/prevencion-enfermedades-y-accidentes-gatos\/#primaryimage"},"thumbnailUrl":"https:\/\/www.aon.es\/personales\/seguro-perro-gato\/wp-content\/uploads\/sites\/2\/2022\/08\/Enfermedaes-y-accidentes-comunes-en-gatos-min.jpg","datePublished":"2022-08-31T07:38:43+00:00","dateModified":"2023-10-31T14:54:04+00:00","description":"Art\u00edculos muy interesantes sobre las enfermedades y accidentes m\u00e1s comunes que sufren los gatos. \u00a1Toma nota y ev\u00edtalos!","breadcrumb":{"@id":"https:\/\/www.aon.es\/personales\/seguro-perro-gato\/prevencion-enfermedades-y-accidentes-gatos\/#breadcrumb"},"inLanguage":"es","potentialAction":[{"@type":"ReadAction","target":["https:\/\/www.aon.es\/personales\/seguro-perro-gato\/prevencion-enfermedades-y-accidentes-gatos\/"]}]},{"@type":"ImageObject","inLanguage":"es","@id":"https:\/\/www.aon.es\/personales\/seguro-perro-gato\/prevencion-enfermedades-y-accidentes-gatos\/#primaryimage","url":"https:\/\/www.aon.es\/personales\/seguro-perro-gato\/wp-content\/uploads\/sites\/2\/2022\/08\/Enfermedaes-y-accidentes-comunes-en-gatos-min.jpg","contentUrl":"https:\/\/www.aon.es\/personales\/seguro-perro-gato\/wp-content\/uploads\/sites\/2\/2022\/08\/Enfermedaes-y-accidentes-comunes-en-gatos-min.jpg","width":1500,"height":761,"caption":"Enfermedades y accidentes comunes en gatos-min"},{"@type":"BreadcrumbList","@id":"https:\/\/www.aon.es\/personales\/seguro-perro-gato\/prevencion-enfermedades-y-accidentes-gatos\/#breadcrumb","itemListElement":[{"@type":"ListItem","position":1,"name":"Portada","item":"https:\/\/www.aon.es\/personales\/seguro-perro-gato\/"},{"@type":"ListItem","position":2,"name":"Enfermedades y accidentes gatos"}]},{"@type":"WebSite","@id":"https:\/\/www.aon.es\/personales\/seguro-perro-gato\/#website","url":"https:\/\/www.aon.es\/personales\/seguro-perro-gato\/","name":"Aon Seguro para Perros y Gatos","description":"Bienestar que deja huella. Seguros de Salud y Accidentes para Mascotas","potentialAction":[{"@type":"SearchAction","target":{"@type":"EntryPoint","urlTemplate":"https:\/\/www.aon.es\/personales\/seguro-perro-gato\/?s={search_term_string}"},"query-input":{"@type":"PropertyValueSpecification","valueRequired":true,"valueName":"search_term_string"}}],"inLanguage":"es"}]}},"_links":{"self":[{"href":"https:\/\/www.aon.es\/personales\/seguro-perro-gato\/wp-json\/wp\/v2\/pages\/5543","targetHints":{"allow":["GET"]}}],"collection":[{"href":"https:\/\/www.aon.es\/personales\/seguro-perro-gato\/wp-json\/wp\/v2\/pages"}],"about":[{"href":"https:\/\/www.aon.es\/personales\/seguro-perro-gato\/wp-json\/wp\/v2\/types\/page"}],"author":[{"embeddable":true,"href":"https:\/\/www.aon.es\/personales\/seguro-perro-gato\/wp-json\/wp\/v2\/users\/3"}],"replies":[{"embeddable":true,"href":"https:\/\/www.aon.es\/personales\/seguro-perro-gato\/wp-json\/wp\/v2\/comments?post=5543"}],"version-history":[{"count":2,"href":"https:\/\/www.aon.es\/personales\/seguro-perro-gato\/wp-json\/wp\/v2\/pages\/5543\/revisions"}],"predecessor-version":[{"id":9330,"href":"https:\/\/www.aon.es\/personales\/seguro-perro-gato\/wp-json\/wp\/v2\/pages\/5543\/revisions\/9330"}],"wp:attachment":[{"href":"https:\/\/www.aon.es\/personales\/seguro-perro-gato\/wp-json\/wp\/v2\/media?parent=5543"}],"curies":[{"name":"wp","href":"https:\/\/api.w.org\/{rel}","templated":true}]}}