{"id":5550,"date":"2022-08-31T09:54:48","date_gmt":"2022-08-31T07:54:48","guid":{"rendered":"https:\/\/mascotasegura.es\/?page_id=5550"},"modified":"2023-10-31T15:54:03","modified_gmt":"2023-10-31T14:54:03","slug":"consejos-sobre-higiene-felina","status":"publish","type":"page","link":"https:\/\/www.aon.es\/personales\/seguro-perro-gato\/consejos-sobre-higiene-felina\/","title":{"rendered":"Higiene felina"},"content":{"rendered":"\n<div class=\"wp-block-cover\"><span aria-hidden=\"true\" class=\"wp-block-cover__background has-background-dim-40 has-background-dim\"><\/span><img decoding=\"async\" width=\"1500\" height=\"694\" class=\"wp-block-cover__image-background wp-image-5552\" alt=\"consejos sobre higiene gatos\" src=\"https:\/\/www.aon.es\/personales\/seguro-perro-gato\/wp-content\/uploads\/sites\/2\/2022\/08\/consejos-sobre-higiene-gatos-1.jpg\" style=\"object-position:31% 18%\" data-object-fit=\"cover\" data-object-position=\"31% 18%\" srcset=\"https:\/\/www.aon.es\/personales\/seguro-perro-gato\/wp-content\/uploads\/sites\/2\/2022\/08\/consejos-sobre-higiene-gatos-1-200x93.jpg 200w, https:\/\/www.aon.es\/personales\/seguro-perro-gato\/wp-content\/uploads\/sites\/2\/2022\/08\/consejos-sobre-higiene-gatos-1-300x139.jpg 300w, https:\/\/www.aon.es\/personales\/seguro-perro-gato\/wp-content\/uploads\/sites\/2\/2022\/08\/consejos-sobre-higiene-gatos-1-400x185.jpg 400w, https:\/\/www.aon.es\/personales\/seguro-perro-gato\/wp-content\/uploads\/sites\/2\/2022\/08\/consejos-sobre-higiene-gatos-1-600x278.jpg 600w, https:\/\/www.aon.es\/personales\/seguro-perro-gato\/wp-content\/uploads\/sites\/2\/2022\/08\/consejos-sobre-higiene-gatos-1-768x355.jpg 768w, https:\/\/www.aon.es\/personales\/seguro-perro-gato\/wp-content\/uploads\/sites\/2\/2022\/08\/consejos-sobre-higiene-gatos-1-800x370.jpg 800w, https:\/\/www.aon.es\/personales\/seguro-perro-gato\/wp-content\/uploads\/sites\/2\/2022\/08\/consejos-sobre-higiene-gatos-1-1024x474.jpg 1024w, https:\/\/www.aon.es\/personales\/seguro-perro-gato\/wp-content\/uploads\/sites\/2\/2022\/08\/consejos-sobre-higiene-gatos-1-1200x555.jpg 1200w, https:\/\/www.aon.es\/personales\/seguro-perro-gato\/wp-content\/uploads\/sites\/2\/2022\/08\/consejos-sobre-higiene-gatos-1.jpg 1500w\" sizes=\"(max-width: 1500px) 100vw, 1500px\" \/><div class=\"wp-block-cover__inner-container is-layout-flow wp-block-cover-is-layout-flow\">\n<h1 class=\"gutenberg-main-title has-white-color has-text-color has-huge-font-size wp-block-heading\">Consejos sobre higiene para gatos<\/h1>\n\n\n\n<p class=\"gutenberg-main-p has-white-color has-text-color\" style=\"font-size:21px\">Los gatos dom\u00e9sticos son extremadamente limpios, pero a\u00fan as\u00ed necesitan tu ayuda para mantener sus cuidados e higiene felina. Por ejemplo, elegir correctamente su arena, cepillar su pelo, revisar ojos y orejas&#8230; En estos art\u00edculos encontrar\u00e1s trucos, consejos y recomendaciones sobre c\u00f3mo tener un gato aseado y feliz, incluso despu\u00e9s del ba\u00f1o.<\/p>\n<\/div><\/div>\n\n\n\n<div class=\"wp-block-cover is-light py-5\" style=\"min-height:180px;aspect-ratio:unset;\"><span aria-hidden=\"true\" class=\"wp-block-cover__background has-background-dim-100 has-background-dim\" style=\"background-color:#eef6f7\"><\/span><div class=\"wp-block-cover__inner-container is-layout-flow wp-block-cover-is-layout-flow\">\n<h2 class=\"has-text-align-center mb-4 mt-2 title-heading-left has-text-color has-xlarge-font-size wp-block-heading\" style=\"font-style:normal;font-weight:900\">Explorar los consejos sobre cuidados e higiene felina<\/h2>\n\n\n\n<div class=\"wp-block-columns mt-5 is-layout-flex wp-container-core-columns-is-layout-9d6595d7 wp-block-columns-is-layout-flex\">\n<div class=\"wp-block-column is-layout-flow wp-block-column-is-layout-flow\"><\/div>\n\n\n\n<div class=\"wp-block-column is-layout-flow wp-block-column-is-layout-flow\">\n<div class=\"wp-block-buttons is-layout-flex wp-block-buttons-is-layout-flex\">\n<div class=\"wp-block-button btn btn-navigation\"><a class=\"wp-block-button__link\" href=\"https:\/\/www.aon.es\/personales\/seguro-perro-gato\/salud-y-cuidados-gatos\/\">Salud y cuidados<\/a><\/div>\n\n\n\n<div class=\"wp-block-button btn btn-navigation\"><a class=\"wp-block-button__link\" href=\"https:\/\/www.aon.es\/personales\/seguro-perro-gato\/prevencion-enfermedades-y-accidentes-gatos\/\">Enfermedades<\/a><\/div>\n<\/div>\n<\/div>\n\n\n\n<div class=\"wp-block-column is-layout-flow wp-block-column-is-layout-flow\"><\/div>\n<\/div>\n<\/div><\/div>\n\n\n\n<h2 class=\"title-heading-left mt-3 mx-3 has-text-color wp-block-heading\">Post destacados<\/h2>\n\n\n                    <section class=\"mt-5 mb-5\">                <div class=\"col-md-4 featured-post p-0\">\n                                <a href=\"https:\/\/www.aon.es\/personales\/seguro-perro-gato\/blog\/la-importancia-de-la-actividad-fisica-en-gatos\/\">\n                    <div class=\"featured-post-content d-flex align-items-end justify-content-center p-3 pb-5 \"\n                        style=\"background:linear-gradient(0deg, rgba(0,0,0,1) 0%, rgba(9,9,121,0) 95%, rgba(0,212,255,0) 100%),url(https:\/\/www.aon.es\/personales\/seguro-perro-gato\/wp-content\/uploads\/sites\/2\/2025\/09\/AdobeStock_395469399-scaled.jpeg) no-repeat;background-size:cover;background-position:center;\">\n                        La importancia de la actividad f\u00edsica en gatos                    <\/div>\n                <\/a>\n                <\/div>\n                            <div class=\"col-md-4 featured-post p-0\">\n                                <a href=\"https:\/\/www.aon.es\/personales\/seguro-perro-gato\/blog\/cuidado-dental-para-mascotas\/\">\n                    <div class=\"featured-post-content d-flex align-items-end justify-content-center p-3 pb-5 \"\n                        style=\"background:linear-gradient(0deg, rgba(0,0,0,1) 0%, rgba(9,9,121,0) 95%, rgba(0,212,255,0) 100%),url(https:\/\/www.aon.es\/personales\/seguro-perro-gato\/wp-content\/uploads\/sites\/2\/2025\/08\/AdobeStock_279370793-scaled.jpeg) no-repeat;background-size:cover;background-position:center;\">\n                        Cuidado dental para mascotas                    <\/div>\n                <\/a>\n                <\/div>\n                            <div class=\"col-md-4 featured-post p-0\">\n                                <a href=\"https:\/\/www.aon.es\/personales\/seguro-perro-gato\/blog\/estimular-mentalmente-gato\/\">\n                    <div class=\"featured-post-content d-flex align-items-end justify-content-center p-3 pb-5 \"\n                        style=\"background:linear-gradient(0deg, rgba(0,0,0,1) 0%, rgba(9,9,121,0) 95%, rgba(0,212,255,0) 100%),url(https:\/\/www.aon.es\/personales\/seguro-perro-gato\/wp-content\/uploads\/sites\/2\/2024\/07\/2149078351.jpg) no-repeat;background-size:cover;background-position:center;\">\n                        C\u00f3mo estimular mentalmente a mi gato                    <\/div>\n                <\/a>\n                <\/div>\n                        <\/section>\n                <\/div>\n    \n\n\n\n<div style=\"height:30px\" aria-hidden=\"true\" class=\"wp-block-spacer\"><\/div>\n\n\n\n<h2 class=\"title-heading-left mt-3 mx-3 has-text-color wp-block-heading\">Todos los posts<\/h2>\n\n\n                    <div id=\"gato\" class=\"blog-header-container\">\n            <ul class=\"blog-header row_ fusion-blog-shortcode\">\n                                        <li class=\"col-lg-3 first-post \">\n                    <div class=\"featured-post-category-img\"\n                    style=\"background:url(https:\/\/www.aon.es\/personales\/seguro-perro-gato\/wp-content\/uploads\/sites\/2\/2025\/09\/AdobeStock_395469399-scaled.jpeg) no-repeat;background-size:cover;background-position:center;height:220px;\">\n                    <\/div>\n                    <div class=\"featured-post-content d-flex justify-content-center \">\n                        <h2 class=\"blog-shortcode-post-title entry-title\"><a href=\"https:\/\/www.aon.es\/personales\/seguro-perro-gato\/blog\/la-importancia-de-la-actividad-fisica-en-gatos\/\">La importancia de la actividad f\u00edsica en gatos<\/a><\/h2>\n                    <\/div>\n                <\/li>\n                                        <li class=\"col-lg-3 first-post \">\n                    <div class=\"featured-post-category-img\"\n                    style=\"background:url(https:\/\/www.aon.es\/personales\/seguro-perro-gato\/wp-content\/uploads\/sites\/2\/2025\/08\/AdobeStock_279370793-scaled.jpeg) no-repeat;background-size:cover;background-position:center;height:220px;\">\n                    <\/div>\n                    <div class=\"featured-post-content d-flex justify-content-center \">\n                        <h2 class=\"blog-shortcode-post-title entry-title\"><a href=\"https:\/\/www.aon.es\/personales\/seguro-perro-gato\/blog\/cuidado-dental-para-mascotas\/\">Cuidado dental para mascotas<\/a><\/h2>\n                    <\/div>\n                <\/li>\n                                        <li class=\"col-lg-3 first-post \">\n                    <div class=\"featured-post-category-img\"\n                    style=\"background:url(https:\/\/www.aon.es\/personales\/seguro-perro-gato\/wp-content\/uploads\/sites\/2\/2025\/07\/AdobeStock_369981754-scaled.jpeg) no-repeat;background-size:cover;background-position:center;height:220px;\">\n                    <\/div>\n                    <div class=\"featured-post-content d-flex justify-content-center \">\n                        <h2 class=\"blog-shortcode-post-title entry-title\"><a href=\"https:\/\/www.aon.es\/personales\/seguro-perro-gato\/blog\/como-lograr-que-tu-gato-beba-mas-agua-en-verano\/\">C\u00f3mo lograr que tu gato beba m\u00e1s agua en verano<\/a><\/h2>\n                    <\/div>\n                <\/li>\n                                        <li class=\"col-lg-3 first-post \">\n                    <div class=\"featured-post-category-img\"\n                    style=\"background:url(https:\/\/www.aon.es\/personales\/seguro-perro-gato\/wp-content\/uploads\/sites\/2\/2025\/05\/alimentos-toxicos-gatos.jpg) no-repeat;background-size:cover;background-position:center;height:220px;\">\n                    <\/div>\n                    <div class=\"featured-post-content d-flex justify-content-center \">\n                        <h2 class=\"blog-shortcode-post-title entry-title\"><a href=\"https:\/\/www.aon.es\/personales\/seguro-perro-gato\/blog\/alimentos-toxicos-gatos\/\">Alimentos t\u00f3xicos para gatos que no debes darles de comer<\/a><\/h2>\n                    <\/div>\n                <\/li>\n                                        <li class=\"col-lg-3 first-post \">\n                    <div class=\"featured-post-category-img\"\n                    style=\"background:url(https:\/\/www.aon.es\/personales\/seguro-perro-gato\/wp-content\/uploads\/sites\/2\/2025\/01\/14484.jpg) no-repeat;background-size:cover;background-position:center;height:220px;\">\n                    <\/div>\n                    <div class=\"featured-post-content d-flex justify-content-center \">\n                        <h2 class=\"blog-shortcode-post-title entry-title\"><a href=\"https:\/\/www.aon.es\/personales\/seguro-perro-gato\/blog\/vacunas-imprescindibles-gatos\/\">Vacunas imprescindibles para gatos seg\u00fan su edad: una gu\u00eda esencial para mantener a tu felino saludable<\/a><\/h2>\n                    <\/div>\n                <\/li>\n                                        <li class=\"col-lg-3 first-post \">\n                    <div class=\"featured-post-category-img\"\n                    style=\"background:url(https:\/\/www.aon.es\/personales\/seguro-perro-gato\/wp-content\/uploads\/sites\/2\/2025\/01\/adoptar-animal-mayor.jpg) no-repeat;background-size:cover;background-position:center;height:220px;\">\n                    <\/div>\n                    <div class=\"featured-post-content d-flex justify-content-center \">\n                        <h2 class=\"blog-shortcode-post-title entry-title\"><a href=\"https:\/\/www.aon.es\/personales\/seguro-perro-gato\/blog\/beneficios-adoptar-animal-mayor\/\">Beneficios de adoptar un animal mayor<\/a><\/h2>\n                    <\/div>\n                <\/li>\n                                        <li class=\"col-lg-3 first-post \">\n                    <div class=\"featured-post-category-img\"\n                    style=\"background:url(https:\/\/www.aon.es\/personales\/seguro-perro-gato\/wp-content\/uploads\/sites\/2\/2024\/11\/14484.jpg) no-repeat;background-size:cover;background-position:center;height:220px;\">\n                    <\/div>\n                    <div class=\"featured-post-content d-flex justify-content-center \">\n                        <h2 class=\"blog-shortcode-post-title entry-title\"><a href=\"https:\/\/www.aon.es\/personales\/seguro-perro-gato\/blog\/preparar-gato-visitar-veterinario\/\">C\u00f3mo preparar a tu gato para visitar al veterinario<\/a><\/h2>\n                    <\/div>\n                <\/li>\n                                        <li class=\"col-lg-3 first-post \">\n                    <div class=\"featured-post-category-img\"\n                    style=\"background:url(https:\/\/www.aon.es\/personales\/seguro-perro-gato\/wp-content\/uploads\/sites\/2\/2024\/11\/cachorro.png) no-repeat;background-size:cover;background-position:center;height:220px;\">\n                    <\/div>\n                    <div class=\"featured-post-content d-flex justify-content-center \">\n                        <h2 class=\"blog-shortcode-post-title entry-title\"><a href=\"https:\/\/www.aon.es\/personales\/seguro-perro-gato\/blog\/guia-seguros-mascotas-propietarios-primerizos-necesitas-saber\/\">Gu\u00eda de seguros para mascotas. Propietarios primerizos: todo lo que necesitas saber<\/a><\/h2>\n                    <\/div>\n                <\/li>\n                        <\/ul>\n                                    <div id=\"gato-loading-elements\" class=\"text-center mt-1 loading-elements\"><div class=\"lds-ellipsis\"><div><\/div><div><\/div><div><\/div><div><\/div><\/div><\/div>\n                <div class=\"row\">\n                    <div class=\"col-lg-12 mb-5 d-flex justify-content-center\">\n                        <button id=\"gato-load-more-articles\" class=\"btn load-more\" data-cat=\"gato\" data-tag=\"\" data-animal=\"\"\n                        data-numpost=\"8\">Cargar m\u00e1s art\u00edculos<\/button>\n                    <\/div>\n                <\/div>\n                                        <\/div>\n        \n","protected":false},"excerpt":{"rendered":"<p>Post destacados Todos los posts<\/p>\n","protected":false},"author":3,"featured_media":0,"parent":0,"menu_order":0,"comment_status":"closed","ping_status":"closed","template":"page-gutenberg.php","meta":{"footnotes":""},"class_list":["post-5550","page","type-page","status-publish","hentry"],"yoast_head":"<!-- This site is optimized with the Yoast SEO plugin v27.5 - https:\/\/yoast.com\/product\/yoast-seo-wordpress\/ -->\n<title>Consejos sobre higiene y aseo para gatos - Aon Seguro para Perros y Gatos<\/title>\n<meta name=\"description\" content=\"Nuestros consejos sobre higiene felina. Lee nuestras recomendaciones para tener tu gato bien aseado y limpio.\" \/>\n<meta name=\"robots\" content=\"index, follow, max-snippet:-1, max-image-preview:large, max-video-preview:-1\" \/>\n<link rel=\"canonical\" href=\"https:\/\/www.aon.es\/personales\/seguro-perro-gato\/consejos-sobre-higiene-felina\/\" \/>\n<meta property=\"og:locale\" content=\"es_ES\" \/>\n<meta property=\"og:type\" content=\"article\" \/>\n<meta property=\"og:title\" content=\"Consejos sobre higiene y aseo para gatos - Aon Seguro para Perros y Gatos\" \/>\n<meta property=\"og:description\" content=\"Nuestros consejos sobre higiene felina. Lee nuestras recomendaciones para tener tu gato bien aseado y limpio.\" \/>\n<meta property=\"og:url\" content=\"https:\/\/www.aon.es\/personales\/seguro-perro-gato\/consejos-sobre-higiene-felina\/\" \/>\n<meta property=\"og:site_name\" content=\"Aon Seguro para Perros y Gatos\" \/>\n<meta property=\"article:modified_time\" content=\"2023-10-31T14:54:03+00:00\" \/>\n<meta property=\"og:image\" content=\"https:\/\/www.aon.es\/personales\/seguro-perro-gato\/wp-content\/uploads\/sites\/2\/2022\/08\/consejos-sobre-higiene-gatos-1.jpg\" \/>\n<meta name=\"twitter:card\" content=\"summary_large_image\" \/>\n<meta name=\"twitter:label1\" content=\"Tiempo de lectura\" \/>\n\t<meta name=\"twitter:data1\" content=\"1 minuto\" \/>\n<script type=\"application\/ld+json\" class=\"yoast-schema-graph\">{\"@context\":\"https:\\\/\\\/schema.org\",\"@graph\":[{\"@type\":\"WebPage\",\"@id\":\"https:\\\/\\\/www.aon.es\\\/personales\\\/seguro-perro-gato\\\/consejos-sobre-higiene-felina\\\/\",\"url\":\"https:\\\/\\\/www.aon.es\\\/personales\\\/seguro-perro-gato\\\/consejos-sobre-higiene-felina\\\/\",\"name\":\"Consejos sobre higiene y aseo para gatos - Aon Seguro para Perros y Gatos\",\"isPartOf\":{\"@id\":\"https:\\\/\\\/www.aon.es\\\/personales\\\/seguro-perro-gato\\\/#website\"},\"primaryImageOfPage\":{\"@id\":\"https:\\\/\\\/www.aon.es\\\/personales\\\/seguro-perro-gato\\\/consejos-sobre-higiene-felina\\\/#primaryimage\"},\"image\":{\"@id\":\"https:\\\/\\\/www.aon.es\\\/personales\\\/seguro-perro-gato\\\/consejos-sobre-higiene-felina\\\/#primaryimage\"},\"thumbnailUrl\":\"https:\\\/\\\/www.aon.es\\\/personales\\\/seguro-perro-gato\\\/wp-content\\\/uploads\\\/sites\\\/2\\\/2022\\\/08\\\/consejos-sobre-higiene-gatos-1.jpg\",\"datePublished\":\"2022-08-31T07:54:48+00:00\",\"dateModified\":\"2023-10-31T14:54:03+00:00\",\"description\":\"Nuestros consejos sobre higiene felina. Lee nuestras recomendaciones para tener tu gato bien aseado y limpio.\",\"breadcrumb\":{\"@id\":\"https:\\\/\\\/www.aon.es\\\/personales\\\/seguro-perro-gato\\\/consejos-sobre-higiene-felina\\\/#breadcrumb\"},\"inLanguage\":\"es\",\"potentialAction\":[{\"@type\":\"ReadAction\",\"target\":[\"https:\\\/\\\/www.aon.es\\\/personales\\\/seguro-perro-gato\\\/consejos-sobre-higiene-felina\\\/\"]}]},{\"@type\":\"ImageObject\",\"inLanguage\":\"es\",\"@id\":\"https:\\\/\\\/www.aon.es\\\/personales\\\/seguro-perro-gato\\\/consejos-sobre-higiene-felina\\\/#primaryimage\",\"url\":\"https:\\\/\\\/www.aon.es\\\/personales\\\/seguro-perro-gato\\\/wp-content\\\/uploads\\\/sites\\\/2\\\/2022\\\/08\\\/consejos-sobre-higiene-gatos-1.jpg\",\"contentUrl\":\"https:\\\/\\\/www.aon.es\\\/personales\\\/seguro-perro-gato\\\/wp-content\\\/uploads\\\/sites\\\/2\\\/2022\\\/08\\\/consejos-sobre-higiene-gatos-1.jpg\",\"width\":1500,\"height\":694,\"caption\":\"consejos sobre higiene gatos\"},{\"@type\":\"BreadcrumbList\",\"@id\":\"https:\\\/\\\/www.aon.es\\\/personales\\\/seguro-perro-gato\\\/consejos-sobre-higiene-felina\\\/#breadcrumb\",\"itemListElement\":[{\"@type\":\"ListItem\",\"position\":1,\"name\":\"Portada\",\"item\":\"https:\\\/\\\/www.aon.es\\\/personales\\\/seguro-perro-gato\\\/\"},{\"@type\":\"ListItem\",\"position\":2,\"name\":\"Higiene felina\"}]},{\"@type\":\"WebSite\",\"@id\":\"https:\\\/\\\/www.aon.es\\\/personales\\\/seguro-perro-gato\\\/#website\",\"url\":\"https:\\\/\\\/www.aon.es\\\/personales\\\/seguro-perro-gato\\\/\",\"name\":\"Aon Seguro para Perros y Gatos\",\"description\":\"Bienestar que deja huella. Seguros de Salud y Accidentes para Mascotas\",\"potentialAction\":[{\"@type\":\"SearchAction\",\"target\":{\"@type\":\"EntryPoint\",\"urlTemplate\":\"https:\\\/\\\/www.aon.es\\\/personales\\\/seguro-perro-gato\\\/?s={search_term_string}\"},\"query-input\":{\"@type\":\"PropertyValueSpecification\",\"valueRequired\":true,\"valueName\":\"search_term_string\"}}],\"inLanguage\":\"es\"}]}<\/script>\n<!-- \/ Yoast SEO plugin. -->","yoast_head_json":{"title":"Consejos sobre higiene y aseo para gatos - Aon Seguro para Perros y Gatos","description":"Nuestros consejos sobre higiene felina. Lee nuestras recomendaciones para tener tu gato bien aseado y limpio.","robots":{"index":"index","follow":"follow","max-snippet":"max-snippet:-1","max-image-preview":"max-image-preview:large","max-video-preview":"max-video-preview:-1"},"canonical":"https:\/\/www.aon.es\/personales\/seguro-perro-gato\/consejos-sobre-higiene-felina\/","og_locale":"es_ES","og_type":"article","og_title":"Consejos sobre higiene y aseo para gatos - Aon Seguro para Perros y Gatos","og_description":"Nuestros consejos sobre higiene felina. Lee nuestras recomendaciones para tener tu gato bien aseado y limpio.","og_url":"https:\/\/www.aon.es\/personales\/seguro-perro-gato\/consejos-sobre-higiene-felina\/","og_site_name":"Aon Seguro para Perros y Gatos","article_modified_time":"2023-10-31T14:54:03+00:00","og_image":[{"url":"https:\/\/www.aon.es\/personales\/seguro-perro-gato\/wp-content\/uploads\/sites\/2\/2022\/08\/consejos-sobre-higiene-gatos-1.jpg","type":"","width":"","height":""}],"twitter_card":"summary_large_image","twitter_misc":{"Tiempo de lectura":"1 minuto"},"schema":{"@context":"https:\/\/schema.org","@graph":[{"@type":"WebPage","@id":"https:\/\/www.aon.es\/personales\/seguro-perro-gato\/consejos-sobre-higiene-felina\/","url":"https:\/\/www.aon.es\/personales\/seguro-perro-gato\/consejos-sobre-higiene-felina\/","name":"Consejos sobre higiene y aseo para gatos - Aon Seguro para Perros y Gatos","isPartOf":{"@id":"https:\/\/www.aon.es\/personales\/seguro-perro-gato\/#website"},"primaryImageOfPage":{"@id":"https:\/\/www.aon.es\/personales\/seguro-perro-gato\/consejos-sobre-higiene-felina\/#primaryimage"},"image":{"@id":"https:\/\/www.aon.es\/personales\/seguro-perro-gato\/consejos-sobre-higiene-felina\/#primaryimage"},"thumbnailUrl":"https:\/\/www.aon.es\/personales\/seguro-perro-gato\/wp-content\/uploads\/sites\/2\/2022\/08\/consejos-sobre-higiene-gatos-1.jpg","datePublished":"2022-08-31T07:54:48+00:00","dateModified":"2023-10-31T14:54:03+00:00","description":"Nuestros consejos sobre higiene felina. Lee nuestras recomendaciones para tener tu gato bien aseado y limpio.","breadcrumb":{"@id":"https:\/\/www.aon.es\/personales\/seguro-perro-gato\/consejos-sobre-higiene-felina\/#breadcrumb"},"inLanguage":"es","potentialAction":[{"@type":"ReadAction","target":["https:\/\/www.aon.es\/personales\/seguro-perro-gato\/consejos-sobre-higiene-felina\/"]}]},{"@type":"ImageObject","inLanguage":"es","@id":"https:\/\/www.aon.es\/personales\/seguro-perro-gato\/consejos-sobre-higiene-felina\/#primaryimage","url":"https:\/\/www.aon.es\/personales\/seguro-perro-gato\/wp-content\/uploads\/sites\/2\/2022\/08\/consejos-sobre-higiene-gatos-1.jpg","contentUrl":"https:\/\/www.aon.es\/personales\/seguro-perro-gato\/wp-content\/uploads\/sites\/2\/2022\/08\/consejos-sobre-higiene-gatos-1.jpg","width":1500,"height":694,"caption":"consejos sobre higiene gatos"},{"@type":"BreadcrumbList","@id":"https:\/\/www.aon.es\/personales\/seguro-perro-gato\/consejos-sobre-higiene-felina\/#breadcrumb","itemListElement":[{"@type":"ListItem","position":1,"name":"Portada","item":"https:\/\/www.aon.es\/personales\/seguro-perro-gato\/"},{"@type":"ListItem","position":2,"name":"Higiene felina"}]},{"@type":"WebSite","@id":"https:\/\/www.aon.es\/personales\/seguro-perro-gato\/#website","url":"https:\/\/www.aon.es\/personales\/seguro-perro-gato\/","name":"Aon Seguro para Perros y Gatos","description":"Bienestar que deja huella. Seguros de Salud y Accidentes para Mascotas","potentialAction":[{"@type":"SearchAction","target":{"@type":"EntryPoint","urlTemplate":"https:\/\/www.aon.es\/personales\/seguro-perro-gato\/?s={search_term_string}"},"query-input":{"@type":"PropertyValueSpecification","valueRequired":true,"valueName":"search_term_string"}}],"inLanguage":"es"}]}},"_links":{"self":[{"href":"https:\/\/www.aon.es\/personales\/seguro-perro-gato\/wp-json\/wp\/v2\/pages\/5550","targetHints":{"allow":["GET"]}}],"collection":[{"href":"https:\/\/www.aon.es\/personales\/seguro-perro-gato\/wp-json\/wp\/v2\/pages"}],"about":[{"href":"https:\/\/www.aon.es\/personales\/seguro-perro-gato\/wp-json\/wp\/v2\/types\/page"}],"author":[{"embeddable":true,"href":"https:\/\/www.aon.es\/personales\/seguro-perro-gato\/wp-json\/wp\/v2\/users\/3"}],"replies":[{"embeddable":true,"href":"https:\/\/www.aon.es\/personales\/seguro-perro-gato\/wp-json\/wp\/v2\/comments?post=5550"}],"version-history":[{"count":2,"href":"https:\/\/www.aon.es\/personales\/seguro-perro-gato\/wp-json\/wp\/v2\/pages\/5550\/revisions"}],"predecessor-version":[{"id":9337,"href":"https:\/\/www.aon.es\/personales\/seguro-perro-gato\/wp-json\/wp\/v2\/pages\/5550\/revisions\/9337"}],"wp:attachment":[{"href":"https:\/\/www.aon.es\/personales\/seguro-perro-gato\/wp-json\/wp\/v2\/media?parent=5550"}],"curies":[{"name":"wp","href":"https:\/\/api.w.org\/{rel}","templated":true}]}}