{"id":5569,"date":"2022-08-30T16:59:26","date_gmt":"2022-08-30T14:59:26","guid":{"rendered":"https:\/\/mascotasegura.es\/?page_id=5569"},"modified":"2023-10-31T15:54:12","modified_gmt":"2023-10-31T14:54:12","slug":"prevencion-accidentes-perros","status":"publish","type":"page","link":"https:\/\/www.aon.es\/personales\/seguro-perro-gato\/prevencion-accidentes-perros\/","title":{"rendered":"Prevenci\u00f3n accidentes en perros"},"content":{"rendered":"\n<div class=\"wp-block-cover is-light\"><span aria-hidden=\"true\" class=\"wp-block-cover__background has-background-dim-40 has-background-dim\"><\/span><img decoding=\"async\" width=\"1500\" height=\"1000\" class=\"wp-block-cover__image-background wp-image-5586\" alt=\"accidentes frecuentes perros\" src=\"https:\/\/www.aon.es\/personales\/seguro-perro-gato\/wp-content\/uploads\/sites\/2\/2022\/08\/accidentes-frecuentes-perros-min.jpg\" style=\"object-position:30% 40%\" data-object-fit=\"cover\" data-object-position=\"30% 40%\" srcset=\"https:\/\/www.aon.es\/personales\/seguro-perro-gato\/wp-content\/uploads\/sites\/2\/2022\/08\/accidentes-frecuentes-perros-min-200x133.jpg 200w, https:\/\/www.aon.es\/personales\/seguro-perro-gato\/wp-content\/uploads\/sites\/2\/2022\/08\/accidentes-frecuentes-perros-min-300x200.jpg 300w, https:\/\/www.aon.es\/personales\/seguro-perro-gato\/wp-content\/uploads\/sites\/2\/2022\/08\/accidentes-frecuentes-perros-min-400x267.jpg 400w, https:\/\/www.aon.es\/personales\/seguro-perro-gato\/wp-content\/uploads\/sites\/2\/2022\/08\/accidentes-frecuentes-perros-min-600x400.jpg 600w, https:\/\/www.aon.es\/personales\/seguro-perro-gato\/wp-content\/uploads\/sites\/2\/2022\/08\/accidentes-frecuentes-perros-min-768x512.jpg 768w, https:\/\/www.aon.es\/personales\/seguro-perro-gato\/wp-content\/uploads\/sites\/2\/2022\/08\/accidentes-frecuentes-perros-min-800x533.jpg 800w, https:\/\/www.aon.es\/personales\/seguro-perro-gato\/wp-content\/uploads\/sites\/2\/2022\/08\/accidentes-frecuentes-perros-min-1024x683.jpg 1024w, https:\/\/www.aon.es\/personales\/seguro-perro-gato\/wp-content\/uploads\/sites\/2\/2022\/08\/accidentes-frecuentes-perros-min-1200x800.jpg 1200w, https:\/\/www.aon.es\/personales\/seguro-perro-gato\/wp-content\/uploads\/sites\/2\/2022\/08\/accidentes-frecuentes-perros-min.jpg 1500w\" sizes=\"(max-width: 1500px) 100vw, 1500px\" \/><div class=\"wp-block-cover__inner-container is-layout-flow wp-block-cover-is-layout-flow\">\n<h1 class=\"gutenberg-main-title has-white-color has-text-color has-huge-font-size wp-block-heading\">Prevenci\u00f3n de accidentes caninos<\/h1>\n\n\n\n<p class=\"gutenberg-main-p has-white-color has-text-color\" style=\"font-size:21px\">No te pierdas esta selecci\u00f3n de art\u00edculos con contenido exclusivo para prevenir los accidentes m\u00e1s frecuentes en perros. Por mucho que se les quiera proteger a veces ocurre algo inesperado, en estos art\u00edculos te damos soluci\u00f3n para que vayas un paso por delante y puedas ofrecer a tu perro o cachorro la seguridad y la precauci\u00f3n que espera de ti. <\/p>\n<\/div><\/div>\n\n\n\n<div class=\"wp-block-cover is-light py-5\" style=\"min-height:180px;aspect-ratio:unset;\"><span aria-hidden=\"true\" class=\"wp-block-cover__background has-background-dim-100 has-background-dim\" style=\"background-color:#eef6f7\"><\/span><div class=\"wp-block-cover__inner-container is-layout-flow wp-block-cover-is-layout-flow\">\n<h2 class=\"has-text-align-center mb-4 mt-2 title-heading-left has-text-color has-xlarge-font-size wp-block-heading\" style=\"font-style:normal;font-weight:900\">Explora m\u00e1s temas sobre los cuidados en caso de accidentes de los perros<\/h2>\n\n\n\n<div class=\"wp-block-columns mt-2 is-layout-flex wp-container-core-columns-is-layout-9d6595d7 wp-block-columns-is-layout-flex\">\n<div class=\"wp-block-column is-layout-flow wp-block-column-is-layout-flow\"><\/div>\n\n\n\n<div class=\"wp-block-column is-layout-flow wp-block-column-is-layout-flow\">\n<div class=\"wp-block-buttons alignwide is-content-justification-center is-layout-flex wp-container-core-buttons-is-layout-16018d1d wp-block-buttons-is-layout-flex\">\n<div class=\"wp-block-button aligncenter btn btn-navigation\"><a class=\"wp-block-button__link\" href=\"https:\/\/www.aon.es\/personales\/seguro-perro-gato\/salud-y-cuidados-perros\/\">Salud y cuidados<\/a><\/div>\n<\/div>\n<\/div>\n\n\n\n<div class=\"wp-block-column is-layout-flow wp-block-column-is-layout-flow\"><\/div>\n<\/div>\n<\/div><\/div>\n\n\n\n<h2 class=\"title-heading-left mt-3 mx-3 wp-block-heading\">Post destacados<\/h2>\n\n\n                    <section class=\"mt-5 mb-5\">                <div class=\"col-md-4 featured-post p-0\">\n                                <a href=\"https:\/\/www.aon.es\/personales\/seguro-perro-gato\/blog\/coberturas-seguro-mascotas-perro-ppp\/\">\n                    <div class=\"featured-post-content d-flex align-items-end justify-content-center p-3 pb-5 \"\n                        style=\"background:linear-gradient(0deg, rgba(0,0,0,1) 0%, rgba(9,9,121,0) 95%, rgba(0,212,255,0) 100%),url(https:\/\/www.aon.es\/personales\/seguro-perro-gato\/wp-content\/uploads\/sites\/2\/2024\/12\/8373.jpg) no-repeat;background-size:cover;background-position:center;\">\n                        \u00bfQu\u00e9 coberturas debe tener un seguro para mascotas si tu perro es PPP?                    <\/div>\n                <\/a>\n                <\/div>\n                            <div class=\"col-md-4 featured-post p-0\">\n                                <a href=\"https:\/\/www.aon.es\/personales\/seguro-perro-gato\/blog\/hacer-cuando-dos-perros-pelean\/\">\n                    <div class=\"featured-post-content d-flex align-items-end justify-content-center p-3 pb-5 \"\n                        style=\"background:linear-gradient(0deg, rgba(0,0,0,1) 0%, rgba(9,9,121,0) 95%, rgba(0,212,255,0) 100%),url(https:\/\/www.aon.es\/personales\/seguro-perro-gato\/wp-content\/uploads\/sites\/2\/2024\/07\/adorable-pitbull-dogs-looking-up-scaled.jpg) no-repeat;background-size:cover;background-position:center;\">\n                        Qu\u00e9 hacer cuando dos perros se pelean                    <\/div>\n                <\/a>\n                <\/div>\n                            <div class=\"col-md-4 featured-post p-0\">\n                                <a href=\"https:\/\/www.aon.es\/personales\/seguro-perro-gato\/blog\/agua-mar-peligrosa-perro\/\">\n                    <div class=\"featured-post-content d-flex align-items-end justify-content-center p-3 pb-5 \"\n                        style=\"background:linear-gradient(0deg, rgba(0,0,0,1) 0%, rgba(9,9,121,0) 95%, rgba(0,212,255,0) 100%),url(https:\/\/www.aon.es\/personales\/seguro-perro-gato\/wp-content\/uploads\/sites\/2\/2024\/07\/2149530144.jpg) no-repeat;background-size:cover;background-position:center;\">\n                        El agua del mar es peligrosa para tu perro                    <\/div>\n                <\/a>\n                <\/div>\n                            <div class=\"col-md-4 featured-post p-0\">\n                                <a href=\"https:\/\/www.aon.es\/personales\/seguro-perro-gato\/blog\/peligros-verano-perros\/\">\n                    <div class=\"featured-post-content d-flex align-items-end justify-content-center p-3 pb-5 \"\n                        style=\"background:linear-gradient(0deg, rgba(0,0,0,1) 0%, rgba(9,9,121,0) 95%, rgba(0,212,255,0) 100%),url(https:\/\/www.aon.es\/personales\/seguro-perro-gato\/wp-content\/uploads\/sites\/2\/2024\/06\/29661.jpg) no-repeat;background-size:cover;background-position:center;\">\n                        Peligros del verano para los perros                    <\/div>\n                <\/a>\n                <\/div>\n                            <div class=\"col-md-4 featured-post p-0\">\n                                <a href=\"https:\/\/www.aon.es\/personales\/seguro-perro-gato\/blog\/que-hacer-perro-pica-oruga-procesionaria\/\">\n                    <div class=\"featured-post-content d-flex align-items-end justify-content-center p-3 pb-5 \"\n                        style=\"background:linear-gradient(0deg, rgba(0,0,0,1) 0%, rgba(9,9,121,0) 95%, rgba(0,212,255,0) 100%),url(https:\/\/www.aon.es\/personales\/seguro-perro-gato\/wp-content\/uploads\/sites\/2\/2022\/06\/perro-pica-origa-procesionaria.jpg) no-repeat;background-size:cover;background-position:center;\">\n                        Lo que debes de hacer si a tu perro le pica una oruga procesionaria                    <\/div>\n                <\/a>\n                <\/div>\n                            <div class=\"col-md-4 featured-post p-0\">\n                                <a href=\"https:\/\/www.aon.es\/personales\/seguro-perro-gato\/blog\/que-hago-si-a-mi-perro-se-le-clava-espiga\/\">\n                    <div class=\"featured-post-content d-flex align-items-end justify-content-center p-3 pb-5 \"\n                        style=\"background:linear-gradient(0deg, rgba(0,0,0,1) 0%, rgba(9,9,121,0) 95%, rgba(0,212,255,0) 100%),url(https:\/\/www.aon.es\/personales\/seguro-perro-gato\/wp-content\/uploads\/sites\/2\/2022\/06\/perro-espiga.jpg) no-repeat;background-size:cover;background-position:center;\">\n                        Qu\u00e9 hago si a mi perro se le ha clavado una espiga                    <\/div>\n                <\/a>\n                <\/div>\n                        <\/section>\n                <\/div>\n    \n\n\n\n<div style=\"height:30px\" aria-hidden=\"true\" class=\"wp-block-spacer\"><\/div>\n\n\n\n<h2 class=\"title-heading-left mt-3 mx-3 wp-block-heading\">Todos los posts sobre prevenci\u00f3n de accidentes en perros<\/h2>\n\n\n                    <div id=\"accidentes\" class=\"blog-header-container\">\n            <ul class=\"blog-header row_ fusion-blog-shortcode\">\n                                        <li class=\"col-lg-3 first-post \">\n                    <div class=\"featured-post-category-img\"\n                    style=\"background:url(https:\/\/www.aon.es\/personales\/seguro-perro-gato\/wp-content\/uploads\/sites\/2\/2024\/12\/8373.jpg) no-repeat;background-size:cover;background-position:center;height:220px;\">\n                    <\/div>\n                    <div class=\"featured-post-content d-flex justify-content-center \">\n                        <h2 class=\"blog-shortcode-post-title entry-title\"><a href=\"https:\/\/www.aon.es\/personales\/seguro-perro-gato\/blog\/coberturas-seguro-mascotas-perro-ppp\/\">\u00bfQu\u00e9 coberturas debe tener un seguro para mascotas si tu perro es PPP?<\/a><\/h2>\n                    <\/div>\n                <\/li>\n                                        <li class=\"col-lg-3 first-post \">\n                    <div class=\"featured-post-category-img\"\n                    style=\"background:url(https:\/\/www.aon.es\/personales\/seguro-perro-gato\/wp-content\/uploads\/sites\/2\/2024\/07\/adorable-pitbull-dogs-looking-up-scaled.jpg) no-repeat;background-size:cover;background-position:center;height:220px;\">\n                    <\/div>\n                    <div class=\"featured-post-content d-flex justify-content-center \">\n                        <h2 class=\"blog-shortcode-post-title entry-title\"><a href=\"https:\/\/www.aon.es\/personales\/seguro-perro-gato\/blog\/hacer-cuando-dos-perros-pelean\/\">Qu\u00e9 hacer cuando dos perros se pelean<\/a><\/h2>\n                    <\/div>\n                <\/li>\n                                        <li class=\"col-lg-3 first-post \">\n                    <div class=\"featured-post-category-img\"\n                    style=\"background:url(https:\/\/www.aon.es\/personales\/seguro-perro-gato\/wp-content\/uploads\/sites\/2\/2024\/07\/2149530144.jpg) no-repeat;background-size:cover;background-position:center;height:220px;\">\n                    <\/div>\n                    <div class=\"featured-post-content d-flex justify-content-center \">\n                        <h2 class=\"blog-shortcode-post-title entry-title\"><a href=\"https:\/\/www.aon.es\/personales\/seguro-perro-gato\/blog\/agua-mar-peligrosa-perro\/\">El agua del mar es peligrosa para tu perro<\/a><\/h2>\n                    <\/div>\n                <\/li>\n                                        <li class=\"col-lg-3 first-post \">\n                    <div class=\"featured-post-category-img\"\n                    style=\"background:url(https:\/\/www.aon.es\/personales\/seguro-perro-gato\/wp-content\/uploads\/sites\/2\/2024\/06\/29661.jpg) no-repeat;background-size:cover;background-position:center;height:220px;\">\n                    <\/div>\n                    <div class=\"featured-post-content d-flex justify-content-center \">\n                        <h2 class=\"blog-shortcode-post-title entry-title\"><a href=\"https:\/\/www.aon.es\/personales\/seguro-perro-gato\/blog\/peligros-verano-perros\/\">Peligros del verano para los perros<\/a><\/h2>\n                    <\/div>\n                <\/li>\n                                        <li class=\"col-lg-3 first-post \">\n                    <div class=\"featured-post-category-img\"\n                    style=\"background:url(https:\/\/www.aon.es\/personales\/seguro-perro-gato\/wp-content\/uploads\/sites\/2\/2022\/06\/perro-pica-origa-procesionaria.jpg) no-repeat;background-size:cover;background-position:center;height:220px;\">\n                    <\/div>\n                    <div class=\"featured-post-content d-flex justify-content-center \">\n                        <h2 class=\"blog-shortcode-post-title entry-title\"><a href=\"https:\/\/www.aon.es\/personales\/seguro-perro-gato\/blog\/que-hacer-perro-pica-oruga-procesionaria\/\">Lo que debes de hacer si a tu perro le pica una oruga procesionaria<\/a><\/h2>\n                    <\/div>\n                <\/li>\n                                        <li class=\"col-lg-3 first-post \">\n                    <div class=\"featured-post-category-img\"\n                    style=\"background:url(https:\/\/www.aon.es\/personales\/seguro-perro-gato\/wp-content\/uploads\/sites\/2\/2022\/06\/perro-espiga.jpg) no-repeat;background-size:cover;background-position:center;height:220px;\">\n                    <\/div>\n                    <div class=\"featured-post-content d-flex justify-content-center \">\n                        <h2 class=\"blog-shortcode-post-title entry-title\"><a href=\"https:\/\/www.aon.es\/personales\/seguro-perro-gato\/blog\/que-hago-si-a-mi-perro-se-le-clava-espiga\/\">Qu\u00e9 hago si a mi perro se le ha clavado una espiga<\/a><\/h2>\n                    <\/div>\n                <\/li>\n                                        <li class=\"col-lg-3 first-post \">\n                    <div class=\"featured-post-category-img\"\n                    style=\"background:url(https:\/\/www.aon.es\/personales\/seguro-perro-gato\/wp-content\/uploads\/sites\/2\/2022\/06\/que-hacer-si-un-perro-te-ataca.jpg) no-repeat;background-size:cover;background-position:center;height:220px;\">\n                    <\/div>\n                    <div class=\"featured-post-content d-flex justify-content-center \">\n                        <h2 class=\"blog-shortcode-post-title entry-title\"><a href=\"https:\/\/www.aon.es\/personales\/seguro-perro-gato\/blog\/como-actuar-ante-el-ataque-de-un-perro\/\">C\u00f3mo actuar ante el ataque de un perro<\/a><\/h2>\n                    <\/div>\n                <\/li>\n                                        <li class=\"col-lg-3 first-post \">\n                    <div class=\"featured-post-category-img\"\n                    style=\"background:url(https:\/\/www.aon.es\/personales\/seguro-perro-gato\/wp-content\/uploads\/sites\/2\/2022\/05\/atropellado-perro.jpg) no-repeat;background-size:cover;background-position:center;height:220px;\">\n                    <\/div>\n                    <div class=\"featured-post-content d-flex justify-content-center \">\n                        <h2 class=\"blog-shortcode-post-title entry-title\"><a href=\"https:\/\/www.aon.es\/personales\/seguro-perro-gato\/blog\/como-actuar-atropellado-perro\/\">C\u00f3mo actuar si han atropellado a tu perro<\/a><\/h2>\n                    <\/div>\n                <\/li>\n                        <\/ul>\n                                    <div id=\"accidentes-loading-elements\" class=\"text-center mt-1 loading-elements\"><div class=\"lds-ellipsis\"><div><\/div><div><\/div><div><\/div><div><\/div><\/div><\/div>\n                <div class=\"row\">\n                    <div class=\"col-lg-12 mb-5 d-flex justify-content-center\">\n                        <button id=\"accidentes-load-more-articles\" class=\"btn load-more\" data-cat=\"perro\" data-tag=\"accidentes\" data-animal=\"\"\n                        data-numpost=\"8\">Cargar m\u00e1s art\u00edculos<\/button>\n                    <\/div>\n                <\/div>\n                                        <\/div>\n        \n","protected":false},"excerpt":{"rendered":"<p>Post destacados Todos los posts sobre prevenci\u00f3n de accidentes en perros<\/p>\n","protected":false},"author":3,"featured_media":0,"parent":0,"menu_order":0,"comment_status":"closed","ping_status":"closed","template":"page-gutenberg.php","meta":{"footnotes":""},"class_list":["post-5569","page","type-page","status-publish","hentry"],"yoast_head":"<!-- This site is optimized with the Yoast SEO plugin v27.3 - https:\/\/yoast.com\/product\/yoast-seo-wordpress\/ -->\n<title>Prevenci\u00f3n de accidentes frecuentes en perros - Aon Seguro para Perros y Gatos<\/title>\n<meta name=\"description\" content=\"Lee la selecci\u00f3n de art\u00edculos que hemos escrito para prevenir los accidentes m\u00e1s frecuentes en perros. \u00a1No te lo pierdas!\" \/>\n<meta name=\"robots\" content=\"index, follow, max-snippet:-1, max-image-preview:large, max-video-preview:-1\" \/>\n<link rel=\"canonical\" href=\"https:\/\/www.aon.es\/personales\/seguro-perro-gato\/prevencion-accidentes-perros\/\" \/>\n<meta property=\"og:locale\" content=\"es_ES\" \/>\n<meta property=\"og:type\" content=\"article\" \/>\n<meta property=\"og:title\" content=\"Prevenci\u00f3n de accidentes frecuentes en perros - Aon Seguro para Perros y Gatos\" \/>\n<meta property=\"og:description\" content=\"Lee la selecci\u00f3n de art\u00edculos que hemos escrito para prevenir los accidentes m\u00e1s frecuentes en perros. \u00a1No te lo pierdas!\" \/>\n<meta property=\"og:url\" content=\"https:\/\/www.aon.es\/personales\/seguro-perro-gato\/prevencion-accidentes-perros\/\" \/>\n<meta property=\"og:site_name\" content=\"Aon Seguro para Perros y Gatos\" \/>\n<meta property=\"article:modified_time\" content=\"2023-10-31T14:54:12+00:00\" \/>\n<meta property=\"og:image\" content=\"https:\/\/www.aon.es\/personales\/seguro-perro-gato\/wp-content\/uploads\/sites\/2\/2022\/08\/accidentes-frecuentes-perros-min.jpg\" \/>\n<meta name=\"twitter:card\" content=\"summary_large_image\" \/>\n<meta name=\"twitter:label1\" content=\"Tiempo de lectura\" \/>\n\t<meta name=\"twitter:data1\" content=\"1 minuto\" \/>\n<script type=\"application\/ld+json\" class=\"yoast-schema-graph\">{\"@context\":\"https:\\\/\\\/schema.org\",\"@graph\":[{\"@type\":\"WebPage\",\"@id\":\"https:\\\/\\\/www.aon.es\\\/personales\\\/seguro-perro-gato\\\/prevencion-accidentes-perros\\\/\",\"url\":\"https:\\\/\\\/www.aon.es\\\/personales\\\/seguro-perro-gato\\\/prevencion-accidentes-perros\\\/\",\"name\":\"Prevenci\u00f3n de accidentes frecuentes en perros - Aon Seguro para Perros y Gatos\",\"isPartOf\":{\"@id\":\"https:\\\/\\\/www.aon.es\\\/personales\\\/seguro-perro-gato\\\/#website\"},\"primaryImageOfPage\":{\"@id\":\"https:\\\/\\\/www.aon.es\\\/personales\\\/seguro-perro-gato\\\/prevencion-accidentes-perros\\\/#primaryimage\"},\"image\":{\"@id\":\"https:\\\/\\\/www.aon.es\\\/personales\\\/seguro-perro-gato\\\/prevencion-accidentes-perros\\\/#primaryimage\"},\"thumbnailUrl\":\"https:\\\/\\\/www.aon.es\\\/personales\\\/seguro-perro-gato\\\/wp-content\\\/uploads\\\/sites\\\/2\\\/2022\\\/08\\\/accidentes-frecuentes-perros-min.jpg\",\"datePublished\":\"2022-08-30T14:59:26+00:00\",\"dateModified\":\"2023-10-31T14:54:12+00:00\",\"description\":\"Lee la selecci\u00f3n de art\u00edculos que hemos escrito para prevenir los accidentes m\u00e1s frecuentes en perros. \u00a1No te lo pierdas!\",\"breadcrumb\":{\"@id\":\"https:\\\/\\\/www.aon.es\\\/personales\\\/seguro-perro-gato\\\/prevencion-accidentes-perros\\\/#breadcrumb\"},\"inLanguage\":\"es\",\"potentialAction\":[{\"@type\":\"ReadAction\",\"target\":[\"https:\\\/\\\/www.aon.es\\\/personales\\\/seguro-perro-gato\\\/prevencion-accidentes-perros\\\/\"]}]},{\"@type\":\"ImageObject\",\"inLanguage\":\"es\",\"@id\":\"https:\\\/\\\/www.aon.es\\\/personales\\\/seguro-perro-gato\\\/prevencion-accidentes-perros\\\/#primaryimage\",\"url\":\"https:\\\/\\\/www.aon.es\\\/personales\\\/seguro-perro-gato\\\/wp-content\\\/uploads\\\/sites\\\/2\\\/2022\\\/08\\\/accidentes-frecuentes-perros-min.jpg\",\"contentUrl\":\"https:\\\/\\\/www.aon.es\\\/personales\\\/seguro-perro-gato\\\/wp-content\\\/uploads\\\/sites\\\/2\\\/2022\\\/08\\\/accidentes-frecuentes-perros-min.jpg\",\"width\":1500,\"height\":1000,\"caption\":\"accidentes frecuentes perros\"},{\"@type\":\"BreadcrumbList\",\"@id\":\"https:\\\/\\\/www.aon.es\\\/personales\\\/seguro-perro-gato\\\/prevencion-accidentes-perros\\\/#breadcrumb\",\"itemListElement\":[{\"@type\":\"ListItem\",\"position\":1,\"name\":\"Portada\",\"item\":\"https:\\\/\\\/www.aon.es\\\/personales\\\/seguro-perro-gato\\\/\"},{\"@type\":\"ListItem\",\"position\":2,\"name\":\"Prevenci\u00f3n accidentes en perros\"}]},{\"@type\":\"WebSite\",\"@id\":\"https:\\\/\\\/www.aon.es\\\/personales\\\/seguro-perro-gato\\\/#website\",\"url\":\"https:\\\/\\\/www.aon.es\\\/personales\\\/seguro-perro-gato\\\/\",\"name\":\"Aon Seguro para Perros y Gatos\",\"description\":\"Bienestar que deja huella. Seguros de Salud y Accidentes para Mascotas\",\"potentialAction\":[{\"@type\":\"SearchAction\",\"target\":{\"@type\":\"EntryPoint\",\"urlTemplate\":\"https:\\\/\\\/www.aon.es\\\/personales\\\/seguro-perro-gato\\\/?s={search_term_string}\"},\"query-input\":{\"@type\":\"PropertyValueSpecification\",\"valueRequired\":true,\"valueName\":\"search_term_string\"}}],\"inLanguage\":\"es\"}]}<\/script>\n<!-- \/ Yoast SEO plugin. -->","yoast_head_json":{"title":"Prevenci\u00f3n de accidentes frecuentes en perros - Aon Seguro para Perros y Gatos","description":"Lee la selecci\u00f3n de art\u00edculos que hemos escrito para prevenir los accidentes m\u00e1s frecuentes en perros. \u00a1No te lo pierdas!","robots":{"index":"index","follow":"follow","max-snippet":"max-snippet:-1","max-image-preview":"max-image-preview:large","max-video-preview":"max-video-preview:-1"},"canonical":"https:\/\/www.aon.es\/personales\/seguro-perro-gato\/prevencion-accidentes-perros\/","og_locale":"es_ES","og_type":"article","og_title":"Prevenci\u00f3n de accidentes frecuentes en perros - Aon Seguro para Perros y Gatos","og_description":"Lee la selecci\u00f3n de art\u00edculos que hemos escrito para prevenir los accidentes m\u00e1s frecuentes en perros. \u00a1No te lo pierdas!","og_url":"https:\/\/www.aon.es\/personales\/seguro-perro-gato\/prevencion-accidentes-perros\/","og_site_name":"Aon Seguro para Perros y Gatos","article_modified_time":"2023-10-31T14:54:12+00:00","og_image":[{"url":"https:\/\/www.aon.es\/personales\/seguro-perro-gato\/wp-content\/uploads\/sites\/2\/2022\/08\/accidentes-frecuentes-perros-min.jpg","type":"","width":"","height":""}],"twitter_card":"summary_large_image","twitter_misc":{"Tiempo de lectura":"1 minuto"},"schema":{"@context":"https:\/\/schema.org","@graph":[{"@type":"WebPage","@id":"https:\/\/www.aon.es\/personales\/seguro-perro-gato\/prevencion-accidentes-perros\/","url":"https:\/\/www.aon.es\/personales\/seguro-perro-gato\/prevencion-accidentes-perros\/","name":"Prevenci\u00f3n de accidentes frecuentes en perros - Aon Seguro para Perros y Gatos","isPartOf":{"@id":"https:\/\/www.aon.es\/personales\/seguro-perro-gato\/#website"},"primaryImageOfPage":{"@id":"https:\/\/www.aon.es\/personales\/seguro-perro-gato\/prevencion-accidentes-perros\/#primaryimage"},"image":{"@id":"https:\/\/www.aon.es\/personales\/seguro-perro-gato\/prevencion-accidentes-perros\/#primaryimage"},"thumbnailUrl":"https:\/\/www.aon.es\/personales\/seguro-perro-gato\/wp-content\/uploads\/sites\/2\/2022\/08\/accidentes-frecuentes-perros-min.jpg","datePublished":"2022-08-30T14:59:26+00:00","dateModified":"2023-10-31T14:54:12+00:00","description":"Lee la selecci\u00f3n de art\u00edculos que hemos escrito para prevenir los accidentes m\u00e1s frecuentes en perros. \u00a1No te lo pierdas!","breadcrumb":{"@id":"https:\/\/www.aon.es\/personales\/seguro-perro-gato\/prevencion-accidentes-perros\/#breadcrumb"},"inLanguage":"es","potentialAction":[{"@type":"ReadAction","target":["https:\/\/www.aon.es\/personales\/seguro-perro-gato\/prevencion-accidentes-perros\/"]}]},{"@type":"ImageObject","inLanguage":"es","@id":"https:\/\/www.aon.es\/personales\/seguro-perro-gato\/prevencion-accidentes-perros\/#primaryimage","url":"https:\/\/www.aon.es\/personales\/seguro-perro-gato\/wp-content\/uploads\/sites\/2\/2022\/08\/accidentes-frecuentes-perros-min.jpg","contentUrl":"https:\/\/www.aon.es\/personales\/seguro-perro-gato\/wp-content\/uploads\/sites\/2\/2022\/08\/accidentes-frecuentes-perros-min.jpg","width":1500,"height":1000,"caption":"accidentes frecuentes perros"},{"@type":"BreadcrumbList","@id":"https:\/\/www.aon.es\/personales\/seguro-perro-gato\/prevencion-accidentes-perros\/#breadcrumb","itemListElement":[{"@type":"ListItem","position":1,"name":"Portada","item":"https:\/\/www.aon.es\/personales\/seguro-perro-gato\/"},{"@type":"ListItem","position":2,"name":"Prevenci\u00f3n accidentes en perros"}]},{"@type":"WebSite","@id":"https:\/\/www.aon.es\/personales\/seguro-perro-gato\/#website","url":"https:\/\/www.aon.es\/personales\/seguro-perro-gato\/","name":"Aon Seguro para Perros y Gatos","description":"Bienestar que deja huella. Seguros de Salud y Accidentes para Mascotas","potentialAction":[{"@type":"SearchAction","target":{"@type":"EntryPoint","urlTemplate":"https:\/\/www.aon.es\/personales\/seguro-perro-gato\/?s={search_term_string}"},"query-input":{"@type":"PropertyValueSpecification","valueRequired":true,"valueName":"search_term_string"}}],"inLanguage":"es"}]}},"_links":{"self":[{"href":"https:\/\/www.aon.es\/personales\/seguro-perro-gato\/wp-json\/wp\/v2\/pages\/5569","targetHints":{"allow":["GET"]}}],"collection":[{"href":"https:\/\/www.aon.es\/personales\/seguro-perro-gato\/wp-json\/wp\/v2\/pages"}],"about":[{"href":"https:\/\/www.aon.es\/personales\/seguro-perro-gato\/wp-json\/wp\/v2\/types\/page"}],"author":[{"embeddable":true,"href":"https:\/\/www.aon.es\/personales\/seguro-perro-gato\/wp-json\/wp\/v2\/users\/3"}],"replies":[{"embeddable":true,"href":"https:\/\/www.aon.es\/personales\/seguro-perro-gato\/wp-json\/wp\/v2\/comments?post=5569"}],"version-history":[{"count":2,"href":"https:\/\/www.aon.es\/personales\/seguro-perro-gato\/wp-json\/wp\/v2\/pages\/5569\/revisions"}],"predecessor-version":[{"id":9347,"href":"https:\/\/www.aon.es\/personales\/seguro-perro-gato\/wp-json\/wp\/v2\/pages\/5569\/revisions\/9347"}],"wp:attachment":[{"href":"https:\/\/www.aon.es\/personales\/seguro-perro-gato\/wp-json\/wp\/v2\/media?parent=5569"}],"curies":[{"name":"wp","href":"https:\/\/api.w.org\/{rel}","templated":true}]}}