{"id":520,"date":"2019-06-24T13:28:57","date_gmt":"2019-06-24T11:28:57","guid":{"rendered":"http:\/\/www.aon.es\/site\/seguroabogados\/?page_id=520"},"modified":"2022-08-11T09:29:38","modified_gmt":"2022-08-11T09:29:38","slug":"blog","status":"publish","type":"page","link":"https:\/\/www.aon.es\/profesionales\/abogados\/blog\/","title":{"rendered":"Blog"},"content":{"rendered":"<div  class='av-alb-blogposts template-blog  av-blog-meta-author-disabled av-blog-meta-comments-disabled av-blog-meta-html-info-disabled av-blog-meta-tag-disabled '  itemscope=\"itemscope\" itemtype=\"https:\/\/schema.org\/Blog\" ><article class=\"post-entry post-entry-type-standard post-entry-4101 post-loop-1 post-parity-odd single-big with-slider post-4101 post type-post status-publish format-standard has-post-thumbnail hentry category-ciberseguridad\"  itemscope=\"itemscope\" itemtype=\"https:\/\/schema.org\/BlogPosting\" ><div class=\"big-preview single-big\"  itemprop=\"image\" itemscope=\"itemscope\" itemtype=\"https:\/\/schema.org\/ImageObject\" ><a href=\"https:\/\/www.aon.es\/profesionales\/abogados\/pequenos-despachos-abogados-punto-mira-ciberdelincuentes\/\"  title=\"pequenos-despachos-abogados-punto-mira-ciberdelincuentes\" ><img decoding=\"async\" loading=\"lazy\" width=\"1200\" height=\"423\" src=\"https:\/\/www.aon.es\/profesionales\/abogados\/wp-content\/uploads\/sites\/3\/2026\/05\/pequenos-despachos-abogados-punto-mira-ciberdelincuentes-1200x423.jpg\" class=\"wp-image-4103 avia-img-lazy-loading-4103 attachment-entry_without_sidebar size-entry_without_sidebar wp-post-image\" alt=\"Los peque\u00f1os despachos de abogados, en el punto de mira de los ciberdelincuentes\" \/><\/a><\/div><div class=\"blog-meta\"><\/div><div class='entry-content-wrapper clearfix standard-content'><header class=\"entry-content-header\" aria-label=\"Post: Los peque\u00f1os despachos de abogados, en el punto de mira de los ciberdelincuentes\"><h2 class='post-title entry-title '  itemprop=\"headline\" ><a href=\"https:\/\/www.aon.es\/profesionales\/abogados\/pequenos-despachos-abogados-punto-mira-ciberdelincuentes\/\" rel=\"bookmark\" title=\"Enlace permanente: Los peque\u00f1os despachos de abogados, en el punto de mira de los ciberdelincuentes\">Los peque\u00f1os despachos de abogados, en el punto de mira de los ciberdelincuentes<span class=\"post-format-icon minor-meta\"><\/span><\/a><\/h2><span class=\"post-meta-infos\"><time class=\"date-container minor-meta updated\"  itemprop=\"datePublished\" datetime=\"2026-04-30T12:51:52+02:00\" >30 de abril de 2026<\/time><span class=\"text-sep\">\/<\/span><span class=\"blog-categories minor-meta\">en <a href=\"https:\/\/www.aon.es\/profesionales\/abogados\/category\/ciberseguridad\/\" rel=\"tag\">Ciberseguridad<\/a><\/span><\/span><\/header><div class=\"entry-content\"  itemprop=\"text\" ><p>Los despachos peque\u00f1os de abogados de entre 1 y 5 profesionales se han convertido en objetivos habituales de los ciberdelincuentes.<\/p>\n<div class=\"read-more-link\"><a href=\"https:\/\/www.aon.es\/profesionales\/abogados\/pequenos-despachos-abogados-punto-mira-ciberdelincuentes\/\" class=\"more-link\">Leer m\u00e1s<span class='more-link-arrow avia-svg-icon avia-font-svg_entypo-fontello' data-av_svg_icon='right-open-big' data-av_iconset='svg_entypo-fontello'><svg version=\"1.1\" xmlns=\"http:\/\/www.w3.org\/2000\/svg\" width=\"15\" height=\"32\" viewBox=\"0 0 15 32\" preserveAspectRatio=\"xMidYMid meet\" role=\"graphics-symbol\" aria-hidden=\"true\">\n<path d=\"M0.416 27.84l11.456-11.84-11.456-11.904q-0.832-0.832 0-1.536 0.832-0.832 1.536 0l12.544 12.608q0.768 0.832 0 1.6l-12.544 12.608q-0.704 0.832-1.536 0-0.832-0.704 0-1.536z\"><\/path>\n<\/svg><\/span><\/a><\/div>\n<\/div><footer class=\"entry-footer\"><\/footer><div class='post_delimiter'><\/div><\/div><div class=\"post_author_timeline\"><\/div><span class='hidden'>\n\t\t\t\t<span class='av-structured-data'  itemprop=\"image\" itemscope=\"itemscope\" itemtype=\"https:\/\/schema.org\/ImageObject\" >\n\t\t\t\t\t\t<span itemprop='url'>https:\/\/www.aon.es\/profesionales\/abogados\/wp-content\/uploads\/sites\/3\/2026\/05\/pequenos-despachos-abogados-punto-mira-ciberdelincuentes.jpg<\/span>\n\t\t\t\t\t\t<span itemprop='height'>720<\/span>\n\t\t\t\t\t\t<span itemprop='width'>1200<\/span>\n\t\t\t\t<\/span>\n\t\t\t\t<span class='av-structured-data'  itemprop=\"publisher\" itemtype=\"https:\/\/schema.org\/Organization\" itemscope=\"itemscope\" >\n\t\t\t\t\t\t<span itemprop='name'>pentralgo<\/span>\n\t\t\t\t\t\t<span itemprop='logo' itemscope itemtype='https:\/\/schema.org\/ImageObject'>\n\t\t\t\t\t\t\t<span itemprop='url'>https:\/\/www.aon.es\/profesionales\/abogados\/wp-content\/uploads\/sites\/3\/2022\/05\/logo-Aonprofesionales-abogados_2.png<\/span>\n\t\t\t\t\t\t<\/span>\n\t\t\t\t<\/span><span class='av-structured-data'  itemprop=\"author\" itemscope=\"itemscope\" itemtype=\"https:\/\/schema.org\/Person\" ><span itemprop='name'>pentralgo<\/span><\/span><span class='av-structured-data'  itemprop=\"datePublished\" datetime=\"2026-04-30T12:51:52+02:00\" >2026-04-30 12:51:52<\/span><span class='av-structured-data'  itemprop=\"dateModified\" itemtype=\"https:\/\/schema.org\/dateModified\" >2026-05-12 12:53:32<\/span><span class='av-structured-data'  itemprop=\"mainEntityOfPage\" itemtype=\"https:\/\/schema.org\/mainEntityOfPage\" ><span itemprop='name'>Los peque\u00f1os despachos de abogados, en el punto de mira de los ciberdelincuentes<\/span><\/span><\/span><\/article><article class=\"post-entry post-entry-type-standard post-entry-4097 post-loop-2 post-parity-even single-big with-slider post-4097 post type-post status-publish format-standard has-post-thumbnail hentry category-ciberseguridad category-responsabilidad-civil\"  itemscope=\"itemscope\" itemtype=\"https:\/\/schema.org\/BlogPosting\" ><div class=\"big-preview single-big\"  itemprop=\"image\" itemscope=\"itemscope\" itemtype=\"https:\/\/schema.org\/ImageObject\" ><a href=\"https:\/\/www.aon.es\/profesionales\/abogados\/abogado-administrador-concursal-riesgos-especificos-asegurarlos\/\"  title=\"ambito-territorial-seguro-abogados\" ><img decoding=\"async\" loading=\"lazy\" width=\"1210\" height=\"423\" src=\"https:\/\/www.aon.es\/profesionales\/abogados\/wp-content\/uploads\/sites\/3\/2023\/02\/ambito-territorial-seguro-abogados-1210x423.jpg\" class=\"wp-image-3106 avia-img-lazy-loading-3106 attachment-entry_without_sidebar size-entry_without_sidebar wp-post-image\" alt=\"\u00c1mbito territorial en los seguros para abogados\" \/><\/a><\/div><div class=\"blog-meta\"><\/div><div class='entry-content-wrapper clearfix standard-content'><header class=\"entry-content-header\" aria-label=\"Post: El abogado como administrador concursal: riesgos espec\u00edficos y c\u00f3mo asegurarlos\"><h2 class='post-title entry-title '  itemprop=\"headline\" ><a href=\"https:\/\/www.aon.es\/profesionales\/abogados\/abogado-administrador-concursal-riesgos-especificos-asegurarlos\/\" rel=\"bookmark\" title=\"Enlace permanente: El abogado como administrador concursal: riesgos espec\u00edficos y c\u00f3mo asegurarlos\">El abogado como administrador concursal: riesgos espec\u00edficos y c\u00f3mo asegurarlos<span class=\"post-format-icon minor-meta\"><\/span><\/a><\/h2><span class=\"post-meta-infos\"><time class=\"date-container minor-meta updated\"  itemprop=\"datePublished\" datetime=\"2026-04-01T16:23:54+02:00\" >1 de abril de 2026<\/time><span class=\"text-sep\">\/<\/span><span class=\"blog-categories minor-meta\">en <a href=\"https:\/\/www.aon.es\/profesionales\/abogados\/category\/ciberseguridad\/\" rel=\"tag\">Ciberseguridad<\/a>, <a href=\"https:\/\/www.aon.es\/profesionales\/abogados\/category\/responsabilidad-civil\/\" rel=\"tag\">Responsabilidad Civil<\/a><\/span><\/span><\/header><div class=\"entry-content\"  itemprop=\"text\" ><p>En este art\u00edculo vamos a profundizar en los riesgos espec\u00edficos que asume el profesional cuando acepta este rol y en c\u00f3mo puede protegerse.<\/p>\n<div class=\"read-more-link\"><a href=\"https:\/\/www.aon.es\/profesionales\/abogados\/abogado-administrador-concursal-riesgos-especificos-asegurarlos\/\" class=\"more-link\">Leer m\u00e1s<span class='more-link-arrow avia-svg-icon avia-font-svg_entypo-fontello' data-av_svg_icon='right-open-big' data-av_iconset='svg_entypo-fontello'><svg version=\"1.1\" xmlns=\"http:\/\/www.w3.org\/2000\/svg\" width=\"15\" height=\"32\" viewBox=\"0 0 15 32\" preserveAspectRatio=\"xMidYMid meet\" role=\"graphics-symbol\" aria-hidden=\"true\">\n<path d=\"M0.416 27.84l11.456-11.84-11.456-11.904q-0.832-0.832 0-1.536 0.832-0.832 1.536 0l12.544 12.608q0.768 0.832 0 1.6l-12.544 12.608q-0.704 0.832-1.536 0-0.832-0.704 0-1.536z\"><\/path>\n<\/svg><\/span><\/a><\/div>\n<\/div><footer class=\"entry-footer\"><\/footer><div class='post_delimiter'><\/div><\/div><div class=\"post_author_timeline\"><\/div><span class='hidden'>\n\t\t\t\t<span class='av-structured-data'  itemprop=\"image\" itemscope=\"itemscope\" itemtype=\"https:\/\/schema.org\/ImageObject\" >\n\t\t\t\t\t\t<span itemprop='url'>https:\/\/www.aon.es\/profesionales\/abogados\/wp-content\/uploads\/sites\/3\/2023\/02\/ambito-territorial-seguro-abogados-scaled.jpg<\/span>\n\t\t\t\t\t\t<span itemprop='height'>1708<\/span>\n\t\t\t\t\t\t<span itemprop='width'>2560<\/span>\n\t\t\t\t<\/span>\n\t\t\t\t<span class='av-structured-data'  itemprop=\"publisher\" itemtype=\"https:\/\/schema.org\/Organization\" itemscope=\"itemscope\" >\n\t\t\t\t\t\t<span itemprop='name'>pentralgo<\/span>\n\t\t\t\t\t\t<span itemprop='logo' itemscope itemtype='https:\/\/schema.org\/ImageObject'>\n\t\t\t\t\t\t\t<span itemprop='url'>https:\/\/www.aon.es\/profesionales\/abogados\/wp-content\/uploads\/sites\/3\/2022\/05\/logo-Aonprofesionales-abogados_2.png<\/span>\n\t\t\t\t\t\t<\/span>\n\t\t\t\t<\/span><span class='av-structured-data'  itemprop=\"author\" itemscope=\"itemscope\" itemtype=\"https:\/\/schema.org\/Person\" ><span itemprop='name'>pentralgo<\/span><\/span><span class='av-structured-data'  itemprop=\"datePublished\" datetime=\"2026-04-01T16:23:54+02:00\" >2026-04-01 16:23:54<\/span><span class='av-structured-data'  itemprop=\"dateModified\" itemtype=\"https:\/\/schema.org\/dateModified\" >2026-04-01 16:23:57<\/span><span class='av-structured-data'  itemprop=\"mainEntityOfPage\" itemtype=\"https:\/\/schema.org\/mainEntityOfPage\" ><span itemprop='name'>El abogado como administrador concursal: riesgos espec\u00edficos y c\u00f3mo asegurarlos<\/span><\/span><\/span><\/article><article class=\"post-entry post-entry-type-standard post-entry-4091 post-loop-3 post-parity-odd post-entry-last single-big with-slider post-4091 post type-post status-publish format-standard has-post-thumbnail hentry category-sin-categoria\"  itemscope=\"itemscope\" itemtype=\"https:\/\/schema.org\/BlogPosting\" ><div class=\"big-preview single-big\"  itemprop=\"image\" itemscope=\"itemscope\" itemtype=\"https:\/\/schema.org\/ImageObject\" ><a href=\"https:\/\/www.aon.es\/profesionales\/abogados\/novedades-2026-seguro-salud-adeslas-abogados\/\"  title=\"novedades seguro salud abogados adeslas\" ><img decoding=\"async\" loading=\"lazy\" width=\"1000\" height=\"423\" src=\"https:\/\/www.aon.es\/profesionales\/abogados\/wp-content\/uploads\/sites\/3\/2023\/11\/novedades-seguro-salud-abogados-adeslas-1000x423.jpg\" class=\"wp-image-3349 avia-img-lazy-loading-3349 attachment-entry_without_sidebar size-entry_without_sidebar wp-post-image\" alt=\"Novedades del seguro de salud para abogados de Adeslas\" \/><\/a><\/div><div class=\"blog-meta\"><\/div><div class='entry-content-wrapper clearfix standard-content'><header class=\"entry-content-header\" aria-label=\"Post: Novedades 2026 del seguro de salud de Adeslas para abogados\"><h2 class='post-title entry-title '  itemprop=\"headline\" ><a href=\"https:\/\/www.aon.es\/profesionales\/abogados\/novedades-2026-seguro-salud-adeslas-abogados\/\" rel=\"bookmark\" title=\"Enlace permanente: Novedades 2026 del seguro de salud de Adeslas para abogados\">Novedades 2026 del seguro de salud de Adeslas para abogados<span class=\"post-format-icon minor-meta\"><\/span><\/a><\/h2><span class=\"post-meta-infos\"><time class=\"date-container minor-meta updated\"  itemprop=\"datePublished\" datetime=\"2026-02-26T10:54:55+01:00\" >26 de febrero de 2026<\/time><span class=\"text-sep\">\/<\/span><span class=\"blog-categories minor-meta\">en <a href=\"https:\/\/www.aon.es\/profesionales\/abogados\/category\/sin-categoria\/\" rel=\"tag\">Sin categor\u00eda<\/a><\/span><\/span><\/header><div class=\"entry-content\"  itemprop=\"text\" ><p>Os traemos las novedades del seguro m\u00e9dico de Adeslas para abogados y sus familiares directos.<\/p>\n<div class=\"read-more-link\"><a href=\"https:\/\/www.aon.es\/profesionales\/abogados\/novedades-2026-seguro-salud-adeslas-abogados\/\" class=\"more-link\">Leer m\u00e1s<span class='more-link-arrow avia-svg-icon avia-font-svg_entypo-fontello' data-av_svg_icon='right-open-big' data-av_iconset='svg_entypo-fontello'><svg version=\"1.1\" xmlns=\"http:\/\/www.w3.org\/2000\/svg\" width=\"15\" height=\"32\" viewBox=\"0 0 15 32\" preserveAspectRatio=\"xMidYMid meet\" role=\"graphics-symbol\" aria-hidden=\"true\">\n<path d=\"M0.416 27.84l11.456-11.84-11.456-11.904q-0.832-0.832 0-1.536 0.832-0.832 1.536 0l12.544 12.608q0.768 0.832 0 1.6l-12.544 12.608q-0.704 0.832-1.536 0-0.832-0.704 0-1.536z\"><\/path>\n<\/svg><\/span><\/a><\/div>\n<\/div><footer class=\"entry-footer\"><\/footer><div class='post_delimiter'><\/div><\/div><div class=\"post_author_timeline\"><\/div><span class='hidden'>\n\t\t\t\t<span class='av-structured-data'  itemprop=\"image\" itemscope=\"itemscope\" itemtype=\"https:\/\/schema.org\/ImageObject\" >\n\t\t\t\t\t\t<span itemprop='url'>https:\/\/www.aon.es\/profesionales\/abogados\/wp-content\/uploads\/sites\/3\/2023\/11\/novedades-seguro-salud-abogados-adeslas.jpg<\/span>\n\t\t\t\t\t\t<span itemprop='height'>667<\/span>\n\t\t\t\t\t\t<span itemprop='width'>1000<\/span>\n\t\t\t\t<\/span>\n\t\t\t\t<span class='av-structured-data'  itemprop=\"publisher\" itemtype=\"https:\/\/schema.org\/Organization\" itemscope=\"itemscope\" >\n\t\t\t\t\t\t<span itemprop='name'>pentralgo<\/span>\n\t\t\t\t\t\t<span itemprop='logo' itemscope itemtype='https:\/\/schema.org\/ImageObject'>\n\t\t\t\t\t\t\t<span itemprop='url'>https:\/\/www.aon.es\/profesionales\/abogados\/wp-content\/uploads\/sites\/3\/2022\/05\/logo-Aonprofesionales-abogados_2.png<\/span>\n\t\t\t\t\t\t<\/span>\n\t\t\t\t<\/span><span class='av-structured-data'  itemprop=\"author\" itemscope=\"itemscope\" itemtype=\"https:\/\/schema.org\/Person\" ><span itemprop='name'>pentralgo<\/span><\/span><span class='av-structured-data'  itemprop=\"datePublished\" datetime=\"2026-02-26T10:54:55+01:00\" >2026-02-26 10:54:55<\/span><span class='av-structured-data'  itemprop=\"dateModified\" itemtype=\"https:\/\/schema.org\/dateModified\" >2026-02-26 10:55:19<\/span><span class='av-structured-data'  itemprop=\"mainEntityOfPage\" itemtype=\"https:\/\/schema.org\/mainEntityOfPage\" ><span itemprop='name'>Novedades 2026 del seguro de salud de Adeslas para abogados<\/span><\/span><\/span><\/article><div class='single-big'><nav class='pagination'><span class='pagination-meta'>P\u00e1gina 1 de 24<\/span><span class='current'>1<\/span><a href='https:\/\/www.aon.es\/profesionales\/abogados\/wp-json\/wp\/v2\/pages\/520\/page\/2\/' class='inactive next_page' >2<\/a><a href='https:\/\/www.aon.es\/profesionales\/abogados\/wp-json\/wp\/v2\/pages\/520\/page\/3\/' class='inactive' >3<\/a><a href='https:\/\/www.aon.es\/profesionales\/abogados\/wp-json\/wp\/v2\/pages\/520\/page\/2\/'>&rsaquo;<\/a><a href='https:\/\/www.aon.es\/profesionales\/abogados\/wp-json\/wp\/v2\/pages\/520\/page\/24\/'>&raquo;<\/a><\/nav>\n<\/div><\/div>\n","protected":false},"excerpt":{"rendered":"","protected":false},"author":1,"featured_media":0,"parent":0,"menu_order":0,"comment_status":"closed","ping_status":"closed","template":"","meta":{"footnotes":""},"class_list":["post-520","page","type-page","status-publish","hentry"],"yoast_head":"<!-- This site is optimized with the Yoast SEO plugin v27.6 - https:\/\/yoast.com\/product\/yoast-seo-wordpress\/ -->\n<title>Blog - Seguros para Abogados Aon - \u00daltimas noticias<\/title>\n<meta name=\"description\" content=\"Conoce las \u00faltimas noticias del sector de seguros de salud y descubre todas las posibilidades que tienes para protegerte a ti y a los tuyos.\" \/>\n<meta name=\"robots\" content=\"index, follow, max-snippet:-1, max-image-preview:large, max-video-preview:-1\" \/>\n<link rel=\"canonical\" href=\"https:\/\/www.aon.es\/profesionales\/abogados\/blog\/\" \/>\n<meta property=\"og:locale\" content=\"es_ES\" \/>\n<meta property=\"og:type\" content=\"article\" \/>\n<meta property=\"og:title\" content=\"Blog - Seguros para Abogados Aon - \u00daltimas noticias\" \/>\n<meta property=\"og:description\" content=\"Conoce las \u00faltimas noticias del sector de seguros de salud y descubre todas las posibilidades que tienes para protegerte a ti y a los tuyos.\" \/>\n<meta property=\"og:url\" content=\"https:\/\/www.aon.es\/profesionales\/abogados\/blog\/\" \/>\n<meta property=\"og:site_name\" content=\"Seguros para Abogados Aon\" \/>\n<meta property=\"article:modified_time\" content=\"2022-08-11T09:29:38+00:00\" \/>\n<meta name=\"twitter:card\" content=\"summary_large_image\" \/>\n<script type=\"application\/ld+json\" class=\"yoast-schema-graph\">{\"@context\":\"https:\\\/\\\/schema.org\",\"@graph\":[{\"@type\":\"WebPage\",\"@id\":\"https:\\\/\\\/www.aon.es\\\/profesionales\\\/abogados\\\/blog\\\/\",\"url\":\"https:\\\/\\\/www.aon.es\\\/profesionales\\\/abogados\\\/blog\\\/\",\"name\":\"Blog - Seguros para Abogados Aon - \u00daltimas noticias\",\"isPartOf\":{\"@id\":\"https:\\\/\\\/www.aon.es\\\/profesionales\\\/abogados\\\/#website\"},\"datePublished\":\"2019-06-24T11:28:57+00:00\",\"dateModified\":\"2022-08-11T09:29:38+00:00\",\"description\":\"Conoce las \u00faltimas noticias del sector de seguros de salud y descubre todas las posibilidades que tienes para protegerte a ti y a los tuyos.\",\"breadcrumb\":{\"@id\":\"https:\\\/\\\/www.aon.es\\\/profesionales\\\/abogados\\\/blog\\\/#breadcrumb\"},\"inLanguage\":\"es\",\"potentialAction\":[{\"@type\":\"ReadAction\",\"target\":[\"https:\\\/\\\/www.aon.es\\\/profesionales\\\/abogados\\\/blog\\\/\"]}]},{\"@type\":\"BreadcrumbList\",\"@id\":\"https:\\\/\\\/www.aon.es\\\/profesionales\\\/abogados\\\/blog\\\/#breadcrumb\",\"itemListElement\":[{\"@type\":\"ListItem\",\"position\":1,\"name\":\"Portada\",\"item\":\"https:\\\/\\\/www.aon.es\\\/profesionales\\\/abogados\\\/seguro-responsabilidad-civil\\\/\"},{\"@type\":\"ListItem\",\"position\":2,\"name\":\"Blog\"}]},{\"@type\":\"WebSite\",\"@id\":\"https:\\\/\\\/www.aon.es\\\/profesionales\\\/abogados\\\/#website\",\"url\":\"https:\\\/\\\/www.aon.es\\\/profesionales\\\/abogados\\\/\",\"name\":\"Seguros para Abogados Aon\",\"description\":\"Otro sitio m\u00e1s de Profesionales sitios\",\"potentialAction\":[{\"@type\":\"SearchAction\",\"target\":{\"@type\":\"EntryPoint\",\"urlTemplate\":\"https:\\\/\\\/www.aon.es\\\/profesionales\\\/abogados\\\/?s={search_term_string}\"},\"query-input\":{\"@type\":\"PropertyValueSpecification\",\"valueRequired\":true,\"valueName\":\"search_term_string\"}}],\"inLanguage\":\"es\"}]}<\/script>\n<!-- \/ Yoast SEO plugin. -->","yoast_head_json":{"title":"Blog - Seguros para Abogados Aon - \u00daltimas noticias","description":"Conoce las \u00faltimas noticias del sector de seguros de salud y descubre todas las posibilidades que tienes para protegerte a ti y a los tuyos.","robots":{"index":"index","follow":"follow","max-snippet":"max-snippet:-1","max-image-preview":"max-image-preview:large","max-video-preview":"max-video-preview:-1"},"canonical":"https:\/\/www.aon.es\/profesionales\/abogados\/blog\/","og_locale":"es_ES","og_type":"article","og_title":"Blog - Seguros para Abogados Aon - \u00daltimas noticias","og_description":"Conoce las \u00faltimas noticias del sector de seguros de salud y descubre todas las posibilidades que tienes para protegerte a ti y a los tuyos.","og_url":"https:\/\/www.aon.es\/profesionales\/abogados\/blog\/","og_site_name":"Seguros para Abogados Aon","article_modified_time":"2022-08-11T09:29:38+00:00","twitter_card":"summary_large_image","schema":{"@context":"https:\/\/schema.org","@graph":[{"@type":"WebPage","@id":"https:\/\/www.aon.es\/profesionales\/abogados\/blog\/","url":"https:\/\/www.aon.es\/profesionales\/abogados\/blog\/","name":"Blog - Seguros para Abogados Aon - \u00daltimas noticias","isPartOf":{"@id":"https:\/\/www.aon.es\/profesionales\/abogados\/#website"},"datePublished":"2019-06-24T11:28:57+00:00","dateModified":"2022-08-11T09:29:38+00:00","description":"Conoce las \u00faltimas noticias del sector de seguros de salud y descubre todas las posibilidades que tienes para protegerte a ti y a los tuyos.","breadcrumb":{"@id":"https:\/\/www.aon.es\/profesionales\/abogados\/blog\/#breadcrumb"},"inLanguage":"es","potentialAction":[{"@type":"ReadAction","target":["https:\/\/www.aon.es\/profesionales\/abogados\/blog\/"]}]},{"@type":"BreadcrumbList","@id":"https:\/\/www.aon.es\/profesionales\/abogados\/blog\/#breadcrumb","itemListElement":[{"@type":"ListItem","position":1,"name":"Portada","item":"https:\/\/www.aon.es\/profesionales\/abogados\/seguro-responsabilidad-civil\/"},{"@type":"ListItem","position":2,"name":"Blog"}]},{"@type":"WebSite","@id":"https:\/\/www.aon.es\/profesionales\/abogados\/#website","url":"https:\/\/www.aon.es\/profesionales\/abogados\/","name":"Seguros para Abogados Aon","description":"Otro sitio m\u00e1s de Profesionales sitios","potentialAction":[{"@type":"SearchAction","target":{"@type":"EntryPoint","urlTemplate":"https:\/\/www.aon.es\/profesionales\/abogados\/?s={search_term_string}"},"query-input":{"@type":"PropertyValueSpecification","valueRequired":true,"valueName":"search_term_string"}}],"inLanguage":"es"}]}},"_links":{"self":[{"href":"https:\/\/www.aon.es\/profesionales\/abogados\/wp-json\/wp\/v2\/pages\/520","targetHints":{"allow":["GET"]}}],"collection":[{"href":"https:\/\/www.aon.es\/profesionales\/abogados\/wp-json\/wp\/v2\/pages"}],"about":[{"href":"https:\/\/www.aon.es\/profesionales\/abogados\/wp-json\/wp\/v2\/types\/page"}],"author":[{"embeddable":true,"href":"https:\/\/www.aon.es\/profesionales\/abogados\/wp-json\/wp\/v2\/users\/1"}],"replies":[{"embeddable":true,"href":"https:\/\/www.aon.es\/profesionales\/abogados\/wp-json\/wp\/v2\/comments?post=520"}],"version-history":[{"count":12,"href":"https:\/\/www.aon.es\/profesionales\/abogados\/wp-json\/wp\/v2\/pages\/520\/revisions"}],"predecessor-version":[{"id":2940,"href":"https:\/\/www.aon.es\/profesionales\/abogados\/wp-json\/wp\/v2\/pages\/520\/revisions\/2940"}],"wp:attachment":[{"href":"https:\/\/www.aon.es\/profesionales\/abogados\/wp-json\/wp\/v2\/media?parent=520"}],"curies":[{"name":"wp","href":"https:\/\/api.w.org\/{rel}","templated":true}]}}