{"id":1269,"date":"2019-10-08T16:36:25","date_gmt":"2019-10-08T14:36:25","guid":{"rendered":"http:\/\/www.aon.es\/site\/aece\/?page_id=1269"},"modified":"2024-04-16T11:30:40","modified_gmt":"2024-04-16T09:30:40","slug":"contratar","status":"publish","type":"page","link":"https:\/\/www.aon.es\/site\/aece\/contratar\/","title":{"rendered":"Contratar"},"content":{"rendered":"<div id='av_section_1'  class='avia-section av-k1hxz2x5-7ebf4241b6790fba5622b80d501749ba main_color avia-section-default avia-no-border-styling  avia-builder-el-0  avia-builder-el-no-sibling  avia-bg-style-scroll av-minimum-height av-minimum-height-100 av-height-100  container_wrap fullsize'   data-av_minimum_height_pc='100' data-av_min_height_opt='100'><div class='container av-section-cont-open' ><main  role=\"main\" itemprop=\"mainContentOfPage\"  class='template-page content  av-content-full alpha units'><div class='post-entry post-entry-type-page post-entry-1269'><div class='entry-content-wrapper clearfix'>\n\n<style type=\"text\/css\" data-created_by=\"avia_inline_auto\" id=\"style-css-av-98s9k5-1448755981bb1b9adf899aa15235c283\">\n#top .flex_column.av-98s9k5-1448755981bb1b9adf899aa15235c283{\nmargin-top:0px;\nmargin-bottom:50px;\n}\n.flex_column.av-98s9k5-1448755981bb1b9adf899aa15235c283{\nborder-radius:0px 0px 0px 0px;\npadding:0px 0px 0px 0px;\n}\n.responsive #top #wrap_all .flex_column.av-98s9k5-1448755981bb1b9adf899aa15235c283{\nmargin-top:0px;\nmargin-bottom:50px;\n}\n<\/style>\n<div  class='flex_column av-98s9k5-1448755981bb1b9adf899aa15235c283 av_one_full  avia-builder-el-1  el_before_av_one_third  avia-builder-el-first  first flex_column_div av-zero-column-padding  '     ><section  class='av_textblock_section av-k1hy7qhg-b9045a3adfb5f889ad5db54988414030 '   itemscope=\"itemscope\" itemtype=\"https:\/\/schema.org\/CreativeWork\" ><div class='avia_textblock'  itemprop=\"text\" ><p style=\"text-align: center\"><span style=\"font-size: 36pt\">\u00bfListo para contratar tu seguro? <\/span><\/p>\n<p style=\"text-align: center\"><span style=\"font-size: 36pt\">Prep\u00e1rate para un proceso&#8230; \u00a1muy sencillo!<\/span><\/p>\n<\/div><\/section><\/div>\n<style type=\"text\/css\" data-created_by=\"avia_inline_auto\" id=\"style-css-av-6y3l2d-7e00e3ebff34b9257c88f73afd73780d\">\n.flex_column.av-6y3l2d-7e00e3ebff34b9257c88f73afd73780d{\nborder-radius:0px 0px 0px 0px;\npadding:0px 0px 0px 0px;\n}\n<\/style>\n<div  class='flex_column av-6y3l2d-7e00e3ebff34b9257c88f73afd73780d av_one_third  avia-builder-el-3  el_after_av_one_full  el_before_av_one_third  first flex_column_div av-zero-column-padding  column-top-margin'     ><p>\n<style type=\"text\/css\" data-created_by=\"avia_inline_auto\" id=\"style-css-av-k1hy1j3d-87627bed5a14d9303940d2184ef43b8a\">\n.av_font_icon.av-k1hy1j3d-87627bed5a14d9303940d2184ef43b8a{\ncolor:#eb0017;\nborder-color:#eb0017;\n}\n.avia-svg-icon.av-k1hy1j3d-87627bed5a14d9303940d2184ef43b8a svg:first-child{\nstroke:#eb0017;\nfill:#eb0017;\n}\n.av_font_icon.av-k1hy1j3d-87627bed5a14d9303940d2184ef43b8a .av-icon-char{\nfont-size:100px;\nline-height:100px;\n}\n<\/style>\n<span  class='av_font_icon av-k1hy1j3d-87627bed5a14d9303940d2184ef43b8a avia_animate_when_visible av-icon-style- avia-icon-pos-center avia-iconfont avia-font-entypo-fontello avia-icon-animate'><span class='av-icon-char' data-av_icon='\ue84d' data-av_iconfont='entypo-fontello' aria-hidden=\"true\" ><\/span><\/span><br \/>\n\n<style type=\"text\/css\" data-created_by=\"avia_inline_auto\" id=\"style-css-av-k1hy0n9r-994e11e8b7a799814fd2a4dee5b039f1\">\n#top .hr.hr-invisible.av-k1hy0n9r-994e11e8b7a799814fd2a4dee5b039f1{\nheight:20px;\n}\n<\/style>\n<div  class='hr av-k1hy0n9r-994e11e8b7a799814fd2a4dee5b039f1 hr-invisible  avia-builder-el-5  el_after_av_font_icon  el_before_av_textblock '><span class='hr-inner '><span class=\"hr-inner-style\"><\/span><\/span><\/div><br \/>\n<section  class='av_textblock_section av-k1hy2hdw-f06489a3b104b14eb8f59c8bac0d1d46 '   itemscope=\"itemscope\" itemtype=\"https:\/\/schema.org\/CreativeWork\" ><div class='avia_textblock'  itemprop=\"text\" ><h4 style=\"text-align: center\">Rellena\u00a0 la solicitud adjunta<\/h4>\n<p style=\"text-align: center\">Es sencillo. Si lo necesitas, te asesoramos y ayudamos.<br \/>\nNuestro tel\u00e9fono es 91 266 70 52<\/p>\n<\/div><\/section><\/p><\/div>\n<style type=\"text\/css\" data-created_by=\"avia_inline_auto\" id=\"style-css-av-lqrzp-b8d5f8869b803273896b7f4012ddf222\">\n.flex_column.av-lqrzp-b8d5f8869b803273896b7f4012ddf222{\nborder-radius:0px 0px 0px 0px;\npadding:0px 0px 0px 0px;\n}\n<\/style>\n<div  class='flex_column av-lqrzp-b8d5f8869b803273896b7f4012ddf222 av_one_third  avia-builder-el-7  el_after_av_one_third  el_before_av_one_third  flex_column_div av-zero-column-padding  column-top-margin'     ><p>\n<style type=\"text\/css\" data-created_by=\"avia_inline_auto\" id=\"style-css-av-k1hy1j3d-7-4349e6e6a2f31718427825d47b9caa99\">\n.av_font_icon.av-k1hy1j3d-7-4349e6e6a2f31718427825d47b9caa99{\ncolor:#eb0017;\nborder-color:#eb0017;\n}\n.avia-svg-icon.av-k1hy1j3d-7-4349e6e6a2f31718427825d47b9caa99 svg:first-child{\nstroke:#eb0017;\nfill:#eb0017;\n}\n.av_font_icon.av-k1hy1j3d-7-4349e6e6a2f31718427825d47b9caa99 .av-icon-char{\nfont-size:100px;\nline-height:100px;\n}\n<\/style>\n<span  class='av_font_icon av-k1hy1j3d-7-4349e6e6a2f31718427825d47b9caa99 avia_animate_when_visible av-icon-style- avia-icon-pos-center avia-iconfont avia-font-entypo-fontello avia-icon-animate'><span class='av-icon-char' data-av_icon='\ue805' data-av_iconfont='entypo-fontello' aria-hidden=\"true\" ><\/span><\/span><br \/>\n\n<style type=\"text\/css\" data-created_by=\"avia_inline_auto\" id=\"style-css-av-k1hy0n9r-6-80e94c90020250ce98533e3d13d9447a\">\n#top .hr.hr-invisible.av-k1hy0n9r-6-80e94c90020250ce98533e3d13d9447a{\nheight:20px;\n}\n<\/style>\n<div  class='hr av-k1hy0n9r-6-80e94c90020250ce98533e3d13d9447a hr-invisible  avia-builder-el-9  el_after_av_font_icon  el_before_av_textblock '><span class='hr-inner '><span class=\"hr-inner-style\"><\/span><\/span><\/div><br \/>\n<section  class='av_textblock_section av-k1hy2xfz-459359808fe6d76c83700567e2db1a53 '   itemscope=\"itemscope\" itemtype=\"https:\/\/schema.org\/CreativeWork\" ><div class='avia_textblock'  itemprop=\"text\" ><h4 style=\"text-align: center\">Env\u00edanosla<\/h4>\n<p style=\"text-align: center\">M\u00e1ndanos tu solicitud por email a <a href=\"mailto:aon.salud@aon.es\">aon.salud@aon.es<\/a>.<br \/>\nTambi\u00e9n puedes enviarla\u00a0 a: Aon (Colegios Profesionales) \/ Rosario Pino 14-16\/ 28020 Madrid<\/p>\n<\/div><\/section><\/p><\/div>\n<style type=\"text\/css\" data-created_by=\"avia_inline_auto\" id=\"style-css-av-4r9d51-032951cee807f0846c390b9714603dd4\">\n.flex_column.av-4r9d51-032951cee807f0846c390b9714603dd4{\nborder-radius:0px 0px 0px 0px;\npadding:0px 0px 0px 0px;\n}\n<\/style>\n<div  class='flex_column av-4r9d51-032951cee807f0846c390b9714603dd4 av_one_third  avia-builder-el-11  el_after_av_one_third  el_before_av_one_third  flex_column_div av-zero-column-padding  column-top-margin'     ><p>\n<style type=\"text\/css\" data-created_by=\"avia_inline_auto\" id=\"style-css-av-k1hy1j3d-5-67e65374fac716fc926e15924ecd550e\">\n.av_font_icon.av-k1hy1j3d-5-67e65374fac716fc926e15924ecd550e{\ncolor:#eb0017;\nborder-color:#eb0017;\n}\n.avia-svg-icon.av-k1hy1j3d-5-67e65374fac716fc926e15924ecd550e svg:first-child{\nstroke:#eb0017;\nfill:#eb0017;\n}\n.av_font_icon.av-k1hy1j3d-5-67e65374fac716fc926e15924ecd550e .av-icon-char{\nfont-size:100px;\nline-height:100px;\n}\n<\/style>\n<span  class='av_font_icon av-k1hy1j3d-5-67e65374fac716fc926e15924ecd550e avia_animate_when_visible av-icon-style- avia-icon-pos-center avia-iconfont avia-font-entypo-fontello avia-icon-animate'><span class='av-icon-char' data-av_icon='\ue82b' data-av_iconfont='entypo-fontello' aria-hidden=\"true\" ><\/span><\/span><br \/>\n\n<style type=\"text\/css\" data-created_by=\"avia_inline_auto\" id=\"style-css-av-k1hy0n9r-4-b1d5ef25e5bf7357b54aa04ca0a6f7eb\">\n#top .hr.hr-invisible.av-k1hy0n9r-4-b1d5ef25e5bf7357b54aa04ca0a6f7eb{\nheight:20px;\n}\n<\/style>\n<div  class='hr av-k1hy0n9r-4-b1d5ef25e5bf7357b54aa04ca0a6f7eb hr-invisible  avia-builder-el-13  el_after_av_font_icon  el_before_av_textblock '><span class='hr-inner '><span class=\"hr-inner-style\"><\/span><\/span><\/div><br \/>\n<section  class='av_textblock_section av-k1hy3gfx-dcab388ca44dedfb8e842b0e163f9cba '   itemscope=\"itemscope\" itemtype=\"https:\/\/schema.org\/CreativeWork\" ><div class='avia_textblock'  itemprop=\"text\" ><h4 style=\"text-align: center\">\u00a1Ya est\u00e1!<\/h4>\n<p style=\"text-align: center\">La compa\u00f1\u00eda aseguradora revisar\u00e1 tu solicitud.<br \/>\nSi todo es correcto, en unos d\u00edas recibir\u00e1s tu p\u00f3liza. Si es necesaria alguna aclaraci\u00f3n adicional, la compa\u00f1\u00eda aseguradora se pondr\u00e1 en contacto contigo.<\/p>\n<\/div><\/section><\/p><\/div>\n<style type=\"text\/css\" data-created_by=\"avia_inline_auto\" id=\"style-css-av-2l95gl-a0e17e92092999a7524277c0c6d23da5\">\n.flex_column.av-2l95gl-a0e17e92092999a7524277c0c6d23da5{\nborder-radius:0px 0px 0px 0px;\npadding:0px 0px 0px 0px;\n}\n<\/style>\n<div  class='flex_column av-2l95gl-a0e17e92092999a7524277c0c6d23da5 av_one_third  avia-builder-el-15  el_after_av_one_third  el_before_av_one_third  first flex_column_div av-zero-column-padding  column-top-margin'     ><\/div>\n<style type=\"text\/css\" data-created_by=\"avia_inline_auto\" id=\"style-css-av-2l95gl-2-bd7ec446e783528fe9901e29b1e398e3\">\n.flex_column.av-2l95gl-2-bd7ec446e783528fe9901e29b1e398e3{\nborder-radius:0px 0px 0px 0px;\npadding:0px 0px 0px 0px;\n}\n<\/style>\n<div  class='flex_column av-2l95gl-2-bd7ec446e783528fe9901e29b1e398e3 av_one_third  avia-builder-el-16  el_after_av_one_third  el_before_av_one_third  flex_column_div av-zero-column-padding  column-top-margin'     ><p><div  class='avia-button-wrap avia-button-center  avia-builder-el-17  el_before_av_hr  avia-builder-el-first '>\n<style type=\"text\/css\" data-created_by=\"avia_inline_auto\" id=\"style-css-av-k1hyb01b-0c8fd47498132de9c2afc91ecb35b3e7\">\n#top #wrap_all .avia-button.av-k1hyb01b-0c8fd47498132de9c2afc91ecb35b3e7:hover{\ncolor:white;\ntransition:all 0.4s ease-in-out;\n}\n#top #wrap_all .avia-button.av-k1hyb01b-0c8fd47498132de9c2afc91ecb35b3e7:hover .avia-svg-icon svg:first-child{\nfill:white;\nstroke:white;\n}\n<\/style>\n<a href='https:\/\/www.aon.es\/site\/aece\/wp-content\/uploads\/sites\/102\/2024\/04\/Solicitud-y-Cuestionario-Mediado-ASISA_04-2024.pdf' class='avia-color-theme-color avia-font-color-theme-color avia-button avia-button-fullwidth av-k1hyb01b-0c8fd47498132de9c2afc91ecb35b3e7 avia-icon_select-yes-left-icon avia-color-theme-color'  target=\"_blank\"  rel=\"noopener noreferrer\"  aria-label=\"Descargar solicitud\"><span class='avia_button_icon avia_button_icon_left avia-iconfont avia-font-entypo-fontello' data-av_icon='\ue82d' data-av_iconfont='entypo-fontello' ><\/span><span class='avia_iconbox_title' >Descargar solicitud<\/span><span class='avia_button_background avia-button avia-button-fullwidth avia-color-theme-color'><\/span><\/a><\/div><br \/>\n\n<style type=\"text\/css\" data-created_by=\"avia_inline_auto\" id=\"style-css-av-k1hy0n9r-3-df6f5b76bb1b16554aa7f857c1a6818b\">\n#top .hr.hr-invisible.av-k1hy0n9r-3-df6f5b76bb1b16554aa7f857c1a6818b{\nheight:20px;\n}\n<\/style>\n<div  class='hr av-k1hy0n9r-3-df6f5b76bb1b16554aa7f857c1a6818b hr-invisible  avia-builder-el-18  el_after_av_button_big  el_before_av_textblock  avia-builder-el-first '><span class='hr-inner '><span class=\"hr-inner-style\"><\/span><\/span><\/div><br \/>\n<section  class='av_textblock_section av-k1hy5uxo-7766a8a3beb6f1622efb425d8c02711a '   itemscope=\"itemscope\" itemtype=\"https:\/\/schema.org\/CreativeWork\" ><div class='avia_textblock'  itemprop=\"text\" ><p style=\"text-align: center\"><strong><a href=\"mailto:aon.salud@aon.es\">Enviar solicitud a aon.salud@aon.es<\/a><\/strong><\/p>\n<\/div><\/section><\/p><\/div>\n<style type=\"text\/css\" data-created_by=\"avia_inline_auto\" id=\"style-css-av-2l95gl-1-ae66a8bf8bc902ecf5501663916a68e5\">\n.flex_column.av-2l95gl-1-ae66a8bf8bc902ecf5501663916a68e5{\nborder-radius:0px 0px 0px 0px;\npadding:0px 0px 0px 0px;\n}\n<\/style>\n<div  class='flex_column av-2l95gl-1-ae66a8bf8bc902ecf5501663916a68e5 av_one_third  avia-builder-el-20  el_after_av_one_third  avia-builder-el-last  flex_column_div av-zero-column-padding  column-top-margin'     ><\/div>\n","protected":false},"excerpt":{"rendered":"","protected":false},"author":31,"featured_media":0,"parent":0,"menu_order":0,"comment_status":"closed","ping_status":"closed","template":"","meta":{"footnotes":""},"class_list":["post-1269","page","type-page","status-publish","hentry"],"yoast_head":"<!-- This site is optimized with the Yoast SEO plugin v27.4 - https:\/\/yoast.com\/product\/yoast-seo-wordpress\/ -->\n<title>Contratar - aece<\/title>\n<meta name=\"robots\" content=\"index, follow, max-snippet:-1, max-image-preview:large, max-video-preview:-1\" \/>\n<link rel=\"canonical\" href=\"https:\/\/www.aon.es\/site\/aece\/contratar\/\" \/>\n<meta property=\"og:locale\" content=\"es_ES\" \/>\n<meta property=\"og:type\" content=\"article\" \/>\n<meta property=\"og:title\" content=\"Contratar - aece\" \/>\n<meta property=\"og:url\" content=\"https:\/\/www.aon.es\/site\/aece\/contratar\/\" \/>\n<meta property=\"og:site_name\" content=\"aece\" \/>\n<meta property=\"article:modified_time\" content=\"2024-04-16T09:30:40+00:00\" \/>\n<meta name=\"twitter:card\" content=\"summary_large_image\" \/>\n<meta name=\"twitter:label1\" content=\"Tiempo de lectura\" \/>\n\t<meta name=\"twitter:data1\" content=\"1 minuto\" \/>\n<script type=\"application\/ld+json\" class=\"yoast-schema-graph\">{\"@context\":\"https:\\\/\\\/schema.org\",\"@graph\":[{\"@type\":\"WebPage\",\"@id\":\"https:\\\/\\\/www.aon.es\\\/site\\\/aece\\\/contratar\\\/\",\"url\":\"https:\\\/\\\/www.aon.es\\\/site\\\/aece\\\/contratar\\\/\",\"name\":\"Contratar - aece\",\"isPartOf\":{\"@id\":\"https:\\\/\\\/www.aon.es\\\/site\\\/aece\\\/#website\"},\"datePublished\":\"2019-10-08T14:36:25+00:00\",\"dateModified\":\"2024-04-16T09:30:40+00:00\",\"breadcrumb\":{\"@id\":\"https:\\\/\\\/www.aon.es\\\/site\\\/aece\\\/contratar\\\/#breadcrumb\"},\"inLanguage\":\"es\",\"potentialAction\":[{\"@type\":\"ReadAction\",\"target\":[\"https:\\\/\\\/www.aon.es\\\/site\\\/aece\\\/contratar\\\/\"]}]},{\"@type\":\"BreadcrumbList\",\"@id\":\"https:\\\/\\\/www.aon.es\\\/site\\\/aece\\\/contratar\\\/#breadcrumb\",\"itemListElement\":[{\"@type\":\"ListItem\",\"position\":1,\"name\":\"Portada\",\"item\":\"https:\\\/\\\/www.aon.es\\\/site\\\/aece\\\/asisa\\\/\"},{\"@type\":\"ListItem\",\"position\":2,\"name\":\"Contratar\"}]},{\"@type\":\"WebSite\",\"@id\":\"https:\\\/\\\/www.aon.es\\\/site\\\/aece\\\/#website\",\"url\":\"https:\\\/\\\/www.aon.es\\\/site\\\/aece\\\/\",\"name\":\"aece\",\"description\":\"Otro sitio m\u00e1s de Sitios de Aon\",\"potentialAction\":[{\"@type\":\"SearchAction\",\"target\":{\"@type\":\"EntryPoint\",\"urlTemplate\":\"https:\\\/\\\/www.aon.es\\\/site\\\/aece\\\/?s={search_term_string}\"},\"query-input\":{\"@type\":\"PropertyValueSpecification\",\"valueRequired\":true,\"valueName\":\"search_term_string\"}}],\"inLanguage\":\"es\"}]}<\/script>\n<!-- \/ Yoast SEO plugin. -->","yoast_head_json":{"title":"Contratar - aece","robots":{"index":"index","follow":"follow","max-snippet":"max-snippet:-1","max-image-preview":"max-image-preview:large","max-video-preview":"max-video-preview:-1"},"canonical":"https:\/\/www.aon.es\/site\/aece\/contratar\/","og_locale":"es_ES","og_type":"article","og_title":"Contratar - aece","og_url":"https:\/\/www.aon.es\/site\/aece\/contratar\/","og_site_name":"aece","article_modified_time":"2024-04-16T09:30:40+00:00","twitter_card":"summary_large_image","twitter_misc":{"Tiempo de lectura":"1 minuto"},"schema":{"@context":"https:\/\/schema.org","@graph":[{"@type":"WebPage","@id":"https:\/\/www.aon.es\/site\/aece\/contratar\/","url":"https:\/\/www.aon.es\/site\/aece\/contratar\/","name":"Contratar - aece","isPartOf":{"@id":"https:\/\/www.aon.es\/site\/aece\/#website"},"datePublished":"2019-10-08T14:36:25+00:00","dateModified":"2024-04-16T09:30:40+00:00","breadcrumb":{"@id":"https:\/\/www.aon.es\/site\/aece\/contratar\/#breadcrumb"},"inLanguage":"es","potentialAction":[{"@type":"ReadAction","target":["https:\/\/www.aon.es\/site\/aece\/contratar\/"]}]},{"@type":"BreadcrumbList","@id":"https:\/\/www.aon.es\/site\/aece\/contratar\/#breadcrumb","itemListElement":[{"@type":"ListItem","position":1,"name":"Portada","item":"https:\/\/www.aon.es\/site\/aece\/asisa\/"},{"@type":"ListItem","position":2,"name":"Contratar"}]},{"@type":"WebSite","@id":"https:\/\/www.aon.es\/site\/aece\/#website","url":"https:\/\/www.aon.es\/site\/aece\/","name":"aece","description":"Otro sitio m\u00e1s de Sitios de Aon","potentialAction":[{"@type":"SearchAction","target":{"@type":"EntryPoint","urlTemplate":"https:\/\/www.aon.es\/site\/aece\/?s={search_term_string}"},"query-input":{"@type":"PropertyValueSpecification","valueRequired":true,"valueName":"search_term_string"}}],"inLanguage":"es"}]}},"_links":{"self":[{"href":"https:\/\/www.aon.es\/site\/aece\/wp-json\/wp\/v2\/pages\/1269","targetHints":{"allow":["GET"]}}],"collection":[{"href":"https:\/\/www.aon.es\/site\/aece\/wp-json\/wp\/v2\/pages"}],"about":[{"href":"https:\/\/www.aon.es\/site\/aece\/wp-json\/wp\/v2\/types\/page"}],"author":[{"embeddable":true,"href":"https:\/\/www.aon.es\/site\/aece\/wp-json\/wp\/v2\/users\/31"}],"replies":[{"embeddable":true,"href":"https:\/\/www.aon.es\/site\/aece\/wp-json\/wp\/v2\/comments?post=1269"}],"version-history":[{"count":15,"href":"https:\/\/www.aon.es\/site\/aece\/wp-json\/wp\/v2\/pages\/1269\/revisions"}],"predecessor-version":[{"id":1526,"href":"https:\/\/www.aon.es\/site\/aece\/wp-json\/wp\/v2\/pages\/1269\/revisions\/1526"}],"wp:attachment":[{"href":"https:\/\/www.aon.es\/site\/aece\/wp-json\/wp\/v2\/media?parent=1269"}],"curies":[{"name":"wp","href":"https:\/\/api.w.org\/{rel}","templated":true}]}}