{"id":761,"date":"2019-08-14T11:34:02","date_gmt":"2019-08-14T09:34:02","guid":{"rendered":"http:\/\/www.aon.es\/site\/aece\/?page_id=761"},"modified":"2026-03-18T18:09:01","modified_gmt":"2026-03-18T17:09:01","slug":"seguro-rc","status":"publish","type":"page","link":"https:\/\/www.aon.es\/site\/aece\/seguro-rc\/","title":{"rendered":"Seguro RC"},"content":{"rendered":"\n<style type=\"text\/css\" data-created_by=\"avia_inline_auto\" id=\"style-css-av-l7ohi5my-76ef0916cc7b5d65b46721bf2a74cfdb\">\n.avia-section.av-l7ohi5my-76ef0916cc7b5d65b46721bf2a74cfdb{\nbackground-color:#e5eff0;\nbackground-image:unset;\n}\n<\/style>\n<div id='av_section_1'  class='avia-section av-l7ohi5my-76ef0916cc7b5d65b46721bf2a74cfdb main_color avia-section-no-padding avia-no-border-styling  avia-builder-el-0  el_before_av_one_full  avia-builder-el-first  avia-bg-style-scroll container_wrap fullsize'  ><div class='container av-section-cont-open' ><main  role=\"main\" itemprop=\"mainContentOfPage\"  class='template-page content  av-content-full alpha units'><div class='post-entry post-entry-type-page post-entry-761'><div class='entry-content-wrapper clearfix'>\n\n<style type=\"text\/css\" data-created_by=\"avia_inline_auto\" id=\"style-css-av-g8qqp-b8a23bd0e59fe97fe2cff75145aa3756\">\n.flex_column.av-g8qqp-b8a23bd0e59fe97fe2cff75145aa3756{\nborder-radius:0px 0px 0px 0px;\npadding:0px 0px 0px 0px;\n}\n<\/style>\n<div  class='flex_column av-g8qqp-b8a23bd0e59fe97fe2cff75145aa3756 av_two_fifth  avia-builder-el-1  el_before_av_three_fifth  avia-builder-el-first  first flex_column_div av-zero-column-padding  '     ><p>\n<style type=\"text\/css\" data-created_by=\"avia_inline_auto\" id=\"style-css-av-96b0p-511ab13872a61af342312ced77733263\">\n#top .hr.hr-invisible.av-96b0p-511ab13872a61af342312ced77733263{\nheight:20px;\n}\n<\/style>\n<div  class='hr av-96b0p-511ab13872a61af342312ced77733263 hr-invisible  avia-builder-el-2  el_before_av_textblock  avia-builder-el-first '><span class='hr-inner '><span class=\"hr-inner-style\"><\/span><\/span><\/div><br \/>\n<section  class='av_textblock_section av-l7ohg7fe-736cbba87828965686e8a1b6fd37ac81 '   itemscope=\"itemscope\" itemtype=\"https:\/\/schema.org\/CreativeWork\" ><div class='avia_textblock'  itemprop=\"text\" ><h1>Seguro de Responsabilidad Civil Profesional<\/h1>\n<\/div><\/section><\/p><\/div><div  class='flex_column av-a2vux-5d1f6a751cbb119e51ac0251bd5e97a6 av_three_fifth  avia-builder-el-4  el_after_av_two_fifth  el_before_av_hr  flex_column_div  '     ><style type=\"text\/css\" data-created_by=\"avia_inline_auto\" id=\"style-css-av-mb9ez0b2-007e2c7f9c921b5f861a14e94871b716\">\n.avia-image-container.av-mb9ez0b2-007e2c7f9c921b5f861a14e94871b716 img.avia_image{\nbox-shadow:none;\n}\n.avia-image-container.av-mb9ez0b2-007e2c7f9c921b5f861a14e94871b716 .av-image-caption-overlay-center{\ncolor:#ffffff;\n}\n<\/style>\n<div  class='avia-image-container av-mb9ez0b2-007e2c7f9c921b5f861a14e94871b716 av-styling- avia-align-center  avia-builder-el-5  avia-builder-el-no-sibling '   itemprop=\"image\" itemscope=\"itemscope\" itemtype=\"https:\/\/schema.org\/ImageObject\" ><div class=\"avia-image-container-inner\"><div class=\"avia-image-overlay-wrap\"><img decoding=\"async\" fetchpriority=\"high\" class='wp-image-1560 avia-img-lazy-loading-not-1560 avia_image ' src=\"https:\/\/www.aon.es\/site\/aece\/wp-content\/uploads\/sites\/102\/2025\/05\/seguro-rc-aece.jpg\" alt='' title='Seguro Responsabilidad Civil AECE'  height=\"450\" width=\"800\"  itemprop=\"thumbnailUrl\" srcset=\"https:\/\/www.aon.es\/site\/aece\/wp-content\/uploads\/sites\/102\/2025\/05\/seguro-rc-aece.jpg 800w, https:\/\/www.aon.es\/site\/aece\/wp-content\/uploads\/sites\/102\/2025\/05\/seguro-rc-aece-300x169.jpg 300w, https:\/\/www.aon.es\/site\/aece\/wp-content\/uploads\/sites\/102\/2025\/05\/seguro-rc-aece-768x432.jpg 768w, https:\/\/www.aon.es\/site\/aece\/wp-content\/uploads\/sites\/102\/2025\/05\/seguro-rc-aece-705x397.jpg 705w\" sizes=\"(max-width: 800px) 100vw, 800px\" \/><\/div><\/div><\/div><\/div>\n<style type=\"text\/css\" data-created_by=\"avia_inline_auto\" id=\"style-css-av-9lgjl-1ac8afd4d6a106ee86251ebadeb6b0ef\">\n#top .hr.hr-invisible.av-9lgjl-1ac8afd4d6a106ee86251ebadeb6b0ef{\nheight:20px;\n}\n<\/style>\n<div  class='hr av-9lgjl-1ac8afd4d6a106ee86251ebadeb6b0ef hr-invisible  avia-builder-el-6  el_after_av_three_fifth  avia-builder-el-last '><span class='hr-inner '><span class=\"hr-inner-style\"><\/span><\/span><\/div>\n<\/div><\/div><\/main><!-- close content main element --><\/div><\/div><div id='after_section_1'  class='main_color av_default_container_wrap container_wrap fullsize'  ><div class='container av-section-cont-open' ><div class='template-page content  av-content-full alpha units'><div class='post-entry post-entry-type-page post-entry-761'><div class='entry-content-wrapper clearfix'>\n\n<style type=\"text\/css\" data-created_by=\"avia_inline_auto\" id=\"style-css-av-9eouc-fdbd07a12f0a473e54c7a69071aba627\">\n.flex_column.av-9eouc-fdbd07a12f0a473e54c7a69071aba627{\nborder-radius:0px 0px 0px 0px;\npadding:0px 0px 0px 0px;\n}\n<\/style>\n<div  class='flex_column av-9eouc-fdbd07a12f0a473e54c7a69071aba627 av_one_full  avia-builder-el-7  el_after_av_section  el_before_av_one_full  avia-builder-el-first  first flex_column_div av-zero-column-padding  '     ><style type=\"text\/css\" data-created_by=\"avia_inline_auto\" id=\"style-css-av-ugjo-65ea5c04c9ff5b6158b41c1dc205290a\">\n#top .av_textblock_section.av-ugjo-65ea5c04c9ff5b6158b41c1dc205290a .avia_textblock{\nfont-size:16px;\n}\n<\/style>\n<section  class='av_textblock_section av-ugjo-65ea5c04c9ff5b6158b41c1dc205290a '   itemscope=\"itemscope\" itemtype=\"https:\/\/schema.org\/CreativeWork\" ><div class='avia_textblock'  itemprop=\"text\" ><h2>M\u00e1xima protecci\u00f3n en el ejercicio de tu actividad profesional<\/h2>\n<p><strong>AECE cuenta con una p\u00f3liza colectiva de Responsabilidad Civil Profesional<\/strong> contratada con la aseguradora Catalana Occidente a trav\u00e9s de Aon.<\/p>\n<p>AECE ofrece este seguro <strong>exclusivamente para los asociados<\/strong> que voluntariamente se adhieran al mismo como asegurados.<\/p>\n<p>Esta p\u00f3liza ofrece la <strong>m\u00e1xima cobertura<\/strong> ante las posibles reclamaciones que puedan presentarse al asociado-asegurado durante el desempe\u00f1o de su ejercicio profesional.<\/p>\n<h2>Resumen de coberturas y ventajas<\/h2>\n<ul>\n<li>Cobertura de Responsabilidad Civil Profesional con l\u00edmite de 800.000\u20ac.<\/li>\n<li>Coberturas Adicionales:\n<ul>\n<li>Cobertura de Perdida de Documentos con subl\u00edmite de 200.000\u20ac<\/li>\n<li>Inhabilitaci\u00f3n Profesional incluida con un subl\u00edmite de 3.000\u20ac mes\/ m\u00e1ximo de 18 meses<\/li>\n<li>R. Civil General, R. Civil Patronal, con subl\u00edmite por victima 300.000\u20ac,<\/li>\n<li>R.C. Locativa 200.000\u20ac<\/li>\n<li>Infidelidad de empleados: 60.000\u20ac<\/li>\n<li>Protecci\u00f3n de datos de car\u00e1cter personal: 800.000\u20ac<\/li>\n<li>Liberaci\u00f3n de Gastos incluida<\/li>\n<li>Libre Designaci\u00f3n de Letrado en caso de conflicto de intereses, con subl\u00edmite de 30.000\u20ac.<\/li>\n<\/ul>\n<\/li>\n<li>Actividad &#8211; Asegurados:\n<ul>\n<li>Amplia definici\u00f3n de Actividad asegurada<\/li>\n<li>Inclusi\u00f3n Actividad Mediaci\u00f3n, seg\u00fan la Ley de Mediaci\u00f3n en Asuntos Civiles y Mercantiles, Ley 5\/2012, de 6 de Julio. RD5\/2012, RD 980\/2013.<\/li>\n<li>Definici\u00f3n m\u00e1s amplia de Asegurado, con cobertura extendida a Jubilados, Incapacitados, Herederos y legatarios sin prima adicional.<\/li>\n<\/ul>\n<\/li>\n<li>Cobertura para Despachos o Sociedades con facturaci\u00f3n de hasta 1.000.000\u20ac.<\/li>\n<li>Franquicias ajustadas.<\/li>\n<li>Retroactividad Ilimitada.<\/li>\n<\/ul>\n<\/div><\/section><\/div>\n\n<style type=\"text\/css\" data-created_by=\"avia_inline_auto\" id=\"style-css-av-appm9-660726e60c994db1692b19685a89a7cd\">\n.flex_column.av-appm9-660726e60c994db1692b19685a89a7cd{\nborder-radius:0px 0px 0px 0px;\npadding:0px 0px 0px 0px;\n}\n<\/style>\n<div  class='flex_column av-appm9-660726e60c994db1692b19685a89a7cd av_one_full  avia-builder-el-9  el_after_av_one_full  el_before_av_one_half  first flex_column_div av-zero-column-padding  column-top-margin'     ><section  class='av_textblock_section av-knilf2ha-fe8fdef1e47b58d873c736747d420dd6 '   itemscope=\"itemscope\" itemtype=\"https:\/\/schema.org\/CreativeWork\" ><div class='avia_textblock'  itemprop=\"text\" ><h2 style=\"text-align: center;\"><b>Primas adaptadas a cada socio en base al volumen de facturaci\u00f3n<\/b><\/h2>\n<\/div><\/section><\/div>\n<div class='flex_column_table av-mmwaa42c-b8360dfb72363d25486aebebfcdc7110 sc-av_one_half av-equal-height-column-flextable'>\n<style type=\"text\/css\" data-created_by=\"avia_inline_auto\" id=\"style-css-av-mmwaa42c-b8360dfb72363d25486aebebfcdc7110\">\n.flex_column.av-mmwaa42c-b8360dfb72363d25486aebebfcdc7110{\nborder-width:1px;\nborder-color:#acc0c4;\nborder-style:solid;\nborder-radius:8px 8px 8px 8px;\npadding:20px 20px 20px 20px;\nbackground-color:#ffffff;\n}\n<\/style>\n<div  class='flex_column av-mmwaa42c-b8360dfb72363d25486aebebfcdc7110 av_one_half  avia-builder-el-11  el_after_av_one_full  el_before_av_one_half  first flex_column_table_cell av-equal-height-column av-align-top  column-top-margin'     ><section  class='av_textblock_section av-mmw9rdid-c10186cfe957ade4812845d9ccca90f4 '   itemscope=\"itemscope\" itemtype=\"https:\/\/schema.org\/CreativeWork\" ><div class='avia_textblock'  itemprop=\"text\" ><h3 style=\"text-align: center;\">Calcula tu precio<\/h3>\n<p style=\"text-align: center;\"><span class=\"large-paragraph\">Calcula tu presupuesto en 2 minutos y formaliza tu p\u00f3liza totalmente online.<\/span><\/p>\n<\/div><\/section><br \/>\n<div  class='avia-button-wrap av-14kgp-7e33ea1e2130941fae9dde4ef41b3d13-wrap avia-button-center  avia-builder-el-13  el_after_av_textblock  avia-builder-el-last '>\n<style type=\"text\/css\" data-created_by=\"avia_inline_auto\" id=\"style-css-av-14kgp-7e33ea1e2130941fae9dde4ef41b3d13\">\n#top #wrap_all .avia-button.av-14kgp-7e33ea1e2130941fae9dde4ef41b3d13{\nbackground-color:#eb0017;\nborder-color:#eb0017;\nborder-style:none;\nborder-radius:4px 4px 4px 4px;\ntransition:all 0.4s ease-in-out;\n}\n#top #wrap_all .avia-button.av-14kgp-7e33ea1e2130941fae9dde4ef41b3d13:hover{\nbackground-color:#ca110f;\ncolor:white;\ntransition:all 0.4s ease-in-out;\n}\n#top #wrap_all.avia-button.av-14kgp-7e33ea1e2130941fae9dde4ef41b3d13:hover .avia_button_background{\nborder-radius:4px 4px 4px 4px;\n}\n#top #wrap_all .avia-button.av-14kgp-7e33ea1e2130941fae9dde4ef41b3d13:hover .avia-svg-icon svg:first-child{\nfill:white;\nstroke:white;\n}\n<\/style>\n<a href='https:\/\/www.aon.es\/site\/aece\/calculadorarcp\/'  class='avia-button av-14kgp-7e33ea1e2130941fae9dde4ef41b3d13 av-link-btn avia-icon_select-no avia-size-x-large avia-position-center avia-font-color-theme-color'   aria-label=\"Calcular Seguro Responsabilidad Civil AECE\"><span class='avia_iconbox_title' >Calcular Seguro Responsabilidad Civil AECE<\/span><\/a><\/div><\/p><\/div><div class='av-flex-placeholder'><\/div>\n<style type=\"text\/css\" data-created_by=\"avia_inline_auto\" id=\"style-css-av-hspeh-455d65675f65ae8829587a701deeca38\">\n.flex_column.av-hspeh-455d65675f65ae8829587a701deeca38{\nborder-width:1px;\nborder-color:#acc0c4;\nborder-style:solid;\nborder-radius:8px 8px 8px 8px;\npadding:20px 20px 20px 20px;\nbackground-color:#ffffff;\n}\n<\/style>\n<div  class='flex_column av-hspeh-455d65675f65ae8829587a701deeca38 av_one_half  avia-builder-el-14  el_after_av_one_half  avia-builder-el-last  flex_column_table_cell av-equal-height-column av-align-top  column-top-margin'     ><section  class='av_textblock_section av-mmw9rr13-a2e6716f9b8bec9ef6ae1077c50c1f68 '   itemscope=\"itemscope\" itemtype=\"https:\/\/schema.org\/CreativeWork\" ><div class='avia_textblock'  itemprop=\"text\" ><h3 style=\"text-align: center;\">Solicita presupuesto<\/h3>\n<p><span class=\"large-paragraph\">O si lo prefieres, solic\u00edtanos presupuesto y unos de nuestros especialistas te ofertar\u00e1 la p\u00f3liza que mejor se adapte a ti.<\/span><\/p>\n<\/div><\/section><br \/>\n<div  class='avia-button-wrap av-79pvt-424ab59f4a21f19a206185dad06e8500-wrap avia-button-center  avia-builder-el-16  el_after_av_textblock  avia-builder-el-last '>\n<style type=\"text\/css\" data-created_by=\"avia_inline_auto\" id=\"style-css-av-79pvt-424ab59f4a21f19a206185dad06e8500\">\n#top #wrap_all .avia-button.av-79pvt-424ab59f4a21f19a206185dad06e8500{\nbackground-color:#eb0017;\nborder-color:#eb0017;\nborder-style:none;\nborder-radius:4px 4px 4px 4px;\ntransition:all 0.4s ease-in-out;\n}\n#top #wrap_all .avia-button.av-79pvt-424ab59f4a21f19a206185dad06e8500:hover{\nbackground-color:#ca110f;\ncolor:white;\ntransition:all 0.4s ease-in-out;\n}\n#top #wrap_all.avia-button.av-79pvt-424ab59f4a21f19a206185dad06e8500:hover .avia_button_background{\nborder-radius:4px 4px 4px 4px;\n}\n#top #wrap_all .avia-button.av-79pvt-424ab59f4a21f19a206185dad06e8500:hover .avia-svg-icon svg:first-child{\nfill:white;\nstroke:white;\n}\n<\/style>\n<a href='https:\/\/www.aon.es\/site\/aece\/seguro-rc\/presupuesto\/'  class='avia-button av-79pvt-424ab59f4a21f19a206185dad06e8500 av-link-btn avia-icon_select-no avia-size-x-large avia-position-center avia-font-color-theme-color'   aria-label=\"Solicitar presupuesto personalizado\"><span class='avia_iconbox_title' >Solicitar presupuesto personalizado<\/span><\/a><\/div><\/p><\/div><\/div><!--close column table wrapper. Autoclose: 1 --><\/p>\n","protected":false},"excerpt":{"rendered":"","protected":false},"author":31,"featured_media":0,"parent":0,"menu_order":0,"comment_status":"closed","ping_status":"closed","template":"","meta":{"footnotes":""},"class_list":["post-761","page","type-page","status-publish","hentry"],"yoast_head":"<!-- This site is optimized with the Yoast SEO plugin v27.5 - https:\/\/yoast.com\/product\/yoast-seo-wordpress\/ -->\n<title>Seguro RC - aece<\/title>\n<meta name=\"robots\" content=\"index, follow, max-snippet:-1, max-image-preview:large, max-video-preview:-1\" \/>\n<link rel=\"canonical\" href=\"https:\/\/www.aon.es\/site\/aece\/seguro-rc\/\" \/>\n<meta property=\"og:locale\" content=\"es_ES\" \/>\n<meta property=\"og:type\" content=\"article\" \/>\n<meta property=\"og:title\" content=\"Seguro RC - aece\" \/>\n<meta property=\"og:url\" content=\"https:\/\/www.aon.es\/site\/aece\/seguro-rc\/\" \/>\n<meta property=\"og:site_name\" content=\"aece\" \/>\n<meta property=\"article:modified_time\" content=\"2026-03-18T17:09:01+00:00\" \/>\n<meta name=\"twitter:card\" content=\"summary_large_image\" \/>\n<meta name=\"twitter:label1\" content=\"Tiempo de lectura\" \/>\n\t<meta name=\"twitter:data1\" content=\"2 minutos\" \/>\n<script type=\"application\/ld+json\" class=\"yoast-schema-graph\">{\"@context\":\"https:\\\/\\\/schema.org\",\"@graph\":[{\"@type\":\"WebPage\",\"@id\":\"https:\\\/\\\/www.aon.es\\\/site\\\/aece\\\/seguro-rc\\\/\",\"url\":\"https:\\\/\\\/www.aon.es\\\/site\\\/aece\\\/seguro-rc\\\/\",\"name\":\"Seguro RC - aece\",\"isPartOf\":{\"@id\":\"https:\\\/\\\/www.aon.es\\\/site\\\/aece\\\/#website\"},\"datePublished\":\"2019-08-14T09:34:02+00:00\",\"dateModified\":\"2026-03-18T17:09:01+00:00\",\"breadcrumb\":{\"@id\":\"https:\\\/\\\/www.aon.es\\\/site\\\/aece\\\/seguro-rc\\\/#breadcrumb\"},\"inLanguage\":\"es\",\"potentialAction\":[{\"@type\":\"ReadAction\",\"target\":[\"https:\\\/\\\/www.aon.es\\\/site\\\/aece\\\/seguro-rc\\\/\"]}]},{\"@type\":\"BreadcrumbList\",\"@id\":\"https:\\\/\\\/www.aon.es\\\/site\\\/aece\\\/seguro-rc\\\/#breadcrumb\",\"itemListElement\":[{\"@type\":\"ListItem\",\"position\":1,\"name\":\"Portada\",\"item\":\"https:\\\/\\\/www.aon.es\\\/site\\\/aece\\\/asisa\\\/\"},{\"@type\":\"ListItem\",\"position\":2,\"name\":\"Seguro RC\"}]},{\"@type\":\"WebSite\",\"@id\":\"https:\\\/\\\/www.aon.es\\\/site\\\/aece\\\/#website\",\"url\":\"https:\\\/\\\/www.aon.es\\\/site\\\/aece\\\/\",\"name\":\"aece\",\"description\":\"Otro sitio m\u00e1s de Sitios de Aon\",\"potentialAction\":[{\"@type\":\"SearchAction\",\"target\":{\"@type\":\"EntryPoint\",\"urlTemplate\":\"https:\\\/\\\/www.aon.es\\\/site\\\/aece\\\/?s={search_term_string}\"},\"query-input\":{\"@type\":\"PropertyValueSpecification\",\"valueRequired\":true,\"valueName\":\"search_term_string\"}}],\"inLanguage\":\"es\"}]}<\/script>\n<!-- \/ Yoast SEO plugin. -->","yoast_head_json":{"title":"Seguro RC - aece","robots":{"index":"index","follow":"follow","max-snippet":"max-snippet:-1","max-image-preview":"max-image-preview:large","max-video-preview":"max-video-preview:-1"},"canonical":"https:\/\/www.aon.es\/site\/aece\/seguro-rc\/","og_locale":"es_ES","og_type":"article","og_title":"Seguro RC - aece","og_url":"https:\/\/www.aon.es\/site\/aece\/seguro-rc\/","og_site_name":"aece","article_modified_time":"2026-03-18T17:09:01+00:00","twitter_card":"summary_large_image","twitter_misc":{"Tiempo de lectura":"2 minutos"},"schema":{"@context":"https:\/\/schema.org","@graph":[{"@type":"WebPage","@id":"https:\/\/www.aon.es\/site\/aece\/seguro-rc\/","url":"https:\/\/www.aon.es\/site\/aece\/seguro-rc\/","name":"Seguro RC - aece","isPartOf":{"@id":"https:\/\/www.aon.es\/site\/aece\/#website"},"datePublished":"2019-08-14T09:34:02+00:00","dateModified":"2026-03-18T17:09:01+00:00","breadcrumb":{"@id":"https:\/\/www.aon.es\/site\/aece\/seguro-rc\/#breadcrumb"},"inLanguage":"es","potentialAction":[{"@type":"ReadAction","target":["https:\/\/www.aon.es\/site\/aece\/seguro-rc\/"]}]},{"@type":"BreadcrumbList","@id":"https:\/\/www.aon.es\/site\/aece\/seguro-rc\/#breadcrumb","itemListElement":[{"@type":"ListItem","position":1,"name":"Portada","item":"https:\/\/www.aon.es\/site\/aece\/asisa\/"},{"@type":"ListItem","position":2,"name":"Seguro RC"}]},{"@type":"WebSite","@id":"https:\/\/www.aon.es\/site\/aece\/#website","url":"https:\/\/www.aon.es\/site\/aece\/","name":"aece","description":"Otro sitio m\u00e1s de Sitios de Aon","potentialAction":[{"@type":"SearchAction","target":{"@type":"EntryPoint","urlTemplate":"https:\/\/www.aon.es\/site\/aece\/?s={search_term_string}"},"query-input":{"@type":"PropertyValueSpecification","valueRequired":true,"valueName":"search_term_string"}}],"inLanguage":"es"}]}},"_links":{"self":[{"href":"https:\/\/www.aon.es\/site\/aece\/wp-json\/wp\/v2\/pages\/761","targetHints":{"allow":["GET"]}}],"collection":[{"href":"https:\/\/www.aon.es\/site\/aece\/wp-json\/wp\/v2\/pages"}],"about":[{"href":"https:\/\/www.aon.es\/site\/aece\/wp-json\/wp\/v2\/types\/page"}],"author":[{"embeddable":true,"href":"https:\/\/www.aon.es\/site\/aece\/wp-json\/wp\/v2\/users\/31"}],"replies":[{"embeddable":true,"href":"https:\/\/www.aon.es\/site\/aece\/wp-json\/wp\/v2\/comments?post=761"}],"version-history":[{"count":41,"href":"https:\/\/www.aon.es\/site\/aece\/wp-json\/wp\/v2\/pages\/761\/revisions"}],"predecessor-version":[{"id":1564,"href":"https:\/\/www.aon.es\/site\/aece\/wp-json\/wp\/v2\/pages\/761\/revisions\/1564"}],"wp:attachment":[{"href":"https:\/\/www.aon.es\/site\/aece\/wp-json\/wp\/v2\/media?parent=761"}],"curies":[{"name":"wp","href":"https:\/\/api.w.org\/{rel}","templated":true}]}}