{"id":236,"date":"2016-07-06T08:15:19","date_gmt":"2016-07-06T08:15:19","guid":{"rendered":"http:\/\/www.aon.es\/site\/aonhealthexperience\/?page_id=236"},"modified":"2018-03-07T17:06:02","modified_gmt":"2018-03-07T17:06:02","slug":"encuesta1","status":"publish","type":"page","link":"https:\/\/www.aon.es\/site\/aonhealthexperience\/encuesta1\/","title":{"rendered":"Portadaencuesta"},"content":{"rendered":"\n<style type=\"text\/css\" data-created_by=\"avia_inline_auto\" id=\"style-css-av-av_section-de31d65dbce1b3681e461e5cc75fd390\">\n.avia-section.av-av_section-de31d65dbce1b3681e461e5cc75fd390{\nbackground-color:#7ab800;\nbackground-image:unset;\n}\n<\/style>\n<div id='av_section_1'  class='avia-section av-av_section-de31d65dbce1b3681e461e5cc75fd390 main_color avia-section-default avia-no-shadow  avia-builder-el-0  el_before_av_one_full  avia-builder-el-first  avia-bg-style-scroll container_wrap sidebar_right'  ><div class='container av-section-cont-open' ><main  role=\"main\" itemprop=\"mainContentOfPage\"  class='template-page content  av-content-small alpha units'><div class='post-entry post-entry-type-page post-entry-236'><div class='entry-content-wrapper clearfix'>\n\n<style type=\"text\/css\" data-created_by=\"avia_inline_auto\" id=\"style-css-av-av_one_full-6126cab7d8fab8d08143dd2dacdf673c\">\n.flex_column.av-av_one_full-6126cab7d8fab8d08143dd2dacdf673c{\nborder-radius:0px 0px 0px 0px;\npadding:0px 0px 0px 0px;\n}\n<\/style>\n<div  class='flex_column av-av_one_full-6126cab7d8fab8d08143dd2dacdf673c av_one_full  avia-builder-el-1  el_before_av_three_fifth  avia-builder-el-first  first flex_column_div av-zero-column-padding  '     ><p>\n<style type=\"text\/css\" data-created_by=\"avia_inline_auto\" id=\"style-css-av-av_image-41d76566ade028ab92f22e8a6ca7f21f\">\n.avia-image-container.av-av_image-41d76566ade028ab92f22e8a6ca7f21f img.avia_image{\nbox-shadow:none;\n}\n.avia-image-container.av-av_image-41d76566ade028ab92f22e8a6ca7f21f .av-image-caption-overlay-center{\ncolor:#ffffff;\n}\n<\/style>\n<div  class='avia-image-container av-av_image-41d76566ade028ab92f22e8a6ca7f21f av-styling- avia-align-center  avia-builder-el-2  el_before_av_hr  avia-builder-el-first '   itemprop=\"image\" itemscope=\"itemscope\" itemtype=\"https:\/\/schema.org\/ImageObject\" ><div class=\"avia-image-container-inner\"><div class=\"avia-image-overlay-wrap\"><img decoding=\"async\" fetchpriority=\"high\" class='wp-image-25 avia-img-lazy-loading-not-25 avia_image ' src=\"https:\/\/www.aon.es\/site\/aonhealthexperience\/wp-content\/uploads\/sites\/16\/2016\/03\/AHE2b.png\" alt='' title='AHE2b'  height=\"141\" width=\"819\"  itemprop=\"thumbnailUrl\" srcset=\"https:\/\/www.aon.es\/site\/aonhealthexperience\/wp-content\/uploads\/sites\/16\/2016\/03\/AHE2b.png 819w, https:\/\/www.aon.es\/site\/aonhealthexperience\/wp-content\/uploads\/sites\/16\/2016\/03\/AHE2b-300x52.png 300w, https:\/\/www.aon.es\/site\/aonhealthexperience\/wp-content\/uploads\/sites\/16\/2016\/03\/AHE2b-768x132.png 768w, https:\/\/www.aon.es\/site\/aonhealthexperience\/wp-content\/uploads\/sites\/16\/2016\/03\/AHE2b-705x121.png 705w, https:\/\/www.aon.es\/site\/aonhealthexperience\/wp-content\/uploads\/sites\/16\/2016\/03\/AHE2b-450x77.png 450w\" sizes=\"(max-width: 819px) 100vw, 819px\" \/><\/div><\/div><\/div><br \/>\n\n<style type=\"text\/css\" data-created_by=\"avia_inline_auto\" id=\"style-css-av-av_hr-a6de236e6c183bbbd700292deacd2b52\">\n#top .hr.hr-invisible.av-av_hr-a6de236e6c183bbbd700292deacd2b52{\nheight:20px;\n}\n<\/style>\n<div  class='hr av-av_hr-a6de236e6c183bbbd700292deacd2b52 hr-invisible  avia-builder-el-3  el_after_av_image  avia-builder-el-last '><span class='hr-inner '><span class=\"hr-inner-style\"><\/span><\/span><\/div><\/p><\/div>\n<style type=\"text\/css\" data-created_by=\"avia_inline_auto\" id=\"style-css-av-av_three_fifth-6126cab7d8fab8d08143dd2dacdf673c\">\n.flex_column.av-av_three_fifth-6126cab7d8fab8d08143dd2dacdf673c{\nborder-radius:0px 0px 0px 0px;\npadding:0px 0px 0px 0px;\n}\n<\/style>\n<div  class='flex_column av-av_three_fifth-6126cab7d8fab8d08143dd2dacdf673c av_three_fifth  avia-builder-el-4  el_after_av_one_full  el_before_av_two_fifth  first flex_column_div av-zero-column-padding  column-top-margin'     ><style type=\"text\/css\" data-created_by=\"avia_inline_auto\" id=\"style-css-av-av_image-db3064d76f4decdd42473c87f8779fd6\">\n.avia-image-container.av-av_image-db3064d76f4decdd42473c87f8779fd6 img.avia_image{\nbox-shadow:none;\n}\n.avia-image-container.av-av_image-db3064d76f4decdd42473c87f8779fd6 .av-image-caption-overlay-center{\ncolor:#ffffff;\n}\n<\/style>\n<div  class='avia-image-container av-av_image-db3064d76f4decdd42473c87f8779fd6 av-styling- avia_animated_image av-animated-when-visible-95 pop-up avia-align-center  avia-builder-el-5  avia-builder-el-no-sibling '   itemprop=\"image\" itemscope=\"itemscope\" itemtype=\"https:\/\/schema.org\/ImageObject\" ><div class=\"avia-image-container-inner\"><div class=\"avia-image-overlay-wrap\"><img decoding=\"async\" fetchpriority=\"high\" class='wp-image-254 avia-img-lazy-loading-not-254 avia_image ' src=\"https:\/\/www.aon.es\/site\/aonhealthexperience\/wp-content\/uploads\/sites\/16\/2016\/07\/ahe2.png\" alt='' title='ahe2'  height=\"622\" width=\"977\"  itemprop=\"thumbnailUrl\" srcset=\"https:\/\/www.aon.es\/site\/aonhealthexperience\/wp-content\/uploads\/sites\/16\/2016\/07\/ahe2.png 977w, https:\/\/www.aon.es\/site\/aonhealthexperience\/wp-content\/uploads\/sites\/16\/2016\/07\/ahe2-300x191.png 300w, https:\/\/www.aon.es\/site\/aonhealthexperience\/wp-content\/uploads\/sites\/16\/2016\/07\/ahe2-768x489.png 768w, https:\/\/www.aon.es\/site\/aonhealthexperience\/wp-content\/uploads\/sites\/16\/2016\/07\/ahe2-705x449.png 705w, https:\/\/www.aon.es\/site\/aonhealthexperience\/wp-content\/uploads\/sites\/16\/2016\/07\/ahe2-450x286.png 450w\" sizes=\"(max-width: 977px) 100vw, 977px\" \/><\/div><\/div><\/div><\/div>\n<style type=\"text\/css\" data-created_by=\"avia_inline_auto\" id=\"style-css-av-av_two_fifth-0aa7055fe62c3622faec82866afbaeb2\">\n.flex_column.av-av_two_fifth-0aa7055fe62c3622faec82866afbaeb2{\nborder-radius:0px 0px 0px 0px;\npadding:0px 0px 0px 0px;\n}\n<\/style>\n<div  class='flex_column av-av_two_fifth-0aa7055fe62c3622faec82866afbaeb2 av_two_fifth  avia-builder-el-6  el_after_av_three_fifth  avia-builder-el-last  flex_column_div av-zero-column-padding  column-top-margin'     ><p>\n<style type=\"text\/css\" data-created_by=\"avia_inline_auto\" id=\"style-css-av-av_image-c64702252a76f7b5b8148c371e05030a\">\n.avia-image-container.av-av_image-c64702252a76f7b5b8148c371e05030a img.avia_image{\nbox-shadow:none;\n}\n.avia-image-container.av-av_image-c64702252a76f7b5b8148c371e05030a .av-image-caption-overlay-center{\ncolor:#ffffff;\n}\n<\/style>\n<div  class='avia-image-container av-av_image-c64702252a76f7b5b8148c371e05030a av-styling- avia-align-center  avia-builder-el-7  el_before_av_button  avia-builder-el-first '   itemprop=\"image\" itemscope=\"itemscope\" itemtype=\"https:\/\/schema.org\/ImageObject\" ><div class=\"avia-image-container-inner\"><div class=\"avia-image-overlay-wrap\"><img decoding=\"async\" fetchpriority=\"high\" class='wp-image-277 avia-img-lazy-loading-not-277 avia_image ' src=\"https:\/\/www.aon.es\/site\/aonhealthexperience\/wp-content\/uploads\/sites\/16\/2016\/07\/Empieza-ya.png\" alt='' title='Empieza ya'  height=\"298\" width=\"529\"  itemprop=\"thumbnailUrl\" srcset=\"https:\/\/www.aon.es\/site\/aonhealthexperience\/wp-content\/uploads\/sites\/16\/2016\/07\/Empieza-ya.png 529w, https:\/\/www.aon.es\/site\/aonhealthexperience\/wp-content\/uploads\/sites\/16\/2016\/07\/Empieza-ya-300x169.png 300w, https:\/\/www.aon.es\/site\/aonhealthexperience\/wp-content\/uploads\/sites\/16\/2016\/07\/Empieza-ya-450x253.png 450w\" sizes=\"(max-width: 529px) 100vw, 529px\" \/><\/div><\/div><\/div><br \/>\n<div  class='avia-button-wrap av-av_button-85249abe8799dadd4c09f6dc31bd1546-wrap avia-button-center  avia-builder-el-8  el_after_av_image  avia-builder-el-last '>\n<style type=\"text\/css\" data-created_by=\"avia_inline_auto\" id=\"style-css-av-av_button-85249abe8799dadd4c09f6dc31bd1546\">\n#top #wrap_all .avia-button.av-av_button-85249abe8799dadd4c09f6dc31bd1546{\nbackground-color:#ffffff;\nborder-color:#ffffff;\ncolor:#7ab800;\ntransition:all 0.4s ease-in-out;\n}\n#top #wrap_all .avia-button.av-av_button-85249abe8799dadd4c09f6dc31bd1546 .avia-svg-icon svg:first-child{\nfill:#7ab800;\nstroke:#7ab800;\n}\n<\/style>\n<a href='http:\/\/evaluacion.webtools.es\/s3\/aon-2'  class='avia-button av-av_button-85249abe8799dadd4c09f6dc31bd1546 av-link-btn avia-icon_select-yes-left-icon avia-size-x-large avia-position-center av-icon-on-hover'   aria-label=\"Comenzar cuestionario\"><span class='avia_button_icon avia_button_icon_left avia-iconfont avia-font-entypo-fontello' data-av_icon='\ue881' data-av_iconfont='entypo-fontello' ><\/span><span class='avia_iconbox_title' >Comenzar cuestionario<\/span><\/a><\/div><\/p><\/div><\/div><\/div><\/main><!-- close content main element --><\/div><\/div><div id='after_section_1'  class='main_color av_default_container_wrap container_wrap sidebar_right'  ><div class='container av-section-cont-open' ><div class='template-page content  av-content-small alpha units'><div class='post-entry post-entry-type-page post-entry-236'><div class='entry-content-wrapper clearfix'>\n<style type=\"text\/css\" data-created_by=\"avia_inline_auto\" id=\"style-css-av-av_one_full-6126cab7d8fab8d08143dd2dacdf673c\">\n.flex_column.av-av_one_full-6126cab7d8fab8d08143dd2dacdf673c{\nborder-radius:0px 0px 0px 0px;\npadding:0px 0px 0px 0px;\n}\n<\/style>\n<div  class='flex_column av-av_one_full-6126cab7d8fab8d08143dd2dacdf673c av_one_full  avia-builder-el-9  el_after_av_section  avia-builder-el-no-sibling  first flex_column_div av-zero-column-padding  '     ><div  class='togglecontainer av-av_toggle_container-3db3bf9baa9aa7fee59103dfaf5a6e4b  avia-builder-el-10  avia-builder-el-no-sibling  toggle_close_all' >\n<section class='av_toggle_section av-av_toggle-fba540025d81d75c878163064112952d'  itemscope=\"itemscope\" itemtype=\"https:\/\/schema.org\/CreativeWork\" ><div role=\"tablist\" class=\"single_toggle\" data-tags=\"{Todo} \"  ><p id='toggle-toggle-id-1' data-fake-id='#toggle-id-1' class='toggler  av-title-above '  itemprop=\"headline\"  role='tab' tabindex='0' aria-controls='toggle-id-1' data-slide-speed=\"200\" data-title=\"\u00bfC\u00f3mo funciona el cuestionario?\" data-title-open=\"\" data-aria_collapsed=\"Click to expand: \u00bfC\u00f3mo funciona el cuestionario?\" data-aria_expanded=\"Click to collapse: \u00bfC\u00f3mo funciona el cuestionario?\">\u00bfC\u00f3mo funciona el cuestionario?<span class=\"toggle_icon\"><span class=\"vert_icon\"><\/span><span class=\"hor_icon\"><\/span><\/span><\/p><div id='toggle-id-1' aria-labelledby='toggle-toggle-id-1' role='region' class='toggle_wrap  av-title-above'  ><div class='toggle_content invers-color '  itemprop=\"text\" ><ul>\n<li>S\u00f3lo tienes que acceder al enlace que recibir\u00e1s en tu correo y seguir las indicaciones.<\/li>\n<li>Si no conoces alguna respuesta o tienes dudas, elige\u00a0la que m\u00e1s se aproxime a la realidad.<\/li>\n<li>Esta autoevaluaci\u00f3n te ayuda a identificar posibles \u00e1reas de mejora en tu salud y estilo de vida. El cuestionario y la informaci\u00f3n facilitada no sustituyen a ninguna consulta m\u00e9dica ni pueden ser considerados como un diagn\u00f3stico o una orientaci\u00f3n m\u00e9dica. La utilizaci\u00f3n de este servicio se lleva a cabo bajo la exclusiva responsabilidad de los usuarios.<\/li>\n<li>Este test est\u00e1 dise\u00f1ado para adultos, sus resultados no son valorables para personas en condiciones especiales (enfermos cr\u00f3nicos, mujeres embarazadas o personas con necesidades especiales)<\/li>\n<li>El cuestionario es confidencial y an\u00f3nimo.<\/li>\n<li>Los datos anonimizados, eliminando cualquier identificador personal, son utilizados para estudios estad\u00edsticos globales y para dise\u00f1ar iniciativas saludables para toda la empresa.<\/li>\n<li>Al terminar el cuestionario, puede descargarte algunas sugerencias para mejorar tu salud y tu estilo de vida.<\/li>\n<\/ul>\n<\/div><\/div><\/div><\/section>\n<\/div><\/div><\/p>\n","protected":false},"excerpt":{"rendered":"","protected":false},"author":4,"featured_media":0,"parent":0,"menu_order":0,"comment_status":"closed","ping_status":"closed","template":"","meta":{"footnotes":""},"class_list":["post-236","page","type-page","status-publish","hentry"],"yoast_head":"<!-- This site is optimized with the Yoast SEO plugin v27.3 - https:\/\/yoast.com\/product\/yoast-seo-wordpress\/ -->\n<title>Portadaencuesta - Aon Health Experience<\/title>\n<meta name=\"robots\" content=\"index, follow, max-snippet:-1, max-image-preview:large, max-video-preview:-1\" \/>\n<link rel=\"canonical\" href=\"https:\/\/www.aon.es\/site\/aonhealthexperience\/encuesta1\/\" \/>\n<meta property=\"og:locale\" content=\"es_ES\" \/>\n<meta property=\"og:type\" content=\"article\" \/>\n<meta property=\"og:title\" content=\"Portadaencuesta - Aon Health Experience\" \/>\n<meta property=\"og:url\" content=\"https:\/\/www.aon.es\/site\/aonhealthexperience\/encuesta1\/\" \/>\n<meta property=\"og:site_name\" content=\"Aon Health Experience\" \/>\n<meta property=\"article:publisher\" content=\"https:\/\/es-la.facebook.com\/aon.espana1\/\" \/>\n<meta property=\"article:modified_time\" content=\"2018-03-07T17:06:02+00:00\" \/>\n<meta name=\"twitter:card\" content=\"summary_large_image\" \/>\n<meta name=\"twitter:label1\" content=\"Tiempo de lectura\" \/>\n\t<meta name=\"twitter:data1\" content=\"4 minutos\" \/>\n<script type=\"application\/ld+json\" class=\"yoast-schema-graph\">{\"@context\":\"https:\\\/\\\/schema.org\",\"@graph\":[{\"@type\":\"WebPage\",\"@id\":\"https:\\\/\\\/www.aon.es\\\/site\\\/aonhealthexperience\\\/encuesta1\\\/\",\"url\":\"https:\\\/\\\/www.aon.es\\\/site\\\/aonhealthexperience\\\/encuesta1\\\/\",\"name\":\"Portadaencuesta - Aon Health Experience\",\"isPartOf\":{\"@id\":\"https:\\\/\\\/www.aon.es\\\/site\\\/aonhealthexperience\\\/#website\"},\"datePublished\":\"2016-07-06T08:15:19+00:00\",\"dateModified\":\"2018-03-07T17:06:02+00:00\",\"breadcrumb\":{\"@id\":\"https:\\\/\\\/www.aon.es\\\/site\\\/aonhealthexperience\\\/encuesta1\\\/#breadcrumb\"},\"inLanguage\":\"es\",\"potentialAction\":[{\"@type\":\"ReadAction\",\"target\":[\"https:\\\/\\\/www.aon.es\\\/site\\\/aonhealthexperience\\\/encuesta1\\\/\"]}]},{\"@type\":\"BreadcrumbList\",\"@id\":\"https:\\\/\\\/www.aon.es\\\/site\\\/aonhealthexperience\\\/encuesta1\\\/#breadcrumb\",\"itemListElement\":[{\"@type\":\"ListItem\",\"position\":1,\"name\":\"Portada\",\"item\":\"https:\\\/\\\/www.aon.es\\\/site\\\/aonhealthexperience\\\/inicio\\\/\"},{\"@type\":\"ListItem\",\"position\":2,\"name\":\"Portadaencuesta\"}]},{\"@type\":\"WebSite\",\"@id\":\"https:\\\/\\\/www.aon.es\\\/site\\\/aonhealthexperience\\\/#website\",\"url\":\"https:\\\/\\\/www.aon.es\\\/site\\\/aonhealthexperience\\\/\",\"name\":\"Aon Health Experience\",\"description\":\"Otro sitio m\u00e1s de Sitios de Aon\",\"publisher\":{\"@id\":\"https:\\\/\\\/www.aon.es\\\/site\\\/aonhealthexperience\\\/#organization\"},\"potentialAction\":[{\"@type\":\"SearchAction\",\"target\":{\"@type\":\"EntryPoint\",\"urlTemplate\":\"https:\\\/\\\/www.aon.es\\\/site\\\/aonhealthexperience\\\/?s={search_term_string}\"},\"query-input\":{\"@type\":\"PropertyValueSpecification\",\"valueRequired\":true,\"valueName\":\"search_term_string\"}}],\"inLanguage\":\"es\"},{\"@type\":\"Organization\",\"@id\":\"https:\\\/\\\/www.aon.es\\\/site\\\/aonhealthexperience\\\/#organization\",\"name\":\"Aon\",\"url\":\"https:\\\/\\\/www.aon.es\\\/site\\\/aonhealthexperience\\\/\",\"logo\":{\"@type\":\"ImageObject\",\"inLanguage\":\"es\",\"@id\":\"https:\\\/\\\/www.aon.es\\\/site\\\/aonhealthexperience\\\/#\\\/schema\\\/logo\\\/image\\\/\",\"url\":\"https:\\\/\\\/www.aon.es\\\/site\\\/aonhealthexperience\\\/wp-content\\\/uploads\\\/sites\\\/16\\\/2016\\\/03\\\/logo-aon.png\",\"contentUrl\":\"https:\\\/\\\/www.aon.es\\\/site\\\/aonhealthexperience\\\/wp-content\\\/uploads\\\/sites\\\/16\\\/2016\\\/03\\\/logo-aon.png\",\"width\":306,\"height\":219,\"caption\":\"Aon\"},\"image\":{\"@id\":\"https:\\\/\\\/www.aon.es\\\/site\\\/aonhealthexperience\\\/#\\\/schema\\\/logo\\\/image\\\/\"},\"sameAs\":[\"https:\\\/\\\/es-la.facebook.com\\\/aon.espana1\\\/\",\"https:\\\/\\\/www.linkedin.com\\\/company\\\/514379\\\/\",\"https:\\\/\\\/www.youtube.com\\\/channel\\\/UCz25ztsn0FT2ep_FYtEWuDA\"]}]}<\/script>\n<!-- \/ Yoast SEO plugin. -->","yoast_head_json":{"title":"Portadaencuesta - Aon Health Experience","robots":{"index":"index","follow":"follow","max-snippet":"max-snippet:-1","max-image-preview":"max-image-preview:large","max-video-preview":"max-video-preview:-1"},"canonical":"https:\/\/www.aon.es\/site\/aonhealthexperience\/encuesta1\/","og_locale":"es_ES","og_type":"article","og_title":"Portadaencuesta - Aon Health Experience","og_url":"https:\/\/www.aon.es\/site\/aonhealthexperience\/encuesta1\/","og_site_name":"Aon Health Experience","article_publisher":"https:\/\/es-la.facebook.com\/aon.espana1\/","article_modified_time":"2018-03-07T17:06:02+00:00","twitter_card":"summary_large_image","twitter_misc":{"Tiempo de lectura":"4 minutos"},"schema":{"@context":"https:\/\/schema.org","@graph":[{"@type":"WebPage","@id":"https:\/\/www.aon.es\/site\/aonhealthexperience\/encuesta1\/","url":"https:\/\/www.aon.es\/site\/aonhealthexperience\/encuesta1\/","name":"Portadaencuesta - Aon Health Experience","isPartOf":{"@id":"https:\/\/www.aon.es\/site\/aonhealthexperience\/#website"},"datePublished":"2016-07-06T08:15:19+00:00","dateModified":"2018-03-07T17:06:02+00:00","breadcrumb":{"@id":"https:\/\/www.aon.es\/site\/aonhealthexperience\/encuesta1\/#breadcrumb"},"inLanguage":"es","potentialAction":[{"@type":"ReadAction","target":["https:\/\/www.aon.es\/site\/aonhealthexperience\/encuesta1\/"]}]},{"@type":"BreadcrumbList","@id":"https:\/\/www.aon.es\/site\/aonhealthexperience\/encuesta1\/#breadcrumb","itemListElement":[{"@type":"ListItem","position":1,"name":"Portada","item":"https:\/\/www.aon.es\/site\/aonhealthexperience\/inicio\/"},{"@type":"ListItem","position":2,"name":"Portadaencuesta"}]},{"@type":"WebSite","@id":"https:\/\/www.aon.es\/site\/aonhealthexperience\/#website","url":"https:\/\/www.aon.es\/site\/aonhealthexperience\/","name":"Aon Health Experience","description":"Otro sitio m\u00e1s de Sitios de Aon","publisher":{"@id":"https:\/\/www.aon.es\/site\/aonhealthexperience\/#organization"},"potentialAction":[{"@type":"SearchAction","target":{"@type":"EntryPoint","urlTemplate":"https:\/\/www.aon.es\/site\/aonhealthexperience\/?s={search_term_string}"},"query-input":{"@type":"PropertyValueSpecification","valueRequired":true,"valueName":"search_term_string"}}],"inLanguage":"es"},{"@type":"Organization","@id":"https:\/\/www.aon.es\/site\/aonhealthexperience\/#organization","name":"Aon","url":"https:\/\/www.aon.es\/site\/aonhealthexperience\/","logo":{"@type":"ImageObject","inLanguage":"es","@id":"https:\/\/www.aon.es\/site\/aonhealthexperience\/#\/schema\/logo\/image\/","url":"https:\/\/www.aon.es\/site\/aonhealthexperience\/wp-content\/uploads\/sites\/16\/2016\/03\/logo-aon.png","contentUrl":"https:\/\/www.aon.es\/site\/aonhealthexperience\/wp-content\/uploads\/sites\/16\/2016\/03\/logo-aon.png","width":306,"height":219,"caption":"Aon"},"image":{"@id":"https:\/\/www.aon.es\/site\/aonhealthexperience\/#\/schema\/logo\/image\/"},"sameAs":["https:\/\/es-la.facebook.com\/aon.espana1\/","https:\/\/www.linkedin.com\/company\/514379\/","https:\/\/www.youtube.com\/channel\/UCz25ztsn0FT2ep_FYtEWuDA"]}]}},"_links":{"self":[{"href":"https:\/\/www.aon.es\/site\/aonhealthexperience\/wp-json\/wp\/v2\/pages\/236","targetHints":{"allow":["GET"]}}],"collection":[{"href":"https:\/\/www.aon.es\/site\/aonhealthexperience\/wp-json\/wp\/v2\/pages"}],"about":[{"href":"https:\/\/www.aon.es\/site\/aonhealthexperience\/wp-json\/wp\/v2\/types\/page"}],"author":[{"embeddable":true,"href":"https:\/\/www.aon.es\/site\/aonhealthexperience\/wp-json\/wp\/v2\/users\/4"}],"replies":[{"embeddable":true,"href":"https:\/\/www.aon.es\/site\/aonhealthexperience\/wp-json\/wp\/v2\/comments?post=236"}],"version-history":[{"count":7,"href":"https:\/\/www.aon.es\/site\/aonhealthexperience\/wp-json\/wp\/v2\/pages\/236\/revisions"}],"predecessor-version":[{"id":512,"href":"https:\/\/www.aon.es\/site\/aonhealthexperience\/wp-json\/wp\/v2\/pages\/236\/revisions\/512"}],"wp:attachment":[{"href":"https:\/\/www.aon.es\/site\/aonhealthexperience\/wp-json\/wp\/v2\/media?parent=236"}],"curies":[{"name":"wp","href":"https:\/\/api.w.org\/{rel}","templated":true}]}}