{"id":253,"date":"2016-05-23T10:30:12","date_gmt":"2016-05-23T10:30:12","guid":{"rendered":"http:\/\/test.kriesi.at\/enfold-health-coach\/?page_id=253"},"modified":"2023-06-16T10:58:11","modified_gmt":"2023-06-16T10:58:11","slug":"contacto","status":"publish","type":"page","link":"https:\/\/www.aon.es\/site\/bancaseguros\/contacto\/","title":{"rendered":"Contacto"},"content":{"rendered":"<div id='av_section_1'  class='avia-section av-l4zotxnq-1d7f3d95785a05bba018a4803a2df651 main_color avia-section-default avia-no-border-styling  avia-builder-el-0  el_before_av_one_full  avia-builder-el-first  avia-bg-style-scroll av-minimum-height av-minimum-height-100 av-height-100  container_wrap fullsize'   data-av_minimum_height_pc='100' data-av_min_height_opt='100'><div class='container av-section-cont-open' ><main  role=\"main\" itemprop=\"mainContentOfPage\"  class='template-page content  av-content-full alpha units'><div class='post-entry post-entry-type-page post-entry-253'><div class='entry-content-wrapper clearfix'>\n<div class='flex_column_table av-l4zowgpa-9e1a61f48c10afce5ab80aad658d8b36 sc-av_two_fifth av-equal-height-column-flextable'><div  class='flex_column av-l4zowgpa-9e1a61f48c10afce5ab80aad658d8b36 av_two_fifth  avia-builder-el-1  el_before_av_three_fifth  avia-builder-el-first  first flex_column_table_cell av-equal-height-column av-align-top  '     ><p>\n<style type=\"text\/css\" data-created_by=\"avia_inline_auto\" id=\"style-css-av-2vb6ml-f00d63969416167dc8b95450d81ea531\">\n#top .av-special-heading.av-2vb6ml-f00d63969416167dc8b95450d81ea531{\npadding-bottom:30px;\n}\nbody .av-special-heading.av-2vb6ml-f00d63969416167dc8b95450d81ea531 .av-special-heading-tag .heading-char{\nfont-size:25px;\n}\n.av-special-heading.av-2vb6ml-f00d63969416167dc8b95450d81ea531 .av-subheading{\nfont-size:15px;\n}\n<\/style>\n<div  class='av-special-heading av-2vb6ml-f00d63969416167dc8b95450d81ea531 av-special-heading-h1 blockquote modern-quote  avia-builder-el-2  el_before_av_textblock  avia-builder-el-first '><h1 class='av-special-heading-tag '  itemprop=\"headline\"  >Servicios para aseguradoras y entidades financieras<\/h1><div class=\"special-heading-border\"><div class=\"special-heading-inner-border\"><\/div><\/div><\/div><br \/>\n<section  class='av_textblock_section av-2p74k5-0a37f67067288365057717e09e100c4b '   itemscope=\"itemscope\" itemtype=\"https:\/\/schema.org\/CreativeWork\" ><div class='avia_textblock'  itemprop=\"text\" ><p><span style=\"color: #000000\">Somos una unidad especializada en ofrecer soluciones a compa\u00f1\u00edas aseguradoras y entidades financieras. <\/span><\/p>\n<p><span style=\"color: #000000\">Nuestra unidad est\u00e1 integrada por un <strong>equipo de consultor\u00eda multidisciplinar<\/strong> que cuenta con probada experiencia y un profundo conocimiento del mercado asegurador nacional e internacional.<\/span><\/p>\n<p>Te ayudamos a tomara las mejores decisiones para desarrollar el negocio asegurador, mejorar tu eficiencia operativa o fidelizar a tus clientes.<\/p>\n<\/div><\/section><\/p><\/div><div class='av-flex-placeholder'><\/div>\n<style type=\"text\/css\" data-created_by=\"avia_inline_auto\" id=\"style-css-av-l4zp17pp-7dd38c76e708fa41f2fede0467ba7cb2\">\n.flex_column.av-l4zp17pp-7dd38c76e708fa41f2fede0467ba7cb2{\nborder-width:2px;\nborder-color:#eef6f7;\nborder-style:solid;\nborder-radius:8px 8px 8px 8px;\npadding:30px 30px 30px 30px;\nbackground-color:#ffffff;\n}\n<\/style>\n<div  class='flex_column av-l4zp17pp-7dd38c76e708fa41f2fede0467ba7cb2 av_three_fifth  avia-builder-el-4  el_after_av_two_fifth  avia-builder-el-last  flex_column_table_cell av-equal-height-column av-align-top  '     ><form action=\"https:\/\/www.aon.es\/site\/bancaseguros\/contacto\/\" method=\"post\" data-fields-with-error=\"Found errors in the following field(s):\" class=\"avia_ajax_form av-form-labels-hidden   avia-builder-el-5  avia-builder-el-no-sibling   \" data-avia-form-id=\"1\" data-avia-redirect='https:\/\/www.aon.es\/site\/bancaseguros\/gracias\/' ><h3 class=''>Solicita informaci\u00f3n sin compromiso<\/h3><fieldset><p class='  first_form  form_element form_fullwidth' id='element_avia_1_1'><label for=\"avia_1_1\">Nombre <abbr class=\"required\" title=\"requerido\">*<\/abbr><\/label> <input name=\"avia_1_1\" class=\"text_input is_empty\" type=\"text\" id=\"avia_1_1\" value=\"\"  placeholder='Nombre*'\/><\/p><p class='  first_form  form_element form_fullwidth' id='element_avia_2_1'><label for=\"avia_2_1\">Correo electr\u00f3nico <abbr class=\"required\" title=\"requerido\">*<\/abbr><\/label> <input name=\"avia_2_1\" class=\"text_input is_email\" type=\"text\" id=\"avia_2_1\" value=\"\"  placeholder='Correo electr\u00f3nico*'\/><\/p><p class='  first_form  form_element form_fullwidth' id='element_avia_3_1'><label for=\"avia_3_1\">Asunto <abbr class=\"required\" title=\"requerido\">*<\/abbr><\/label> <input name=\"avia_3_1\" class=\"text_input is_empty\" type=\"text\" id=\"avia_3_1\" value=\"\"  placeholder='Asunto*'\/><\/p><p class='  first_form  form_element form_fullwidth' id='element_avia_4_1'><label for=\"avia_4_1\" class=\"textare_label hidden textare_label_avia_4_1\">Mensaje <abbr class=\"required\" title=\"requerido\">*<\/abbr><\/label><textarea  placeholder='Mensaje*' name=\"avia_4_1\" class=\"text_area is_empty\" cols=\"40\" rows=\"7\" id=\"avia_4_1\" ><\/textarea><\/p><div id='avia_5_1' class='av-form-text'><p>\n<span style=\"font-size: 8pt\">AUTORIZACI\u00d3N<br \/>\nEn tanto no se revoque expresamente este encargo, autorizo a Aon Iberia Corredur\u00eda de Seguros y Reaseguros S.A.U. para que utilice y trate mis datos.<\/span><\/p>\n<\/div><p class='  first_form  form_element form_fullwidth' id='element_avia_6_1'><input  name=\"avia_6_1\" class=\"input_checkbox is_empty\" type=\"checkbox\" id=\"avia_6_1\" value=\"true\"\/><label class=\"input_checkbox_label\" for=\"avia_6_1\">He le\u00eddo y acepto la <a href=\"http:\/\/www.aon.com\/spain\/privacidad.jsp\">Pol\u00edtica de Privacidad<\/a> <abbr class=\"required\" title=\"requerido\">*<\/abbr><\/label><\/p><p class='  first_form  form_element form_fullwidth av-last-visible-form-element' id='element_avia_7_1'><input  name=\"avia_7_1\" class=\"input_checkbox \" type=\"checkbox\" id=\"avia_7_1\" value=\"true\"\/><label class=\"input_checkbox_label\" for=\"avia_7_1\">Deseo recibir informaci\u00f3n sobre novedades y promociones de Aon Iberia.<\/label><\/p><p class=\"hidden\"><input type=\"text\" name=\"avia_8_1\" class=\"hidden \" id=\"avia_8_1\" value=\"\" \/><\/p><p class=\"form_element \"><input type=\"hidden\" value=\"1\" name=\"avia_generated_form1\" \/><input type=\"submit\" value=\"Enviar\" class=\"button\"  data-sending-label=\"Enviando\"\/><\/p><\/fieldset><\/form><div id=\"ajaxresponse_1\" class=\"ajaxresponse ajaxresponse_1 hidden\"><\/div><\/div><\/div><!--close column table wrapper. Autoclose: 1 --><\/div><\/div><\/main><!-- close content main element --><\/div><\/div><div id='after_section_1'  class='main_color av_default_container_wrap container_wrap fullsize'  ><div class='container av-section-cont-open' ><div class='template-page content  av-content-full alpha units'><div class='post-entry post-entry-type-page post-entry-253'><div class='entry-content-wrapper clearfix'><div  class='flex_column av-bc7et-9a021e1b8d7fa5e0199816fd7b2ea411 av_one_full  avia-builder-el-6  el_after_av_section  avia-builder-el-no-sibling  first flex_column_div  '     ><section  class='av_textblock_section av-lajgl51s-76123db3e69c340a68c1bdb4fb8eb8e7 '   itemscope=\"itemscope\" itemtype=\"https:\/\/schema.org\/CreativeWork\" ><div class='avia_textblock'  itemprop=\"text\" ><p><span style=\"font-size: 8pt\"><strong>Aon Iberia Corredur\u00eda de Seguros y Reaseguros S.A.U.<\/strong> (CIF A28109247) con domicilio social en C\/ Vel\u00e1zquez 86D, C.P. 28006 de Madrid, es <strong>Responsable del Tratamiento<\/strong> de los datos personales que nos facilita con el fin de proporcionarle la informaci\u00f3n solicitada, contestar a su solicitud, as\u00ed como informarle sobre otros productos o servicios de Aon Iberia, previa aceptaci\u00f3n por el interesado.<\/span><\/p>\n<p><span style=\"font-size: 8pt\">Los datos proporcionados se conservar\u00e1n mientras sean necesarios para cumplir con las finalidades para las que se recogen y no se solicite el cese de la actividad.<\/span><\/p>\n<p><span style=\"font-size: 8pt\">Podr\u00e1 ejercer sus derechos de acceso, rectificaci\u00f3n, supresi\u00f3n, oposici\u00f3n, limitaci\u00f3n, portabilidad o revocar su consentimiento mediante correo electr\u00f3nico a la direcci\u00f3n <a href=\"mailto:proteccion.datos@aon.es\">proteccion.datos@aon.es<\/a> acreditando su identidad e identific\u00e1ndose como usuario de la p\u00e1gina web de Aon <a href=\"http:\/\/www.aon.es\/site\/bancaseguros\">BANCASEGUROS<\/a> y concretando su solicitud.<\/span><\/p>\n<\/div><\/section><\/div><\/p>\n","protected":false},"excerpt":{"rendered":"","protected":false},"author":4,"featured_media":0,"parent":0,"menu_order":0,"comment_status":"closed","ping_status":"closed","template":"","meta":{"footnotes":""},"class_list":["post-253","page","type-page","status-publish","hentry"],"yoast_head":"<!-- This site is optimized with the Yoast SEO plugin v27.4 - https:\/\/yoast.com\/product\/yoast-seo-wordpress\/ -->\n<title>Contacto - Aon Soluciones para Bancaseguros<\/title>\n<meta name=\"robots\" content=\"index, follow, max-snippet:-1, max-image-preview:large, max-video-preview:-1\" \/>\n<link rel=\"canonical\" href=\"https:\/\/www.aon.es\/site\/bancaseguros\/contacto\/\" \/>\n<meta property=\"og:locale\" content=\"es_ES\" \/>\n<meta property=\"og:type\" content=\"article\" \/>\n<meta property=\"og:title\" content=\"Contacto - Aon Soluciones para Bancaseguros\" \/>\n<meta property=\"og:url\" content=\"https:\/\/www.aon.es\/site\/bancaseguros\/contacto\/\" \/>\n<meta property=\"og:site_name\" content=\"Aon Soluciones para Bancaseguros\" \/>\n<meta property=\"article:modified_time\" content=\"2023-06-16T10:58:11+00:00\" \/>\n<meta name=\"twitter:card\" content=\"summary_large_image\" \/>\n<meta name=\"twitter:label1\" content=\"Tiempo de lectura\" \/>\n\t<meta name=\"twitter:data1\" content=\"4 minutos\" \/>\n<script type=\"application\/ld+json\" class=\"yoast-schema-graph\">{\"@context\":\"https:\\\/\\\/schema.org\",\"@graph\":[{\"@type\":\"WebPage\",\"@id\":\"https:\\\/\\\/www.aon.es\\\/site\\\/bancaseguros\\\/contacto\\\/\",\"url\":\"https:\\\/\\\/www.aon.es\\\/site\\\/bancaseguros\\\/contacto\\\/\",\"name\":\"Contacto - Aon Soluciones para Bancaseguros\",\"isPartOf\":{\"@id\":\"https:\\\/\\\/www.aon.es\\\/site\\\/bancaseguros\\\/#website\"},\"datePublished\":\"2016-05-23T10:30:12+00:00\",\"dateModified\":\"2023-06-16T10:58:11+00:00\",\"breadcrumb\":{\"@id\":\"https:\\\/\\\/www.aon.es\\\/site\\\/bancaseguros\\\/contacto\\\/#breadcrumb\"},\"inLanguage\":\"es\",\"potentialAction\":[{\"@type\":\"ReadAction\",\"target\":[\"https:\\\/\\\/www.aon.es\\\/site\\\/bancaseguros\\\/contacto\\\/\"]}]},{\"@type\":\"BreadcrumbList\",\"@id\":\"https:\\\/\\\/www.aon.es\\\/site\\\/bancaseguros\\\/contacto\\\/#breadcrumb\",\"itemListElement\":[{\"@type\":\"ListItem\",\"position\":1,\"name\":\"Portada\",\"item\":\"https:\\\/\\\/www.aon.es\\\/site\\\/bancaseguros\\\/inicio\\\/\"},{\"@type\":\"ListItem\",\"position\":2,\"name\":\"Contacto\"}]},{\"@type\":\"WebSite\",\"@id\":\"https:\\\/\\\/www.aon.es\\\/site\\\/bancaseguros\\\/#website\",\"url\":\"https:\\\/\\\/www.aon.es\\\/site\\\/bancaseguros\\\/\",\"name\":\"Aon Soluciones para Bancaseguros\",\"description\":\"Soluciones aseguradoras para Bancaseguros\",\"publisher\":{\"@id\":\"https:\\\/\\\/www.aon.es\\\/site\\\/bancaseguros\\\/#organization\"},\"potentialAction\":[{\"@type\":\"SearchAction\",\"target\":{\"@type\":\"EntryPoint\",\"urlTemplate\":\"https:\\\/\\\/www.aon.es\\\/site\\\/bancaseguros\\\/?s={search_term_string}\"},\"query-input\":{\"@type\":\"PropertyValueSpecification\",\"valueRequired\":true,\"valueName\":\"search_term_string\"}}],\"inLanguage\":\"es\"},{\"@type\":\"Organization\",\"@id\":\"https:\\\/\\\/www.aon.es\\\/site\\\/bancaseguros\\\/#organization\",\"name\":\"Aon\",\"url\":\"https:\\\/\\\/www.aon.es\\\/site\\\/bancaseguros\\\/\",\"logo\":{\"@type\":\"ImageObject\",\"inLanguage\":\"es\",\"@id\":\"https:\\\/\\\/www.aon.es\\\/site\\\/bancaseguros\\\/#\\\/schema\\\/logo\\\/image\\\/\",\"url\":\"https:\\\/\\\/www.aon.es\\\/site\\\/bancaseguros\\\/wp-content\\\/uploads\\\/sites\\\/43\\\/2022\\\/02\\\/aon_logo_signature_red_rgb.png\",\"contentUrl\":\"https:\\\/\\\/www.aon.es\\\/site\\\/bancaseguros\\\/wp-content\\\/uploads\\\/sites\\\/43\\\/2022\\\/02\\\/aon_logo_signature_red_rgb.png\",\"width\":5076,\"height\":3064,\"caption\":\"Aon\"},\"image\":{\"@id\":\"https:\\\/\\\/www.aon.es\\\/site\\\/bancaseguros\\\/#\\\/schema\\\/logo\\\/image\\\/\"}}]}<\/script>\n<!-- \/ Yoast SEO plugin. -->","yoast_head_json":{"title":"Contacto - Aon Soluciones para Bancaseguros","robots":{"index":"index","follow":"follow","max-snippet":"max-snippet:-1","max-image-preview":"max-image-preview:large","max-video-preview":"max-video-preview:-1"},"canonical":"https:\/\/www.aon.es\/site\/bancaseguros\/contacto\/","og_locale":"es_ES","og_type":"article","og_title":"Contacto - Aon Soluciones para Bancaseguros","og_url":"https:\/\/www.aon.es\/site\/bancaseguros\/contacto\/","og_site_name":"Aon Soluciones para Bancaseguros","article_modified_time":"2023-06-16T10:58:11+00:00","twitter_card":"summary_large_image","twitter_misc":{"Tiempo de lectura":"4 minutos"},"schema":{"@context":"https:\/\/schema.org","@graph":[{"@type":"WebPage","@id":"https:\/\/www.aon.es\/site\/bancaseguros\/contacto\/","url":"https:\/\/www.aon.es\/site\/bancaseguros\/contacto\/","name":"Contacto - Aon Soluciones para Bancaseguros","isPartOf":{"@id":"https:\/\/www.aon.es\/site\/bancaseguros\/#website"},"datePublished":"2016-05-23T10:30:12+00:00","dateModified":"2023-06-16T10:58:11+00:00","breadcrumb":{"@id":"https:\/\/www.aon.es\/site\/bancaseguros\/contacto\/#breadcrumb"},"inLanguage":"es","potentialAction":[{"@type":"ReadAction","target":["https:\/\/www.aon.es\/site\/bancaseguros\/contacto\/"]}]},{"@type":"BreadcrumbList","@id":"https:\/\/www.aon.es\/site\/bancaseguros\/contacto\/#breadcrumb","itemListElement":[{"@type":"ListItem","position":1,"name":"Portada","item":"https:\/\/www.aon.es\/site\/bancaseguros\/inicio\/"},{"@type":"ListItem","position":2,"name":"Contacto"}]},{"@type":"WebSite","@id":"https:\/\/www.aon.es\/site\/bancaseguros\/#website","url":"https:\/\/www.aon.es\/site\/bancaseguros\/","name":"Aon Soluciones para Bancaseguros","description":"Soluciones aseguradoras para Bancaseguros","publisher":{"@id":"https:\/\/www.aon.es\/site\/bancaseguros\/#organization"},"potentialAction":[{"@type":"SearchAction","target":{"@type":"EntryPoint","urlTemplate":"https:\/\/www.aon.es\/site\/bancaseguros\/?s={search_term_string}"},"query-input":{"@type":"PropertyValueSpecification","valueRequired":true,"valueName":"search_term_string"}}],"inLanguage":"es"},{"@type":"Organization","@id":"https:\/\/www.aon.es\/site\/bancaseguros\/#organization","name":"Aon","url":"https:\/\/www.aon.es\/site\/bancaseguros\/","logo":{"@type":"ImageObject","inLanguage":"es","@id":"https:\/\/www.aon.es\/site\/bancaseguros\/#\/schema\/logo\/image\/","url":"https:\/\/www.aon.es\/site\/bancaseguros\/wp-content\/uploads\/sites\/43\/2022\/02\/aon_logo_signature_red_rgb.png","contentUrl":"https:\/\/www.aon.es\/site\/bancaseguros\/wp-content\/uploads\/sites\/43\/2022\/02\/aon_logo_signature_red_rgb.png","width":5076,"height":3064,"caption":"Aon"},"image":{"@id":"https:\/\/www.aon.es\/site\/bancaseguros\/#\/schema\/logo\/image\/"}}]}},"_links":{"self":[{"href":"https:\/\/www.aon.es\/site\/bancaseguros\/wp-json\/wp\/v2\/pages\/253","targetHints":{"allow":["GET"]}}],"collection":[{"href":"https:\/\/www.aon.es\/site\/bancaseguros\/wp-json\/wp\/v2\/pages"}],"about":[{"href":"https:\/\/www.aon.es\/site\/bancaseguros\/wp-json\/wp\/v2\/types\/page"}],"author":[{"embeddable":true,"href":"https:\/\/www.aon.es\/site\/bancaseguros\/wp-json\/wp\/v2\/users\/4"}],"replies":[{"embeddable":true,"href":"https:\/\/www.aon.es\/site\/bancaseguros\/wp-json\/wp\/v2\/comments?post=253"}],"version-history":[{"count":30,"href":"https:\/\/www.aon.es\/site\/bancaseguros\/wp-json\/wp\/v2\/pages\/253\/revisions"}],"predecessor-version":[{"id":912,"href":"https:\/\/www.aon.es\/site\/bancaseguros\/wp-json\/wp\/v2\/pages\/253\/revisions\/912"}],"wp:attachment":[{"href":"https:\/\/www.aon.es\/site\/bancaseguros\/wp-json\/wp\/v2\/media?parent=253"}],"curies":[{"name":"wp","href":"https:\/\/api.w.org\/{rel}","templated":true}]}}