{"id":105,"date":"2016-04-12T07:39:42","date_gmt":"2016-04-12T07:39:42","guid":{"rendered":"http:\/\/www.aon.es\/site\/logista\/?page_id=105"},"modified":"2025-10-30T11:29:25","modified_gmt":"2025-10-30T11:29:25","slug":"acceso-a-la-prestacion","status":"publish","type":"page","link":"https:\/\/www.aon.es\/site\/bbraun\/acceso-a-la-prestacion\/","title":{"rendered":"Acceso a la prestaci\u00f3n"},"content":{"rendered":"<div id='full_slider_1'  class='avia-fullwidth-slider main_color avia-shadow   avia-builder-el-0  el_before_av_one_full  avia-builder-el-first   container_wrap fullsize'  ><div  class='avia-slideshow av-2jgpw1-8d970f841456a2943c783ab6832c8cd6 avia-slideshow-featured av_slideshow_full avia-slide-slider av-slideshow-ui av-control-default av-slideshow-manual av-loop-once av-loop-manual-endless av-default-height-applied   avia-slideshow-1' data-slideshow-options=\"{&quot;animation&quot;:&quot;slide&quot;,&quot;autoplay&quot;:false,&quot;loop_autoplay&quot;:&quot;once&quot;,&quot;interval&quot;:5,&quot;loop_manual&quot;:&quot;manual-endless&quot;,&quot;autoplay_stopper&quot;:false,&quot;noNavigation&quot;:false,&quot;bg_slider&quot;:false,&quot;keep_padding&quot;:false,&quot;hoverpause&quot;:false,&quot;show_slide_delay&quot;:0}\"  itemprop=\"image\" itemscope=\"itemscope\" itemtype=\"https:\/\/schema.org\/ImageObject\" ><ul class='avia-slideshow-inner ' style='padding-bottom: 13.785714285714%;'><li  class='avia-slideshow-slide av-2jgpw1-8d970f841456a2943c783ab6832c8cd6__0  av-single-slide slide-1 slide-odd'><div data-rel='slideshow-1' class='avia-slide-wrap '   ><img decoding=\"async\" fetchpriority=\"high\" class=\"wp-image-911 avia-img-lazy-loading-not-911\"  src=\"https:\/\/www.aon.es\/site\/bbraun\/wp-content\/uploads\/sites\/169\/2021\/03\/Barra_Segunda_Opcion.jpg\" width=\"1400\" height=\"193\" title='Barra_Segunda_Opcion' alt=''  itemprop=\"thumbnailUrl\" srcset=\"https:\/\/www.aon.es\/site\/bbraun\/wp-content\/uploads\/sites\/169\/2021\/03\/Barra_Segunda_Opcion.jpg 1400w, https:\/\/www.aon.es\/site\/bbraun\/wp-content\/uploads\/sites\/169\/2021\/03\/Barra_Segunda_Opcion-300x41.jpg 300w, https:\/\/www.aon.es\/site\/bbraun\/wp-content\/uploads\/sites\/169\/2021\/03\/Barra_Segunda_Opcion-1030x142.jpg 1030w, https:\/\/www.aon.es\/site\/bbraun\/wp-content\/uploads\/sites\/169\/2021\/03\/Barra_Segunda_Opcion-768x106.jpg 768w, https:\/\/www.aon.es\/site\/bbraun\/wp-content\/uploads\/sites\/169\/2021\/03\/Barra_Segunda_Opcion-705x97.jpg 705w\" sizes=\"(max-width: 1400px) 100vw, 1400px\" \/><\/div><\/li><\/ul><\/div><\/div><div id='after_full_slider_1'  class='main_color av_default_container_wrap container_wrap fullsize'  ><div class='container av-section-cont-open' ><div class='template-page content  av-content-full alpha units'><div class='post-entry post-entry-type-page post-entry-105'><div class='entry-content-wrapper clearfix'>\n\n<style type=\"text\/css\" data-created_by=\"avia_inline_auto\" id=\"style-css-av-27jrrd-8fde5a34ac8c72219ffbd0d8b05542c2\">\n.flex_column.av-27jrrd-8fde5a34ac8c72219ffbd0d8b05542c2{\nborder-radius:0px 0px 0px 0px;\npadding:0px 0px 0px 0px;\n}\n<\/style>\n<div  class='flex_column av-27jrrd-8fde5a34ac8c72219ffbd0d8b05542c2 av_one_full  avia-builder-el-1  el_after_av_slideshow_full  el_before_av_one_half  avia-builder-el-first  first flex_column_div av-zero-column-padding  '     ><style type=\"text\/css\" data-created_by=\"avia_inline_auto\" id=\"style-css-av-7ml41-476f0faa101276b20761291ff987c38a\">\n#top .av-special-heading.av-7ml41-476f0faa101276b20761291ff987c38a{\npadding-bottom:10px;\ncolor:#00619b;\n}\nbody .av-special-heading.av-7ml41-476f0faa101276b20761291ff987c38a .av-special-heading-tag .heading-char{\nfont-size:25px;\n}\n.av-special-heading.av-7ml41-476f0faa101276b20761291ff987c38a .special-heading-inner-border{\nborder-color:#00619b;\n}\n.av-special-heading.av-7ml41-476f0faa101276b20761291ff987c38a .av-subheading{\nfont-size:15px;\n}\n<\/style>\n<div  class='av-special-heading av-7ml41-476f0faa101276b20761291ff987c38a av-special-heading-h2 custom-color-heading  avia-builder-el-2  avia-builder-el-no-sibling '><h2 class='av-special-heading-tag '  itemprop=\"headline\"  >Segunda Opini\u00f3n M\u00e9dica<\/h2><div class=\"special-heading-border\"><div class=\"special-heading-inner-border\"><\/div><\/div><\/div><\/div>\n\n<style type=\"text\/css\" data-created_by=\"avia_inline_auto\" id=\"style-css-av-1gegw1-18f9dc4633037201c7288053c967dd34\">\n.flex_column.av-1gegw1-18f9dc4633037201c7288053c967dd34{\nborder-radius:0px 0px 0px 0px;\npadding:0px 0px 0px 0px;\n}\n<\/style>\n<div  class='flex_column av-1gegw1-18f9dc4633037201c7288053c967dd34 av_one_half  avia-builder-el-3  el_after_av_one_full  el_before_av_one_half  first flex_column_div av-zero-column-padding  column-top-margin'     ><section  class='av_textblock_section av-19l6n5-f0ac74f1b79920fb036f8c1898178be3 '   itemscope=\"itemscope\" itemtype=\"https:\/\/schema.org\/CreativeWork\" ><div class='avia_textblock'  itemprop=\"text\" ><h4>Acceso a la prestaci\u00f3n<\/h4>\n<\/div><\/section><br \/>\n<section  class='av_textblock_section av-121mep-7f847cb39e0a29a7c0536b485fbd157c '   itemscope=\"itemscope\" itemtype=\"https:\/\/schema.org\/CreativeWork\" ><div class='avia_textblock'  itemprop=\"text\" ><p>Existen dos v\u00edas de acceso a la Segunda Opini\u00f3n M\u00e9dica:<\/p>\n<\/div><\/section><br \/>\n\n<style type=\"text\/css\" data-created_by=\"avia_inline_auto\" id=\"style-css-av-yleyh-5352d8d292d9cfeb5a4a22aa7ad1cbd8\">\n#top .avia-icon-list-container.av-yleyh-5352d8d292d9cfeb5a4a22aa7ad1cbd8 .iconlist_icon{\nbackground-color:#f3781f;\nborder:1px solid #f3781f;\n}\n#top #wrap_all .avia-icon-list-container.av-yleyh-5352d8d292d9cfeb5a4a22aa7ad1cbd8 .av_iconlist_title{\ncolor:#00619b;\n}\n<\/style>\n<div  class='avia-icon-list-container av-yleyh-5352d8d292d9cfeb5a4a22aa7ad1cbd8  avia-builder-el-6  el_after_av_textblock  avia-builder-el-last '><ul class='avia-icon-list avia_animate_when_almost_visible avia-icon-list-left av-iconlist-big av-yleyh-5352d8d292d9cfeb5a4a22aa7ad1cbd8 avia-iconlist-animate'>\n<li><div class='iconlist_icon av-to50h-2d0d5fcf013fa5310b23eff38c3630f4 avia-font-entypo-fontello avia-iconfont avia-font-entypo-fontello'><span class='av-icon-char' data-av_icon='\ue854' data-av_iconfont='entypo-fontello' aria-hidden=\"true\"><\/span><\/div><article class=\"article-icon-entry \"  itemscope=\"itemscope\" itemtype=\"https:\/\/schema.org\/CreativeWork\" ><div class=\"iconlist_content_wrap\"><header class=\"entry-content-header\" aria-label=\"Icon: Contact Center\"><h4 class='av_iconlist_title iconlist_title  av_inherit_color'  itemprop=\"headline\" >Contact Center<\/h4><\/header><div class='iconlist_content '  itemprop=\"text\" ><p><span style=\"color: #000000\">Tel\u00e9fonos de atenci\u00f3n 24h<\/span><\/p>\n<p><span style=\"color: #000000\">900 50 50 40<\/span><\/p>\n<p><span style=\"color: #000000\">91 125 98 41<\/span><\/p>\n<\/div><\/div><footer class=\"entry-footer\"><\/footer><\/article><div class=\"iconlist-timeline\"><\/div><\/li>\n<li><div class='iconlist_icon av-koh09-95899b5b43ae9cfd4816af0a0b42e619 avia-font-entypo-fontello avia-iconfont avia-font-entypo-fontello'><span class='av-icon-char' data-av_icon='\ue80b' data-av_iconfont='entypo-fontello' aria-hidden=\"true\"><\/span><\/div><article class=\"article-icon-entry \"  itemscope=\"itemscope\" itemtype=\"https:\/\/schema.org\/CreativeWork\" ><div class=\"iconlist_content_wrap\"><header class=\"entry-content-header\" aria-label=\"Icon: Delegaci\u00f3n\"><h4 class='av_iconlist_title iconlist_title  av_inherit_color'  itemprop=\"headline\" >Delegaci\u00f3n<\/h4><\/header><div class='iconlist_content '  itemprop=\"text\" ><p><span style=\"color: #000000\">Person\u00e1ndose en las oficinas de Adeslas Segurcaixa, dentro del horario de atenci\u00f3n.<\/span><\/p>\n<\/div><\/div><footer class=\"entry-footer\"><\/footer><\/article><div class=\"iconlist-timeline\"><\/div><\/li>\n<\/ul><\/div><\/p><\/div>\n<style type=\"text\/css\" data-created_by=\"avia_inline_auto\" id=\"style-css-av-d8drt-d4bec96c0323837e9acf82b577da095c\">\n.flex_column.av-d8drt-d4bec96c0323837e9acf82b577da095c{\nborder-radius:0px 0px 0px 0px;\npadding:0px 0px 0px 0px;\n}\n<\/style>\n<div  class='flex_column av-d8drt-d4bec96c0323837e9acf82b577da095c av_one_half  avia-builder-el-7  el_after_av_one_half  avia-builder-el-last  flex_column_div av-zero-column-padding  column-top-margin'     ><\/div><\/p>\n","protected":false},"excerpt":{"rendered":"","protected":false},"author":1,"featured_media":0,"parent":0,"menu_order":0,"comment_status":"closed","ping_status":"closed","template":"","meta":{"footnotes":""},"class_list":["post-105","page","type-page","status-publish","hentry"],"yoast_head":"<!-- This site is optimized with the Yoast SEO plugin v27.3 - https:\/\/yoast.com\/product\/yoast-seo-wordpress\/ -->\n<title>Acceso a la prestaci\u00f3n - bbraun<\/title>\n<meta name=\"robots\" content=\"index, follow, max-snippet:-1, max-image-preview:large, max-video-preview:-1\" \/>\n<link rel=\"canonical\" href=\"https:\/\/www.aon.es\/site\/bbraun\/acceso-a-la-prestacion\/\" \/>\n<meta property=\"og:locale\" content=\"es_ES\" \/>\n<meta property=\"og:type\" content=\"article\" \/>\n<meta property=\"og:title\" content=\"Acceso a la prestaci\u00f3n - bbraun\" \/>\n<meta property=\"og:url\" content=\"https:\/\/www.aon.es\/site\/bbraun\/acceso-a-la-prestacion\/\" \/>\n<meta property=\"og:site_name\" content=\"bbraun\" \/>\n<meta property=\"article:modified_time\" content=\"2025-10-30T11:29:25+00:00\" \/>\n<meta name=\"twitter:card\" content=\"summary_large_image\" \/>\n<meta name=\"twitter:label1\" content=\"Tiempo de lectura\" \/>\n\t<meta name=\"twitter:data1\" content=\"1 minuto\" \/>\n<script type=\"application\/ld+json\" class=\"yoast-schema-graph\">{\"@context\":\"https:\\\/\\\/schema.org\",\"@graph\":[{\"@type\":\"WebPage\",\"@id\":\"https:\\\/\\\/www.aon.es\\\/site\\\/bbraun\\\/acceso-a-la-prestacion\\\/\",\"url\":\"https:\\\/\\\/www.aon.es\\\/site\\\/bbraun\\\/acceso-a-la-prestacion\\\/\",\"name\":\"Acceso a la prestaci\u00f3n - bbraun\",\"isPartOf\":{\"@id\":\"https:\\\/\\\/www.aon.es\\\/site\\\/bbraun\\\/#website\"},\"datePublished\":\"2016-04-12T07:39:42+00:00\",\"dateModified\":\"2025-10-30T11:29:25+00:00\",\"breadcrumb\":{\"@id\":\"https:\\\/\\\/www.aon.es\\\/site\\\/bbraun\\\/acceso-a-la-prestacion\\\/#breadcrumb\"},\"inLanguage\":\"es\",\"potentialAction\":[{\"@type\":\"ReadAction\",\"target\":[\"https:\\\/\\\/www.aon.es\\\/site\\\/bbraun\\\/acceso-a-la-prestacion\\\/\"]}]},{\"@type\":\"BreadcrumbList\",\"@id\":\"https:\\\/\\\/www.aon.es\\\/site\\\/bbraun\\\/acceso-a-la-prestacion\\\/#breadcrumb\",\"itemListElement\":[{\"@type\":\"ListItem\",\"position\":1,\"name\":\"Home\",\"item\":\"https:\\\/\\\/www.aon.es\\\/site\\\/bbraun\\\/inicio\\\/\"},{\"@type\":\"ListItem\",\"position\":2,\"name\":\"Acceso a la prestaci\u00f3n\"}]},{\"@type\":\"WebSite\",\"@id\":\"https:\\\/\\\/www.aon.es\\\/site\\\/bbraun\\\/#website\",\"url\":\"https:\\\/\\\/www.aon.es\\\/site\\\/bbraun\\\/\",\"name\":\"bbraun\",\"description\":\"Just another Sitios de Aon site\",\"potentialAction\":[{\"@type\":\"SearchAction\",\"target\":{\"@type\":\"EntryPoint\",\"urlTemplate\":\"https:\\\/\\\/www.aon.es\\\/site\\\/bbraun\\\/?s={search_term_string}\"},\"query-input\":{\"@type\":\"PropertyValueSpecification\",\"valueRequired\":true,\"valueName\":\"search_term_string\"}}],\"inLanguage\":\"es\"}]}<\/script>\n<!-- \/ Yoast SEO plugin. -->","yoast_head_json":{"title":"Acceso a la prestaci\u00f3n - bbraun","robots":{"index":"index","follow":"follow","max-snippet":"max-snippet:-1","max-image-preview":"max-image-preview:large","max-video-preview":"max-video-preview:-1"},"canonical":"https:\/\/www.aon.es\/site\/bbraun\/acceso-a-la-prestacion\/","og_locale":"es_ES","og_type":"article","og_title":"Acceso a la prestaci\u00f3n - bbraun","og_url":"https:\/\/www.aon.es\/site\/bbraun\/acceso-a-la-prestacion\/","og_site_name":"bbraun","article_modified_time":"2025-10-30T11:29:25+00:00","twitter_card":"summary_large_image","twitter_misc":{"Tiempo de lectura":"1 minuto"},"schema":{"@context":"https:\/\/schema.org","@graph":[{"@type":"WebPage","@id":"https:\/\/www.aon.es\/site\/bbraun\/acceso-a-la-prestacion\/","url":"https:\/\/www.aon.es\/site\/bbraun\/acceso-a-la-prestacion\/","name":"Acceso a la prestaci\u00f3n - bbraun","isPartOf":{"@id":"https:\/\/www.aon.es\/site\/bbraun\/#website"},"datePublished":"2016-04-12T07:39:42+00:00","dateModified":"2025-10-30T11:29:25+00:00","breadcrumb":{"@id":"https:\/\/www.aon.es\/site\/bbraun\/acceso-a-la-prestacion\/#breadcrumb"},"inLanguage":"es","potentialAction":[{"@type":"ReadAction","target":["https:\/\/www.aon.es\/site\/bbraun\/acceso-a-la-prestacion\/"]}]},{"@type":"BreadcrumbList","@id":"https:\/\/www.aon.es\/site\/bbraun\/acceso-a-la-prestacion\/#breadcrumb","itemListElement":[{"@type":"ListItem","position":1,"name":"Home","item":"https:\/\/www.aon.es\/site\/bbraun\/inicio\/"},{"@type":"ListItem","position":2,"name":"Acceso a la prestaci\u00f3n"}]},{"@type":"WebSite","@id":"https:\/\/www.aon.es\/site\/bbraun\/#website","url":"https:\/\/www.aon.es\/site\/bbraun\/","name":"bbraun","description":"Just another Sitios de Aon site","potentialAction":[{"@type":"SearchAction","target":{"@type":"EntryPoint","urlTemplate":"https:\/\/www.aon.es\/site\/bbraun\/?s={search_term_string}"},"query-input":{"@type":"PropertyValueSpecification","valueRequired":true,"valueName":"search_term_string"}}],"inLanguage":"es"}]}},"_links":{"self":[{"href":"https:\/\/www.aon.es\/site\/bbraun\/wp-json\/wp\/v2\/pages\/105","targetHints":{"allow":["GET"]}}],"collection":[{"href":"https:\/\/www.aon.es\/site\/bbraun\/wp-json\/wp\/v2\/pages"}],"about":[{"href":"https:\/\/www.aon.es\/site\/bbraun\/wp-json\/wp\/v2\/types\/page"}],"author":[{"embeddable":true,"href":"https:\/\/www.aon.es\/site\/bbraun\/wp-json\/wp\/v2\/users\/1"}],"replies":[{"embeddable":true,"href":"https:\/\/www.aon.es\/site\/bbraun\/wp-json\/wp\/v2\/comments?post=105"}],"version-history":[{"count":6,"href":"https:\/\/www.aon.es\/site\/bbraun\/wp-json\/wp\/v2\/pages\/105\/revisions"}],"predecessor-version":[{"id":1471,"href":"https:\/\/www.aon.es\/site\/bbraun\/wp-json\/wp\/v2\/pages\/105\/revisions\/1471"}],"wp:attachment":[{"href":"https:\/\/www.aon.es\/site\/bbraun\/wp-json\/wp\/v2\/media?parent=105"}],"curies":[{"name":"wp","href":"https:\/\/api.w.org\/{rel}","templated":true}]}}