{"id":1349,"date":"2025-10-29T12:25:02","date_gmt":"2025-10-29T12:25:02","guid":{"rendered":"https:\/\/www.aon.es\/site\/bbraun\/?page_id=1349"},"modified":"2025-10-30T11:35:03","modified_gmt":"2025-10-30T11:35:03","slug":"resumen-adeslas-completa","status":"publish","type":"page","link":"https:\/\/www.aon.es\/site\/bbraun\/resumen-adeslas-completa\/","title":{"rendered":"Resumen Adeslas Completa"},"content":{"rendered":"<div id='full_slider_1'  class='avia-fullwidth-slider main_color avia-shadow   avia-builder-el-0  el_before_av_layout_row  avia-builder-el-first   container_wrap fullsize'  >\n<style type=\"text\/css\" data-created_by=\"avia_inline_auto\" id=\"style-css-av-kmbr5nbx-c3142d48ec35c9d0a28bf82a6be221cd\">\n#top #wrap_all .avia-slideshow .av-slideshow-caption.av-kmbr5nbx-c3142d48ec35c9d0a28bf82a6be221cd__0 .avia-caption-title{\ncolor:#ffffff;\n}\n<\/style>\n<div  class='avia-slideshow av-kmbr5nbx-c3142d48ec35c9d0a28bf82a6be221cd avia-slideshow-no scaling av_slideshow_full avia-slide-slider av-slideshow-ui av-control-default av-slideshow-manual av-loop-once av-loop-manual-endless av-default-height-applied   avia-slideshow-1' data-slideshow-options=\"{&quot;animation&quot;:&quot;slide&quot;,&quot;autoplay&quot;:false,&quot;loop_autoplay&quot;:&quot;once&quot;,&quot;interval&quot;:5,&quot;loop_manual&quot;:&quot;manual-endless&quot;,&quot;autoplay_stopper&quot;:false,&quot;noNavigation&quot;:false,&quot;bg_slider&quot;:false,&quot;keep_padding&quot;:false,&quot;hoverpause&quot;:false,&quot;show_slide_delay&quot;:0}\"  itemprop=\"image\" itemscope=\"itemscope\" itemtype=\"https:\/\/schema.org\/ImageObject\" ><ul class='avia-slideshow-inner ' style='padding-bottom: 22%;'><li  class='avia-slideshow-slide av-kmbr5nbx-c3142d48ec35c9d0a28bf82a6be221cd__0  av-single-slide slide-1 slide-odd'><div data-rel='slideshow-1' class='avia-slide-wrap '   ><img decoding=\"async\" fetchpriority=\"high\" class=\"wp-image-632 avia-img-lazy-loading-not-632\"  src=\"https:\/\/www.aon.es\/site\/bbraun\/wp-content\/uploads\/sites\/169\/2021\/02\/Barra_ResumenCobertura.jpg\" width=\"1400\" height=\"308\" title='Barra_ResumenCobertura' alt=''  itemprop=\"thumbnailUrl\" srcset=\"https:\/\/www.aon.es\/site\/bbraun\/wp-content\/uploads\/sites\/169\/2021\/02\/Barra_ResumenCobertura.jpg 1400w, https:\/\/www.aon.es\/site\/bbraun\/wp-content\/uploads\/sites\/169\/2021\/02\/Barra_ResumenCobertura-300x66.jpg 300w, https:\/\/www.aon.es\/site\/bbraun\/wp-content\/uploads\/sites\/169\/2021\/02\/Barra_ResumenCobertura-1030x227.jpg 1030w, https:\/\/www.aon.es\/site\/bbraun\/wp-content\/uploads\/sites\/169\/2021\/02\/Barra_ResumenCobertura-768x169.jpg 768w, https:\/\/www.aon.es\/site\/bbraun\/wp-content\/uploads\/sites\/169\/2021\/02\/Barra_ResumenCobertura-705x155.jpg 705w\" sizes=\"(max-width: 1400px) 100vw, 1400px\" \/><\/div><\/li><\/ul><\/div><\/div>\n<div id='av-layout-grid-1'  class='av-layout-grid-container av-e2hrp-3b73fade96b23c9af11f06ba4b944525 entry-content-wrapper main_color av-flex-cells  avia-builder-el-1  el_after_av_slideshow_full  avia-builder-el-last  grid-row-not-first  container_wrap fullsize'  >\n\n<style type=\"text\/css\" data-created_by=\"avia_inline_auto\" id=\"style-css-av-djc9h-1f7fddca5e1893adcbe971ca3ea66279\">\n.flex_cell.av-djc9h-1f7fddca5e1893adcbe971ca3ea66279{\nvertical-align:top;\n}\n<\/style>\n<div class='flex_cell av-djc9h-1f7fddca5e1893adcbe971ca3ea66279 av-gridrow-cell av_one_fifth no_margin  avia-builder-el-2  el_before_av_cell_two_fifth  avia-builder-el-first  content-align-top'  ><div class='flex_cell_inner'><\/div><\/div>\n<style type=\"text\/css\" data-created_by=\"avia_inline_auto\" id=\"style-css-av-cwjcp-2add4e3b734743fd34d2b65296dfb1f2\">\n.flex_cell.av-cwjcp-2add4e3b734743fd34d2b65296dfb1f2{\nvertical-align:top;\n}\n<\/style>\n<div class='flex_cell av-cwjcp-2add4e3b734743fd34d2b65296dfb1f2 av-gridrow-cell av_two_fifth no_margin  avia-builder-el-3  el_after_av_cell_one_fifth  el_before_av_cell_one_fifth  content-align-top'  ><div class='flex_cell_inner'><p>\n<style type=\"text\/css\" data-created_by=\"avia_inline_auto\" id=\"style-css-av-cgzph-de2b7efbc76877cf280e6f94f6b8b016\">\n#top .av-special-heading.av-cgzph-de2b7efbc76877cf280e6f94f6b8b016{\npadding-bottom:10px;\ncolor:#00619b;\n}\nbody .av-special-heading.av-cgzph-de2b7efbc76877cf280e6f94f6b8b016 .av-special-heading-tag .heading-char{\nfont-size:25px;\n}\n.av-special-heading.av-cgzph-de2b7efbc76877cf280e6f94f6b8b016 .special-heading-inner-border{\nborder-color:#00619b;\n}\n.av-special-heading.av-cgzph-de2b7efbc76877cf280e6f94f6b8b016 .av-subheading{\nfont-size:15px;\n}\n<\/style>\n<div  class='av-special-heading av-cgzph-de2b7efbc76877cf280e6f94f6b8b016 av-special-heading-h2 custom-color-heading  avia-builder-el-4  el_before_av_textblock  avia-builder-el-first '><h2 class='av-special-heading-tag '  itemprop=\"headline\"  >Resumen Adeslas Completa<\/h2><div class=\"special-heading-border\"><div class=\"special-heading-inner-border\"><\/div><\/div><\/div><br \/>\n<section  class='av_textblock_section av-bju41-a4bc7d68c7e22386657f4d86a91a8d26 '   itemscope=\"itemscope\" itemtype=\"https:\/\/schema.org\/CreativeWork\" ><div class='avia_textblock'  itemprop=\"text\" ><ul>\n<li><span style=\"font-size: 12pt\">Medicina general y pediatr\u00eda.<\/span><\/li>\n<li><span style=\"font-size: 12pt\">Especialidades: ginecolog\u00eda, oftalmolog\u00eda, dermatolog\u00eda, traumatolog\u00eda, etc.<\/span><\/li>\n<li><span style=\"font-size: 12pt\">Rehabilitaci\u00f3n y fisioterapia, cardiolog\u00eda, oncolog\u00eda, etc.<\/span><\/li>\n<li><span style=\"font-size: 12pt\">Medios de diagn\u00f3stico de alta tecnolog\u00eda: an\u00e1liticas, estudios radiogr\u00e1ficos, PET-TAC, mamograf\u00eda, etc.<\/span><\/li>\n<li><span style=\"font-size: 12pt\">Hospitalizaci\u00f3n: con o sin intervenci\u00f3n quir\u00fargica en UVI y psiqui\u00e1trica.<\/span><\/li>\n<li><span style=\"font-size: 12pt\">Parto y todo lo relacionado con \u00e9l.<\/span><\/li>\n<li><span style=\"font-size: 12pt\">Trasplantes: c\u00f3rnea y m\u00e9dula \u00f3sea.<\/span><\/li>\n<li><span style=\"font-size: 12pt\">Tratamientos especiales: psicoterapia, quimioterapia, di\u00e1lisis, oxigenoterapia ambulatoria y a domicilio, trastornos alimentarios, etc. <span style=\"text-decoration: underline;color: #44b3b3\"><a style=\"text-decoration: underline;color: #44b3b3\" href=\"https:\/\/www.aon.es\/site\/bbraun\/wp-content\/uploads\/sites\/169\/2025\/10\/adeslas_-pruebas-prescripcion.pdf\" target=\"_blank\" rel=\"noopener\">(descargar procedimiento gesti\u00f3n para autorizar volantes)<\/a><\/span><\/span><\/li>\n<li><span style=\"font-size: 12pt\">Urgencias ambulatorias y hospitalarias.<\/span><\/li>\n<li><span style=\"font-size: 12pt\">Segunda opini\u00f3n m\u00e9dica<span style=\"text-decoration: underline;color: #44b3b3\"> <a style=\"color: #44b3b3\" href=\"https:\/\/www.aon.es\/site\/bbraun\/segunda-opinion-medica\/\" target=\"_blank\" rel=\"noopener\">(ver procedimiento)<\/a><\/span><\/span><\/li>\n<li><span style=\"font-size: 12pt\">Asistencia sanitaria en el extranjero, hasta un l\u00edmite de 12.000 \u20ac a\u00f1o<a href=\"https:\/\/www.aon.es\/site\/bbraun\/wp-content\/uploads\/sites\/169\/2025\/10\/Adeslas-Asistencia-Viaje.pdf\" target=\"_blank\" rel=\"noopener\"><span style=\"text-decoration: underline;color: #44b3b3\"> (descargar condiciones generales asistencia en viaje)<\/span><\/a><\/span><\/li>\n<li><span style=\"font-size: 12pt\">L\u00e1ser verde para el tratamiento de la hiperplasia benigna de pr\u00f3stata. (Sin coste)<\/span><\/li>\n<li><span style=\"font-size: 12pt\">Logopedia procesos org\u00e1nicos: tratamiento de las alteraciones de la voz causadas por afecciones de origen org\u00e1nico.<\/span><\/li>\n<li><span style=\"font-size: 12pt\">Cobertura dental franquiciado<span style=\"text-decoration: underline;color: #44b3b3\"> <a style=\"color: #44b3b3;text-decoration: underline\" href=\"https:\/\/www.aon.es\/site\/bbraun\/wp-content\/uploads\/sites\/169\/2025\/10\/Adeslas-Franquicias-DENTAL.pdf\" target=\"_blank\" rel=\"noopener\">(consultar franquicias dentales)<\/a><\/span><\/span><\/li>\n<\/ul>\n<\/div><\/section><\/p>\n<\/div><\/div>\n<style type=\"text\/css\" data-created_by=\"avia_inline_auto\" id=\"style-css-av-b99sd-140f6bf8581ceed342a10bfe090db8cc\">\n.flex_cell.av-b99sd-140f6bf8581ceed342a10bfe090db8cc{\nvertical-align:top;\n}\n<\/style>\n<div class='flex_cell av-b99sd-140f6bf8581ceed342a10bfe090db8cc av-gridrow-cell av_one_fifth no_margin  avia-builder-el-6  el_after_av_cell_two_fifth  el_before_av_cell_one_fifth  content-align-top'  ><div class='flex_cell_inner'><p><div  class='flex_column av-mh1yalu9-eae6a2a807bc32cede6c303720f4c16b av_one_fifth  avia-builder-el-7  el_before_av_four_fifth  avia-builder-el-first  first no_margin flex_column_div  '     ><style type=\"text\/css\" data-created_by=\"avia_inline_auto\" id=\"style-css-av-mhc11nr4-bc2e2f70bb1fa6721d35746283fffb57\">\n.avia-image-container.av-mhc11nr4-bc2e2f70bb1fa6721d35746283fffb57 img.avia_image{\nbox-shadow:none;\n}\n.avia-image-container.av-mhc11nr4-bc2e2f70bb1fa6721d35746283fffb57 .av-image-caption-overlay-center{\ncolor:#ffffff;\n}\n<\/style>\n<div  class='avia-image-container av-mhc11nr4-bc2e2f70bb1fa6721d35746283fffb57 av-styling- av-img-linked avia-align-center  avia-builder-el-8  avia-builder-el-no-sibling '   itemprop=\"image\" itemscope=\"itemscope\" itemtype=\"https:\/\/schema.org\/ImageObject\" ><div class=\"avia-image-container-inner\"><div class=\"avia-image-overlay-wrap\"><a href=\"https:\/\/www.aon.es\/site\/bbraun\/wp-content\/uploads\/sites\/169\/2025\/10\/Adeslas-CCGG-Adeslas-Completa-CM.pdf\" class='avia_image '  target=\"_blank\"  rel=\"noopener noreferrer\" aria-label='LogoPdf_300x300'><img decoding=\"async\" fetchpriority=\"high\" class='wp-image-1341 avia-img-lazy-loading-not-1341 avia_image ' src=\"https:\/\/www.aon.es\/site\/bbraun\/wp-content\/uploads\/sites\/169\/2025\/10\/LogoPdf_300x300.jpg\" alt='' title='LogoPdf_300x300'  height=\"300\" width=\"300\"  itemprop=\"thumbnailUrl\" srcset=\"https:\/\/www.aon.es\/site\/bbraun\/wp-content\/uploads\/sites\/169\/2025\/10\/LogoPdf_300x300.jpg 300w, https:\/\/www.aon.es\/site\/bbraun\/wp-content\/uploads\/sites\/169\/2025\/10\/LogoPdf_300x300-80x80.jpg 80w, https:\/\/www.aon.es\/site\/bbraun\/wp-content\/uploads\/sites\/169\/2025\/10\/LogoPdf_300x300-36x36.jpg 36w, https:\/\/www.aon.es\/site\/bbraun\/wp-content\/uploads\/sites\/169\/2025\/10\/LogoPdf_300x300-180x180.jpg 180w\" sizes=\"(max-width: 300px) 100vw, 300px\" \/><\/a><\/div><\/div><\/div><\/div><div  class='flex_column av-mh1y8yg1-3bb9e7b46499ddaaf498bd9a91b2e241 av_four_fifth  avia-builder-el-9  el_after_av_one_fifth  el_before_av_one_fifth  no_margin flex_column_div  '     ><section  class='av_textblock_section av-mh1y5m9t-7e811f7a8652b2c3d5527c2c9d2e1f25 '   itemscope=\"itemscope\" itemtype=\"https:\/\/schema.org\/CreativeWork\" ><div class='avia_textblock'  itemprop=\"text\" ><p><span style=\"color: #44b3b3\"><a style=\"color: #44b3b3\" href=\"https:\/\/www.aon.es\/site\/bbraun\/wp-content\/uploads\/sites\/169\/2025\/10\/Adeslas-CCGG-Adeslas-Completa-CM.pdf\" target=\"_blank\" rel=\"noopener\"><u>Condicionado General Adeslas Completa<\/u><\/a><\/span><\/p>\n<\/div><\/section><\/div><div  class='flex_column av-aekp1-744f5366a3c694265c3b8a60d56202df av_one_fifth  avia-builder-el-11  el_after_av_four_fifth  el_before_av_four_fifth  first no_margin flex_column_div  '     ><style type=\"text\/css\" data-created_by=\"avia_inline_auto\" id=\"style-css-av-mhc12tgg-f01c08f7e6093051fa09e36c5c2d9fc1\">\n.avia-image-container.av-mhc12tgg-f01c08f7e6093051fa09e36c5c2d9fc1 img.avia_image{\nbox-shadow:none;\n}\n.avia-image-container.av-mhc12tgg-f01c08f7e6093051fa09e36c5c2d9fc1 .av-image-caption-overlay-center{\ncolor:#ffffff;\n}\n<\/style>\n<div  class='avia-image-container av-mhc12tgg-f01c08f7e6093051fa09e36c5c2d9fc1 av-styling- av-img-linked avia-align-center  avia-builder-el-12  avia-builder-el-no-sibling '   itemprop=\"image\" itemscope=\"itemscope\" itemtype=\"https:\/\/schema.org\/ImageObject\" ><div class=\"avia-image-container-inner\"><div class=\"avia-image-overlay-wrap\"><a href=\"https:\/\/www.aon.es\/site\/bbraun\/wp-content\/uploads\/sites\/169\/2025\/10\/Adeslas-Asistencia-Viaje.pdf\" class='avia_image '  target=\"_blank\"  rel=\"noopener noreferrer\" aria-label='LogoPdf_300x300'><img decoding=\"async\" fetchpriority=\"high\" class='wp-image-1341 avia-img-lazy-loading-not-1341 avia_image ' src=\"https:\/\/www.aon.es\/site\/bbraun\/wp-content\/uploads\/sites\/169\/2025\/10\/LogoPdf_300x300.jpg\" alt='' title='LogoPdf_300x300'  height=\"300\" width=\"300\"  itemprop=\"thumbnailUrl\" srcset=\"https:\/\/www.aon.es\/site\/bbraun\/wp-content\/uploads\/sites\/169\/2025\/10\/LogoPdf_300x300.jpg 300w, https:\/\/www.aon.es\/site\/bbraun\/wp-content\/uploads\/sites\/169\/2025\/10\/LogoPdf_300x300-80x80.jpg 80w, https:\/\/www.aon.es\/site\/bbraun\/wp-content\/uploads\/sites\/169\/2025\/10\/LogoPdf_300x300-36x36.jpg 36w, https:\/\/www.aon.es\/site\/bbraun\/wp-content\/uploads\/sites\/169\/2025\/10\/LogoPdf_300x300-180x180.jpg 180w\" sizes=\"(max-width: 300px) 100vw, 300px\" \/><\/a><\/div><\/div><\/div><\/div><div  class='flex_column av-9bss9-f2769f0476dbb47cee2f2ca624bd8fc6 av_four_fifth  avia-builder-el-13  el_after_av_one_fifth  el_before_av_one_fifth  no_margin flex_column_div  '     ><section  class='av_textblock_section av-8fr05-c1b2c610a01281c6e85c0987bab515d0 '   itemscope=\"itemscope\" itemtype=\"https:\/\/schema.org\/CreativeWork\" ><div class='avia_textblock'  itemprop=\"text\" ><p><span style=\"color: #44b3b3\"><a style=\"color: #44b3b3\" href=\"https:\/\/www.aon.es\/site\/bbraun\/wp-content\/uploads\/sites\/169\/2025\/10\/Adeslas-Asistencia-Viaje.pdf\" target=\"_blank\" rel=\"noopener\"><u>Condicionado Asistencia en Viaje en el Extranjero<\/u><\/a><\/span><\/p>\n<\/div><\/section><\/div><div  class='flex_column av-80br9-fdc3a421278c009781f4fde0fea3e9b7 av_one_fifth  avia-builder-el-15  el_after_av_four_fifth  el_before_av_four_fifth  first no_margin flex_column_div  '     ><style type=\"text\/css\" data-created_by=\"avia_inline_auto\" id=\"style-css-av-mhc13rr1-4f20069856892a6e71c1d6c0f7f947e0\">\n.avia-image-container.av-mhc13rr1-4f20069856892a6e71c1d6c0f7f947e0 img.avia_image{\nbox-shadow:none;\n}\n.avia-image-container.av-mhc13rr1-4f20069856892a6e71c1d6c0f7f947e0 .av-image-caption-overlay-center{\ncolor:#ffffff;\n}\n<\/style>\n<div  class='avia-image-container av-mhc13rr1-4f20069856892a6e71c1d6c0f7f947e0 av-styling- av-img-linked avia-align-center  avia-builder-el-16  avia-builder-el-no-sibling '   itemprop=\"image\" itemscope=\"itemscope\" itemtype=\"https:\/\/schema.org\/ImageObject\" ><div class=\"avia-image-container-inner\"><div class=\"avia-image-overlay-wrap\"><a href=\"https:\/\/www.aon.es\/site\/bbraun\/wp-content\/uploads\/sites\/169\/2025\/10\/Adeslas-CCGG-Dental.pdf\" class='avia_image '  target=\"_blank\"  rel=\"noopener noreferrer\" aria-label='LogoPdf_300x300'><img decoding=\"async\" fetchpriority=\"high\" class='wp-image-1341 avia-img-lazy-loading-not-1341 avia_image ' src=\"https:\/\/www.aon.es\/site\/bbraun\/wp-content\/uploads\/sites\/169\/2025\/10\/LogoPdf_300x300.jpg\" alt='' title='LogoPdf_300x300'  height=\"300\" width=\"300\"  itemprop=\"thumbnailUrl\" srcset=\"https:\/\/www.aon.es\/site\/bbraun\/wp-content\/uploads\/sites\/169\/2025\/10\/LogoPdf_300x300.jpg 300w, https:\/\/www.aon.es\/site\/bbraun\/wp-content\/uploads\/sites\/169\/2025\/10\/LogoPdf_300x300-80x80.jpg 80w, https:\/\/www.aon.es\/site\/bbraun\/wp-content\/uploads\/sites\/169\/2025\/10\/LogoPdf_300x300-36x36.jpg 36w, https:\/\/www.aon.es\/site\/bbraun\/wp-content\/uploads\/sites\/169\/2025\/10\/LogoPdf_300x300-180x180.jpg 180w\" sizes=\"(max-width: 300px) 100vw, 300px\" \/><\/a><\/div><\/div><\/div><\/div><div  class='flex_column av-6y3tx-36f89fa988fc2f4c7ab708e3082b477c av_four_fifth  avia-builder-el-17  el_after_av_one_fifth  avia-builder-el-last  no_margin flex_column_div  '     ><section  class='av_textblock_section av-1ujyl-215dcd805eaab7d9a30f99f5eee8dc30 '   itemscope=\"itemscope\" itemtype=\"https:\/\/schema.org\/CreativeWork\" ><div class='avia_textblock'  itemprop=\"text\" ><p><span style=\"color: #44b3b3\"><a style=\"color: #44b3b3\" href=\"https:\/\/www.aon.es\/site\/bbraun\/wp-content\/uploads\/sites\/169\/2025\/10\/Adeslas-CCGG-Dental.pdf\" target=\"_blank\" rel=\"noopener\"><u>Condicionado General Adeslas Dental<\/u><\/a><\/span><\/p>\n<\/div><\/section><\/div><\/p>\n<\/div><\/div>\n<style type=\"text\/css\" data-created_by=\"avia_inline_auto\" id=\"style-css-av-rqnt-3df6b608c58d9008bfa98f5221e30fe7\">\n.flex_cell.av-rqnt-3df6b608c58d9008bfa98f5221e30fe7{\nvertical-align:top;\n}\n<\/style>\n<div class='flex_cell av-rqnt-3df6b608c58d9008bfa98f5221e30fe7 av-gridrow-cell av_one_fifth no_margin  avia-builder-el-19  el_after_av_cell_one_fifth  avia-builder-el-last  content-align-top'  ><div class='flex_cell_inner'><\/div><\/div><\/div>\n","protected":false},"excerpt":{"rendered":"","protected":false},"author":23,"featured_media":0,"parent":0,"menu_order":0,"comment_status":"closed","ping_status":"closed","template":"","meta":{"footnotes":""},"class_list":["post-1349","page","type-page","status-publish","hentry"],"yoast_head":"<!-- This site is optimized with the Yoast SEO plugin v27.3 - https:\/\/yoast.com\/product\/yoast-seo-wordpress\/ -->\n<title>Resumen Adeslas Completa - bbraun<\/title>\n<meta name=\"robots\" content=\"index, follow, max-snippet:-1, max-image-preview:large, max-video-preview:-1\" \/>\n<link rel=\"canonical\" href=\"https:\/\/www.aon.es\/site\/bbraun\/resumen-adeslas-completa\/\" \/>\n<meta property=\"og:locale\" content=\"es_ES\" \/>\n<meta property=\"og:type\" content=\"article\" \/>\n<meta property=\"og:title\" content=\"Resumen Adeslas Completa - bbraun\" \/>\n<meta property=\"og:url\" content=\"https:\/\/www.aon.es\/site\/bbraun\/resumen-adeslas-completa\/\" \/>\n<meta property=\"og:site_name\" content=\"bbraun\" \/>\n<meta property=\"article:modified_time\" content=\"2025-10-30T11:35:03+00:00\" \/>\n<meta name=\"twitter:card\" content=\"summary_large_image\" \/>\n<meta name=\"twitter:label1\" content=\"Tiempo de lectura\" \/>\n\t<meta name=\"twitter:data1\" content=\"2 minutos\" \/>\n<script type=\"application\/ld+json\" class=\"yoast-schema-graph\">{\"@context\":\"https:\\\/\\\/schema.org\",\"@graph\":[{\"@type\":\"WebPage\",\"@id\":\"https:\\\/\\\/www.aon.es\\\/site\\\/bbraun\\\/resumen-adeslas-completa\\\/\",\"url\":\"https:\\\/\\\/www.aon.es\\\/site\\\/bbraun\\\/resumen-adeslas-completa\\\/\",\"name\":\"Resumen Adeslas Completa - bbraun\",\"isPartOf\":{\"@id\":\"https:\\\/\\\/www.aon.es\\\/site\\\/bbraun\\\/#website\"},\"datePublished\":\"2025-10-29T12:25:02+00:00\",\"dateModified\":\"2025-10-30T11:35:03+00:00\",\"breadcrumb\":{\"@id\":\"https:\\\/\\\/www.aon.es\\\/site\\\/bbraun\\\/resumen-adeslas-completa\\\/#breadcrumb\"},\"inLanguage\":\"es\",\"potentialAction\":[{\"@type\":\"ReadAction\",\"target\":[\"https:\\\/\\\/www.aon.es\\\/site\\\/bbraun\\\/resumen-adeslas-completa\\\/\"]}]},{\"@type\":\"BreadcrumbList\",\"@id\":\"https:\\\/\\\/www.aon.es\\\/site\\\/bbraun\\\/resumen-adeslas-completa\\\/#breadcrumb\",\"itemListElement\":[{\"@type\":\"ListItem\",\"position\":1,\"name\":\"Home\",\"item\":\"https:\\\/\\\/www.aon.es\\\/site\\\/bbraun\\\/inicio\\\/\"},{\"@type\":\"ListItem\",\"position\":2,\"name\":\"Resumen Adeslas Completa\"}]},{\"@type\":\"WebSite\",\"@id\":\"https:\\\/\\\/www.aon.es\\\/site\\\/bbraun\\\/#website\",\"url\":\"https:\\\/\\\/www.aon.es\\\/site\\\/bbraun\\\/\",\"name\":\"bbraun\",\"description\":\"Just another Sitios de Aon site\",\"potentialAction\":[{\"@type\":\"SearchAction\",\"target\":{\"@type\":\"EntryPoint\",\"urlTemplate\":\"https:\\\/\\\/www.aon.es\\\/site\\\/bbraun\\\/?s={search_term_string}\"},\"query-input\":{\"@type\":\"PropertyValueSpecification\",\"valueRequired\":true,\"valueName\":\"search_term_string\"}}],\"inLanguage\":\"es\"}]}<\/script>\n<!-- \/ Yoast SEO plugin. -->","yoast_head_json":{"title":"Resumen Adeslas Completa - bbraun","robots":{"index":"index","follow":"follow","max-snippet":"max-snippet:-1","max-image-preview":"max-image-preview:large","max-video-preview":"max-video-preview:-1"},"canonical":"https:\/\/www.aon.es\/site\/bbraun\/resumen-adeslas-completa\/","og_locale":"es_ES","og_type":"article","og_title":"Resumen Adeslas Completa - bbraun","og_url":"https:\/\/www.aon.es\/site\/bbraun\/resumen-adeslas-completa\/","og_site_name":"bbraun","article_modified_time":"2025-10-30T11:35:03+00:00","twitter_card":"summary_large_image","twitter_misc":{"Tiempo de lectura":"2 minutos"},"schema":{"@context":"https:\/\/schema.org","@graph":[{"@type":"WebPage","@id":"https:\/\/www.aon.es\/site\/bbraun\/resumen-adeslas-completa\/","url":"https:\/\/www.aon.es\/site\/bbraun\/resumen-adeslas-completa\/","name":"Resumen Adeslas Completa - bbraun","isPartOf":{"@id":"https:\/\/www.aon.es\/site\/bbraun\/#website"},"datePublished":"2025-10-29T12:25:02+00:00","dateModified":"2025-10-30T11:35:03+00:00","breadcrumb":{"@id":"https:\/\/www.aon.es\/site\/bbraun\/resumen-adeslas-completa\/#breadcrumb"},"inLanguage":"es","potentialAction":[{"@type":"ReadAction","target":["https:\/\/www.aon.es\/site\/bbraun\/resumen-adeslas-completa\/"]}]},{"@type":"BreadcrumbList","@id":"https:\/\/www.aon.es\/site\/bbraun\/resumen-adeslas-completa\/#breadcrumb","itemListElement":[{"@type":"ListItem","position":1,"name":"Home","item":"https:\/\/www.aon.es\/site\/bbraun\/inicio\/"},{"@type":"ListItem","position":2,"name":"Resumen Adeslas Completa"}]},{"@type":"WebSite","@id":"https:\/\/www.aon.es\/site\/bbraun\/#website","url":"https:\/\/www.aon.es\/site\/bbraun\/","name":"bbraun","description":"Just another Sitios de Aon site","potentialAction":[{"@type":"SearchAction","target":{"@type":"EntryPoint","urlTemplate":"https:\/\/www.aon.es\/site\/bbraun\/?s={search_term_string}"},"query-input":{"@type":"PropertyValueSpecification","valueRequired":true,"valueName":"search_term_string"}}],"inLanguage":"es"}]}},"_links":{"self":[{"href":"https:\/\/www.aon.es\/site\/bbraun\/wp-json\/wp\/v2\/pages\/1349","targetHints":{"allow":["GET"]}}],"collection":[{"href":"https:\/\/www.aon.es\/site\/bbraun\/wp-json\/wp\/v2\/pages"}],"about":[{"href":"https:\/\/www.aon.es\/site\/bbraun\/wp-json\/wp\/v2\/types\/page"}],"author":[{"embeddable":true,"href":"https:\/\/www.aon.es\/site\/bbraun\/wp-json\/wp\/v2\/users\/23"}],"replies":[{"embeddable":true,"href":"https:\/\/www.aon.es\/site\/bbraun\/wp-json\/wp\/v2\/comments?post=1349"}],"version-history":[{"count":12,"href":"https:\/\/www.aon.es\/site\/bbraun\/wp-json\/wp\/v2\/pages\/1349\/revisions"}],"predecessor-version":[{"id":1472,"href":"https:\/\/www.aon.es\/site\/bbraun\/wp-json\/wp\/v2\/pages\/1349\/revisions\/1472"}],"wp:attachment":[{"href":"https:\/\/www.aon.es\/site\/bbraun\/wp-json\/wp\/v2\/media?parent=1349"}],"curies":[{"name":"wp","href":"https:\/\/api.w.org\/{rel}","templated":true}]}}