{"id":578,"date":"2021-02-18T11:17:34","date_gmt":"2021-02-18T11:17:34","guid":{"rendered":"https:\/\/www.aon.es\/site\/leroymerlin\/?page_id=578"},"modified":"2025-10-30T11:42:30","modified_gmt":"2025-10-30T11:42:30","slug":"seguro-dental-plus","status":"publish","type":"page","link":"https:\/\/www.aon.es\/site\/bbraun\/seguro-dental-plus\/","title":{"rendered":"Seguro Dental Plus"},"content":{"rendered":"<div id='full_slider_1'  class='avia-fullwidth-slider main_color avia-shadow   avia-builder-el-0  el_before_av_iconlist  avia-builder-el-first   container_wrap fullsize'  >\n<style type=\"text\/css\" data-created_by=\"avia_inline_auto\" id=\"style-css-av-klas7aej-d1de64bfe1ba5097cea5d8662e71eb96\">\n#top #wrap_all .avia-slideshow .av-slideshow-caption.av-klas7aej-d1de64bfe1ba5097cea5d8662e71eb96__0 .avia-caption-title{\nfont-size:24px;\ncolor:#ffffff;\n}\n#top .avia-slideshow .av-slideshow-caption.av-klas7aej-d1de64bfe1ba5097cea5d8662e71eb96__0 .avia-caption-content{\nfont-size:24px;\n}\n#top .avia-slideshow .av-slideshow-caption.av-klas7aej-d1de64bfe1ba5097cea5d8662e71eb96__0 .avia-caption-content p{\nfont-size:24px;\n}\n<\/style>\n<div  class='avia-slideshow av-klas7aej-d1de64bfe1ba5097cea5d8662e71eb96 avia-slideshow-no scaling av_slideshow_full avia-slide-slider av-slideshow-ui av-control-default av-slideshow-manual av-loop-once av-loop-manual-endless av-default-height-applied   avia-slideshow-1' data-slideshow-options=\"{&quot;animation&quot;:&quot;slide&quot;,&quot;autoplay&quot;:false,&quot;loop_autoplay&quot;:&quot;once&quot;,&quot;interval&quot;:5,&quot;loop_manual&quot;:&quot;manual-endless&quot;,&quot;autoplay_stopper&quot;:false,&quot;noNavigation&quot;:false,&quot;bg_slider&quot;:false,&quot;keep_padding&quot;:false,&quot;hoverpause&quot;:false,&quot;show_slide_delay&quot;:0}\"  itemprop=\"image\" itemscope=\"itemscope\" itemtype=\"https:\/\/schema.org\/ImageObject\" ><ul class='avia-slideshow-inner ' style='padding-bottom: 15.209125475285%;'><li  class='avia-slideshow-slide av-klas7aej-d1de64bfe1ba5097cea5d8662e71eb96__0  av-single-slide slide-1 slide-odd'><div data-rel='slideshow-1' class='avia-slide-wrap '   ><div class='av-slideshow-caption av-klas7aej-d1de64bfe1ba5097cea5d8662e71eb96__0 caption_fullwidth caption_left caption_left_framed caption_framed'><div class=\"container caption_container\"><div class=\"slideshow_caption\"><div class=\"slideshow_inner_caption\"><div class=\"slideshow_align_caption\"><h2 class='avia-caption-title '  itemprop=\"name\" >Dental Franquiciado<\/h2><\/div><\/div><\/div><\/div><\/div><img decoding=\"async\" fetchpriority=\"high\" class=\"wp-image-906 avia-img-lazy-loading-not-906\"  src=\"https:\/\/www.aon.es\/site\/bbraun\/wp-content\/uploads\/sites\/169\/2021\/03\/Barra_Dental_v2.jpg\" width=\"1315\" height=\"200\" title='Barra_Dental_v2' alt=''  itemprop=\"thumbnailUrl\" srcset=\"https:\/\/www.aon.es\/site\/bbraun\/wp-content\/uploads\/sites\/169\/2021\/03\/Barra_Dental_v2.jpg 1315w, https:\/\/www.aon.es\/site\/bbraun\/wp-content\/uploads\/sites\/169\/2021\/03\/Barra_Dental_v2-300x46.jpg 300w, https:\/\/www.aon.es\/site\/bbraun\/wp-content\/uploads\/sites\/169\/2021\/03\/Barra_Dental_v2-1030x157.jpg 1030w, https:\/\/www.aon.es\/site\/bbraun\/wp-content\/uploads\/sites\/169\/2021\/03\/Barra_Dental_v2-768x117.jpg 768w, https:\/\/www.aon.es\/site\/bbraun\/wp-content\/uploads\/sites\/169\/2021\/03\/Barra_Dental_v2-705x107.jpg 705w\" sizes=\"(max-width: 1315px) 100vw, 1315px\" \/><\/div><\/li><\/ul><\/div><\/div><div id='after_full_slider_1'  class='main_color av_default_container_wrap container_wrap fullsize'  ><div class='container av-section-cont-open' ><div class='template-page content  av-content-full alpha units'><div class='post-entry post-entry-type-page post-entry-578'><div class='entry-content-wrapper clearfix'>\n<div  class='avia-icon-list-container av-mhdanaxr-616b6a3f08f0725e0998734bc1b5a07f  avia-builder-el-1  el_after_av_slideshow_full  avia-builder-el-no-sibling '><ul class='avia-icon-list avia_animate_when_almost_visible avia-icon-list-left av-iconlist-big av-mhdanaxr-616b6a3f08f0725e0998734bc1b5a07f avia-iconlist-animate'>\n<li><div class='iconlist_icon av-mhdafi6r-7df8273ceed4a198d522e3b6fc315736 avia-font-svg_entypo-fontello avia-svg-icon avia-font-svg_entypo-fontello'><span class='av-icon-char' data-av_svg_icon='tools' data-av_iconset='svg_entypo-fontello'><svg version=\"1.1\" xmlns=\"http:\/\/www.w3.org\/2000\/svg\" width=\"32\" height=\"32\" viewBox=\"0 0 32 32\" preserveAspectRatio=\"xMidYMid meet\" aria-labelledby='av-svg-title-1' aria-describedby='av-svg-desc-1' role=\"graphics-symbol\" aria-hidden=\"true\">\n<title id='av-svg-title-1'>Tools<\/title>\n<desc id='av-svg-desc-1'>Tools<\/desc>\n<path d=\"M4.96 11.008q-0.256 0.256-0.352 0.704t-0.096 0.8-0.064 0.352q-0.064 0.064-0.544 0.48t-0.608 0.544q-0.512 0.448-0.896-0.128l-2.24-2.432q-0.352-0.384 0.064-0.768 0.064-0.064 0.576-0.448t0.64-0.512q0.192-0.192 0.864-0.192t1.184-0.448q0.448-0.448 0.576-1.216t0.32-0.96q0.064 0 0.288-0.224t0.832-0.704 1.312-0.992q4.288-2.88 5.952-3.072 3.904 0 4.736 0.064 0.384 0-0.256 0.256-3.84 1.664-4.864 2.432-2.56 1.792-1.152 3.648 1.088 1.472 1.216 1.536 0.256 0.256-0.064 0.448-0.064 0.064-1.216 1.12t-1.216 1.12q-0.448 0.256-0.576 0.128-1.344-1.536-2.272-1.92t-2.144 0.384zM14.112 11.84l13.12 15.232q0.576 0.704-0.064 1.216l-1.536 1.344q-0.704 0.448-1.216-0.128l-13.248-15.104q-0.256-0.256 0-0.64l2.304-1.984q0.384-0.256 0.64 0.064zM31.84 5.376q0.512 3.328-0.512 5.312-1.6 2.816-4.928 1.984-1.792-0.384-3.2 1.024l-2.624 2.496-2.176-2.496 2.176-2.24q0.768-0.768 0.992-1.696t0.192-2.080 0.16-1.856q0.384-1.792 4.48-3.584 0.384-0.192 0.576 0.096t0.064 0.48q-0.384 0.384-1.472 2.56-0.448 0.32-0.384 1.12t1.28 1.696q1.856 1.28 3.072-0.704 0.192-0.384 0.832-1.312t0.704-1.056q0.128-0.32 0.416-0.288t0.352 0.544zM4.384 27.264l8.128-7.936 2.432 2.752-7.872 7.744q-0.64 0.64-1.216 0.128l-1.472-1.472q-0.704-0.576 0-1.216z\"><\/path>\n<\/svg><\/span><\/div><article class=\"article-icon-entry \"  itemscope=\"itemscope\" itemtype=\"https:\/\/schema.org\/CreativeWork\" ><div class=\"iconlist_content_wrap\"><header class=\"entry-content-header\" aria-label=\"Icon: Adeslas Dental\"><h4 class='av_iconlist_title iconlist_title  '  itemprop=\"headline\" >Adeslas Dental<\/h4><\/header><div class='iconlist_content '  itemprop=\"text\" ><p><span style=\"font-size: 12pt;color: #000000\">Con este producto bucodental podr\u00e1s acceder a una gran cantidad de servicios sin coste adicional: urgencias, limpiezas de boca, consultas de diagn\u00f3stico, revisiones, educaci\u00f3n bucal, radiograf\u00edas odontol\u00f3gicas, fluorizaciones. Adem\u00e1s, dispones de descuentos en todos los tratamientos dentales que necesites.<\/span><\/p>\n<p><span style=\"text-decoration: underline;color: #44b3b3;font-size: 12pt\"><a style=\"color: #44b3b3;text-decoration: underline\" href=\"https:\/\/www.aon.es\/site\/bbraun\/wp-content\/uploads\/sites\/169\/2025\/10\/Adeslas-CCGG-Dental.pdf\" target=\"_blank\" rel=\"noopener\">M\u00e1s Informaci\u00f3n<\/a><\/span><\/p>\n<\/div><\/div><footer class=\"entry-footer\"><\/footer><\/article><div class=\"iconlist-timeline\"><\/div><\/li>\n<li><div class='iconlist_icon av-mhdajt27-ede3bbf7a86bfe172c86ff2d408c5782 avia-font-svg_entypo-fontello avia-svg-icon avia-font-svg_entypo-fontello'><span class='av-icon-char' data-av_svg_icon='brush' data-av_iconset='svg_entypo-fontello'><svg version=\"1.1\" xmlns=\"http:\/\/www.w3.org\/2000\/svg\" width=\"31\" height=\"32\" viewBox=\"0 0 31 32\" preserveAspectRatio=\"xMidYMid meet\" aria-labelledby='av-svg-title-2' aria-describedby='av-svg-desc-2' role=\"graphics-symbol\" aria-hidden=\"true\">\n<title id='av-svg-title-2'>Brush<\/title>\n<desc id='av-svg-desc-2'>Brush<\/desc>\n<path d=\"M3.776 21.76q1.216-1.088 2.72-0.928t2.784 1.44q1.344 1.28 1.536 2.784t-0.96 2.656q-2.752 2.688-7.296 3.264-2.688 0.384-2.56-0.448 0-0.128 0.192-0.32 1.664-1.92 2.048-4.64t1.536-3.808zM30.656 1.088q0.832 0.832-4.736 7.936t-9.344 10.816q-1.216 1.216-3.968 3.328-0.256 0.192-0.512-0.256-0.576-1.088-1.536-2.048-1.024-1.024-2.112-1.536-0.512-0.192-0.256-0.512 2.048-2.688 3.328-3.904 3.776-3.712 11.008-9.184t8.128-4.64z\"><\/path>\n<\/svg><\/span><\/div><article class=\"article-icon-entry \"  itemscope=\"itemscope\" itemtype=\"https:\/\/schema.org\/CreativeWork\" ><div class=\"iconlist_content_wrap\"><header class=\"entry-content-header\" aria-label=\"Icon: Franquicias Dentales\"><h4 class='av_iconlist_title iconlist_title  '  itemprop=\"headline\" >Franquicias Dentales<\/h4><\/header><div class='iconlist_content '  itemprop=\"text\" ><p><span style=\"text-decoration: underline;color: #44b3b3;font-size: 12pt\"><a style=\"color: #44b3b3;text-decoration: underline\" href=\"https:\/\/www.aon.es\/site\/bbraun\/wp-content\/uploads\/sites\/169\/2025\/10\/Adeslas-Franquicias-DENTAL.pdf\" target=\"_blank\" rel=\"noopener\">M\u00e1s Informaci\u00f3n<\/a><\/span><\/p>\n<\/div><\/div><footer class=\"entry-footer\"><\/footer><\/article><div class=\"iconlist-timeline\"><\/div><\/li>\n<\/ul><\/div>\n","protected":false},"excerpt":{"rendered":"","protected":false},"author":1,"featured_media":0,"parent":0,"menu_order":0,"comment_status":"closed","ping_status":"closed","template":"","meta":{"footnotes":""},"class_list":["post-578","page","type-page","status-publish","hentry"],"yoast_head":"<!-- This site is optimized with the Yoast SEO plugin v27.3 - https:\/\/yoast.com\/product\/yoast-seo-wordpress\/ -->\n<title>Seguro Dental Plus - bbraun<\/title>\n<meta name=\"robots\" content=\"index, follow, max-snippet:-1, max-image-preview:large, max-video-preview:-1\" \/>\n<link rel=\"canonical\" href=\"https:\/\/www.aon.es\/site\/bbraun\/seguro-dental-plus\/\" \/>\n<meta property=\"og:locale\" content=\"es_ES\" \/>\n<meta property=\"og:type\" content=\"article\" \/>\n<meta property=\"og:title\" content=\"Seguro Dental Plus - bbraun\" \/>\n<meta property=\"og:url\" content=\"https:\/\/www.aon.es\/site\/bbraun\/seguro-dental-plus\/\" \/>\n<meta property=\"og:site_name\" content=\"bbraun\" \/>\n<meta property=\"article:modified_time\" content=\"2025-10-30T11:42:30+00:00\" \/>\n<meta name=\"twitter:card\" content=\"summary_large_image\" \/>\n<meta name=\"twitter:label1\" content=\"Tiempo de lectura\" \/>\n\t<meta name=\"twitter:data1\" content=\"1 minuto\" \/>\n<script type=\"application\/ld+json\" class=\"yoast-schema-graph\">{\"@context\":\"https:\\\/\\\/schema.org\",\"@graph\":[{\"@type\":\"WebPage\",\"@id\":\"https:\\\/\\\/www.aon.es\\\/site\\\/bbraun\\\/seguro-dental-plus\\\/\",\"url\":\"https:\\\/\\\/www.aon.es\\\/site\\\/bbraun\\\/seguro-dental-plus\\\/\",\"name\":\"Seguro Dental Plus - bbraun\",\"isPartOf\":{\"@id\":\"https:\\\/\\\/www.aon.es\\\/site\\\/bbraun\\\/#website\"},\"datePublished\":\"2021-02-18T11:17:34+00:00\",\"dateModified\":\"2025-10-30T11:42:30+00:00\",\"breadcrumb\":{\"@id\":\"https:\\\/\\\/www.aon.es\\\/site\\\/bbraun\\\/seguro-dental-plus\\\/#breadcrumb\"},\"inLanguage\":\"es\",\"potentialAction\":[{\"@type\":\"ReadAction\",\"target\":[\"https:\\\/\\\/www.aon.es\\\/site\\\/bbraun\\\/seguro-dental-plus\\\/\"]}]},{\"@type\":\"BreadcrumbList\",\"@id\":\"https:\\\/\\\/www.aon.es\\\/site\\\/bbraun\\\/seguro-dental-plus\\\/#breadcrumb\",\"itemListElement\":[{\"@type\":\"ListItem\",\"position\":1,\"name\":\"Home\",\"item\":\"https:\\\/\\\/www.aon.es\\\/site\\\/bbraun\\\/inicio\\\/\"},{\"@type\":\"ListItem\",\"position\":2,\"name\":\"Seguro Dental Plus\"}]},{\"@type\":\"WebSite\",\"@id\":\"https:\\\/\\\/www.aon.es\\\/site\\\/bbraun\\\/#website\",\"url\":\"https:\\\/\\\/www.aon.es\\\/site\\\/bbraun\\\/\",\"name\":\"bbraun\",\"description\":\"Just another Sitios de Aon site\",\"potentialAction\":[{\"@type\":\"SearchAction\",\"target\":{\"@type\":\"EntryPoint\",\"urlTemplate\":\"https:\\\/\\\/www.aon.es\\\/site\\\/bbraun\\\/?s={search_term_string}\"},\"query-input\":{\"@type\":\"PropertyValueSpecification\",\"valueRequired\":true,\"valueName\":\"search_term_string\"}}],\"inLanguage\":\"es\"}]}<\/script>\n<!-- \/ Yoast SEO plugin. -->","yoast_head_json":{"title":"Seguro Dental Plus - bbraun","robots":{"index":"index","follow":"follow","max-snippet":"max-snippet:-1","max-image-preview":"max-image-preview:large","max-video-preview":"max-video-preview:-1"},"canonical":"https:\/\/www.aon.es\/site\/bbraun\/seguro-dental-plus\/","og_locale":"es_ES","og_type":"article","og_title":"Seguro Dental Plus - bbraun","og_url":"https:\/\/www.aon.es\/site\/bbraun\/seguro-dental-plus\/","og_site_name":"bbraun","article_modified_time":"2025-10-30T11:42:30+00:00","twitter_card":"summary_large_image","twitter_misc":{"Tiempo de lectura":"1 minuto"},"schema":{"@context":"https:\/\/schema.org","@graph":[{"@type":"WebPage","@id":"https:\/\/www.aon.es\/site\/bbraun\/seguro-dental-plus\/","url":"https:\/\/www.aon.es\/site\/bbraun\/seguro-dental-plus\/","name":"Seguro Dental Plus - bbraun","isPartOf":{"@id":"https:\/\/www.aon.es\/site\/bbraun\/#website"},"datePublished":"2021-02-18T11:17:34+00:00","dateModified":"2025-10-30T11:42:30+00:00","breadcrumb":{"@id":"https:\/\/www.aon.es\/site\/bbraun\/seguro-dental-plus\/#breadcrumb"},"inLanguage":"es","potentialAction":[{"@type":"ReadAction","target":["https:\/\/www.aon.es\/site\/bbraun\/seguro-dental-plus\/"]}]},{"@type":"BreadcrumbList","@id":"https:\/\/www.aon.es\/site\/bbraun\/seguro-dental-plus\/#breadcrumb","itemListElement":[{"@type":"ListItem","position":1,"name":"Home","item":"https:\/\/www.aon.es\/site\/bbraun\/inicio\/"},{"@type":"ListItem","position":2,"name":"Seguro Dental Plus"}]},{"@type":"WebSite","@id":"https:\/\/www.aon.es\/site\/bbraun\/#website","url":"https:\/\/www.aon.es\/site\/bbraun\/","name":"bbraun","description":"Just another Sitios de Aon site","potentialAction":[{"@type":"SearchAction","target":{"@type":"EntryPoint","urlTemplate":"https:\/\/www.aon.es\/site\/bbraun\/?s={search_term_string}"},"query-input":{"@type":"PropertyValueSpecification","valueRequired":true,"valueName":"search_term_string"}}],"inLanguage":"es"}]}},"_links":{"self":[{"href":"https:\/\/www.aon.es\/site\/bbraun\/wp-json\/wp\/v2\/pages\/578","targetHints":{"allow":["GET"]}}],"collection":[{"href":"https:\/\/www.aon.es\/site\/bbraun\/wp-json\/wp\/v2\/pages"}],"about":[{"href":"https:\/\/www.aon.es\/site\/bbraun\/wp-json\/wp\/v2\/types\/page"}],"author":[{"embeddable":true,"href":"https:\/\/www.aon.es\/site\/bbraun\/wp-json\/wp\/v2\/users\/1"}],"replies":[{"embeddable":true,"href":"https:\/\/www.aon.es\/site\/bbraun\/wp-json\/wp\/v2\/comments?post=578"}],"version-history":[{"count":15,"href":"https:\/\/www.aon.es\/site\/bbraun\/wp-json\/wp\/v2\/pages\/578\/revisions"}],"predecessor-version":[{"id":1478,"href":"https:\/\/www.aon.es\/site\/bbraun\/wp-json\/wp\/v2\/pages\/578\/revisions\/1478"}],"wp:attachment":[{"href":"https:\/\/www.aon.es\/site\/bbraun\/wp-json\/wp\/v2\/media?parent=578"}],"curies":[{"name":"wp","href":"https:\/\/api.w.org\/{rel}","templated":true}]}}