{"id":71,"date":"2016-04-11T16:21:03","date_gmt":"2016-04-11T16:21:03","guid":{"rendered":"http:\/\/www.aon.es\/site\/logista\/?page_id=71"},"modified":"2025-10-30T15:33:43","modified_gmt":"2025-10-30T15:33:43","slug":"novedades","status":"publish","type":"page","link":"https:\/\/www.aon.es\/site\/bbraun\/novedades\/","title":{"rendered":"Novedades Adeslas"},"content":{"rendered":"<div id='full_slider_1'  class='avia-fullwidth-slider main_color avia-shadow   avia-builder-el-0  el_before_av_one_full  avia-builder-el-first   container_wrap fullsize'  >\n<style type=\"text\/css\" data-created_by=\"avia_inline_auto\" id=\"style-css-av-56n9n-85bd9ff4a02d5be96d5dfa6971d97c0a\">\n#top #wrap_all .avia-slideshow .av-slideshow-caption.av-56n9n-85bd9ff4a02d5be96d5dfa6971d97c0a__0 .avia-caption-title{\nfont-size:24px;\n}\n#top .avia-slideshow .av-slideshow-caption.av-56n9n-85bd9ff4a02d5be96d5dfa6971d97c0a__0 .avia-caption-content{\nfont-size:24px;\n}\n#top .avia-slideshow .av-slideshow-caption.av-56n9n-85bd9ff4a02d5be96d5dfa6971d97c0a__0 .avia-caption-content p{\nfont-size:24px;\n}\n<\/style>\n<div  class='avia-slideshow av-56n9n-85bd9ff4a02d5be96d5dfa6971d97c0a avia-slideshow-no scaling av_slideshow_full avia-slide-slider av-slideshow-ui av-control-default av-slideshow-manual av-loop-once av-loop-manual-endless av-default-height-applied   avia-slideshow-1' data-slideshow-options=\"{&quot;animation&quot;:&quot;slide&quot;,&quot;autoplay&quot;:false,&quot;loop_autoplay&quot;:&quot;once&quot;,&quot;interval&quot;:5,&quot;loop_manual&quot;:&quot;manual-endless&quot;,&quot;autoplay_stopper&quot;:false,&quot;noNavigation&quot;:false,&quot;bg_slider&quot;:false,&quot;keep_padding&quot;:false,&quot;hoverpause&quot;:false,&quot;show_slide_delay&quot;:0}\"  itemprop=\"image\" itemscope=\"itemscope\" itemtype=\"https:\/\/schema.org\/ImageObject\" ><ul class='avia-slideshow-inner ' style='padding-bottom: 19.211324570273%;'><li  class='avia-slideshow-slide av-56n9n-85bd9ff4a02d5be96d5dfa6971d97c0a__0  av-single-slide slide-1 slide-odd'><div data-rel='slideshow-1' class='avia-slide-wrap '   ><div class='av-slideshow-caption av-56n9n-85bd9ff4a02d5be96d5dfa6971d97c0a__0 caption_fullwidth caption_left caption_left_framed caption_framed'><div class=\"container caption_container\"><div class=\"slideshow_caption\"><div class=\"slideshow_inner_caption\"><div class=\"slideshow_align_caption\"><h2 class='avia-caption-title '  itemprop=\"name\" >Novedades ADESLAS<\/h2><\/div><\/div><\/div><\/div><\/div><img decoding=\"async\" fetchpriority=\"high\" class=\"wp-image-912 avia-img-lazy-loading-not-912\"  src=\"https:\/\/www.aon.es\/site\/bbraun\/wp-content\/uploads\/sites\/169\/2021\/03\/Barra_Videoconsulta_v3.jpg\" width=\"989\" height=\"190\" title='Barra_Videoconsulta_v3' alt=''  itemprop=\"thumbnailUrl\" srcset=\"https:\/\/www.aon.es\/site\/bbraun\/wp-content\/uploads\/sites\/169\/2021\/03\/Barra_Videoconsulta_v3.jpg 989w, https:\/\/www.aon.es\/site\/bbraun\/wp-content\/uploads\/sites\/169\/2021\/03\/Barra_Videoconsulta_v3-300x58.jpg 300w, https:\/\/www.aon.es\/site\/bbraun\/wp-content\/uploads\/sites\/169\/2021\/03\/Barra_Videoconsulta_v3-768x148.jpg 768w, https:\/\/www.aon.es\/site\/bbraun\/wp-content\/uploads\/sites\/169\/2021\/03\/Barra_Videoconsulta_v3-705x135.jpg 705w\" sizes=\"(max-width: 989px) 100vw, 989px\" \/><\/div><\/li><\/ul><\/div><\/div><div id='after_full_slider_1'  class='main_color av_default_container_wrap container_wrap fullsize'  ><div class='container av-section-cont-open' ><div class='template-page content  av-content-full alpha units'><div class='post-entry post-entry-type-page post-entry-71'><div class='entry-content-wrapper clearfix'>\n\n<style type=\"text\/css\" data-created_by=\"avia_inline_auto\" id=\"style-css-av-1cii7-1cece407d8ac784df99cc7556fa0c422\">\n.flex_column.av-1cii7-1cece407d8ac784df99cc7556fa0c422{\nborder-radius:0px 0px 0px 0px;\npadding:0px 0px 0px 0px;\n}\n<\/style>\n<div  class='flex_column av-1cii7-1cece407d8ac784df99cc7556fa0c422 av_one_full  avia-builder-el-1  el_after_av_slideshow_full  avia-builder-el-no-sibling  first flex_column_div av-zero-column-padding  '     ><p>\n<style type=\"text\/css\" data-created_by=\"avia_inline_auto\" id=\"style-css-av-k37gluza-a9c8397208831892d8a217c3f208590e\">\n#top .avia-icon-list-container.av-k37gluza-a9c8397208831892d8a217c3f208590e .iconlist_icon{\nbackground-color:#168bb9;\n}\n<\/style>\n<div  class='avia-icon-list-container av-k37gluza-a9c8397208831892d8a217c3f208590e  avia-builder-el-2  el_before_av_textblock  avia-builder-el-first '><ul class='avia-icon-list avia_animate_when_almost_visible avia-icon-list-left av-iconlist-big av-k37gluza-a9c8397208831892d8a217c3f208590e avia-iconlist-animate'>\n<li><div class='iconlist_icon av-16iub-a894fbfa46f38b53c382d3d0ecd9cab1 avia-font-entypo-fontello avia-iconfont avia-font-entypo-fontello'><span class='av-icon-char' data-av_icon='\ue8d2' data-av_iconfont='entypo-fontello' aria-hidden=\"true\"><\/span><\/div><article class=\"article-icon-entry av-iconlist-empty\"  itemscope=\"itemscope\" itemtype=\"https:\/\/schema.org\/CreativeWork\" ><div class=\"iconlist_content_wrap\"><header class=\"entry-content-header\" aria-label=\"Icon: Novedades 2026\"><h4 class='av_iconlist_title iconlist_title  '  itemprop=\"headline\" >Novedades 2026<\/h4><\/header><div class='iconlist_content '  itemprop=\"text\" ><\/div><\/div><footer class=\"entry-footer\"><\/footer><\/article><div class=\"iconlist-timeline\"><\/div><\/li>\n<\/ul><\/div><br \/>\n<section  class='av_textblock_section av-mhdkvv1h-502cd10b3970c292ddc3ac3244ee71c0 '   itemscope=\"itemscope\" itemtype=\"https:\/\/schema.org\/CreativeWork\" ><div class='avia_textblock'  itemprop=\"text\" ><ul>\n<li><span style=\"font-size: 12pt\"><strong>Mejoras en cirug\u00eda Rob\u00f3tica<\/strong>: Recordad al cliente que ya tiene incluida la cirug\u00eda rob\u00f3tica en urolog\u00eda, para el tratamiento quir\u00fargico del c\u00e1ncer de pr\u00f3stata mediante prostatectom\u00eda radical y para el tratamiento quir\u00fargico, mediante nefrectom\u00eda parcial, del carcinoma renal con franquicia de 6.000 euros. En este sentido, hemos mejorado esta cobertura desde Enero 2026 incluyendo: <\/span>\n<ul>\n<li><span style=\"font-size: 12pt\">Cirug\u00eda rob\u00f3tica en cirug\u00eda tor\u00e1cica exclusivamente para lobectom\u00eda y segmentectom\u00eda pulmonares, con franquicia de 8.000 euros.<\/span><\/li>\n<li><span style=\"font-size: 12pt\">Cirug\u00eda rob\u00f3tica en cirug\u00eda ginecol\u00f3gica exclusivamente para C\u00e1ncer del cuerpo uterino, C\u00e1ncer de endometrio, C\u00e1ncer de c\u00e9rvix y Endometriosis de Grado IV o severas, es decir, lesiones extensas con m\u00faltiples adherencias y afectaci\u00f3n de otros \u00f3rganos, con franquicias de 6.000 euros.<\/span><\/li>\n<\/ul>\n<\/li>\n<li><span style=\"font-size: 12pt\"><strong>Mejoras en Pr\u00f3tesis<\/strong>: Se incluye la siguiente mejora: <\/span>\n<ul>\n<li><span style=\"font-size: 12pt\">Pr\u00f3tesis mamaria y expansores cut\u00e1neos, incluyendo mallas biol\u00f3gicas de recubrimiento mamario, para la reconstrucci\u00f3n de la mama afectada tras mastectom\u00eda y la remodelaci\u00f3n de la mama sana contralateral, esta \u00faltima con un l\u00edmite m\u00e1ximo de un a\u00f1o despu\u00e9s de la cirug\u00eda oncol\u00f3gica, si es considerada como opci\u00f3n terap\u00e9utica mediante informe m\u00e9dico.<\/span><\/li>\n<\/ul>\n<\/li>\n<li><span style=\"font-size: 12pt\"><strong>Mejoras de servicios digitales<\/strong>: Lo importante es escucharte. Seguimos mejorando nuestros servicios digitales en la app de Adeslas para que tu d\u00eda a d\u00eda con nosotros sea m\u00e1s \u00e1gil y f\u00e1cil.<\/span><\/li>\n<li><span style=\"font-size: 12pt\"><strong>Pensando en el cuidado de tu piel<\/strong>, ponemos a tu disposici\u00f3n el nuevo servicio de TELEDERMATOLOG\u00cdA.<\/span><\/li>\n<\/ul>\n<\/div><\/section><br \/>\n\n<style type=\"text\/css\" data-created_by=\"avia_inline_auto\" id=\"style-css-av-av_iconlist-50feb50fd087d3e6014c644408cbc0fb\">\n#top .avia-icon-list-container.av-av_iconlist-50feb50fd087d3e6014c644408cbc0fb .iconlist_icon{\nbackground-color:#168bb9;\n}\n<\/style>\n<div  class='avia-icon-list-container av-av_iconlist-50feb50fd087d3e6014c644408cbc0fb  avia-builder-el-4  el_after_av_textblock  el_before_av_textblock '><ul class='avia-icon-list avia_animate_when_almost_visible avia-icon-list-left av-iconlist-big av-av_iconlist-50feb50fd087d3e6014c644408cbc0fb avia-iconlist-animate'>\n<li><div class='iconlist_icon av-av_iconlist_item-32b837beea5932d1356c914e1c3d2309 avia-font-entypo-fontello avia-iconfont avia-font-entypo-fontello'><span class='av-icon-char' data-av_icon='\ue8d2' data-av_iconfont='entypo-fontello' aria-hidden=\"true\"><\/span><\/div><article class=\"article-icon-entry av-iconlist-empty\"  itemscope=\"itemscope\" itemtype=\"https:\/\/schema.org\/CreativeWork\" ><div class=\"iconlist_content_wrap\"><header class=\"entry-content-header\" aria-label=\"Icon: Novedades 2025\"><h4 class='av_iconlist_title iconlist_title  '  itemprop=\"headline\" >Novedades 2025<\/h4><\/header><div class='iconlist_content '  itemprop=\"text\" ><\/div><\/div><footer class=\"entry-footer\"><\/footer><\/article><div class=\"iconlist-timeline\"><\/div><\/li>\n<\/ul><\/div><br \/>\n<section  class='av_textblock_section av-av_textblock-3846d1c273ce2f5afd4e2751c0e791da '   itemscope=\"itemscope\" itemtype=\"https:\/\/schema.org\/CreativeWork\" ><div class='avia_textblock'  itemprop=\"text\" ><p><span style=\"font-size: 12pt\"><span style=\"color: #201f1e\">Se incorporar\u00e1n las siguientes\u00a0<\/span><span style=\"color: #44b3b3\"><b><span style=\"text-decoration: underline\"><a style=\"color: #44b3b3;text-decoration: underline\" href=\"https:\/\/www.aon.es\/site\/bbraun\/wp-content\/uploads\/sites\/169\/2025\/10\/Novedades-2025.pdf\" target=\"_blank\" rel=\"noopener\">mejoras de coberturas<\/a><\/span>\u00a0<\/b><\/span><span style=\"color: #201f1e\">en las p\u00f3lizas de Adeslas:<\/span><\/span><\/p>\n<ul>\n<li><span style=\"font-size: 12pt\"><strong>Implantes digestivos<\/strong>, para patolog\u00edas neopl\u00e1sicas malignas<\/span><\/li>\n<li><span style=\"font-size: 12pt\"><strong>Implantes oclusares card\u00edacos<\/strong>, para el tratamiento de determinadas patolog\u00edas<\/span><\/li>\n<li><span style=\"font-size: 12pt\"><strong>Medios diagn\u00f3sticos de alta tecnolog\u00eda en ginecolog\u00eda<\/strong>. En concreto, el <strong>test de preeclampsia<\/strong>, al que se podr\u00e1 tener acceso durante el embarazo.<\/span><\/li>\n<\/ul>\n<\/div><\/section><br \/>\n\n<style type=\"text\/css\" data-created_by=\"avia_inline_auto\" id=\"style-css-av-mhc1cr4e-c9eccff9837db9b82e3a6ab855d8b85a\">\n#top .avia-icon-list-container.av-mhc1cr4e-c9eccff9837db9b82e3a6ab855d8b85a .iconlist_icon{\nbackground-color:#168bb9;\n}\n<\/style>\n<div  class='avia-icon-list-container av-mhc1cr4e-c9eccff9837db9b82e3a6ab855d8b85a  avia-builder-el-6  el_after_av_textblock  el_before_av_textblock '><ul class='avia-icon-list avia_animate_when_almost_visible avia-icon-list-left av-iconlist-big av-mhc1cr4e-c9eccff9837db9b82e3a6ab855d8b85a avia-iconlist-animate'>\n<li><div class='iconlist_icon av-mhc1cpzc-c617d7b6658de199010507a54dcb26bd avia-font-entypo-fontello avia-iconfont avia-font-entypo-fontello'><span class='av-icon-char' data-av_icon='\ue8d2' data-av_iconfont='entypo-fontello' aria-hidden=\"true\"><\/span><\/div><article class=\"article-icon-entry av-iconlist-empty\"  itemscope=\"itemscope\" itemtype=\"https:\/\/schema.org\/CreativeWork\" ><div class=\"iconlist_content_wrap\"><header class=\"entry-content-header\" aria-label=\"Icon: Novedades 2024\"><h4 class='av_iconlist_title iconlist_title  '  itemprop=\"headline\" >Novedades 2024<\/h4><\/header><div class='iconlist_content '  itemprop=\"text\" ><\/div><\/div><footer class=\"entry-footer\"><\/footer><\/article><div class=\"iconlist-timeline\"><\/div><\/li>\n<\/ul><\/div><br \/>\n<section  class='av_textblock_section av-mhc1demo-5d43b84877f5731ded0356a021e82dc3 '   itemscope=\"itemscope\" itemtype=\"https:\/\/schema.org\/CreativeWork\" ><div class='avia_textblock'  itemprop=\"text\" ><p style=\"background: white\"><span style=\"font-size: 12pt\"><span style=\"color: #201f1e\">Se incorporar\u00e1n las siguientes\u00a0<\/span><b><span style=\"color: #0070c0\"><span style=\"text-decoration: underline;color: #44b3b3\"><a style=\"color: #44b3b3;text-decoration: underline\" href=\"https:\/\/www.aon.es\/site\/bbraun\/wp-content\/uploads\/sites\/169\/2025\/10\/Adeslas-Novedades-2024.pdf\" target=\"_blank\" rel=\"noopener\">mejoras de coberturas<\/a><\/span>\u00a0<\/span><\/b><span style=\"color: #201f1e\">en las p\u00f3lizas de Adeslas:<\/span><\/span><\/p>\n<ul>\n<li><span style=\"font-size: 12pt\">Implantes y pr\u00f3tesis quir\u00fargicas<\/span><\/li>\n<li><span style=\"font-size: 12pt\">Implantes y pr\u00f3tesis otorrinolaringol\u00f3gicos<\/span><\/li>\n<li><span style=\"font-size: 12pt\">Cirug\u00eda Rob\u00f3tica<\/span><\/li>\n<\/ul>\n<\/div><\/section><br \/>\n\n<style type=\"text\/css\" data-created_by=\"avia_inline_auto\" id=\"style-css-av-mhc1cw7t-29f015bc1935f6f81caf1db2e015ca1c\">\n#top .avia-icon-list-container.av-mhc1cw7t-29f015bc1935f6f81caf1db2e015ca1c .iconlist_icon{\nbackground-color:#168bb9;\n}\n<\/style>\n<div  class='avia-icon-list-container av-mhc1cw7t-29f015bc1935f6f81caf1db2e015ca1c  avia-builder-el-8  el_after_av_textblock  el_before_av_textblock '><ul class='avia-icon-list avia_animate_when_almost_visible avia-icon-list-left av-iconlist-big av-mhc1cw7t-29f015bc1935f6f81caf1db2e015ca1c avia-iconlist-animate'>\n<li><div class='iconlist_icon av-mhc1cvsa-abf877fe18df43d087f2f3363ffdd65a avia-font-entypo-fontello avia-iconfont avia-font-entypo-fontello'><span class='av-icon-char' data-av_icon='\ue8d2' data-av_iconfont='entypo-fontello' aria-hidden=\"true\"><\/span><\/div><article class=\"article-icon-entry av-iconlist-empty\"  itemscope=\"itemscope\" itemtype=\"https:\/\/schema.org\/CreativeWork\" ><div class=\"iconlist_content_wrap\"><header class=\"entry-content-header\" aria-label=\"Icon: Novedades 2023\"><h4 class='av_iconlist_title iconlist_title  '  itemprop=\"headline\" >Novedades 2023<\/h4><\/header><div class='iconlist_content '  itemprop=\"text\" ><\/div><\/div><footer class=\"entry-footer\"><\/footer><\/article><div class=\"iconlist-timeline\"><\/div><\/li>\n<\/ul><\/div><br \/>\n<section  class='av_textblock_section av-mhc1ffvu-79425658d7a2cc6d3fd7412771e7a033 '   itemscope=\"itemscope\" itemtype=\"https:\/\/schema.org\/CreativeWork\" ><div class='avia_textblock'  itemprop=\"text\" ><p style=\"background: white\"><span style=\"font-size: 12pt\"><span style=\"color: #201f1e\">Se incorporar\u00e1n las siguientes\u00a0<\/span><span style=\"color: #44b3b3\"><b><span style=\"text-decoration: underline\"><a style=\"color: #44b3b3;text-decoration: underline\" href=\"https:\/\/www.aon.es\/site\/bbraun\/wp-content\/uploads\/sites\/169\/2025\/10\/ASyB-2023-Actualizacion-y-mejoras-de-Servicios.pdf\" target=\"_blank\" rel=\"noopener\">mejoras de coberturas<\/a><\/span>\u00a0<\/b><\/span><span style=\"color: #201f1e\">en las p\u00f3lizas de Adeslas:<\/span><\/span><\/p>\n<ul>\n<li style=\"background: white\"><span style=\"font-size: 12pt\">Salud y Bienestar<\/span><\/li>\n<li><span style=\"font-size: 12pt\">Tu centro de salud digital<\/span><\/li>\n<li><span style=\"font-size: 12pt\">Contenidos de salud <\/span>\n<ul>\n<li><span style=\"font-size: 12pt\">Webinars, infograf\u00edas y podcasts<\/span><\/li>\n<li><span style=\"font-size: 12pt\">Blog, newsletter y videoconsejos<\/span><\/li>\n<\/ul>\n<\/li>\n<\/ul>\n<\/div><\/section><\/p><\/div>\n","protected":false},"excerpt":{"rendered":"","protected":false},"author":1,"featured_media":0,"parent":0,"menu_order":0,"comment_status":"closed","ping_status":"closed","template":"","meta":{"footnotes":""},"class_list":["post-71","page","type-page","status-publish","hentry"],"yoast_head":"<!-- This site is optimized with the Yoast SEO plugin v27.3 - https:\/\/yoast.com\/product\/yoast-seo-wordpress\/ -->\n<title>Novedades Adeslas - bbraun<\/title>\n<meta name=\"robots\" content=\"index, follow, max-snippet:-1, max-image-preview:large, max-video-preview:-1\" \/>\n<link rel=\"canonical\" href=\"https:\/\/www.aon.es\/site\/bbraun\/novedades\/\" \/>\n<meta property=\"og:locale\" content=\"es_ES\" \/>\n<meta property=\"og:type\" content=\"article\" \/>\n<meta property=\"og:title\" content=\"Novedades Adeslas - bbraun\" \/>\n<meta property=\"og:url\" content=\"https:\/\/www.aon.es\/site\/bbraun\/novedades\/\" \/>\n<meta property=\"og:site_name\" content=\"bbraun\" \/>\n<meta property=\"article:modified_time\" content=\"2025-10-30T15:33:43+00:00\" \/>\n<meta name=\"twitter:card\" content=\"summary_large_image\" \/>\n<meta name=\"twitter:label1\" content=\"Tiempo de lectura\" \/>\n\t<meta name=\"twitter:data1\" content=\"2 minutos\" \/>\n<script type=\"application\/ld+json\" class=\"yoast-schema-graph\">{\"@context\":\"https:\\\/\\\/schema.org\",\"@graph\":[{\"@type\":\"WebPage\",\"@id\":\"https:\\\/\\\/www.aon.es\\\/site\\\/bbraun\\\/novedades\\\/\",\"url\":\"https:\\\/\\\/www.aon.es\\\/site\\\/bbraun\\\/novedades\\\/\",\"name\":\"Novedades Adeslas - bbraun\",\"isPartOf\":{\"@id\":\"https:\\\/\\\/www.aon.es\\\/site\\\/bbraun\\\/#website\"},\"datePublished\":\"2016-04-11T16:21:03+00:00\",\"dateModified\":\"2025-10-30T15:33:43+00:00\",\"breadcrumb\":{\"@id\":\"https:\\\/\\\/www.aon.es\\\/site\\\/bbraun\\\/novedades\\\/#breadcrumb\"},\"inLanguage\":\"es\",\"potentialAction\":[{\"@type\":\"ReadAction\",\"target\":[\"https:\\\/\\\/www.aon.es\\\/site\\\/bbraun\\\/novedades\\\/\"]}]},{\"@type\":\"BreadcrumbList\",\"@id\":\"https:\\\/\\\/www.aon.es\\\/site\\\/bbraun\\\/novedades\\\/#breadcrumb\",\"itemListElement\":[{\"@type\":\"ListItem\",\"position\":1,\"name\":\"Home\",\"item\":\"https:\\\/\\\/www.aon.es\\\/site\\\/bbraun\\\/inicio\\\/\"},{\"@type\":\"ListItem\",\"position\":2,\"name\":\"Novedades Adeslas\"}]},{\"@type\":\"WebSite\",\"@id\":\"https:\\\/\\\/www.aon.es\\\/site\\\/bbraun\\\/#website\",\"url\":\"https:\\\/\\\/www.aon.es\\\/site\\\/bbraun\\\/\",\"name\":\"bbraun\",\"description\":\"Just another Sitios de Aon site\",\"potentialAction\":[{\"@type\":\"SearchAction\",\"target\":{\"@type\":\"EntryPoint\",\"urlTemplate\":\"https:\\\/\\\/www.aon.es\\\/site\\\/bbraun\\\/?s={search_term_string}\"},\"query-input\":{\"@type\":\"PropertyValueSpecification\",\"valueRequired\":true,\"valueName\":\"search_term_string\"}}],\"inLanguage\":\"es\"}]}<\/script>\n<!-- \/ Yoast SEO plugin. -->","yoast_head_json":{"title":"Novedades Adeslas - bbraun","robots":{"index":"index","follow":"follow","max-snippet":"max-snippet:-1","max-image-preview":"max-image-preview:large","max-video-preview":"max-video-preview:-1"},"canonical":"https:\/\/www.aon.es\/site\/bbraun\/novedades\/","og_locale":"es_ES","og_type":"article","og_title":"Novedades Adeslas - bbraun","og_url":"https:\/\/www.aon.es\/site\/bbraun\/novedades\/","og_site_name":"bbraun","article_modified_time":"2025-10-30T15:33:43+00:00","twitter_card":"summary_large_image","twitter_misc":{"Tiempo de lectura":"2 minutos"},"schema":{"@context":"https:\/\/schema.org","@graph":[{"@type":"WebPage","@id":"https:\/\/www.aon.es\/site\/bbraun\/novedades\/","url":"https:\/\/www.aon.es\/site\/bbraun\/novedades\/","name":"Novedades Adeslas - bbraun","isPartOf":{"@id":"https:\/\/www.aon.es\/site\/bbraun\/#website"},"datePublished":"2016-04-11T16:21:03+00:00","dateModified":"2025-10-30T15:33:43+00:00","breadcrumb":{"@id":"https:\/\/www.aon.es\/site\/bbraun\/novedades\/#breadcrumb"},"inLanguage":"es","potentialAction":[{"@type":"ReadAction","target":["https:\/\/www.aon.es\/site\/bbraun\/novedades\/"]}]},{"@type":"BreadcrumbList","@id":"https:\/\/www.aon.es\/site\/bbraun\/novedades\/#breadcrumb","itemListElement":[{"@type":"ListItem","position":1,"name":"Home","item":"https:\/\/www.aon.es\/site\/bbraun\/inicio\/"},{"@type":"ListItem","position":2,"name":"Novedades Adeslas"}]},{"@type":"WebSite","@id":"https:\/\/www.aon.es\/site\/bbraun\/#website","url":"https:\/\/www.aon.es\/site\/bbraun\/","name":"bbraun","description":"Just another Sitios de Aon site","potentialAction":[{"@type":"SearchAction","target":{"@type":"EntryPoint","urlTemplate":"https:\/\/www.aon.es\/site\/bbraun\/?s={search_term_string}"},"query-input":{"@type":"PropertyValueSpecification","valueRequired":true,"valueName":"search_term_string"}}],"inLanguage":"es"}]}},"_links":{"self":[{"href":"https:\/\/www.aon.es\/site\/bbraun\/wp-json\/wp\/v2\/pages\/71","targetHints":{"allow":["GET"]}}],"collection":[{"href":"https:\/\/www.aon.es\/site\/bbraun\/wp-json\/wp\/v2\/pages"}],"about":[{"href":"https:\/\/www.aon.es\/site\/bbraun\/wp-json\/wp\/v2\/types\/page"}],"author":[{"embeddable":true,"href":"https:\/\/www.aon.es\/site\/bbraun\/wp-json\/wp\/v2\/users\/1"}],"replies":[{"embeddable":true,"href":"https:\/\/www.aon.es\/site\/bbraun\/wp-json\/wp\/v2\/comments?post=71"}],"version-history":[{"count":17,"href":"https:\/\/www.aon.es\/site\/bbraun\/wp-json\/wp\/v2\/pages\/71\/revisions"}],"predecessor-version":[{"id":1515,"href":"https:\/\/www.aon.es\/site\/bbraun\/wp-json\/wp\/v2\/pages\/71\/revisions\/1515"}],"wp:attachment":[{"href":"https:\/\/www.aon.es\/site\/bbraun\/wp-json\/wp\/v2\/media?parent=71"}],"curies":[{"name":"wp","href":"https:\/\/api.w.org\/{rel}","templated":true}]}}