{"id":72,"date":"2016-04-11T16:21:12","date_gmt":"2016-04-11T16:21:12","guid":{"rendered":"http:\/\/www.aon.es\/site\/logista\/?page_id=72"},"modified":"2025-10-30T13:21:31","modified_gmt":"2025-10-30T13:21:31","slug":"contratacion-bbraun","status":"publish","type":"page","link":"https:\/\/www.aon.es\/site\/bbraun\/contratacion-bbraun\/","title":{"rendered":"Contratacion"},"content":{"rendered":"<div id='full_slider_1'  class='avia-fullwidth-slider main_color avia-shadow   avia-builder-el-0  el_before_av_one_full  avia-builder-el-first   container_wrap fullsize'  >\n<style type=\"text\/css\" data-created_by=\"avia_inline_auto\" id=\"style-css-av-8ni0s-241acaac9af3240d3403156cbb1c6aec\">\n#top #wrap_all .avia-slideshow .av-slideshow-caption.av-8ni0s-241acaac9af3240d3403156cbb1c6aec__0 .avia-caption-title{\nfont-size:24px;\n}\n#top .avia-slideshow .av-slideshow-caption.av-8ni0s-241acaac9af3240d3403156cbb1c6aec__0 .avia-caption-content{\nfont-size:24px;\n}\n#top .avia-slideshow .av-slideshow-caption.av-8ni0s-241acaac9af3240d3403156cbb1c6aec__0 .avia-caption-content p{\nfont-size:24px;\n}\n<\/style>\n<div  class='avia-slideshow av-8ni0s-241acaac9af3240d3403156cbb1c6aec avia-slideshow-no scaling av_slideshow_full avia-slide-slider av-slideshow-ui av-control-default av-slideshow-manual av-loop-once av-loop-manual-endless av-default-height-applied   avia-slideshow-1' data-slideshow-options=\"{&quot;animation&quot;:&quot;slide&quot;,&quot;autoplay&quot;:false,&quot;loop_autoplay&quot;:&quot;once&quot;,&quot;interval&quot;:5,&quot;loop_manual&quot;:&quot;manual-endless&quot;,&quot;autoplay_stopper&quot;:false,&quot;noNavigation&quot;:false,&quot;bg_slider&quot;:false,&quot;keep_padding&quot;:false,&quot;hoverpause&quot;:false,&quot;show_slide_delay&quot;:0}\"  itemprop=\"image\" itemscope=\"itemscope\" itemtype=\"https:\/\/schema.org\/ImageObject\" ><ul class='avia-slideshow-inner ' style='padding-bottom: 21.857923497268%;'><li  class='avia-slideshow-slide av-8ni0s-241acaac9af3240d3403156cbb1c6aec__0  av-single-slide slide-1 slide-odd'><div data-rel='slideshow-1' class='avia-slide-wrap '   ><div class='av-slideshow-caption av-8ni0s-241acaac9af3240d3403156cbb1c6aec__0 caption_fullwidth caption_left caption_left_framed caption_framed'><div class=\"container caption_container\"><div class=\"slideshow_caption\"><div class=\"slideshow_inner_caption\"><div class=\"slideshow_align_caption\"><h2 class='avia-caption-title '  itemprop=\"name\" >Contrataci\u00f3n<\/h2><\/div><\/div><\/div><\/div><\/div><img decoding=\"async\" fetchpriority=\"high\" class=\"wp-image-903 avia-img-lazy-loading-not-903\"  src=\"https:\/\/www.aon.es\/site\/bbraun\/wp-content\/uploads\/sites\/169\/2021\/03\/Barra_Contratacion.jpg\" width=\"915\" height=\"200\" title='Barra_Contratacion' alt=''  itemprop=\"thumbnailUrl\" srcset=\"https:\/\/www.aon.es\/site\/bbraun\/wp-content\/uploads\/sites\/169\/2021\/03\/Barra_Contratacion.jpg 915w, https:\/\/www.aon.es\/site\/bbraun\/wp-content\/uploads\/sites\/169\/2021\/03\/Barra_Contratacion-300x66.jpg 300w, https:\/\/www.aon.es\/site\/bbraun\/wp-content\/uploads\/sites\/169\/2021\/03\/Barra_Contratacion-768x168.jpg 768w, https:\/\/www.aon.es\/site\/bbraun\/wp-content\/uploads\/sites\/169\/2021\/03\/Barra_Contratacion-705x154.jpg 705w\" sizes=\"(max-width: 915px) 100vw, 915px\" \/><\/div><\/li><\/ul><\/div><\/div><div id='after_full_slider_1'  class='main_color av_default_container_wrap container_wrap fullsize'  ><div class='container av-section-cont-open' ><div class='template-page content  av-content-full alpha units'><div class='post-entry post-entry-type-page post-entry-72'><div class='entry-content-wrapper clearfix'>\n\n<style type=\"text\/css\" data-created_by=\"avia_inline_auto\" id=\"style-css-av-7f20s-cb6ec62df091117e01ff14d4740f7771\">\n.flex_column.av-7f20s-cb6ec62df091117e01ff14d4740f7771{\nborder-radius:0px 0px 0px 0px;\npadding:0px 0px 0px 0px;\n}\n<\/style>\n<div  class='flex_column av-7f20s-cb6ec62df091117e01ff14d4740f7771 av_one_full  avia-builder-el-1  el_after_av_slideshow_full  el_before_av_one_full  avia-builder-el-first  first flex_column_div av-zero-column-padding  '     ><p>\n<style type=\"text\/css\" data-created_by=\"avia_inline_auto\" id=\"style-css-av-10q78-692a02a66fdc3cff7a27d4432c7a88e2\">\n#top .av-special-heading.av-10q78-692a02a66fdc3cff7a27d4432c7a88e2{\npadding-bottom:10px;\ncolor:#00619b;\n}\nbody .av-special-heading.av-10q78-692a02a66fdc3cff7a27d4432c7a88e2 .av-special-heading-tag .heading-char{\nfont-size:25px;\n}\n.av-special-heading.av-10q78-692a02a66fdc3cff7a27d4432c7a88e2 .special-heading-inner-border{\nborder-color:#00619b;\n}\n.av-special-heading.av-10q78-692a02a66fdc3cff7a27d4432c7a88e2 .av-subheading{\nfont-size:15px;\n}\n<\/style>\n<div  class='av-special-heading av-10q78-692a02a66fdc3cff7a27d4432c7a88e2 av-special-heading-h2 custom-color-heading  avia-builder-el-2  el_before_av_hr  avia-builder-el-first '><h2 class='av-special-heading-tag '  itemprop=\"headline\"  >\u00bfQu\u00e9 tengo que hacer para adherirme al seguro de salud de ADESLAS?<\/h2><div class=\"special-heading-border\"><div class=\"special-heading-inner-border\"><\/div><\/div><\/div><br \/>\n\n<style type=\"text\/css\" data-created_by=\"avia_inline_auto\" id=\"style-css-av-621wg-cd9fff918fca013209f91b6aa4709b67\">\n#top .hr.hr-invisible.av-621wg-cd9fff918fca013209f91b6aa4709b67{\nheight:50px;\n}\n<\/style>\n<div  class='hr av-621wg-cd9fff918fca013209f91b6aa4709b67 hr-invisible  avia-builder-el-3  el_after_av_heading  el_before_av_textblock '><span class='hr-inner '><span class=\"hr-inner-style\"><\/span><\/span><\/div><br \/>\n\n<style type=\"text\/css\" data-created_by=\"avia_inline_auto\" id=\"style-css-av-5majg-af91acd96589ce0b50c44650920847d6\">\n#top .av_textblock_section.av-5majg-af91acd96589ce0b50c44650920847d6 .avia_textblock{\nfont-size:15px;\n}\n<\/style>\n<section  class='av_textblock_section av-5majg-af91acd96589ce0b50c44650920847d6 '   itemscope=\"itemscope\" itemtype=\"https:\/\/schema.org\/CreativeWork\" ><div class='avia_textblock'  itemprop=\"text\" ><ul>\n<li>Para contratar el seguro de salud deber\u00eda entrar en la plataforma de retribuci\u00f3n flexible, cualquier duda pod\u00e9is poneros en contacto con RRHH.<\/li>\n<li>Para cualquier otra duda pod\u00e9is remitir un email a <a href=\"mailto:sacbcn.salud@aon.es\"><span data-teams=\"true\" style=\"color: #0000ee\"><u>sacbcn.salud@aon.es<\/u><\/span><\/a><\/li>\n<\/ul>\n<\/div><\/section><\/p><\/div>\n\n<style type=\"text\/css\" data-created_by=\"avia_inline_auto\" id=\"style-css-av-1m56s-f161208246ca351b52cea72f74a17261\">\n.flex_column.av-1m56s-f161208246ca351b52cea72f74a17261{\nborder-radius:0px 0px 0px 0px;\npadding:0px 0px 0px 0px;\n}\n<\/style>\n<div  class='flex_column av-1m56s-f161208246ca351b52cea72f74a17261 av_one_full  avia-builder-el-5  el_after_av_one_full  avia-builder-el-last  first flex_column_div av-zero-column-padding  column-top-margin'     ><p>\n<style type=\"text\/css\" data-created_by=\"avia_inline_auto\" id=\"style-css-av-l7hg7xm5-66e816d19563a7cf37ba422c3dc8f440\">\n#top .av-special-heading.av-l7hg7xm5-66e816d19563a7cf37ba422c3dc8f440{\npadding-bottom:10px;\ncolor:#00619b;\n}\nbody .av-special-heading.av-l7hg7xm5-66e816d19563a7cf37ba422c3dc8f440 .av-special-heading-tag .heading-char{\nfont-size:25px;\n}\n.av-special-heading.av-l7hg7xm5-66e816d19563a7cf37ba422c3dc8f440 .special-heading-inner-border{\nborder-color:#00619b;\n}\n.av-special-heading.av-l7hg7xm5-66e816d19563a7cf37ba422c3dc8f440 .av-subheading{\nfont-size:15px;\n}\n<\/style>\n<div  class='av-special-heading av-l7hg7xm5-66e816d19563a7cf37ba422c3dc8f440 av-special-heading-h2 custom-color-heading  avia-builder-el-6  el_before_av_hr  avia-builder-el-first '><h2 class='av-special-heading-tag '  itemprop=\"headline\"  >Condiciones de continuidad<\/h2><div class=\"special-heading-border\"><div class=\"special-heading-inner-border\"><\/div><\/div><\/div><br \/>\n\n<style type=\"text\/css\" data-created_by=\"avia_inline_auto\" id=\"style-css-av-pq7o-ee95e4564b0d88b9c191295ea93ba1be\">\n#top .hr.hr-invisible.av-pq7o-ee95e4564b0d88b9c191295ea93ba1be{\nheight:50px;\n}\n<\/style>\n<div  class='hr av-pq7o-ee95e4564b0d88b9c191295ea93ba1be hr-invisible  avia-builder-el-7  el_after_av_heading  el_before_av_textblock '><span class='hr-inner '><span class=\"hr-inner-style\"><\/span><\/span><\/div><br \/>\n\n<style type=\"text\/css\" data-created_by=\"avia_inline_auto\" id=\"style-css-av-l7hg4ktf-e0283eb8881ce363113e2384d4d8ca34\">\n#top .av_textblock_section.av-l7hg4ktf-e0283eb8881ce363113e2384d4d8ca34 .avia_textblock{\nfont-size:15px;\n}\n<\/style>\n<section  class='av_textblock_section av-l7hg4ktf-e0283eb8881ce363113e2384d4d8ca34 '   itemscope=\"itemscope\" itemtype=\"https:\/\/schema.org\/CreativeWork\" ><div class='avia_textblock'  itemprop=\"text\" ><ul>\n<li>En caso de ser baja en la empresa podr\u00e1n contratar p\u00f3liza de continuidad con condiciones especiales.<\/li>\n<li>Para dicha contrataci\u00f3n, contactar con <span style=\"text-decoration: underline\"><a href=\"mailto:sacbcn.salud@aon.es\" target=\"_blank\" rel=\"noopener\"><span style=\"color: #0000ff;text-decoration: underline\">sacbcn.salud@aon.es<\/span><\/a><\/span><\/li>\n<\/ul>\n<\/div><\/section><\/p><\/div>\n","protected":false},"excerpt":{"rendered":"","protected":false},"author":1,"featured_media":0,"parent":0,"menu_order":0,"comment_status":"closed","ping_status":"closed","template":"","meta":{"footnotes":""},"class_list":["post-72","page","type-page","status-publish","hentry"],"yoast_head":"<!-- This site is optimized with the Yoast SEO plugin v27.3 - https:\/\/yoast.com\/product\/yoast-seo-wordpress\/ -->\n<title>Contratacion - bbraun<\/title>\n<meta name=\"robots\" content=\"index, follow, max-snippet:-1, max-image-preview:large, max-video-preview:-1\" \/>\n<link rel=\"canonical\" href=\"https:\/\/www.aon.es\/site\/bbraun\/contratacion-bbraun\/\" \/>\n<meta property=\"og:locale\" content=\"es_ES\" \/>\n<meta property=\"og:type\" content=\"article\" \/>\n<meta property=\"og:title\" content=\"Contratacion - bbraun\" \/>\n<meta property=\"og:url\" content=\"https:\/\/www.aon.es\/site\/bbraun\/contratacion-bbraun\/\" \/>\n<meta property=\"og:site_name\" content=\"bbraun\" \/>\n<meta property=\"article:modified_time\" content=\"2025-10-30T13:21:31+00:00\" \/>\n<meta name=\"twitter:card\" content=\"summary_large_image\" \/>\n<meta name=\"twitter:label1\" content=\"Tiempo de lectura\" \/>\n\t<meta name=\"twitter:data1\" content=\"1 minuto\" \/>\n<script type=\"application\/ld+json\" class=\"yoast-schema-graph\">{\"@context\":\"https:\\\/\\\/schema.org\",\"@graph\":[{\"@type\":\"WebPage\",\"@id\":\"https:\\\/\\\/www.aon.es\\\/site\\\/bbraun\\\/contratacion-bbraun\\\/\",\"url\":\"https:\\\/\\\/www.aon.es\\\/site\\\/bbraun\\\/contratacion-bbraun\\\/\",\"name\":\"Contratacion - bbraun\",\"isPartOf\":{\"@id\":\"https:\\\/\\\/www.aon.es\\\/site\\\/bbraun\\\/#website\"},\"datePublished\":\"2016-04-11T16:21:12+00:00\",\"dateModified\":\"2025-10-30T13:21:31+00:00\",\"breadcrumb\":{\"@id\":\"https:\\\/\\\/www.aon.es\\\/site\\\/bbraun\\\/contratacion-bbraun\\\/#breadcrumb\"},\"inLanguage\":\"es\",\"potentialAction\":[{\"@type\":\"ReadAction\",\"target\":[\"https:\\\/\\\/www.aon.es\\\/site\\\/bbraun\\\/contratacion-bbraun\\\/\"]}]},{\"@type\":\"BreadcrumbList\",\"@id\":\"https:\\\/\\\/www.aon.es\\\/site\\\/bbraun\\\/contratacion-bbraun\\\/#breadcrumb\",\"itemListElement\":[{\"@type\":\"ListItem\",\"position\":1,\"name\":\"Home\",\"item\":\"https:\\\/\\\/www.aon.es\\\/site\\\/bbraun\\\/inicio\\\/\"},{\"@type\":\"ListItem\",\"position\":2,\"name\":\"Contratacion\"}]},{\"@type\":\"WebSite\",\"@id\":\"https:\\\/\\\/www.aon.es\\\/site\\\/bbraun\\\/#website\",\"url\":\"https:\\\/\\\/www.aon.es\\\/site\\\/bbraun\\\/\",\"name\":\"bbraun\",\"description\":\"Just another Sitios de Aon site\",\"potentialAction\":[{\"@type\":\"SearchAction\",\"target\":{\"@type\":\"EntryPoint\",\"urlTemplate\":\"https:\\\/\\\/www.aon.es\\\/site\\\/bbraun\\\/?s={search_term_string}\"},\"query-input\":{\"@type\":\"PropertyValueSpecification\",\"valueRequired\":true,\"valueName\":\"search_term_string\"}}],\"inLanguage\":\"es\"}]}<\/script>\n<!-- \/ Yoast SEO plugin. -->","yoast_head_json":{"title":"Contratacion - bbraun","robots":{"index":"index","follow":"follow","max-snippet":"max-snippet:-1","max-image-preview":"max-image-preview:large","max-video-preview":"max-video-preview:-1"},"canonical":"https:\/\/www.aon.es\/site\/bbraun\/contratacion-bbraun\/","og_locale":"es_ES","og_type":"article","og_title":"Contratacion - bbraun","og_url":"https:\/\/www.aon.es\/site\/bbraun\/contratacion-bbraun\/","og_site_name":"bbraun","article_modified_time":"2025-10-30T13:21:31+00:00","twitter_card":"summary_large_image","twitter_misc":{"Tiempo de lectura":"1 minuto"},"schema":{"@context":"https:\/\/schema.org","@graph":[{"@type":"WebPage","@id":"https:\/\/www.aon.es\/site\/bbraun\/contratacion-bbraun\/","url":"https:\/\/www.aon.es\/site\/bbraun\/contratacion-bbraun\/","name":"Contratacion - bbraun","isPartOf":{"@id":"https:\/\/www.aon.es\/site\/bbraun\/#website"},"datePublished":"2016-04-11T16:21:12+00:00","dateModified":"2025-10-30T13:21:31+00:00","breadcrumb":{"@id":"https:\/\/www.aon.es\/site\/bbraun\/contratacion-bbraun\/#breadcrumb"},"inLanguage":"es","potentialAction":[{"@type":"ReadAction","target":["https:\/\/www.aon.es\/site\/bbraun\/contratacion-bbraun\/"]}]},{"@type":"BreadcrumbList","@id":"https:\/\/www.aon.es\/site\/bbraun\/contratacion-bbraun\/#breadcrumb","itemListElement":[{"@type":"ListItem","position":1,"name":"Home","item":"https:\/\/www.aon.es\/site\/bbraun\/inicio\/"},{"@type":"ListItem","position":2,"name":"Contratacion"}]},{"@type":"WebSite","@id":"https:\/\/www.aon.es\/site\/bbraun\/#website","url":"https:\/\/www.aon.es\/site\/bbraun\/","name":"bbraun","description":"Just another Sitios de Aon site","potentialAction":[{"@type":"SearchAction","target":{"@type":"EntryPoint","urlTemplate":"https:\/\/www.aon.es\/site\/bbraun\/?s={search_term_string}"},"query-input":{"@type":"PropertyValueSpecification","valueRequired":true,"valueName":"search_term_string"}}],"inLanguage":"es"}]}},"_links":{"self":[{"href":"https:\/\/www.aon.es\/site\/bbraun\/wp-json\/wp\/v2\/pages\/72","targetHints":{"allow":["GET"]}}],"collection":[{"href":"https:\/\/www.aon.es\/site\/bbraun\/wp-json\/wp\/v2\/pages"}],"about":[{"href":"https:\/\/www.aon.es\/site\/bbraun\/wp-json\/wp\/v2\/types\/page"}],"author":[{"embeddable":true,"href":"https:\/\/www.aon.es\/site\/bbraun\/wp-json\/wp\/v2\/users\/1"}],"replies":[{"embeddable":true,"href":"https:\/\/www.aon.es\/site\/bbraun\/wp-json\/wp\/v2\/comments?post=72"}],"version-history":[{"count":14,"href":"https:\/\/www.aon.es\/site\/bbraun\/wp-json\/wp\/v2\/pages\/72\/revisions"}],"predecessor-version":[{"id":1491,"href":"https:\/\/www.aon.es\/site\/bbraun\/wp-json\/wp\/v2\/pages\/72\/revisions\/1491"}],"wp:attachment":[{"href":"https:\/\/www.aon.es\/site\/bbraun\/wp-json\/wp\/v2\/media?parent=72"}],"curies":[{"name":"wp","href":"https:\/\/api.w.org\/{rel}","templated":true}]}}