{"id":96,"date":"2016-04-12T07:32:41","date_gmt":"2016-04-12T07:32:41","guid":{"rendered":"http:\/\/www.aon.es\/site\/logista\/?page_id=96"},"modified":"2025-10-30T11:27:00","modified_gmt":"2025-10-30T11:27:00","slug":"en-que-consiste","status":"publish","type":"page","link":"https:\/\/www.aon.es\/site\/bbraun\/en-que-consiste\/","title":{"rendered":"En qu\u00e9 consiste Segunda Opini\u00f3n M\u00e9dica"},"content":{"rendered":"<div id='full_slider_1'  class='avia-fullwidth-slider main_color avia-shadow   avia-builder-el-0  el_before_av_one_full  avia-builder-el-first   container_wrap fullsize'  ><div  class='avia-slideshow av-6n7hs-6f37033f0327a9879788380aece0d352 avia-slideshow-featured av_slideshow_full avia-slide-slider av-slideshow-ui av-control-default av-slideshow-manual av-loop-once av-loop-manual-endless av-default-height-applied   avia-slideshow-1' data-slideshow-options=\"{&quot;animation&quot;:&quot;slide&quot;,&quot;autoplay&quot;:false,&quot;loop_autoplay&quot;:&quot;once&quot;,&quot;interval&quot;:5,&quot;loop_manual&quot;:&quot;manual-endless&quot;,&quot;autoplay_stopper&quot;:false,&quot;noNavigation&quot;:false,&quot;bg_slider&quot;:false,&quot;keep_padding&quot;:false,&quot;hoverpause&quot;:false,&quot;show_slide_delay&quot;:0}\"  itemprop=\"image\" itemscope=\"itemscope\" itemtype=\"https:\/\/schema.org\/ImageObject\" ><ul class='avia-slideshow-inner ' style='padding-bottom: 13.785714285714%;'><li  class='avia-slideshow-slide av-6n7hs-6f37033f0327a9879788380aece0d352__0  av-single-slide slide-1 slide-odd'><div data-rel='slideshow-1' class='avia-slide-wrap '   ><img decoding=\"async\" fetchpriority=\"high\" class=\"wp-image-911 avia-img-lazy-loading-not-911\"  src=\"https:\/\/www.aon.es\/site\/bbraun\/wp-content\/uploads\/sites\/169\/2021\/03\/Barra_Segunda_Opcion.jpg\" width=\"1400\" height=\"193\" title='Barra_Segunda_Opcion' alt=''  itemprop=\"thumbnailUrl\" srcset=\"https:\/\/www.aon.es\/site\/bbraun\/wp-content\/uploads\/sites\/169\/2021\/03\/Barra_Segunda_Opcion.jpg 1400w, https:\/\/www.aon.es\/site\/bbraun\/wp-content\/uploads\/sites\/169\/2021\/03\/Barra_Segunda_Opcion-300x41.jpg 300w, https:\/\/www.aon.es\/site\/bbraun\/wp-content\/uploads\/sites\/169\/2021\/03\/Barra_Segunda_Opcion-1030x142.jpg 1030w, https:\/\/www.aon.es\/site\/bbraun\/wp-content\/uploads\/sites\/169\/2021\/03\/Barra_Segunda_Opcion-768x106.jpg 768w, https:\/\/www.aon.es\/site\/bbraun\/wp-content\/uploads\/sites\/169\/2021\/03\/Barra_Segunda_Opcion-705x97.jpg 705w\" sizes=\"(max-width: 1400px) 100vw, 1400px\" \/><\/div><\/li><\/ul><\/div><\/div><div id='after_full_slider_1'  class='main_color av_default_container_wrap container_wrap fullsize'  ><div class='container av-section-cont-open' ><div class='template-page content  av-content-full alpha units'><div class='post-entry post-entry-type-page post-entry-96'><div class='entry-content-wrapper clearfix'>\n\n<style type=\"text\/css\" data-created_by=\"avia_inline_auto\" id=\"style-css-av-5jric-fa46cec2c8d540df4b7a0bd04656c357\">\n.flex_column.av-5jric-fa46cec2c8d540df4b7a0bd04656c357{\nborder-radius:0px 0px 0px 0px;\npadding:0px 0px 0px 0px;\n}\n<\/style>\n<div  class='flex_column av-5jric-fa46cec2c8d540df4b7a0bd04656c357 av_one_full  avia-builder-el-1  el_after_av_slideshow_full  el_before_av_one_full  avia-builder-el-first  first flex_column_div av-zero-column-padding  '     ><style type=\"text\/css\" data-created_by=\"avia_inline_auto\" id=\"style-css-av-58ev8-6aceeea8379496cabcbd97ff72878a9c\">\n#top .av-special-heading.av-58ev8-6aceeea8379496cabcbd97ff72878a9c{\npadding-bottom:10px;\ncolor:#00619b;\n}\nbody .av-special-heading.av-58ev8-6aceeea8379496cabcbd97ff72878a9c .av-special-heading-tag .heading-char{\nfont-size:25px;\n}\n.av-special-heading.av-58ev8-6aceeea8379496cabcbd97ff72878a9c .special-heading-inner-border{\nborder-color:#00619b;\n}\n.av-special-heading.av-58ev8-6aceeea8379496cabcbd97ff72878a9c .av-subheading{\nfont-size:15px;\n}\n<\/style>\n<div  class='av-special-heading av-58ev8-6aceeea8379496cabcbd97ff72878a9c av-special-heading-h2 custom-color-heading  avia-builder-el-2  avia-builder-el-no-sibling '><h2 class='av-special-heading-tag '  itemprop=\"headline\"  >Segunda Opini\u00f3n M\u00e9dica<\/h2><div class=\"special-heading-border\"><div class=\"special-heading-inner-border\"><\/div><\/div><\/div><\/div>\n\n<style type=\"text\/css\" data-created_by=\"avia_inline_auto\" id=\"style-css-av-2nkco-a8ec57c6ba610d86b28537ddccf0fbdc\">\n.flex_column.av-2nkco-a8ec57c6ba610d86b28537ddccf0fbdc{\nborder-radius:0px 0px 0px 0px;\npadding:0px 0px 0px 0px;\n}\n<\/style>\n<div  class='flex_column av-2nkco-a8ec57c6ba610d86b28537ddccf0fbdc av_one_full  avia-builder-el-3  el_after_av_one_full  avia-builder-el-last  first flex_column_div av-zero-column-padding  column-top-margin'     ><section  class='av_textblock_section av-24crg-ce73ece045821ada54f631ab036f61b1 '   itemscope=\"itemscope\" itemtype=\"https:\/\/schema.org\/CreativeWork\" ><div class='avia_textblock'  itemprop=\"text\" ><h3>\u00bfEn qu\u00e9 consiste este servicio?<\/h3>\n<\/div><\/section><br \/>\n\n<style type=\"text\/css\" data-created_by=\"avia_inline_auto\" id=\"style-css-av-1ryb8-98429e5994baac5aaddb1ae77db3fe49\">\n#top .hr.hr-invisible.av-1ryb8-98429e5994baac5aaddb1ae77db3fe49{\nheight:50px;\n}\n<\/style>\n<div  class='hr av-1ryb8-98429e5994baac5aaddb1ae77db3fe49 hr-invisible  avia-builder-el-5  el_after_av_textblock  el_before_av_textblock '><span class='hr-inner '><span class=\"hr-inner-style\"><\/span><\/span><\/div><br \/>\n<section  class='av_textblock_section av-s6fc-91200663c2379ff66f977e3ada7ff252 '   itemscope=\"itemscope\" itemtype=\"https:\/\/schema.org\/CreativeWork\" ><div class='avia_textblock'  itemprop=\"text\" ><p><span style=\"font-size: 12pt\">Es informaci\u00f3n m\u00e9dica que complementa, desde el conocimiento de un m\u00e9dico experto, el diagn\u00f3stico recibido por parte de su m\u00e9dico responsable con relaci\u00f3n a una <b>enfermedad grave. \u00a0 <\/b><\/span><\/p>\n<ul>\n<li><span style=\"font-size: 12pt\"><b>\u00a0<\/b>Oncolog\u00eda<\/span><\/li>\n<li><span style=\"font-size: 12pt\">\u00a0Enfermedades cardiacas, incluida las cirug\u00edas cardiacas y angioplastia<\/span><\/li>\n<li><span style=\"font-size: 12pt\">\u00a0Transplante de \u00f3rganos<\/span><\/li>\n<li><span style=\"font-size: 12pt\">\u00a0Enfermedades neurol\u00f3gicas y neuroquir\u00fargicas, inclu\u00eddos los accidentes cerebro- vasculares<\/span><\/li>\n<li><span style=\"font-size: 12pt\">\u00a0Cirug\u00eda ortop\u00e9dica compleja<\/span><\/li>\n<li><span style=\"font-size: 12pt\">\u00a0S\u00edndromes y malformaciones cong\u00e9nitas<\/span><\/li>\n<li><span style=\"font-size: 12pt\">\u00a0Enfermedades degenerativas y desmielinizantes del Sistema Nervioso<\/span><\/li>\n<li><span style=\"font-size: 12pt\">\u00a0Enfermedades y dolencias derivadas de la insuficiencia renal.<\/span><\/li>\n<\/ul>\n<\/div><\/section><\/p><\/div>\n","protected":false},"excerpt":{"rendered":"","protected":false},"author":1,"featured_media":0,"parent":0,"menu_order":0,"comment_status":"closed","ping_status":"closed","template":"","meta":{"footnotes":""},"class_list":["post-96","page","type-page","status-publish","hentry"],"yoast_head":"<!-- This site is optimized with the Yoast SEO plugin v27.3 - https:\/\/yoast.com\/product\/yoast-seo-wordpress\/ -->\n<title>En qu\u00e9 consiste Segunda Opini\u00f3n M\u00e9dica - bbraun<\/title>\n<meta name=\"robots\" content=\"index, follow, max-snippet:-1, max-image-preview:large, max-video-preview:-1\" \/>\n<link rel=\"canonical\" href=\"https:\/\/www.aon.es\/site\/bbraun\/en-que-consiste\/\" \/>\n<meta property=\"og:locale\" content=\"es_ES\" \/>\n<meta property=\"og:type\" content=\"article\" \/>\n<meta property=\"og:title\" content=\"En qu\u00e9 consiste Segunda Opini\u00f3n M\u00e9dica - bbraun\" \/>\n<meta property=\"og:url\" content=\"https:\/\/www.aon.es\/site\/bbraun\/en-que-consiste\/\" \/>\n<meta property=\"og:site_name\" content=\"bbraun\" \/>\n<meta property=\"article:modified_time\" content=\"2025-10-30T11:27:00+00:00\" \/>\n<meta name=\"twitter:card\" content=\"summary_large_image\" \/>\n<meta name=\"twitter:label1\" content=\"Tiempo de lectura\" \/>\n\t<meta name=\"twitter:data1\" content=\"1 minuto\" \/>\n<script type=\"application\/ld+json\" class=\"yoast-schema-graph\">{\"@context\":\"https:\\\/\\\/schema.org\",\"@graph\":[{\"@type\":\"WebPage\",\"@id\":\"https:\\\/\\\/www.aon.es\\\/site\\\/bbraun\\\/en-que-consiste\\\/\",\"url\":\"https:\\\/\\\/www.aon.es\\\/site\\\/bbraun\\\/en-que-consiste\\\/\",\"name\":\"En qu\u00e9 consiste Segunda Opini\u00f3n M\u00e9dica - bbraun\",\"isPartOf\":{\"@id\":\"https:\\\/\\\/www.aon.es\\\/site\\\/bbraun\\\/#website\"},\"datePublished\":\"2016-04-12T07:32:41+00:00\",\"dateModified\":\"2025-10-30T11:27:00+00:00\",\"breadcrumb\":{\"@id\":\"https:\\\/\\\/www.aon.es\\\/site\\\/bbraun\\\/en-que-consiste\\\/#breadcrumb\"},\"inLanguage\":\"es\",\"potentialAction\":[{\"@type\":\"ReadAction\",\"target\":[\"https:\\\/\\\/www.aon.es\\\/site\\\/bbraun\\\/en-que-consiste\\\/\"]}]},{\"@type\":\"BreadcrumbList\",\"@id\":\"https:\\\/\\\/www.aon.es\\\/site\\\/bbraun\\\/en-que-consiste\\\/#breadcrumb\",\"itemListElement\":[{\"@type\":\"ListItem\",\"position\":1,\"name\":\"Home\",\"item\":\"https:\\\/\\\/www.aon.es\\\/site\\\/bbraun\\\/inicio\\\/\"},{\"@type\":\"ListItem\",\"position\":2,\"name\":\"En qu\u00e9 consiste Segunda Opini\u00f3n M\u00e9dica\"}]},{\"@type\":\"WebSite\",\"@id\":\"https:\\\/\\\/www.aon.es\\\/site\\\/bbraun\\\/#website\",\"url\":\"https:\\\/\\\/www.aon.es\\\/site\\\/bbraun\\\/\",\"name\":\"bbraun\",\"description\":\"Just another Sitios de Aon site\",\"potentialAction\":[{\"@type\":\"SearchAction\",\"target\":{\"@type\":\"EntryPoint\",\"urlTemplate\":\"https:\\\/\\\/www.aon.es\\\/site\\\/bbraun\\\/?s={search_term_string}\"},\"query-input\":{\"@type\":\"PropertyValueSpecification\",\"valueRequired\":true,\"valueName\":\"search_term_string\"}}],\"inLanguage\":\"es\"}]}<\/script>\n<!-- \/ Yoast SEO plugin. -->","yoast_head_json":{"title":"En qu\u00e9 consiste Segunda Opini\u00f3n M\u00e9dica - bbraun","robots":{"index":"index","follow":"follow","max-snippet":"max-snippet:-1","max-image-preview":"max-image-preview:large","max-video-preview":"max-video-preview:-1"},"canonical":"https:\/\/www.aon.es\/site\/bbraun\/en-que-consiste\/","og_locale":"es_ES","og_type":"article","og_title":"En qu\u00e9 consiste Segunda Opini\u00f3n M\u00e9dica - bbraun","og_url":"https:\/\/www.aon.es\/site\/bbraun\/en-que-consiste\/","og_site_name":"bbraun","article_modified_time":"2025-10-30T11:27:00+00:00","twitter_card":"summary_large_image","twitter_misc":{"Tiempo de lectura":"1 minuto"},"schema":{"@context":"https:\/\/schema.org","@graph":[{"@type":"WebPage","@id":"https:\/\/www.aon.es\/site\/bbraun\/en-que-consiste\/","url":"https:\/\/www.aon.es\/site\/bbraun\/en-que-consiste\/","name":"En qu\u00e9 consiste Segunda Opini\u00f3n M\u00e9dica - bbraun","isPartOf":{"@id":"https:\/\/www.aon.es\/site\/bbraun\/#website"},"datePublished":"2016-04-12T07:32:41+00:00","dateModified":"2025-10-30T11:27:00+00:00","breadcrumb":{"@id":"https:\/\/www.aon.es\/site\/bbraun\/en-que-consiste\/#breadcrumb"},"inLanguage":"es","potentialAction":[{"@type":"ReadAction","target":["https:\/\/www.aon.es\/site\/bbraun\/en-que-consiste\/"]}]},{"@type":"BreadcrumbList","@id":"https:\/\/www.aon.es\/site\/bbraun\/en-que-consiste\/#breadcrumb","itemListElement":[{"@type":"ListItem","position":1,"name":"Home","item":"https:\/\/www.aon.es\/site\/bbraun\/inicio\/"},{"@type":"ListItem","position":2,"name":"En qu\u00e9 consiste Segunda Opini\u00f3n M\u00e9dica"}]},{"@type":"WebSite","@id":"https:\/\/www.aon.es\/site\/bbraun\/#website","url":"https:\/\/www.aon.es\/site\/bbraun\/","name":"bbraun","description":"Just another Sitios de Aon site","potentialAction":[{"@type":"SearchAction","target":{"@type":"EntryPoint","urlTemplate":"https:\/\/www.aon.es\/site\/bbraun\/?s={search_term_string}"},"query-input":{"@type":"PropertyValueSpecification","valueRequired":true,"valueName":"search_term_string"}}],"inLanguage":"es"}]}},"_links":{"self":[{"href":"https:\/\/www.aon.es\/site\/bbraun\/wp-json\/wp\/v2\/pages\/96","targetHints":{"allow":["GET"]}}],"collection":[{"href":"https:\/\/www.aon.es\/site\/bbraun\/wp-json\/wp\/v2\/pages"}],"about":[{"href":"https:\/\/www.aon.es\/site\/bbraun\/wp-json\/wp\/v2\/types\/page"}],"author":[{"embeddable":true,"href":"https:\/\/www.aon.es\/site\/bbraun\/wp-json\/wp\/v2\/users\/1"}],"replies":[{"embeddable":true,"href":"https:\/\/www.aon.es\/site\/bbraun\/wp-json\/wp\/v2\/comments?post=96"}],"version-history":[{"count":7,"href":"https:\/\/www.aon.es\/site\/bbraun\/wp-json\/wp\/v2\/pages\/96\/revisions"}],"predecessor-version":[{"id":1468,"href":"https:\/\/www.aon.es\/site\/bbraun\/wp-json\/wp\/v2\/pages\/96\/revisions\/1468"}],"wp:attachment":[{"href":"https:\/\/www.aon.es\/site\/bbraun\/wp-json\/wp\/v2\/media?parent=96"}],"curies":[{"name":"wp","href":"https:\/\/api.w.org\/{rel}","templated":true}]}}