{"id":1421,"date":"2020-10-08T10:09:35","date_gmt":"2020-10-08T10:09:35","guid":{"rendered":"https:\/\/www.aon.es\/site\/cogitim\/?page_id=1421"},"modified":"2024-08-09T11:13:23","modified_gmt":"2024-08-09T11:13:23","slug":"contratar-sanitas","status":"publish","type":"page","link":"https:\/\/www.aon.es\/site\/cogitim\/contratar-sanitas\/","title":{"rendered":"Contratar Seguro Salud Sanitas"},"content":{"rendered":"\n<style type=\"text\/css\" data-created_by=\"avia_inline_auto\" id=\"style-css-av-av_section-0a5bc972db7d9450cfe5e638d9a40786\">\n.avia-section.av-av_section-0a5bc972db7d9450cfe5e638d9a40786{\nbackground-color:#f9f9f9;\nbackground-image:unset;\nmargin-top:0px;\nmargin-bottom:0px;\n}\n<\/style>\n<div id='av_section_1'  class='avia-section av-av_section-0a5bc972db7d9450cfe5e638d9a40786 main_color avia-section-no-padding avia-no-border-styling  avia-builder-el-0  el_before_av_section  avia-builder-el-first  avia-bg-style-scroll av-minimum-height av-minimum-height-100 av-height-100  container_wrap sidebar_right'   data-av_minimum_height_pc='100' data-av_min_height_opt='100'><div class='container av-section-cont-open' ><main  role=\"main\" itemprop=\"mainContentOfPage\"  class='template-page content  av-content-small alpha units'><div class='post-entry post-entry-type-page post-entry-1421'><div class='entry-content-wrapper clearfix'>\n\n<style type=\"text\/css\" data-created_by=\"avia_inline_auto\" id=\"style-css-av-av_one_full-8af379ba7af018bd12a47fd64d0cd573\">\n#top .flex_column.av-av_one_full-8af379ba7af018bd12a47fd64d0cd573{\nmargin-top:0px;\nmargin-bottom:50px;\n}\n.flex_column.av-av_one_full-8af379ba7af018bd12a47fd64d0cd573{\nborder-radius:0px 0px 0px 0px;\npadding:60px 0px 0px 0px;\n}\n.responsive #top #wrap_all .flex_column.av-av_one_full-8af379ba7af018bd12a47fd64d0cd573{\nmargin-top:0px;\nmargin-bottom:50px;\n}\n<\/style>\n<div  class='flex_column av-av_one_full-8af379ba7af018bd12a47fd64d0cd573 av_one_full  avia-builder-el-1  el_before_av_hr  avia-builder-el-first  first flex_column_div  '     ><section  class='av_textblock_section av-av_textblock-263a286a3ec605a4b845ded44ee74c94 '   itemscope=\"itemscope\" itemtype=\"https:\/\/schema.org\/CreativeWork\" ><div class='avia_textblock'  itemprop=\"text\" ><h2 style=\"text-align: center\"><span style=\"color: #262836;font-size: 24pt\">\u00bfListo para contratar tu seguro?<\/span><br \/>\n<span style=\"color: #262836;font-family: Helvetica;font-size: 24pt\"> Prep\u00e1rate para un proceso&#8230; \u00a1muy sencillo!<\/span><\/h2>\n<\/div><\/section><\/div>\n<style type=\"text\/css\" data-created_by=\"avia_inline_auto\" id=\"style-css-av-av_hr-6075d3d7da365f2d3b0328081da72582\">\n#top .hr.hr-invisible.av-av_hr-6075d3d7da365f2d3b0328081da72582{\nheight:32px;\n}\n<\/style>\n<div  class='hr av-av_hr-6075d3d7da365f2d3b0328081da72582 hr-invisible  avia-builder-el-3  el_after_av_one_full  el_before_av_one_third '><span class='hr-inner '><span class=\"hr-inner-style\"><\/span><\/span><\/div>\n<div class='flex_column_table av-av_one_third-d883b5c2fbc137fbf710f560e9fa9562 sc-av_one_third av-equal-height-column-flextable'>\n<style type=\"text\/css\" data-created_by=\"avia_inline_auto\" id=\"style-css-av-av_one_third-d883b5c2fbc137fbf710f560e9fa9562\">\n#top .flex_column_table.av-equal-height-column-flextable.av-av_one_third-d883b5c2fbc137fbf710f560e9fa9562{\nmargin-top:0px;\nmargin-bottom:0px;\n}\n.flex_column.av-av_one_third-d883b5c2fbc137fbf710f560e9fa9562{\nborder-radius:0px 0px 0px 0px;\npadding:0px 0px 0px 0px;\n}\n<\/style>\n<div  class='flex_column av-av_one_third-d883b5c2fbc137fbf710f560e9fa9562 av_one_third  avia-builder-el-4  el_after_av_hr  el_before_av_one_third  first flex_column_table_cell av-equal-height-column av-align-top av-zero-column-padding  '     ><p>\n<style type=\"text\/css\" data-created_by=\"avia_inline_auto\" id=\"style-css-av-av_image-b15e46523090bf7440fdba5a9469b28d\">\n.avia-image-container.av-av_image-b15e46523090bf7440fdba5a9469b28d img.avia_image{\nbox-shadow:none;\n}\n.avia-image-container.av-av_image-b15e46523090bf7440fdba5a9469b28d .av-image-caption-overlay-center{\ncolor:#ffffff;\n}\n<\/style>\n<div  class='avia-image-container av-av_image-b15e46523090bf7440fdba5a9469b28d av-styling- avia-align-center  avia-builder-el-5  el_before_av_hr  avia-builder-el-first '   itemprop=\"image\" itemscope=\"itemscope\" itemtype=\"https:\/\/schema.org\/ImageObject\" ><div class=\"avia-image-container-inner\"><div class=\"avia-image-overlay-wrap\"><img decoding=\"async\" fetchpriority=\"high\" class='wp-image-2470 avia-img-lazy-loading-not-2470 avia_image ' src=\"https:\/\/www.aon.es\/site\/cogitim\/wp-content\/uploads\/sites\/143\/2024\/07\/1-2-80x80.png\" alt='' title='1'  height=\"80\" width=\"80\"  itemprop=\"thumbnailUrl\" srcset=\"https:\/\/www.aon.es\/site\/cogitim\/wp-content\/uploads\/sites\/143\/2024\/07\/1-2-80x80.png 80w, https:\/\/www.aon.es\/site\/cogitim\/wp-content\/uploads\/sites\/143\/2024\/07\/1-2-36x36.png 36w, https:\/\/www.aon.es\/site\/cogitim\/wp-content\/uploads\/sites\/143\/2024\/07\/1-2-180x180.png 180w\" sizes=\"(max-width: 80px) 100vw, 80px\" \/><\/div><\/div><\/div><br \/>\n\n<style type=\"text\/css\" data-created_by=\"avia_inline_auto\" id=\"style-css-av-av_hr-4d8578d5e4fa996df9d2568c7a35fbc1\">\n#top .hr.hr-invisible.av-av_hr-4d8578d5e4fa996df9d2568c7a35fbc1{\nheight:20px;\n}\n<\/style>\n<div  class='hr av-av_hr-4d8578d5e4fa996df9d2568c7a35fbc1 hr-invisible  avia-builder-el-6  el_after_av_image  el_before_av_textblock '><span class='hr-inner '><span class=\"hr-inner-style\"><\/span><\/span><\/div><br \/>\n<section  class='av_textblock_section av-av_textblock-263a286a3ec605a4b845ded44ee74c94 '   itemscope=\"itemscope\" itemtype=\"https:\/\/schema.org\/CreativeWork\" ><div class='avia_textblock'  itemprop=\"text\" ><h4 style=\"text-align: center\"><span style=\"color: #262836;font-family: Helvetica\">Rellena\u00a0 la solicitud adjunta<\/span><\/h4>\n<p style=\"text-align: center\"><span style=\"color: #808080;font-size: 12pt;font-family: Helvetica\">Es sencillo. Si lo necesitas, te asesoramos y ayudamos. <\/span><br \/>\n<span style=\"font-size: 12pt;font-family: Helvetica\"> <span style=\"color: #808080\"> Nuestro tel\u00e9fono es 91 903 25 51<\/span><\/span><\/p>\n<\/div><\/section><\/p><\/div><div class='av-flex-placeholder'><\/div>\n<style type=\"text\/css\" data-created_by=\"avia_inline_auto\" id=\"style-css-av-av_one_third-9555f9affb895414dad39267bfcfb243\">\n#top .flex_column_table.av-equal-height-column-flextable.av-av_one_third-9555f9affb895414dad39267bfcfb243{\nmargin-top:0px;\nmargin-bottom:0px;\n}\n.flex_column.av-av_one_third-9555f9affb895414dad39267bfcfb243{\nborder-radius:0px 0px 0px 0px;\npadding:0px 0px 0px 0px;\n}\n<\/style>\n<div  class='flex_column av-av_one_third-9555f9affb895414dad39267bfcfb243 av_one_third  avia-builder-el-8  el_after_av_one_third  el_before_av_one_third  flex_column_table_cell av-equal-height-column av-align-top av-zero-column-padding  '     ><p>\n<style type=\"text\/css\" data-created_by=\"avia_inline_auto\" id=\"style-css-av-av_image-5a60633de5dc9acf850aa51c8b89f460\">\n.avia-image-container.av-av_image-5a60633de5dc9acf850aa51c8b89f460 img.avia_image{\nbox-shadow:none;\n}\n.avia-image-container.av-av_image-5a60633de5dc9acf850aa51c8b89f460 .av-image-caption-overlay-center{\ncolor:#ffffff;\n}\n<\/style>\n<div  class='avia-image-container av-av_image-5a60633de5dc9acf850aa51c8b89f460 av-styling- avia-align-center  avia-builder-el-9  el_before_av_hr  avia-builder-el-first '   itemprop=\"image\" itemscope=\"itemscope\" itemtype=\"https:\/\/schema.org\/ImageObject\" ><div class=\"avia-image-container-inner\"><div class=\"avia-image-overlay-wrap\"><img decoding=\"async\" fetchpriority=\"high\" class='wp-image-2474 avia-img-lazy-loading-not-2474 avia_image ' src=\"https:\/\/www.aon.es\/site\/cogitim\/wp-content\/uploads\/sites\/143\/2024\/07\/2-1-80x80.png\" alt='' title='2'  height=\"80\" width=\"80\"  itemprop=\"thumbnailUrl\" srcset=\"https:\/\/www.aon.es\/site\/cogitim\/wp-content\/uploads\/sites\/143\/2024\/07\/2-1-80x80.png 80w, https:\/\/www.aon.es\/site\/cogitim\/wp-content\/uploads\/sites\/143\/2024\/07\/2-1-36x36.png 36w, https:\/\/www.aon.es\/site\/cogitim\/wp-content\/uploads\/sites\/143\/2024\/07\/2-1-180x180.png 180w\" sizes=\"(max-width: 80px) 100vw, 80px\" \/><\/div><\/div><\/div><br \/>\n\n<style type=\"text\/css\" data-created_by=\"avia_inline_auto\" id=\"style-css-av-av_hr-4d8578d5e4fa996df9d2568c7a35fbc1\">\n#top .hr.hr-invisible.av-av_hr-4d8578d5e4fa996df9d2568c7a35fbc1{\nheight:20px;\n}\n<\/style>\n<div  class='hr av-av_hr-4d8578d5e4fa996df9d2568c7a35fbc1 hr-invisible  avia-builder-el-10  el_after_av_image  el_before_av_textblock '><span class='hr-inner '><span class=\"hr-inner-style\"><\/span><\/span><\/div><br \/>\n<section  class='av_textblock_section av-av_textblock-263a286a3ec605a4b845ded44ee74c94 '   itemscope=\"itemscope\" itemtype=\"https:\/\/schema.org\/CreativeWork\" ><div class='avia_textblock'  itemprop=\"text\" ><h4 style=\"text-align: center\"><span style=\"font-family: Helvetica;color: #262836\">Env\u00edanosla<\/span><\/h4>\n<p style=\"text-align: center\"><span style=\"color: #808080;font-family: Helvetica\">M\u00e1ndanos tu solicitud por email a <a style=\"color: #808080\" href=\"mailto:aon.salud@aon.es\">aon.salud@aon.es<\/a>.<\/span><br \/>\n<span style=\"color: #808080;font-family: Helvetica\"> Tambi\u00e9n puedes enviarla\u00a0 a: Aon (Colegios Profesionales) \/ Rosario Pino 14-16\/ 28020 Madrid<\/span><\/p>\n<\/div><\/section><\/p><\/div><div class='av-flex-placeholder'><\/div>\n<style type=\"text\/css\" data-created_by=\"avia_inline_auto\" id=\"style-css-av-av_one_third-9555f9affb895414dad39267bfcfb243\">\n#top .flex_column_table.av-equal-height-column-flextable.av-av_one_third-9555f9affb895414dad39267bfcfb243{\nmargin-top:0px;\nmargin-bottom:0px;\n}\n.flex_column.av-av_one_third-9555f9affb895414dad39267bfcfb243{\nborder-radius:0px 0px 0px 0px;\npadding:0px 0px 0px 0px;\n}\n<\/style>\n<div  class='flex_column av-av_one_third-9555f9affb895414dad39267bfcfb243 av_one_third  avia-builder-el-12  el_after_av_one_third  el_before_av_hr  flex_column_table_cell av-equal-height-column av-align-top av-zero-column-padding  '     ><p>\n<style type=\"text\/css\" data-created_by=\"avia_inline_auto\" id=\"style-css-av-av_image-f33da1fe35a6a5a617b6cbbe9f4cb4a1\">\n.avia-image-container.av-av_image-f33da1fe35a6a5a617b6cbbe9f4cb4a1 img.avia_image{\nbox-shadow:none;\n}\n.avia-image-container.av-av_image-f33da1fe35a6a5a617b6cbbe9f4cb4a1 .av-image-caption-overlay-center{\ncolor:#ffffff;\n}\n<\/style>\n<div  class='avia-image-container av-av_image-f33da1fe35a6a5a617b6cbbe9f4cb4a1 av-styling- avia-align-center  avia-builder-el-13  el_before_av_hr  avia-builder-el-first '   itemprop=\"image\" itemscope=\"itemscope\" itemtype=\"https:\/\/schema.org\/ImageObject\" ><div class=\"avia-image-container-inner\"><div class=\"avia-image-overlay-wrap\"><img decoding=\"async\" fetchpriority=\"high\" class='wp-image-2475 avia-img-lazy-loading-not-2475 avia_image ' src=\"https:\/\/www.aon.es\/site\/cogitim\/wp-content\/uploads\/sites\/143\/2024\/07\/3-1-80x80.png\" alt='' title='3'  height=\"80\" width=\"80\"  itemprop=\"thumbnailUrl\" srcset=\"https:\/\/www.aon.es\/site\/cogitim\/wp-content\/uploads\/sites\/143\/2024\/07\/3-1-80x80.png 80w, https:\/\/www.aon.es\/site\/cogitim\/wp-content\/uploads\/sites\/143\/2024\/07\/3-1-36x36.png 36w, https:\/\/www.aon.es\/site\/cogitim\/wp-content\/uploads\/sites\/143\/2024\/07\/3-1-180x180.png 180w\" sizes=\"(max-width: 80px) 100vw, 80px\" \/><\/div><\/div><\/div><br \/>\n\n<style type=\"text\/css\" data-created_by=\"avia_inline_auto\" id=\"style-css-av-av_hr-4d8578d5e4fa996df9d2568c7a35fbc1\">\n#top .hr.hr-invisible.av-av_hr-4d8578d5e4fa996df9d2568c7a35fbc1{\nheight:20px;\n}\n<\/style>\n<div  class='hr av-av_hr-4d8578d5e4fa996df9d2568c7a35fbc1 hr-invisible  avia-builder-el-14  el_after_av_image  el_before_av_textblock '><span class='hr-inner '><span class=\"hr-inner-style\"><\/span><\/span><\/div><br \/>\n<section  class='av_textblock_section av-av_textblock-263a286a3ec605a4b845ded44ee74c94 '   itemscope=\"itemscope\" itemtype=\"https:\/\/schema.org\/CreativeWork\" ><div class='avia_textblock'  itemprop=\"text\" ><h4 style=\"text-align: center\"><span style=\"color: #262836;font-family: Helvetica\">\u00a1Ya est\u00e1!<\/span><\/h4>\n<p style=\"text-align: center\"><span style=\"color: #808080;font-family: Helvetica\">La compa\u00f1\u00eda aseguradora revisar\u00e1 tu solicitud.<\/span><br \/>\n<span style=\"color: #808080;font-family: Helvetica\"> Si todo es correcto, en unos d\u00edas recibir\u00e1s tu p\u00f3liza. Si es necesaria alguna aclaraci\u00f3n adicional, la compa\u00f1\u00eda aseguradora contactar\u00e1 directamente contigo.<\/span><\/p>\n<\/div><\/section><\/p><\/div><\/div><!--close column table wrapper. Autoclose: 1 -->\n<style type=\"text\/css\" data-created_by=\"avia_inline_auto\" id=\"style-css-av-av_hr-6075d3d7da365f2d3b0328081da72582\">\n#top .hr.hr-invisible.av-av_hr-6075d3d7da365f2d3b0328081da72582{\nheight:32px;\n}\n<\/style>\n<div  class='hr av-av_hr-6075d3d7da365f2d3b0328081da72582 hr-invisible  avia-builder-el-16  el_after_av_one_third  el_before_av_hr '><span class='hr-inner '><span class=\"hr-inner-style\"><\/span><\/span><\/div>\n\n<style type=\"text\/css\" data-created_by=\"avia_inline_auto\" id=\"style-css-av-av_hr-531c389f1d8d94b240a7993d33000b5f\">\n#top .hr.hr-invisible.av-av_hr-531c389f1d8d94b240a7993d33000b5f{\nheight:50px;\n}\n<\/style>\n<div  class='hr av-av_hr-531c389f1d8d94b240a7993d33000b5f hr-invisible  avia-builder-el-17  el_after_av_hr  el_before_av_buttonrow '><span class='hr-inner '><span class=\"hr-inner-style\"><\/span><\/span><\/div>\n<div  class='avia-buttonrow-wrap av-av_buttonrow-5ef35acdc0e96f0e9eb052d035d5f79c avia-buttonrow-center  avia-builder-el-18  el_after_av_hr  el_before_av_hr '>\n\n<style type=\"text\/css\" data-created_by=\"avia_inline_auto\" id=\"style-css-av-av_buttonrow_item-8c12d7b5a55121152b9c0f651fb04f03\">\n#top #wrap_all .avia-button.av-av_buttonrow_item-8c12d7b5a55121152b9c0f651fb04f03{\nbackground-color:#eb0017;\nborder-color:#eb0017;\ntransition:all 0.4s ease-in-out;\nmargin-bottom:5px;\nmargin-right:3px;\nmargin-left:3px;\n}\n#top #wrap_all .avia-button.av-av_buttonrow_item-8c12d7b5a55121152b9c0f651fb04f03:hover{\nbackground-color:#262836;\ncolor:white;\ntransition:all 0.4s ease-in-out;\n}\n#top #wrap_all .avia-button.av-av_buttonrow_item-8c12d7b5a55121152b9c0f651fb04f03:hover .avia-svg-icon svg:first-child{\nfill:white;\nstroke:white;\n}\n<\/style>\n<a href='https:\/\/www.aon.es\/site\/cogitim\/wp-content\/uploads\/sites\/143\/2024\/04\/SOLICITUD-COITIM-DIGITAL-2024_AON.pdf'  class='avia-button av-av_buttonrow_item-8c12d7b5a55121152b9c0f651fb04f03 avia-icon_select-no avia-size-large avia-font-color-theme-color'  target=\"_blank\"  rel=\"noopener noreferrer\"  aria-label=\"Descargar Solicitud Sanitas\"><span class='avia_iconbox_title' >Descargar Solicitud Sanitas<\/span><\/a>\n<\/div>\n\n<style type=\"text\/css\" data-created_by=\"avia_inline_auto\" id=\"style-css-av-av_hr-556e66d3f76403f49e2c8dd10ebe780c\">\n#top .hr.hr-invisible.av-av_hr-556e66d3f76403f49e2c8dd10ebe780c{\nheight:24px;\n}\n<\/style>\n<div  class='hr av-av_hr-556e66d3f76403f49e2c8dd10ebe780c hr-invisible  avia-builder-el-19  el_after_av_buttonrow  el_before_av_textblock '><span class='hr-inner '><span class=\"hr-inner-style\"><\/span><\/span><\/div>\n<section  class='av_textblock_section av-av_textblock-263a286a3ec605a4b845ded44ee74c94 '   itemscope=\"itemscope\" itemtype=\"https:\/\/schema.org\/CreativeWork\" ><div class='avia_textblock'  itemprop=\"text\" ><p style=\"text-align: center\"><span style=\"font-size: 14pt\"><strong><a href=\"mailto:aon.salud@aon.es\">Enviar solicitud a aon.salud@aon.es<\/a><\/strong><\/span><\/p>\n<\/div><\/section>\n\n<style type=\"text\/css\" data-created_by=\"avia_inline_auto\" id=\"style-css-av-av_hr-96cf2885ed10df65d768f3ce41d403ed\">\n#top .hr.hr-invisible.av-av_hr-96cf2885ed10df65d768f3ce41d403ed{\nheight:70px;\n}\n<\/style>\n<div  class='hr av-av_hr-96cf2885ed10df65d768f3ce41d403ed hr-invisible  avia-builder-el-21  el_after_av_textblock  avia-builder-el-last '><span class='hr-inner '><span class=\"hr-inner-style\"><\/span><\/span><\/div>\n\n<\/div><\/div><\/main><!-- close content main element --><\/div><\/div>\n<style type=\"text\/css\" data-created_by=\"avia_inline_auto\" id=\"style-css-av-av_section-91bea138f64fb6090a92fd0a722cdbb6\">\n.avia-section.av-av_section-91bea138f64fb6090a92fd0a722cdbb6{\nbackground-color:#f8f8f8;\nbackground-image:unset;\n}\n<\/style>\n<div id='av_section_2'  class='avia-section av-av_section-91bea138f64fb6090a92fd0a722cdbb6 main_color avia-section-small avia-shadow  avia-builder-el-22  el_after_av_section  avia-builder-el-last  avia-bg-style-scroll container_wrap sidebar_right'  ><div class='container av-section-cont-open' ><div class='template-page content  av-content-small alpha units'><div class='post-entry post-entry-type-page post-entry-1421'><div class='entry-content-wrapper clearfix'>\n\n<style type=\"text\/css\" data-created_by=\"avia_inline_auto\" id=\"style-css-av-av_textblock-32ca4be991acb1e9fd43c789ae5411ac\">\n#top .av_textblock_section.av-av_textblock-32ca4be991acb1e9fd43c789ae5411ac .avia_textblock{\nfont-size:10px;\n}\n<\/style>\n<section  class='av_textblock_section av-av_textblock-32ca4be991acb1e9fd43c789ae5411ac '   itemscope=\"itemscope\" itemtype=\"https:\/\/schema.org\/CreativeWork\" ><div class='avia_textblock'  itemprop=\"text\" ><p>Estas condiciones de seguro de salud\u00a0 son exclusivas para los miembros del Colegio Oficial de Ingenieros T\u00e9cnicos Industriales\u00a0 de Madrid y sus familiares directos. Primas v\u00e1lidas hasta el 31 de diciembre de 2023. Seguro sujeto a normas de contrataci\u00f3n. Consulte condiciones generales, particulares y especiales.\u00a0 Tarifas 2023.<\/p>\n<p>ASISA (Asistencia Sanitaria Interprovincial de Seguros, S.A. Sociedad Unipersonal), es la compa\u00f1\u00eda de seguros, tiene su domicilio social en la Calle Juan Ignacio Luca de Tena, n\u00ba 12, y CIF: A-08169294 , inscrita en el Registro Mercantil de Madrid, en la hoja n\u00ba 38819-1,tomo 4892 general, Libro 4055 de Sociedades, secci\u00f3n 3\u00aa<\/p>\n<p>Intermediado por Aon Gil y Carvajal, S.A. Corredur\u00eda de Seguros, Sociedad Unipersonal (en adelante \u201cAON\u201d) es un mediador de seguros en la modalidad de Corredur\u00eda de Seguros. AON se encuentra inscrita en el R\u00ba Mercantil de Madrid, Hoja M-19857, Tomo 15321, Folio 133, N.I.F. A-28109247. Asimismo, AON en su condici\u00f3n de sociedad de Corredur\u00eda se encuentra inscrita en el Registro Especial de Sociedades de Corredur\u00eda de Seguros de la Direcci\u00f3n General de Seguros y Fondo de Pensiones con la clave J-107 (<a href=\"http:\/\/www.dgsfp.mineco.es\/es\/Distribuidores\/PUI\/Paginas\/pui.aspx\">http:\/\/www.dgsfp.mineco.es\/es\/Distribuidores\/PUI\/Paginas\/pui.aspx<\/a>) y dispone de la Capacidad financiera y Seguro de Responsabilidad Civil seg\u00fan lo previsto en el art\u00edculo 157 de la Ley de Distribuci\u00f3n de Seguros.<\/p>\n<\/div><\/section>\n<\/div><\/div><\/div><!-- close content main div --><\/div><\/div><div id='after_section_2'  class='main_color av_default_container_wrap container_wrap sidebar_right'  ><div class='container av-section-cont-open' ><div class='template-page content  av-content-small alpha units'><div class='post-entry post-entry-type-page post-entry-1421'><div class='entry-content-wrapper clearfix'>\n","protected":false},"excerpt":{"rendered":"","protected":false},"author":31,"featured_media":0,"parent":0,"menu_order":0,"comment_status":"closed","ping_status":"closed","template":"","meta":{"footnotes":""},"class_list":["post-1421","page","type-page","status-publish","hentry"],"yoast_head":"<!-- This site is optimized with the Yoast SEO plugin v27.3 - https:\/\/yoast.com\/product\/yoast-seo-wordpress\/ -->\n<title>Contratar Seguro Salud Sanitas - COGITIM<\/title>\n<meta name=\"description\" content=\"Contrata tu seguro de salud en unos pasos muy sencillos. Tan solo tardar\u00e1s unos minutos y podr\u00e1s disfrutar de condiciones especiales por ser abogado.\" \/>\n<meta name=\"robots\" content=\"noindex, nofollow\" \/>\n<meta property=\"og:locale\" content=\"es_ES\" \/>\n<meta property=\"og:type\" content=\"article\" \/>\n<meta property=\"og:title\" content=\"Contratar Seguro Salud Sanitas - COGITIM\" \/>\n<meta property=\"og:description\" content=\"Contrata tu seguro de salud en unos pasos muy sencillos. Tan solo tardar\u00e1s unos minutos y podr\u00e1s disfrutar de condiciones especiales por ser abogado.\" \/>\n<meta property=\"og:url\" content=\"https:\/\/www.aon.es\/site\/cogitim\/contratar-sanitas\/\" \/>\n<meta property=\"og:site_name\" content=\"COGITIM\" \/>\n<meta property=\"article:modified_time\" content=\"2024-08-09T11:13:23+00:00\" \/>\n<meta name=\"twitter:card\" content=\"summary_large_image\" \/>\n<script type=\"application\/ld+json\" class=\"yoast-schema-graph\">{\"@context\":\"https:\\\/\\\/schema.org\",\"@graph\":[{\"@type\":\"WebPage\",\"@id\":\"https:\\\/\\\/www.aon.es\\\/site\\\/cogitim\\\/contratar-sanitas\\\/\",\"url\":\"https:\\\/\\\/www.aon.es\\\/site\\\/cogitim\\\/contratar-sanitas\\\/\",\"name\":\"Contratar Seguro Salud Sanitas - COGITIM\",\"isPartOf\":{\"@id\":\"https:\\\/\\\/www.aon.es\\\/site\\\/cogitim\\\/#website\"},\"datePublished\":\"2020-10-08T10:09:35+00:00\",\"dateModified\":\"2024-08-09T11:13:23+00:00\",\"description\":\"Contrata tu seguro de salud en unos pasos muy sencillos. Tan solo tardar\u00e1s unos minutos y podr\u00e1s disfrutar de condiciones especiales por ser abogado.\",\"breadcrumb\":{\"@id\":\"https:\\\/\\\/www.aon.es\\\/site\\\/cogitim\\\/contratar-sanitas\\\/#breadcrumb\"},\"inLanguage\":\"es\",\"potentialAction\":[{\"@type\":\"ReadAction\",\"target\":[\"https:\\\/\\\/www.aon.es\\\/site\\\/cogitim\\\/contratar-sanitas\\\/\"]}]},{\"@type\":\"BreadcrumbList\",\"@id\":\"https:\\\/\\\/www.aon.es\\\/site\\\/cogitim\\\/contratar-sanitas\\\/#breadcrumb\",\"itemListElement\":[{\"@type\":\"ListItem\",\"position\":1,\"name\":\"Portada\",\"item\":\"https:\\\/\\\/www.aon.es\\\/site\\\/cogitim\\\/inicio\\\/\"},{\"@type\":\"ListItem\",\"position\":2,\"name\":\"Contratar Seguro Salud Sanitas\"}]},{\"@type\":\"WebSite\",\"@id\":\"https:\\\/\\\/www.aon.es\\\/site\\\/cogitim\\\/#website\",\"url\":\"https:\\\/\\\/www.aon.es\\\/site\\\/cogitim\\\/\",\"name\":\"COGITIM\",\"description\":\"Otro sitio m\u00e1s de Sitios de Aon\",\"potentialAction\":[{\"@type\":\"SearchAction\",\"target\":{\"@type\":\"EntryPoint\",\"urlTemplate\":\"https:\\\/\\\/www.aon.es\\\/site\\\/cogitim\\\/?s={search_term_string}\"},\"query-input\":{\"@type\":\"PropertyValueSpecification\",\"valueRequired\":true,\"valueName\":\"search_term_string\"}}],\"inLanguage\":\"es\"}]}<\/script>\n<!-- \/ Yoast SEO plugin. -->","yoast_head_json":{"title":"Contratar Seguro Salud Sanitas - COGITIM","description":"Contrata tu seguro de salud en unos pasos muy sencillos. Tan solo tardar\u00e1s unos minutos y podr\u00e1s disfrutar de condiciones especiales por ser abogado.","robots":{"index":"noindex","follow":"nofollow"},"og_locale":"es_ES","og_type":"article","og_title":"Contratar Seguro Salud Sanitas - COGITIM","og_description":"Contrata tu seguro de salud en unos pasos muy sencillos. Tan solo tardar\u00e1s unos minutos y podr\u00e1s disfrutar de condiciones especiales por ser abogado.","og_url":"https:\/\/www.aon.es\/site\/cogitim\/contratar-sanitas\/","og_site_name":"COGITIM","article_modified_time":"2024-08-09T11:13:23+00:00","twitter_card":"summary_large_image","schema":{"@context":"https:\/\/schema.org","@graph":[{"@type":"WebPage","@id":"https:\/\/www.aon.es\/site\/cogitim\/contratar-sanitas\/","url":"https:\/\/www.aon.es\/site\/cogitim\/contratar-sanitas\/","name":"Contratar Seguro Salud Sanitas - COGITIM","isPartOf":{"@id":"https:\/\/www.aon.es\/site\/cogitim\/#website"},"datePublished":"2020-10-08T10:09:35+00:00","dateModified":"2024-08-09T11:13:23+00:00","description":"Contrata tu seguro de salud en unos pasos muy sencillos. Tan solo tardar\u00e1s unos minutos y podr\u00e1s disfrutar de condiciones especiales por ser abogado.","breadcrumb":{"@id":"https:\/\/www.aon.es\/site\/cogitim\/contratar-sanitas\/#breadcrumb"},"inLanguage":"es","potentialAction":[{"@type":"ReadAction","target":["https:\/\/www.aon.es\/site\/cogitim\/contratar-sanitas\/"]}]},{"@type":"BreadcrumbList","@id":"https:\/\/www.aon.es\/site\/cogitim\/contratar-sanitas\/#breadcrumb","itemListElement":[{"@type":"ListItem","position":1,"name":"Portada","item":"https:\/\/www.aon.es\/site\/cogitim\/inicio\/"},{"@type":"ListItem","position":2,"name":"Contratar Seguro Salud Sanitas"}]},{"@type":"WebSite","@id":"https:\/\/www.aon.es\/site\/cogitim\/#website","url":"https:\/\/www.aon.es\/site\/cogitim\/","name":"COGITIM","description":"Otro sitio m\u00e1s de Sitios de Aon","potentialAction":[{"@type":"SearchAction","target":{"@type":"EntryPoint","urlTemplate":"https:\/\/www.aon.es\/site\/cogitim\/?s={search_term_string}"},"query-input":{"@type":"PropertyValueSpecification","valueRequired":true,"valueName":"search_term_string"}}],"inLanguage":"es"}]}},"_links":{"self":[{"href":"https:\/\/www.aon.es\/site\/cogitim\/wp-json\/wp\/v2\/pages\/1421","targetHints":{"allow":["GET"]}}],"collection":[{"href":"https:\/\/www.aon.es\/site\/cogitim\/wp-json\/wp\/v2\/pages"}],"about":[{"href":"https:\/\/www.aon.es\/site\/cogitim\/wp-json\/wp\/v2\/types\/page"}],"author":[{"embeddable":true,"href":"https:\/\/www.aon.es\/site\/cogitim\/wp-json\/wp\/v2\/users\/31"}],"replies":[{"embeddable":true,"href":"https:\/\/www.aon.es\/site\/cogitim\/wp-json\/wp\/v2\/comments?post=1421"}],"version-history":[{"count":3,"href":"https:\/\/www.aon.es\/site\/cogitim\/wp-json\/wp\/v2\/pages\/1421\/revisions"}],"predecessor-version":[{"id":2884,"href":"https:\/\/www.aon.es\/site\/cogitim\/wp-json\/wp\/v2\/pages\/1421\/revisions\/2884"}],"wp:attachment":[{"href":"https:\/\/www.aon.es\/site\/cogitim\/wp-json\/wp\/v2\/media?parent=1421"}],"curies":[{"name":"wp","href":"https:\/\/api.w.org\/{rel}","templated":true}]}}