{"id":1385,"date":"2020-04-06T13:32:59","date_gmt":"2020-04-06T13:32:59","guid":{"rendered":"http:\/\/www.aon.es\/site\/federaciongolf\/?page_id=1385"},"modified":"2020-06-18T16:22:45","modified_gmt":"2020-06-18T16:22:45","slug":"coches-clasicos","status":"publish","type":"page","link":"https:\/\/www.aon.es\/site\/federaciongolf\/coches-clasicos\/","title":{"rendered":"Coches cl\u00e1sicos"},"content":{"rendered":"\n<style type=\"text\/css\" data-created_by=\"avia_inline_auto\" id=\"style-css-av-k69b9id2-928e51b7d5d40e281da45285d9288c3a\">\n.avia-section.av-k69b9id2-928e51b7d5d40e281da45285d9288c3a{\nbackground-repeat:no-repeat;\nbackground-image:url(https:\/\/www.aon.es\/site\/federaciongolf\/wp-content\/uploads\/sites\/124\/2020\/02\/gradient-golfl-scaled.jpg);\nbackground-position:0% 0%;\nbackground-attachment:scroll;\n}\n<\/style>\n<div id='av_section_1'  class='avia-section av-k69b9id2-928e51b7d5d40e281da45285d9288c3a main_color avia-section-default avia-no-border-styling  avia-builder-el-0  el_before_av_section  avia-builder-el-first  avia-full-stretch avia-bg-style-scroll av-minimum-height av-minimum-height-25 av-height-25  container_wrap sidebar_right'  data-section-bg-repeat='stretch' data-av_minimum_height_pc='25' data-av_min_height_opt='25'><div class='container av-section-cont-open' ><main  role=\"main\" itemprop=\"mainContentOfPage\"  class='template-page content  av-content-small alpha units'><div class='post-entry post-entry-type-page post-entry-1385'><div class='entry-content-wrapper clearfix'>\n\n<style type=\"text\/css\" data-created_by=\"avia_inline_auto\" id=\"style-css-av-9e7c-14a6a7d0a5d4f3a547ab158d60e18822\">\n.flex_column.av-9e7c-14a6a7d0a5d4f3a547ab158d60e18822{\nborder-radius:0px 0px 0px 0px;\npadding:0px 0px 0px 0px;\n}\n<\/style>\n<div  class='flex_column av-9e7c-14a6a7d0a5d4f3a547ab158d60e18822 av_three_fifth  avia-builder-el-1  el_before_av_two_fifth  avia-builder-el-first  first flex_column_div av-zero-column-padding  '     ><p>\n<style type=\"text\/css\" data-created_by=\"avia_inline_auto\" id=\"style-css-av-k69bcuam-f8306135e8ddea1b4a586cc0b5e1f71b\">\n#top .hr.hr-invisible.av-k69bcuam-f8306135e8ddea1b4a586cc0b5e1f71b{\nheight:50px;\n}\n<\/style>\n<div  class='hr av-k69bcuam-f8306135e8ddea1b4a586cc0b5e1f71b hr-invisible  avia-builder-el-2  el_before_av_textblock  avia-builder-el-first '><span class='hr-inner '><span class=\"hr-inner-style\"><\/span><\/span><\/div><br \/>\n\n<style type=\"text\/css\" data-created_by=\"avia_inline_auto\" id=\"style-css-av-k69b6wwy-73648e304d0dfdd757e225e67df5cfd6\">\n#top .av_textblock_section.av-k69b6wwy-73648e304d0dfdd757e225e67df5cfd6 .avia_textblock{\ncolor:#ffffff;\n}\n<\/style>\n<section  class='av_textblock_section av-k69b6wwy-73648e304d0dfdd757e225e67df5cfd6 '   itemscope=\"itemscope\" itemtype=\"https:\/\/schema.org\/CreativeWork\" ><div class='avia_textblock av_inherit_color'  itemprop=\"text\" ><p><span style=\"font-size: 22pt;font-family: Montserrat\">Seguro<\/span><\/p>\n<\/div><\/section><br \/>\n\n<style type=\"text\/css\" data-created_by=\"avia_inline_auto\" id=\"style-css-av-k69b6wwy-73648e304d0dfdd757e225e67df5cfd6\">\n#top .av_textblock_section.av-k69b6wwy-73648e304d0dfdd757e225e67df5cfd6 .avia_textblock{\ncolor:#ffffff;\n}\n<\/style>\n<section  class='av_textblock_section av-k69b6wwy-73648e304d0dfdd757e225e67df5cfd6 '   itemscope=\"itemscope\" itemtype=\"https:\/\/schema.org\/CreativeWork\" ><div class='avia_textblock av_inherit_color'  itemprop=\"text\" ><p><strong><span style=\"font-size: 36pt;font-family: Montserrat\">Coches cl\u00e1sicos<\/span><\/strong><\/p>\n<\/div><\/section><br \/>\n\n<style type=\"text\/css\" data-created_by=\"avia_inline_auto\" id=\"style-css-av-k69bcuam-dc899669579cda7a48da945ce6724f26\">\n#top .hr.hr-invisible.av-k69bcuam-dc899669579cda7a48da945ce6724f26{\nheight:140px;\n}\n<\/style>\n<div  class='hr av-k69bcuam-dc899669579cda7a48da945ce6724f26 hr-invisible  avia-builder-el-5  el_after_av_textblock  avia-builder-el-last '><span class='hr-inner '><span class=\"hr-inner-style\"><\/span><\/span><\/div><\/p><\/div>\n<style type=\"text\/css\" data-created_by=\"avia_inline_auto\" id=\"style-css-av-9e7c-afb063e1d1443eac8ff1993359f1b3b9\">\n.flex_column.av-9e7c-afb063e1d1443eac8ff1993359f1b3b9{\nborder-radius:0px 0px 0px 0px;\npadding:0px 0px 0px 0px;\n}\n<\/style>\n<div  class='flex_column av-9e7c-afb063e1d1443eac8ff1993359f1b3b9 av_two_fifth  avia-builder-el-6  el_after_av_three_fifth  avia-builder-el-last  flex_column_div av-zero-column-padding  '     ><\/div><\/div><\/div><\/main><!-- close content main element --><\/div><\/div><div id='av_section_2'  class='avia-section av-k6ai2s4q-418a09cebd3dc1a00f0cddd259840b96 main_color avia-section-no-padding avia-no-border-styling  avia-builder-el-7  el_after_av_section  avia-builder-el-last  avia-bg-style-scroll av-minimum-height av-minimum-height-100 av-height-100  container_wrap sidebar_right'   data-av_minimum_height_pc='100' data-av_min_height_opt='100'><div class='container av-section-cont-open' ><div class='template-page content  av-content-small alpha units'><div class='post-entry post-entry-type-page post-entry-1385'><div class='entry-content-wrapper clearfix'>\n<div class='flex_column_table av-92tc-843d058e9b545afc3cb0283a9650f58d sc-av_one_full av-equal-height-column-flextable'>\n<style type=\"text\/css\" data-created_by=\"avia_inline_auto\" id=\"style-css-av-92tc-843d058e9b545afc3cb0283a9650f58d\">\n@keyframes av_boxShadowEffect_av-92tc-843d058e9b545afc3cb0283a9650f58d-column {\n0%   { box-shadow:  0 0 0 0 rgba(128,129,130,0.5); opacity: 1; }\n100% { box-shadow:  0 0 10px 0 rgba(128,129,130,0.5); opacity: 1; }\n}\n#top .flex_column_table.av-equal-height-column-flextable.av-92tc-843d058e9b545afc3cb0283a9650f58d{\nmargin-top:-15%;\nmargin-bottom:0px;\n}\n.flex_column.av-92tc-843d058e9b545afc3cb0283a9650f58d{\nbox-shadow: 0 0 10px 0 rgba(128,129,130,0.5);\nborder-radius:10px 10px 10px 10px;\npadding:30px 30px 30px 30px;\nbackground:url(https:\/\/www.aon.es\/site\/federaciongolf\/wp-content\/uploads\/sites\/124\/2020\/04\/golf-clasicos-01_Mesa-de-trabajo-1_Mesa-de-trabajo-1.jpg) 50% 0% no-repeat scroll #ffffff;\n}\n<\/style>\n<div  class='flex_column av-92tc-843d058e9b545afc3cb0283a9650f58d av_one_full  avia-builder-el-8  el_before_av_one_full  avia-builder-el-first  first flex_column_table_cell av-equal-height-column av-align-top shadow-not-animated  '     ><p>\n<style type=\"text\/css\" data-created_by=\"avia_inline_auto\" id=\"style-css-av-k69bcuam-4bba692bab1c3fba22392923a97e0e46\">\n#top .hr.hr-invisible.av-k69bcuam-4bba692bab1c3fba22392923a97e0e46{\nheight:210px;\n}\n<\/style>\n<div  class='hr av-k69bcuam-4bba692bab1c3fba22392923a97e0e46 hr-invisible  avia-builder-el-9  el_before_av_textblock  avia-builder-el-first '><span class='hr-inner '><span class=\"hr-inner-style\"><\/span><\/span><\/div><br \/>\n<section  class='av_textblock_section av-6ny4-659e91610d700d82ae1c0cdfb6452222 '   itemscope=\"itemscope\" itemtype=\"https:\/\/schema.org\/CreativeWork\" ><div class='avia_textblock'  itemprop=\"text\" ><p><span style=\"font-size: 18pt\"><strong><span style=\"font-family: Montserrat\"><span style=\"color: #003f72\">Disfruta de la mejor asistencia en viaje<\/span>\u00a0<br class=\"avia-permanent-lb\" \/><br class=\"avia-permanent-lb\" \/><\/span><\/strong><\/span><\/p>\n<p style=\"text-align: center;padding: 0.5px 0px 0.5px 0px;background: linear-gradient(to right, #003f72 0%, #7ab800 100%);color: white;vertical-align: middle\">\n<\/div><\/section><br \/>\n\n<style type=\"text\/css\" data-created_by=\"avia_inline_auto\" id=\"style-css-av-k69bcuam-ba37e1fb7614cf8961e31dece485c6a3\">\n#top .hr.hr-invisible.av-k69bcuam-ba37e1fb7614cf8961e31dece485c6a3{\nheight:10px;\n}\n<\/style>\n<div  class='hr av-k69bcuam-ba37e1fb7614cf8961e31dece485c6a3 hr-invisible  avia-builder-el-11  el_after_av_textblock  el_before_av_textblock '><span class='hr-inner '><span class=\"hr-inner-style\"><\/span><\/span><\/div><br \/>\n<section  class='av_textblock_section av-6ny4-659e91610d700d82ae1c0cdfb6452222 '   itemscope=\"itemscope\" itemtype=\"https:\/\/schema.org\/CreativeWork\" ><div class='avia_textblock'  itemprop=\"text\" ><p><span style=\"font-size: 14pt\">Asegura la m\u00e1xima tranquilidad en tus viajes, vayas donde vayas. <\/span><\/p>\n<p><span style=\"font-size: 14pt\">Viaja sin imprevistos. Consigue las m\u00e1ximas coberturas y el mejor precio. <\/span><\/p>\n<p><span style=\"font-size: 14pt\">Aprovecha las condiciones especiales para los federados .<\/span><\/p>\n<\/div><\/section><br \/>\n\n<style type=\"text\/css\" data-created_by=\"avia_inline_auto\" id=\"style-css-av-k69bcuam-771d05563baf6d55c6bb6f513bd023eb\">\n#top .hr.hr-invisible.av-k69bcuam-771d05563baf6d55c6bb6f513bd023eb{\nmargin-top:-20px;\nheight:1px;\n}\n<\/style>\n<div  class='hr av-k69bcuam-771d05563baf6d55c6bb6f513bd023eb hr-invisible  avia-builder-el-13  el_after_av_textblock  el_before_av_toggle_container '><span class='hr-inner '><span class=\"hr-inner-style\"><\/span><\/span><\/div><br \/>\n\n<style type=\"text\/css\" data-created_by=\"avia_inline_auto\" id=\"style-css-av-k6s4xu4o-8a802346f69ad2331da3f3df5d766282\">\n#top .togglecontainer.av-k6s4xu4o-8a802346f69ad2331da3f3df5d766282 p.toggler{\ncolor:#003f72;\nbackground-color:rgba(201,202,200,0.2);\nborder-color:#ffffff;\n}\n#top .togglecontainer.av-k6s4xu4o-8a802346f69ad2331da3f3df5d766282 p.toggler .toggle_icon{\ncolor:#003f72;\nborder-color:#003f72;\n}\n#top .togglecontainer.av-k6s4xu4o-8a802346f69ad2331da3f3df5d766282 .toggle_wrap .toggle_content{\ncolor:#003f72;\nbackground-color:rgba(201,202,200,0.2);\nborder-color:#ffffff;\n}\n<\/style>\n<div  class='togglecontainer av-k6s4xu4o-8a802346f69ad2331da3f3df5d766282 av-elegant-toggle  avia-builder-el-14  el_after_av_hr  el_before_av_hr  toggle_close_all' >\n<section class='av_toggle_section av-85azr-160fa82abe5b78ebbd6ccf7d42f5eb79'  itemscope=\"itemscope\" itemtype=\"https:\/\/schema.org\/CreativeWork\" ><div role=\"tablist\" class=\"single_toggle\" data-tags=\"{Todo} \"  ><p id='toggle-toggle-id-1' data-fake-id='#toggle-id-1' class='toggler  av-title-above av-inherit-font-color hasCustomColor av-inherit-border-color'  itemprop=\"headline\"  role='tab' tabindex='0' aria-controls='toggle-id-1' data-slide-speed=\"200\" data-title=\"Coberturas para proteger tus viajes\" data-title-open=\"\" data-aria_collapsed=\"Click to expand: Coberturas para proteger tus viajes\" data-aria_expanded=\"Click to collapse: Coberturas para proteger tus viajes\">Coberturas para proteger tus viajes<span class=\"toggle_icon\"><span class=\"vert_icon\"><\/span><span class=\"hor_icon\"><\/span><\/span><\/p><div id='toggle-id-1' aria-labelledby='toggle-toggle-id-1' role='region' class='toggle_wrap  av-title-above'  ><div class='toggle_content invers-color av-inherit-font-color hasCustomColor av-inherit-border-color'  itemprop=\"text\" ><p>A continuaci\u00f3n te describimos las garant\u00edas m\u00e1s habituales en los seguros de viaje que te ofrecemos. Como sabes, en cada caso te ofreceremos una soluci\u00f3n a medida:<\/p>\n<ol>\n<li><strong>Gastos m\u00e9dicos en el extranjero<\/strong>: pago de los gastos m\u00e9dicos, quir\u00fargicos farmac\u00e9uticos y de hospitalizaci\u00f3n que ocurran durante tu viaje en el extranjero o en Espa\u00f1a.<\/li>\n<li><strong>Cancelaci\u00f3n de viaje<\/strong>: Reembolso de los servicios contratados para tu viaje.\n<ul>\n<li>Anulaci\u00f3n antes del viaje, de acuerdo a las condiciones del seguro.<\/li>\n<li>Interrupci\u00f3n del viaje: Cuando seas repatriado por alg\u00fan motivo en el seguro contratado.<\/li>\n<\/ul>\n<\/li>\n<li><strong>Equipaje y Demora<\/strong>: Indemnizaci\u00f3n complementaria al del transportista.\n<ul>\n<li>Robo: Sustracci\u00f3n mediante violencia, intimidaci\u00f3n o uso de la fuerza.<\/li>\n<li>P\u00e9rdida: Durante el traslado por una empresa de transporte p\u00fablico de viajeros.<\/li>\n<li>Destrucci\u00f3n: Total o parcial durante el traslado por una empresa de transporte p\u00fablico de viajeros.<\/li>\n<li>Demora: Reembolso por la compra de art\u00edculos de 1\u00aa necesidad.<\/li>\n<\/ul>\n<\/li>\n<li><strong>Repatriaci\u00f3n<\/strong>: Transporte sanitario de acuerdo a criterios m\u00e9dicos, seg\u00fan gravedad o urgencia del caso.\n<ul>\n<li>Enfermedad: Desde el lugar donde te encuentras hasta tu domicilio, o hospital m\u00e1s cercano a \u00e9l m\u00e1s adecuado a tu estado de salud.<\/li>\n<li>Accidente: Desde el lugar donde te encuentras hasta tu domicilio, o hospital m\u00e1s cercano a \u00e9l m\u00e1s adecuado a tu estado de salud.<\/li>\n<li>Fallecimiento: Transporte y acondicionamiento del cuerpo hasta lugar de inhumaci\u00f3n<br \/>\nTransporte de familiares y acompa\u00f1antes asegurados.<\/li>\n<\/ul>\n<\/li>\n<li><strong>Estancia en hotel<\/strong>: Reserva y toma a cargo de los gastos de estancia en hotel.\n<ul>\n<li>Asegurado: Cuando por prescripci\u00f3n m\u00e9dica no puedas continuar tu viaje inmediatamente.<\/li>\n<li>Familiar: Cuando se desplace junto a la cama del enfermo para acompa\u00f1arle.<\/li>\n<\/ul>\n<\/li>\n<li><strong>Desplazamiento para un familiar o acompa\u00f1ante<\/strong>: Transporte junto a la cama del enfermo, cuando, de acuerdo a criterios m\u00e9dicos, se prevea una hospitalizaci\u00f3n superior a cinco d\u00edas.<\/li>\n<li><strong>Regreso anticipado<\/strong>: Reserva y pago de los gastos del billete de vuelta a domicilio.\n<ul>\n<li>Enfermedad grave: Cuando implique hospitalizaci\u00f3n.<\/li>\n<li>Accidente grave: Cuando implique hospitalizaci\u00f3n.<\/li>\n<li>Fallecimiento.<\/li>\n<li>Perjuicios graves en caso de robo, incendio, fuga de agua o de gas.\n<ul>\n<li>En el domicilio habitual.<\/li>\n<li>En el local profesional.<\/li>\n<\/ul>\n<\/li>\n<\/ul>\n<\/li>\n<li><strong>Anticipos econ\u00f3micos durante el viaje<\/strong>: Durante tu viaje puede que necesites realizar desembolsos importantes para salir de situaciones complicadas.\n<ul>\n<li>Anticipo fianza judicial: Fuera del pa\u00eds de residencia, como consecuencia de un accidente de circulaci\u00f3n del que resulte responsable.<\/li>\n<li>Honorario de abogados: Reembolso de defensa legal no penal, fuera del pa\u00eds de residencia o nacionalidad.<\/li>\n<li>Adelanto de fondos: Adelanto de dinero efectivo por robo o p\u00e9rdida.\n<ul>\n<li>De documentaci\u00f3n.<\/li>\n<li>De tarjeta de cr\u00e9dito.<\/li>\n<\/ul>\n<\/li>\n<\/ul>\n<\/li>\n<li><strong>Responsabilidad Civil<\/strong>: Por los da\u00f1os y perjuicios personales y\/o materiales que cause involuntariamente a terceros.<\/li>\n<li><strong>Asistencia durante el viaje<\/strong>: Servicios adicionales.\n<ul>\n<li>Env\u00edo de medicamentos al extranjero: Localizamos y enviamos medicamentos de vital importancia, no disponibles en el lugar de asistencia.<\/li>\n<li>Transmsi\u00f3n de mensajes urgentes: Con motivo de alguna de las garant\u00edas descritas antes.<\/li>\n<\/ul>\n<\/li>\n<\/ol>\n<\/div><\/div><\/div><\/section>\n<\/div><br \/>\n\n<style type=\"text\/css\" data-created_by=\"avia_inline_auto\" id=\"style-css-av-k69bcuam-cbc60d8f99a9a02152911cc341339aa4\">\n#top .hr.hr-invisible.av-k69bcuam-cbc60d8f99a9a02152911cc341339aa4{\nheight:30px;\n}\n<\/style>\n<div  class='hr av-k69bcuam-cbc60d8f99a9a02152911cc341339aa4 hr-invisible  avia-builder-el-15  el_after_av_toggle_container  el_before_av_button_big  avia-builder-el-last '><span class='hr-inner '><span class=\"hr-inner-style\"><\/span><\/span><\/div><br \/>\n<div  class='avia-button-wrap avia-button-center  avia-builder-el-16  el_after_av_hr  el_before_av_hr '>\n<style type=\"text\/css\" data-created_by=\"avia_inline_auto\" id=\"style-css-av-k6aj2i51-139c1413eaea0a9a666c328820dcb341\">\n#top #wrap_all .avia-button.av-k6aj2i51-139c1413eaea0a9a666c328820dcb341{\nbackground-color:#003f72;\nborder-color:#003f72;\ncolor:#ffffff;\ntransition:all 0.4s ease-in-out;\n}\n#top #wrap_all .avia-button.av-k6aj2i51-139c1413eaea0a9a666c328820dcb341:hover{\nbackground-color:#7ab800;\ncolor:#ffffff;\ntransition:all 0.4s ease-in-out;\n}\n#top #wrap_all .avia-button.av-k6aj2i51-139c1413eaea0a9a666c328820dcb341 .avia-svg-icon svg:first-child{\nfill:#ffffff;\nstroke:#ffffff;\n}\n#top #wrap_all .avia-button.av-k6aj2i51-139c1413eaea0a9a666c328820dcb341:hover .avia-svg-icon svg:first-child{\nfill:#ffffff;\nstroke:#ffffff;\n}\n<\/style>\n<a href='https:\/\/www.aon.es\/site\/federaciongolf\/#informacion' class='avia-button avia-button-fullwidth av-k6aj2i51-139c1413eaea0a9a666c328820dcb341 avia-icon_select-no avia-color-custom'   aria-label=\"Asegura tus viajes \u00a1Desde 20\u20ac!\"><span class='avia_iconbox_title' >Asegura tus viajes \u00a1Desde 20\u20ac!<\/span><\/a><\/div><br \/>\n\n<style type=\"text\/css\" data-created_by=\"avia_inline_auto\" id=\"style-css-av-k69bcuam-cbc60d8f99a9a02152911cc341339aa4\">\n#top .hr.hr-invisible.av-k69bcuam-cbc60d8f99a9a02152911cc341339aa4{\nheight:30px;\n}\n<\/style>\n<div  class='hr av-k69bcuam-cbc60d8f99a9a02152911cc341339aa4 hr-invisible  avia-builder-el-17  el_after_av_button_big  avia-builder-el-no-sibling '><span class='hr-inner '><span class=\"hr-inner-style\"><\/span><\/span><\/div><\/p><\/div><\/div><!--close column table wrapper. Autoclose: 1 -->\n<style type=\"text\/css\" data-created_by=\"avia_inline_auto\" id=\"style-css-av-r5z3-965dcc7aa45e8b0c609fc98fce93b6f2\">\n.flex_column.av-r5z3-965dcc7aa45e8b0c609fc98fce93b6f2{\nborder-radius:0px 0px 0px 0px;\npadding:0px 0px 0px 0px;\n}\n<\/style>\n<div  class='flex_column av-r5z3-965dcc7aa45e8b0c609fc98fce93b6f2 av_one_full  avia-builder-el-18  el_after_av_one_full  avia-builder-el-last  first flex_column_div av-zero-column-padding  column-top-margin'     ><style type=\"text\/css\" data-created_by=\"avia_inline_auto\" id=\"style-css-av-k69bcuam-f8306135e8ddea1b4a586cc0b5e1f71b\">\n#top .hr.hr-invisible.av-k69bcuam-f8306135e8ddea1b4a586cc0b5e1f71b{\nheight:50px;\n}\n<\/style>\n<div  class='hr av-k69bcuam-f8306135e8ddea1b4a586cc0b5e1f71b hr-invisible  avia-builder-el-19  avia-builder-el-no-sibling '><span class='hr-inner '><span class=\"hr-inner-style\"><\/span><\/span><\/div><\/div><\/div><\/div><\/div><!-- close content main div --><\/div><\/div><div id='after_section_2'  class='main_color av_default_container_wrap container_wrap sidebar_right'  ><div class='container av-section-cont-open' ><div class='template-page content  av-content-small alpha units'><div class='post-entry post-entry-type-page post-entry-1385'><div class='entry-content-wrapper clearfix'><\/p>\n","protected":false},"excerpt":{"rendered":"","protected":false},"author":31,"featured_media":0,"parent":0,"menu_order":0,"comment_status":"closed","ping_status":"closed","template":"","meta":{"footnotes":""},"class_list":["post-1385","page","type-page","status-publish","hentry"],"yoast_head":"<!-- This site is optimized with the Yoast SEO plugin v27.5 - https:\/\/yoast.com\/product\/yoast-seo-wordpress\/ -->\n<title>Coches cl\u00e1sicos - federaciongolf<\/title>\n<meta name=\"robots\" content=\"index, follow, max-snippet:-1, max-image-preview:large, max-video-preview:-1\" \/>\n<link rel=\"canonical\" href=\"https:\/\/www.aon.es\/site\/federaciongolf\/coches-clasicos\/\" \/>\n<meta property=\"og:locale\" content=\"es_ES\" \/>\n<meta property=\"og:type\" content=\"article\" \/>\n<meta property=\"og:title\" content=\"Coches cl\u00e1sicos - federaciongolf\" \/>\n<meta property=\"og:url\" content=\"https:\/\/www.aon.es\/site\/federaciongolf\/coches-clasicos\/\" \/>\n<meta property=\"og:site_name\" content=\"federaciongolf\" \/>\n<meta property=\"article:modified_time\" content=\"2020-06-18T16:22:45+00:00\" \/>\n<meta name=\"twitter:card\" content=\"summary_large_image\" \/>\n<meta name=\"twitter:label1\" content=\"Tiempo de lectura\" \/>\n\t<meta name=\"twitter:data1\" content=\"10 minutos\" \/>\n<script type=\"application\/ld+json\" class=\"yoast-schema-graph\">{\"@context\":\"https:\\\/\\\/schema.org\",\"@graph\":[{\"@type\":\"WebPage\",\"@id\":\"https:\\\/\\\/www.aon.es\\\/site\\\/federaciongolf\\\/coches-clasicos\\\/\",\"url\":\"https:\\\/\\\/www.aon.es\\\/site\\\/federaciongolf\\\/coches-clasicos\\\/\",\"name\":\"Coches cl\u00e1sicos - federaciongolf\",\"isPartOf\":{\"@id\":\"https:\\\/\\\/www.aon.es\\\/site\\\/federaciongolf\\\/#website\"},\"datePublished\":\"2020-04-06T13:32:59+00:00\",\"dateModified\":\"2020-06-18T16:22:45+00:00\",\"breadcrumb\":{\"@id\":\"https:\\\/\\\/www.aon.es\\\/site\\\/federaciongolf\\\/coches-clasicos\\\/#breadcrumb\"},\"inLanguage\":\"es\",\"potentialAction\":[{\"@type\":\"ReadAction\",\"target\":[\"https:\\\/\\\/www.aon.es\\\/site\\\/federaciongolf\\\/coches-clasicos\\\/\"]}]},{\"@type\":\"BreadcrumbList\",\"@id\":\"https:\\\/\\\/www.aon.es\\\/site\\\/federaciongolf\\\/coches-clasicos\\\/#breadcrumb\",\"itemListElement\":[{\"@type\":\"ListItem\",\"position\":1,\"name\":\"Portada\",\"item\":\"https:\\\/\\\/www.aon.es\\\/site\\\/federaciongolf\\\/inicio\\\/\"},{\"@type\":\"ListItem\",\"position\":2,\"name\":\"Coches cl\u00e1sicos\"}]},{\"@type\":\"WebSite\",\"@id\":\"https:\\\/\\\/www.aon.es\\\/site\\\/federaciongolf\\\/#website\",\"url\":\"https:\\\/\\\/www.aon.es\\\/site\\\/federaciongolf\\\/\",\"name\":\"federaciongolf\",\"description\":\"Otro sitio m\u00e1s de Sitios de Aon\",\"potentialAction\":[{\"@type\":\"SearchAction\",\"target\":{\"@type\":\"EntryPoint\",\"urlTemplate\":\"https:\\\/\\\/www.aon.es\\\/site\\\/federaciongolf\\\/?s={search_term_string}\"},\"query-input\":{\"@type\":\"PropertyValueSpecification\",\"valueRequired\":true,\"valueName\":\"search_term_string\"}}],\"inLanguage\":\"es\"}]}<\/script>\n<!-- \/ Yoast SEO plugin. -->","yoast_head_json":{"title":"Coches cl\u00e1sicos - federaciongolf","robots":{"index":"index","follow":"follow","max-snippet":"max-snippet:-1","max-image-preview":"max-image-preview:large","max-video-preview":"max-video-preview:-1"},"canonical":"https:\/\/www.aon.es\/site\/federaciongolf\/coches-clasicos\/","og_locale":"es_ES","og_type":"article","og_title":"Coches cl\u00e1sicos - federaciongolf","og_url":"https:\/\/www.aon.es\/site\/federaciongolf\/coches-clasicos\/","og_site_name":"federaciongolf","article_modified_time":"2020-06-18T16:22:45+00:00","twitter_card":"summary_large_image","twitter_misc":{"Tiempo de lectura":"10 minutos"},"schema":{"@context":"https:\/\/schema.org","@graph":[{"@type":"WebPage","@id":"https:\/\/www.aon.es\/site\/federaciongolf\/coches-clasicos\/","url":"https:\/\/www.aon.es\/site\/federaciongolf\/coches-clasicos\/","name":"Coches cl\u00e1sicos - federaciongolf","isPartOf":{"@id":"https:\/\/www.aon.es\/site\/federaciongolf\/#website"},"datePublished":"2020-04-06T13:32:59+00:00","dateModified":"2020-06-18T16:22:45+00:00","breadcrumb":{"@id":"https:\/\/www.aon.es\/site\/federaciongolf\/coches-clasicos\/#breadcrumb"},"inLanguage":"es","potentialAction":[{"@type":"ReadAction","target":["https:\/\/www.aon.es\/site\/federaciongolf\/coches-clasicos\/"]}]},{"@type":"BreadcrumbList","@id":"https:\/\/www.aon.es\/site\/federaciongolf\/coches-clasicos\/#breadcrumb","itemListElement":[{"@type":"ListItem","position":1,"name":"Portada","item":"https:\/\/www.aon.es\/site\/federaciongolf\/inicio\/"},{"@type":"ListItem","position":2,"name":"Coches cl\u00e1sicos"}]},{"@type":"WebSite","@id":"https:\/\/www.aon.es\/site\/federaciongolf\/#website","url":"https:\/\/www.aon.es\/site\/federaciongolf\/","name":"federaciongolf","description":"Otro sitio m\u00e1s de Sitios de Aon","potentialAction":[{"@type":"SearchAction","target":{"@type":"EntryPoint","urlTemplate":"https:\/\/www.aon.es\/site\/federaciongolf\/?s={search_term_string}"},"query-input":{"@type":"PropertyValueSpecification","valueRequired":true,"valueName":"search_term_string"}}],"inLanguage":"es"}]}},"_links":{"self":[{"href":"https:\/\/www.aon.es\/site\/federaciongolf\/wp-json\/wp\/v2\/pages\/1385","targetHints":{"allow":["GET"]}}],"collection":[{"href":"https:\/\/www.aon.es\/site\/federaciongolf\/wp-json\/wp\/v2\/pages"}],"about":[{"href":"https:\/\/www.aon.es\/site\/federaciongolf\/wp-json\/wp\/v2\/types\/page"}],"author":[{"embeddable":true,"href":"https:\/\/www.aon.es\/site\/federaciongolf\/wp-json\/wp\/v2\/users\/31"}],"replies":[{"embeddable":true,"href":"https:\/\/www.aon.es\/site\/federaciongolf\/wp-json\/wp\/v2\/comments?post=1385"}],"version-history":[{"count":6,"href":"https:\/\/www.aon.es\/site\/federaciongolf\/wp-json\/wp\/v2\/pages\/1385\/revisions"}],"predecessor-version":[{"id":1394,"href":"https:\/\/www.aon.es\/site\/federaciongolf\/wp-json\/wp\/v2\/pages\/1385\/revisions\/1394"}],"wp:attachment":[{"href":"https:\/\/www.aon.es\/site\/federaciongolf\/wp-json\/wp\/v2\/media?parent=1385"}],"curies":[{"name":"wp","href":"https:\/\/api.w.org\/{rel}","templated":true}]}}