{"id":10,"date":"2015-12-14T17:08:11","date_gmt":"2015-12-14T17:08:11","guid":{"rendered":"http:\/\/www.aon.es\/site\/garantias\/?page_id=10"},"modified":"2021-07-15T10:19:35","modified_gmt":"2021-07-15T10:19:35","slug":"inicio","status":"publish","type":"page","link":"https:\/\/www.aon.es\/site\/garantias\/","title":{"rendered":"Inicio"},"content":{"rendered":"<div id='layer_slider_1'  class='avia-layerslider main_color avia-shadow  avia-builder-el-0  el_before_av_hr  avia-builder-el-first  container_wrap sidebar_right'  style='height: 471px;'  ><\/div><div id='after_layer_slider_1'  class='main_color av_default_container_wrap container_wrap sidebar_right'  ><div class='container av-section-cont-open' ><div class='template-page content  av-content-small alpha units'><div class='post-entry post-entry-type-page post-entry-10'><div class='entry-content-wrapper clearfix'>\n\n<style type=\"text\/css\" data-created_by=\"avia_inline_auto\" id=\"style-css-av-d3c52-28df7b7d24ad4e036ad836aa0310bdd7\">\n#top .hr.hr-invisible.av-d3c52-28df7b7d24ad4e036ad836aa0310bdd7{\nmargin-top:-50px;\nheight:1px;\n}\n<\/style>\n<div  class='hr av-d3c52-28df7b7d24ad4e036ad836aa0310bdd7 hr-invisible  avia-builder-el-1  el_after_av_layerslider  el_before_av_one_full  avia-builder-el-first '><span class='hr-inner '><span class=\"hr-inner-style\"><\/span><\/span><\/div>\n\n<style type=\"text\/css\" data-created_by=\"avia_inline_auto\" id=\"style-css-av-c0i82-f72c64f9455ce1004705ea59b8604eb3\">\n.flex_column.av-c0i82-f72c64f9455ce1004705ea59b8604eb3{\nborder-radius:0px 0px 0px 0px;\npadding:0px 0px 0px 0px;\n}\n<\/style>\n<div  class='flex_column av-c0i82-f72c64f9455ce1004705ea59b8604eb3 av_one_full  avia-builder-el-2  el_after_av_hr  el_before_av_hr  first flex_column_div av-zero-column-padding  '     ><style type=\"text\/css\" data-created_by=\"avia_inline_auto\" id=\"style-css-av-bpvfi-c155487180710fc5d85a5a90cb5e1efe\">\n#top .av-special-heading.av-bpvfi-c155487180710fc5d85a5a90cb5e1efe{\npadding-bottom:10px;\ncolor:#c00000;\nfont-size:28px;\n}\nbody .av-special-heading.av-bpvfi-c155487180710fc5d85a5a90cb5e1efe .av-special-heading-tag .heading-char{\nfont-size:25px;\n}\n#top #wrap_all .av-special-heading.av-bpvfi-c155487180710fc5d85a5a90cb5e1efe .av-special-heading-tag{\nfont-size:28px;\n}\n.av-special-heading.av-bpvfi-c155487180710fc5d85a5a90cb5e1efe .special-heading-inner-border{\nborder-color:#c00000;\n}\n.av-special-heading.av-bpvfi-c155487180710fc5d85a5a90cb5e1efe .av-subheading{\nfont-size:23px;\n}\n\n@media only screen and (min-width: 480px) and (max-width: 767px){ \n#top #wrap_all .av-special-heading.av-bpvfi-c155487180710fc5d85a5a90cb5e1efe .av-special-heading-tag{\nfont-size:0.8em;\n}\n}\n\n@media only screen and (max-width: 479px){ \n#top #wrap_all .av-special-heading.av-bpvfi-c155487180710fc5d85a5a90cb5e1efe .av-special-heading-tag{\nfont-size:0.8em;\n}\n}\n<\/style>\n<div  class='av-special-heading av-bpvfi-c155487180710fc5d85a5a90cb5e1efe av-special-heading-h3 custom-color-heading blockquote modern-quote  avia-builder-el-3  avia-builder-el-no-sibling  av-inherit-size'><h3 class='av-special-heading-tag '  itemprop=\"headline\"  ><font face=\"Arial\">Las mejores Garant\u00edas para los profesionales del autom\u00f3vil<\/font><\/h3><div class='av_custom_color av-subheading av-subheading_below'><p><font face=\"Arial\">Mejor servicio, mayor tranquilidad<\/font><\/p>\n<\/div><div class=\"special-heading-border\"><div class=\"special-heading-inner-border\"><\/div><\/div><\/div><\/div>\n\n<style type=\"text\/css\" data-created_by=\"avia_inline_auto\" id=\"style-css-av-ato0m-e1141ff8979f6a1dc265968f99212c3a\">\n#top .hr.hr-invisible.av-ato0m-e1141ff8979f6a1dc265968f99212c3a{\nmargin-top:-100px;\nheight:1px;\n}\n<\/style>\n<div  class='hr av-ato0m-e1141ff8979f6a1dc265968f99212c3a hr-invisible  avia-builder-el-4  el_after_av_one_full  el_before_av_three_fourth '><span class='hr-inner '><span class=\"hr-inner-style\"><\/span><\/span><\/div>\n\n<style type=\"text\/css\" data-created_by=\"avia_inline_auto\" id=\"style-css-av-al7p2-83a2c5e59950fd80d555a11ac1714cc9\">\n.flex_column.av-al7p2-83a2c5e59950fd80d555a11ac1714cc9{\nborder-radius:0px 0px 0px 0px;\npadding:0px 0px 0px 0px;\n}\n<\/style>\n<div  class='flex_column av-al7p2-83a2c5e59950fd80d555a11ac1714cc9 av_three_fourth  avia-builder-el-5  el_after_av_hr  el_before_av_one_fourth  first flex_column_div av-zero-column-padding  '     ><section  class='av_textblock_section av-a0i66-4aaf43087eb6ae50f860e4da1ad1ecd7 '   itemscope=\"itemscope\" itemtype=\"https:\/\/schema.org\/CreativeWork\" ><div class='avia_textblock'  itemprop=\"text\" ><p><span style=\"font-family: Arial\">En Aon hemos dise\u00f1ado una nueva gama de seguros y garant\u00edas mec\u00e1nicas dirigida a los vendedores profesionales de autom\u00f3viles.<\/span><\/p>\n<p><span style=\"font-family: Arial\">Le invitamos a informarse y descubrir nuestro servicio, el cual le ayudar\u00e1 a cubrir mejor sus responsabilidades y garantizar la satisfacci\u00f3n de sus clientes.<\/span><\/p>\n<\/div><\/section><\/div>\n\n<style type=\"text\/css\" data-created_by=\"avia_inline_auto\" id=\"style-css-av-98w42-803b57e55dac910f1a236afd42b1d7c3\">\n.flex_column.av-98w42-803b57e55dac910f1a236afd42b1d7c3{\nborder-radius:0px 0px 0px 0px;\npadding:0px 0px 0px 0px;\n}\n<\/style>\n<div  class='flex_column av-98w42-803b57e55dac910f1a236afd42b1d7c3 av_one_fourth  avia-builder-el-7  el_after_av_three_fourth  el_before_av_one_full  flex_column_div av-zero-column-padding  '     ><div  class='avia-button-wrap av-8piqi-baa9cb9cd74e6e97c9527d9a90fb40ed-wrap avia-button-center  avia-builder-el-8  avia-builder-el-no-sibling '>\n<style type=\"text\/css\" data-created_by=\"avia_inline_auto\" id=\"style-css-av-8piqi-baa9cb9cd74e6e97c9527d9a90fb40ed\">\n#top #wrap_all .avia-button.av-8piqi-baa9cb9cd74e6e97c9527d9a90fb40ed{\nbackground-color:#c00000;\nborder-color:#c00000;\ncolor:#ffffff;\ntransition:all 0.4s ease-in-out;\n}\n#top #wrap_all .avia-button.av-8piqi-baa9cb9cd74e6e97c9527d9a90fb40ed .avia-svg-icon svg:first-child{\nfill:#ffffff;\nstroke:#ffffff;\n}\n<\/style>\n<a href='http:\/\/www.aon.es\/site\/garantias\/contacto\/'  class='avia-button av-8piqi-baa9cb9cd74e6e97c9527d9a90fb40ed av-link-btn avia-icon_select-yes-left-icon avia-size-medium avia-position-center'   aria-label=\"&lt;font face=&quot;Arial&quot;&gt;M\u00e1s informaci\u00f3n&lt;\/font&gt;\"><span class='avia_button_icon avia_button_icon_left avia-iconfont avia-font-entypo-fontello' data-av_icon='\ue889' data-av_iconfont='entypo-fontello' ><\/span><span class='avia_iconbox_title' ><font face=\"Arial\">M\u00e1s informaci\u00f3n<\/font><\/span><\/a><\/div><\/div>\n\n<style type=\"text\/css\" data-created_by=\"avia_inline_auto\" id=\"style-css-av-87bsq-b6136e48c7662a8b968a13a77b3bc3ea\">\n.flex_column.av-87bsq-b6136e48c7662a8b968a13a77b3bc3ea{\nborder-radius:0px 0px 0px 0px;\npadding:0px 0px 0px 0px;\n}\n<\/style>\n<div  class='flex_column av-87bsq-b6136e48c7662a8b968a13a77b3bc3ea av_one_full  avia-builder-el-9  el_after_av_one_fourth  el_before_av_three_fifth  first flex_column_div av-zero-column-padding  column-top-margin'     ><div id='av-masonry-1' class='av-masonry av-7bsou-f5776d07600ecdcbc73c6bb57bab70c0 noHover av-flex-size av-1px-gap av-hover-overlay- av-masonry-animation-active av-masonry-col-5 av-caption-always av-caption-style- av-masonry-gallery ' data-post_id=\"10\"><div class=\"av-masonry-container isotope av-js-disabled\"><div class='av-masonry-entry isotope-item av-masonry-item-no-image '><\/div><a href=\"http:\/\/www.aon.es\/site\/garantias\/porquenosotros\/\"  aria-label=\"image xq\"  id='av-masonry-1-item-52' data-av-masonry-item='52' class='av-masonry-entry isotope-item post-52 attachment type-attachment status-inherit hentry  av-masonry-item-with-image' title=\"xq\" alt=\"\"  data-av-masonry-custom-link=\"http:\/\/www.aon.es\/site\/garantias\/porquenosotros\/\"  itemprop=\"thumbnailUrl\" ><div class='av-inner-masonry-sizer'><\/div><figure class='av-inner-masonry main_color'><div class=\"av-masonry-outerimage-container\"><div class='av-masonry-image-container'  ><img decoding=\"async\" width=\"160\" height=\"161\" fetchpriority=\"high\" class=\"wp-image-52 avia-img-lazy-loading-not-52\"  src=\"https:\/\/www.aon.es\/site\/garantias\/wp-content\/uploads\/sites\/10\/2015\/12\/xq1-e1450116866661.png\" title=\"xq\" alt=\"\" \/><\/div><\/div><\/figure><\/a><!--end av-masonry entry--><a href=\"http:\/\/www.aon.es\/site\/garantias\/ventajas\/\"  aria-label=\"image ventajas\"  id='av-masonry-1-item-51' data-av-masonry-item='51' class='av-masonry-entry isotope-item post-51 attachment type-attachment status-inherit hentry  av-masonry-item-with-image' title=\"ventajas\" alt=\"\"  data-av-masonry-custom-link=\"http:\/\/www.aon.es\/site\/garantias\/ventajas\/\"  itemprop=\"thumbnailUrl\" ><div class='av-inner-masonry-sizer'><\/div><figure class='av-inner-masonry main_color'><div class=\"av-masonry-outerimage-container\"><div class='av-masonry-image-container'  ><img decoding=\"async\" width=\"160\" height=\"161\" fetchpriority=\"high\" class=\"wp-image-51 avia-img-lazy-loading-not-51\"  src=\"https:\/\/www.aon.es\/site\/garantias\/wp-content\/uploads\/sites\/10\/2015\/12\/ventajas-e1450116875463.png\" title=\"ventajas\" alt=\"\" \/><\/div><\/div><\/figure><\/a><!--end av-masonry entry--><a href=\"http:\/\/www.aon.es\/site\/garantias\/quienessomos\/\"  aria-label=\"image quienesomos\"  id='av-masonry-1-item-46' data-av-masonry-item='46' class='av-masonry-entry isotope-item post-46 attachment type-attachment status-inherit hentry  av-masonry-item-with-image' title=\"quienesomos\" alt=\"\"  data-av-masonry-custom-link=\"http:\/\/www.aon.es\/site\/garantias\/quienessomos\/\"  itemprop=\"thumbnailUrl\" ><div class='av-inner-masonry-sizer'><\/div><figure class='av-inner-masonry main_color'><div class=\"av-masonry-outerimage-container\"><div class='av-masonry-image-container'  ><img decoding=\"async\" width=\"160\" height=\"161\" fetchpriority=\"high\" class=\"wp-image-46 avia-img-lazy-loading-not-46\"  src=\"https:\/\/www.aon.es\/site\/garantias\/wp-content\/uploads\/sites\/10\/2015\/12\/quienesomos-e1450116901376.png\" title=\"quienesomos\" alt=\"\" \/><\/div><\/div><\/figure><\/a><!--end av-masonry entry--><a href=\"http:\/\/www.aon.es\/site\/garantias\/comotrabajamos\/\"  aria-label=\"image cuentakilometros\"  id='av-masonry-1-item-49' data-av-masonry-item='49' class='av-masonry-entry isotope-item post-49 attachment type-attachment status-inherit hentry  av-masonry-item-with-image' title=\"cuentakilometros\" alt=\"\"  data-av-masonry-custom-link=\"http:\/\/www.aon.es\/site\/garantias\/comotrabajamos\/\"  itemprop=\"thumbnailUrl\" ><div class='av-inner-masonry-sizer'><\/div><figure class='av-inner-masonry main_color'><div class=\"av-masonry-outerimage-container\"><div class='av-masonry-image-container'  ><img decoding=\"async\" width=\"160\" height=\"161\" fetchpriority=\"high\" class=\"wp-image-49 avia-img-lazy-loading-not-49\"  src=\"https:\/\/www.aon.es\/site\/garantias\/wp-content\/uploads\/sites\/10\/2015\/12\/cuentakilometros-e1450116913666.png\" title=\"cuentakilometros\" alt=\"\" \/><\/div><\/div><\/figure><\/a><!--end av-masonry entry--><a href=\"http:\/\/www.aon.es\/site\/garantias\/contacto\/\"  aria-label=\"image contactanos\"  id='av-masonry-1-item-50' data-av-masonry-item='50' class='av-masonry-entry isotope-item post-50 attachment type-attachment status-inherit hentry  av-masonry-item-with-image' title=\"contactanos\" alt=\"\"  data-av-masonry-custom-link=\"http:\/\/www.aon.es\/site\/garantias\/contacto\/\"  itemprop=\"thumbnailUrl\" ><div class='av-inner-masonry-sizer'><\/div><figure class='av-inner-masonry main_color'><div class=\"av-masonry-outerimage-container\"><div class='av-masonry-image-container'  ><img decoding=\"async\" width=\"160\" height=\"161\" fetchpriority=\"high\" class=\"wp-image-50 avia-img-lazy-loading-not-50\"  src=\"https:\/\/www.aon.es\/site\/garantias\/wp-content\/uploads\/sites\/10\/2015\/12\/contactanos-e1450116936931.png\" title=\"contactanos\" alt=\"\" \/><\/div><\/div><\/figure><\/a><!--end av-masonry entry--><\/div><\/div><\/div>\n\n<style type=\"text\/css\" data-created_by=\"avia_inline_auto\" id=\"style-css-av-nxqi-893b241e7928d33af700b7dc314628f0\">\n.flex_column.av-nxqi-893b241e7928d33af700b7dc314628f0{\nborder-radius:0px 0px 0px 0px;\npadding:0px 0px 0px 0px;\n}\n<\/style>\n<div  class='flex_column av-nxqi-893b241e7928d33af700b7dc314628f0 av_three_fifth  avia-builder-el-11  el_after_av_one_full  el_before_av_one_full  first flex_column_div av-zero-column-padding  column-top-margin'     ><style type=\"text\/css\" data-created_by=\"avia_inline_auto\" id=\"style-css-av-nd22-c5df6d9f007e0efa5cde18fb938a4572\">\n#top .av-special-heading.av-nd22-c5df6d9f007e0efa5cde18fb938a4572{\npadding-bottom:10px;\ncolor:#c00000;\n}\nbody .av-special-heading.av-nd22-c5df6d9f007e0efa5cde18fb938a4572 .av-special-heading-tag .heading-char{\nfont-size:25px;\n}\n.av-special-heading.av-nd22-c5df6d9f007e0efa5cde18fb938a4572 .special-heading-inner-border{\nborder-color:#c00000;\n}\n.av-special-heading.av-nd22-c5df6d9f007e0efa5cde18fb938a4572 .av-subheading{\nfont-size:15px;\n}\n<\/style>\n<div  class='av-special-heading av-nd22-c5df6d9f007e0efa5cde18fb938a4572 av-special-heading-h3 custom-color-heading blockquote modern-quote  avia-builder-el-12  avia-builder-el-no-sibling '><h3 class='av-special-heading-tag '  itemprop=\"headline\"  ><font face=\"Arial\">Especialistas en automoci\u00f3n<\/font><\/h3><div class=\"special-heading-border\"><div class=\"special-heading-inner-border\"><\/div><\/div><\/div><\/div>\n\n<style type=\"text\/css\" data-created_by=\"avia_inline_auto\" id=\"style-css-av-5fjla-27fc9c77438a01116293670c76d879f7\">\n.flex_column.av-5fjla-27fc9c77438a01116293670c76d879f7{\nborder-radius:0px 0px 0px 0px;\npadding:0px 0px 0px 0px;\n}\n<\/style>\n<div  class='flex_column av-5fjla-27fc9c77438a01116293670c76d879f7 av_one_full  avia-builder-el-13  el_after_av_three_fifth  el_before_av_three_fourth  first flex_column_div av-zero-column-padding  '     ><style type=\"text\/css\" data-created_by=\"avia_inline_auto\" id=\"style-css-av-52eoa-707bd3933f7c16ae791373a4590042ab\">\n.avia-image-container.av-52eoa-707bd3933f7c16ae791373a4590042ab img.avia_image{\nbox-shadow:none;\n}\n.avia-image-container.av-52eoa-707bd3933f7c16ae791373a4590042ab .av-image-caption-overlay-center{\ncolor:#ffffff;\n}\n<\/style>\n<div  class='avia-image-container av-52eoa-707bd3933f7c16ae791373a4590042ab av-styling- avia_animated_image av-animated-when-visible-95 left-to-right avia-align-center  avia-builder-el-14  avia-builder-el-no-sibling '   itemprop=\"image\" itemscope=\"itemscope\" itemtype=\"https:\/\/schema.org\/ImageObject\" ><div class=\"avia-image-container-inner\"><div class=\"avia-image-overlay-wrap\"><img decoding=\"async\" fetchpriority=\"high\" class='wp-image-132 avia-img-lazy-loading-not-132 avia_image ' src=\"https:\/\/www.aon.es\/site\/garantias\/wp-content\/uploads\/sites\/10\/2015\/12\/foto.png\" alt='' title='foto'  height=\"659\" width=\"1711\"  itemprop=\"thumbnailUrl\" srcset=\"https:\/\/www.aon.es\/site\/garantias\/wp-content\/uploads\/sites\/10\/2015\/12\/foto.png 1711w, https:\/\/www.aon.es\/site\/garantias\/wp-content\/uploads\/sites\/10\/2015\/12\/foto-300x116.png 300w, https:\/\/www.aon.es\/site\/garantias\/wp-content\/uploads\/sites\/10\/2015\/12\/foto-1030x397.png 1030w, https:\/\/www.aon.es\/site\/garantias\/wp-content\/uploads\/sites\/10\/2015\/12\/foto-1500x578.png 1500w, https:\/\/www.aon.es\/site\/garantias\/wp-content\/uploads\/sites\/10\/2015\/12\/foto-705x272.png 705w, https:\/\/www.aon.es\/site\/garantias\/wp-content\/uploads\/sites\/10\/2015\/12\/foto-450x173.png 450w\" sizes=\"(max-width: 1711px) 100vw, 1711px\" \/><\/div><\/div><\/div><\/div>\n\n<style type=\"text\/css\" data-created_by=\"avia_inline_auto\" id=\"style-css-av-4os0e-e18d9ea85e9d82b5e302b6a88379094a\">\n.flex_column.av-4os0e-e18d9ea85e9d82b5e302b6a88379094a{\nborder-radius:0px 0px 0px 0px;\npadding:0px 0px 0px 0px;\n}\n<\/style>\n<div  class='flex_column av-4os0e-e18d9ea85e9d82b5e302b6a88379094a av_three_fourth  avia-builder-el-15  el_after_av_one_full  el_before_av_one_fourth  first flex_column_div av-zero-column-padding  column-top-margin'     ><\/div>\n\n<style type=\"text\/css\" data-created_by=\"avia_inline_auto\" id=\"style-css-av-43raq-5726852bfe168982761583a3e5cc57cb\">\n.flex_column.av-43raq-5726852bfe168982761583a3e5cc57cb{\nborder-radius:0px 0px 0px 0px;\npadding:0px 0px 0px 0px;\n}\n<\/style>\n<div  class='flex_column av-43raq-5726852bfe168982761583a3e5cc57cb av_one_fourth  avia-builder-el-16  el_after_av_three_fourth  avia-builder-el-last  flex_column_div av-zero-column-padding  column-top-margin'     ><div  class='avia-button-wrap av-3iqnu-dbd57f144c8f0d5691b38fff6aedc326-wrap avia-button-center  avia-builder-el-17  avia-builder-el-no-sibling '>\n<style type=\"text\/css\" data-created_by=\"avia_inline_auto\" id=\"style-css-av-3iqnu-dbd57f144c8f0d5691b38fff6aedc326\">\n#top #wrap_all .avia-button.av-3iqnu-dbd57f144c8f0d5691b38fff6aedc326{\nbackground-color:#c00000;\nborder-color:#c00000;\ncolor:#ffffff;\ntransition:all 0.4s ease-in-out;\n}\n#top #wrap_all .avia-button.av-3iqnu-dbd57f144c8f0d5691b38fff6aedc326 .avia-svg-icon svg:first-child{\nfill:#ffffff;\nstroke:#ffffff;\n}\n<\/style>\n<a href='http:\/\/www.aon.es\/site\/garantias\/contacto\/'  class='avia-button av-3iqnu-dbd57f144c8f0d5691b38fff6aedc326 av-link-btn avia-icon_select-yes-left-icon avia-size-medium avia-position-center'   aria-label=\"&lt;font face=&quot;Arial&quot;&gt;M\u00e1s informaci\u00f3n&lt;\/font&gt;\"><span class='avia_button_icon avia_button_icon_left avia-iconfont avia-font-entypo-fontello' data-av_icon='\ue889' data-av_iconfont='entypo-fontello' ><\/span><span class='avia_iconbox_title' ><font face=\"Arial\">M\u00e1s informaci\u00f3n<\/font><\/span><\/a><\/div><\/div>\n","protected":false},"excerpt":{"rendered":"","protected":false},"author":4,"featured_media":0,"parent":0,"menu_order":0,"comment_status":"closed","ping_status":"closed","template":"","meta":{"footnotes":""},"class_list":["post-10","page","type-page","status-publish","hentry"],"yoast_head":"<!-- This site is optimized with the Yoast SEO plugin v27.3 - https:\/\/yoast.com\/product\/yoast-seo-wordpress\/ -->\n<title>Inicio - Garant\u00eda Mec\u00e1nica<\/title>\n<meta name=\"robots\" content=\"index, follow, max-snippet:-1, max-image-preview:large, max-video-preview:-1\" \/>\n<link rel=\"canonical\" href=\"https:\/\/www.aon.es\/site\/garantias\/\" \/>\n<meta property=\"og:locale\" content=\"es_ES\" \/>\n<meta property=\"og:type\" content=\"article\" \/>\n<meta property=\"og:title\" content=\"Inicio - Garant\u00eda Mec\u00e1nica\" \/>\n<meta property=\"og:url\" content=\"https:\/\/www.aon.es\/site\/garantias\/\" \/>\n<meta property=\"og:site_name\" content=\"Garant\u00eda Mec\u00e1nica\" \/>\n<meta property=\"article:modified_time\" content=\"2021-07-15T10:19:35+00:00\" \/>\n<meta name=\"twitter:card\" content=\"summary_large_image\" \/>\n<meta name=\"twitter:label1\" content=\"Tiempo de lectura\" \/>\n\t<meta name=\"twitter:data1\" content=\"2 minutos\" \/>\n<script type=\"application\/ld+json\" class=\"yoast-schema-graph\">{\"@context\":\"https:\\\/\\\/schema.org\",\"@graph\":[{\"@type\":\"WebPage\",\"@id\":\"https:\\\/\\\/www.aon.es\\\/site\\\/garantias\\\/\",\"url\":\"https:\\\/\\\/www.aon.es\\\/site\\\/garantias\\\/\",\"name\":\"Inicio - Garant\u00eda Mec\u00e1nica\",\"isPartOf\":{\"@id\":\"https:\\\/\\\/www.aon.es\\\/site\\\/garantias\\\/#website\"},\"datePublished\":\"2015-12-14T17:08:11+00:00\",\"dateModified\":\"2021-07-15T10:19:35+00:00\",\"breadcrumb\":{\"@id\":\"https:\\\/\\\/www.aon.es\\\/site\\\/garantias\\\/#breadcrumb\"},\"inLanguage\":\"es\",\"potentialAction\":[{\"@type\":\"ReadAction\",\"target\":[\"https:\\\/\\\/www.aon.es\\\/site\\\/garantias\\\/\"]}]},{\"@type\":\"BreadcrumbList\",\"@id\":\"https:\\\/\\\/www.aon.es\\\/site\\\/garantias\\\/#breadcrumb\",\"itemListElement\":[{\"@type\":\"ListItem\",\"position\":1,\"name\":\"Portada\",\"item\":\"https:\\\/\\\/www.aon.es\\\/site\\\/garantias\\\/\"},{\"@type\":\"ListItem\",\"position\":2,\"name\":\"Inicio\"}]},{\"@type\":\"WebSite\",\"@id\":\"https:\\\/\\\/www.aon.es\\\/site\\\/garantias\\\/#website\",\"url\":\"https:\\\/\\\/www.aon.es\\\/site\\\/garantias\\\/\",\"name\":\"Garant\u00eda Mec\u00e1nica\",\"description\":\"Las Mejores Garant\u00edas\",\"potentialAction\":[{\"@type\":\"SearchAction\",\"target\":{\"@type\":\"EntryPoint\",\"urlTemplate\":\"https:\\\/\\\/www.aon.es\\\/site\\\/garantias\\\/?s={search_term_string}\"},\"query-input\":{\"@type\":\"PropertyValueSpecification\",\"valueRequired\":true,\"valueName\":\"search_term_string\"}}],\"inLanguage\":\"es\"}]}<\/script>\n<!-- \/ Yoast SEO plugin. -->","yoast_head_json":{"title":"Inicio - Garant\u00eda Mec\u00e1nica","robots":{"index":"index","follow":"follow","max-snippet":"max-snippet:-1","max-image-preview":"max-image-preview:large","max-video-preview":"max-video-preview:-1"},"canonical":"https:\/\/www.aon.es\/site\/garantias\/","og_locale":"es_ES","og_type":"article","og_title":"Inicio - Garant\u00eda Mec\u00e1nica","og_url":"https:\/\/www.aon.es\/site\/garantias\/","og_site_name":"Garant\u00eda Mec\u00e1nica","article_modified_time":"2021-07-15T10:19:35+00:00","twitter_card":"summary_large_image","twitter_misc":{"Tiempo de lectura":"2 minutos"},"schema":{"@context":"https:\/\/schema.org","@graph":[{"@type":"WebPage","@id":"https:\/\/www.aon.es\/site\/garantias\/","url":"https:\/\/www.aon.es\/site\/garantias\/","name":"Inicio - Garant\u00eda Mec\u00e1nica","isPartOf":{"@id":"https:\/\/www.aon.es\/site\/garantias\/#website"},"datePublished":"2015-12-14T17:08:11+00:00","dateModified":"2021-07-15T10:19:35+00:00","breadcrumb":{"@id":"https:\/\/www.aon.es\/site\/garantias\/#breadcrumb"},"inLanguage":"es","potentialAction":[{"@type":"ReadAction","target":["https:\/\/www.aon.es\/site\/garantias\/"]}]},{"@type":"BreadcrumbList","@id":"https:\/\/www.aon.es\/site\/garantias\/#breadcrumb","itemListElement":[{"@type":"ListItem","position":1,"name":"Portada","item":"https:\/\/www.aon.es\/site\/garantias\/"},{"@type":"ListItem","position":2,"name":"Inicio"}]},{"@type":"WebSite","@id":"https:\/\/www.aon.es\/site\/garantias\/#website","url":"https:\/\/www.aon.es\/site\/garantias\/","name":"Garant\u00eda Mec\u00e1nica","description":"Las Mejores Garant\u00edas","potentialAction":[{"@type":"SearchAction","target":{"@type":"EntryPoint","urlTemplate":"https:\/\/www.aon.es\/site\/garantias\/?s={search_term_string}"},"query-input":{"@type":"PropertyValueSpecification","valueRequired":true,"valueName":"search_term_string"}}],"inLanguage":"es"}]}},"_links":{"self":[{"href":"https:\/\/www.aon.es\/site\/garantias\/wp-json\/wp\/v2\/pages\/10","targetHints":{"allow":["GET"]}}],"collection":[{"href":"https:\/\/www.aon.es\/site\/garantias\/wp-json\/wp\/v2\/pages"}],"about":[{"href":"https:\/\/www.aon.es\/site\/garantias\/wp-json\/wp\/v2\/types\/page"}],"author":[{"embeddable":true,"href":"https:\/\/www.aon.es\/site\/garantias\/wp-json\/wp\/v2\/users\/4"}],"replies":[{"embeddable":true,"href":"https:\/\/www.aon.es\/site\/garantias\/wp-json\/wp\/v2\/comments?post=10"}],"version-history":[{"count":3,"href":"https:\/\/www.aon.es\/site\/garantias\/wp-json\/wp\/v2\/pages\/10\/revisions"}],"predecessor-version":[{"id":430,"href":"https:\/\/www.aon.es\/site\/garantias\/wp-json\/wp\/v2\/pages\/10\/revisions\/430"}],"wp:attachment":[{"href":"https:\/\/www.aon.es\/site\/garantias\/wp-json\/wp\/v2\/media?parent=10"}],"curies":[{"name":"wp","href":"https:\/\/api.w.org\/{rel}","templated":true}]}}