{"id":366,"date":"2018-05-09T14:58:40","date_gmt":"2018-05-09T14:58:40","guid":{"rendered":"http:\/\/www.aon.es\/site\/healthandbenefits\/?page_id=366"},"modified":"2018-05-09T15:04:08","modified_gmt":"2018-05-09T15:04:08","slug":"privacidad","status":"publish","type":"page","link":"https:\/\/www.aon.es\/site\/healthandbenefits\/privacidad\/","title":{"rendered":"Privacidad"},"content":{"rendered":"<p><strong>CL\u00c1USULA DE PRIVACIDAD<\/strong><\/p>\n<p><strong>AVISO DE PRIVACIDAD<\/strong><\/p>\n<p>En cumplimiento de lo dispuesto en la Ley 15\/1999, de 13 de diciembre, de Protecci\u00f3n de Datos de Car\u00e1cter Personal, Aon Gil y Carvajal, S.A.U. Corredur\u00eda de Seguros (en adelante, \u201c<strong>AON<\/strong>\u201d), domiciliada en C\/ Rosario Pino, 14-16, 28020 \u2013 Madrid, le informa acerca de la pol\u00edtica de privacidad y protecci\u00f3n de datos personales, para que usted pueda libremente decidir si facilita a AON los datos personales que se le solicitan en este formulario (en adelante, los \u201c<strong>Datos<\/strong>\u201d). AON modificar\u00e1 esta pol\u00edtica en consonancia con la evoluci\u00f3n normativa, judicial y jurisprudencial, mediante la comunicaci\u00f3n de las modificaciones en este Portal con razonable antelaci\u00f3n.<\/p>\n<p>La recogida de los Datos por parte de AON tiene como finalidad el que Aon le ofrezca ofertas aseguradoras espec\u00edficas.<\/p>\n<p>Los Datos ser\u00e1n incorporados a un fichero automatizado titularidad de AON e inscrito en el Registro de la Agencia Espa\u00f1ola de Protecci\u00f3n de Datos, y ser\u00e1n objeto de tratamiento automatizado, de conformidad con las finalidades antedichas.<\/p>\n<p>Asimismo, y \u00fanicamente para dar cumplimiento a las finalidades antedichas, le informamos que los Datos podr\u00e1n ser comunicados a terceros y\/o entidades colaboradoras de AON.<\/p>\n<p>AON le informa que cumple con las medidas de seguridad legalmente requeridas, y que ha adoptado todas las medidas razonablemente exigibles conforme a los conocimientos t\u00e9cnicos actuales para evitar la p\u00e9rdida, mal uso, alteraci\u00f3n, intrusi\u00f3n ileg\u00edtima y sustracci\u00f3n de los datos personales facilitados a AON.<\/p>\n<p>AON le informa igualmente que usted podr\u00e1 en cualquier momento revocar el consentimiento facilitado y ejercitar los derechos de acceso, rectificaci\u00f3n, cancelaci\u00f3n y\/u oposici\u00f3n que le asisten, dirigi\u00e9ndose para ello, por escrito y con copia de su D.N.I., a AON, con domicilio en calle Rosario Pino, 14-16, 28020-Madrid (att. Asesor\u00eda Jur\u00eddica).<\/p>\n<p>&nbsp;<\/p>\n<p><strong>AVISO DE COOKIES<\/strong><\/p>\n<p><strong>Pol\u00edtica de Cookies de AON<\/strong><\/p>\n<p>En<strong>\u00a0AON<\/strong>\u00a0utilizamos cookies con el objetivo de prestar un mejor servicio y proporcionarte una mejor experiencia en tu navegaci\u00f3n. Queremos informarte de manera clara y precisa sobre las cookies que utilizamos, detallando a continuaci\u00f3n, que es una cookie, para que sirve, que tipos de cookies utilizamos, cuales son su finalidad y como puedes configurarlas o deshabilitarlas si as\u00ed lo deseas.<\/p>\n<p><strong>\u00bfQu\u00e9 es una cookie y para qu\u00e9 sirve?<\/strong><\/p>\n<p>Una \u201cCookie\u201d es un peque\u00f1o archivo que se almacena en el ordenador del usuario, tablet, smartphone o cualquier otro dispositivo con informaci\u00f3n sobre la navegaci\u00f3n. El conjunto de \u201ccookies\u201d de todos nuestros usuarios nos ayuda a mejorar la calidad de nuestra web, permiti\u00e9ndonos controlar qu\u00e9 p\u00e1ginas son \u00fatiles, cu\u00e1les no y cu\u00e1les son susceptibles de mejora.<\/p>\n<p>Las cookies son esenciales para el funcionamiento de internet, aportando innumerables ventajas en la prestaci\u00f3n de servicios interactivos, facilit\u00e1ndote la navegaci\u00f3n y usabilidad de nuestra web.<\/p>\n<p>En ning\u00fan caso las cookies podr\u00edan da\u00f1ar tu equipo. Por contra, el que est\u00e9n activas nos ayuda a identificar y resolver los errores.<\/p>\n<p><strong>\u00bfQu\u00e9 tipo de cookies puede utilizar esta web?<\/strong><\/p>\n<p>Seg\u00fan la entidad que la gestiona:<\/p>\n<ul>\n<li><strong>Cookies propias<\/strong>: Son aquellas que se env\u00edan a tu equipo desde nuestros propios equipos o dominios y desde el que prestamos el servicio que nos solicitas.<\/li>\n<li><strong>Cookies de terceros<\/strong>: Son aquellas que se env\u00edan a tu equipo desde un equipo o dominio que no es gestionado por nosotros, sino por otra entidad colaboradora. Como por ejemplo, las usadas por redes sociales, o por contenido externo como Google Maps.<\/li>\n<\/ul>\n<p>Seg\u00fan el plazo de tiempo que permanecen activadas:<\/p>\n<ul>\n<li><strong>Cookies de sesi\u00f3n<\/strong>: Son cookies temporales que permanecen en el archivo de cookies de tu navegador hasta que abandonas la p\u00e1gina web, por lo que ninguna queda registrada en el disco duro de tu ordenador. La informaci\u00f3n obtenida por medio de estas cookies, sirven para analizar pautas de tr\u00e1fico en la web. A la larga, esto nos permite proporcionar una mejor experiencia para mejorar el contenido y facilitar su uso.<\/li>\n<li><strong>Cookies persistentes<\/strong>: son almacenadas en el disco duro y nuestra web las lee cada vez que realizas una nueva visita. Una web permanente posee una fecha de expiraci\u00f3n determinada. La cookie dejar\u00e1 de funcionar despu\u00e9s de esa fecha. Estas cookies las utilizamos, generalmente, para facilitar los servicios de compra y registro.<\/li>\n<\/ul>\n<p>Seg\u00fan su finalidad:<\/p>\n<ul>\n<li><strong>Cookies t\u00e9cnicas<\/strong>: Son aquellas necesarias para la navegaci\u00f3n y el buen funcionamiento de nuestra p\u00e1gina web. Permiten por ejemplo, controlar el tr\u00e1fico y la comunicaci\u00f3n de datos, acceder a partes de acceso restringido, realizar el proceso de compra de un pedido, utilizar elementos de seguridad, almacenar contenidos para poder difundir v\u00eddeos o compartir contenidos a trav\u00e9s de redes sociales.<\/li>\n<li><strong>Cookies de personalizaci\u00f3n<\/strong>: Son aqu\u00e9llas que te permiten acceder al servicio con unas caracter\u00edsticas predefinidas en funci\u00f3n de una serie de criterios, como por ejemplo el idioma, el tipo de navegador a trav\u00e9s del cual se accede al servicio, la configuraci\u00f3n regional desde donde se accede al servicio, etc.<\/li>\n<li><strong>Cookies de an\u00e1lisis<\/strong>: Son aqu\u00e9llas que nos permiten cuantificar el n\u00famero de usuarios y as\u00ed realizar la medici\u00f3n y an\u00e1lisis estad\u00edstico de la utilizaci\u00f3n que hacen los usuarios de los servicios prestados.<\/li>\n<li><strong>Cookies publicitarias<\/strong>: Son aqu\u00e9llas que permiten la gesti\u00f3n, de la forma m\u00e1s eficaz posible, de los espacios publicitarios que se pudieran incluir en nuestra p\u00e1gina web.<\/li>\n<li><strong>Cookies de publicidad comportamental<\/strong>: Estas cookies almacenan informaci\u00f3n del comportamiento de los usuarios obtenida a trav\u00e9s de la observaci\u00f3n continuada. Gracias a ellas, podemos conocer los h\u00e1bitos de navegaci\u00f3n en internet y mostrarte publicidad relacionada con tu perfil de navegaci\u00f3n.<\/li>\n<li><strong>Cookies estrictamente necesarias<\/strong>: Le permiten navegar por la p\u00e1gina web y usar sus funciones esenciales. Estas cookies no recogen ninguna informaci\u00f3n sobre su navegaci\u00f3n que pueda ser utilizada por acciones de marketing o para recordar por qu\u00e9 p\u00e1ginas ha navegado.<\/li>\n<li><strong>Finalidad de las cookies que utilizamos en esta web.<\/strong><\/li>\n<\/ul>\n<p>&nbsp;<\/p>\n<table width=\"100%\">\n<tbody>\n<tr>\n<td><strong>Nombre de la cookie<\/strong><\/td>\n<td><strong>Servidor que la env\u00eda<\/strong><\/td>\n<td><strong>Finalidad<\/strong><\/td>\n<td><strong>Propia\/Terceros<\/strong><\/td>\n<\/tr>\n<tr>\n<td>_ga<\/td>\n<td>www.google-analytics.com<\/td>\n<td>Anal\u00edtica<\/td>\n<td>Terceros (Google Analytics)<\/td>\n<\/tr>\n<tr>\n<td>_gat<\/td>\n<td>www.google-analytics.com<\/td>\n<td>Anal\u00edtica<\/td>\n<td>Terceros (Google Analytics)<\/td>\n<\/tr>\n<tr>\n<td>__utma<\/td>\n<td>www.google-analytics.com<\/td>\n<td>Anal\u00edtica<\/td>\n<td>Terceros (Google Analytics)<\/td>\n<\/tr>\n<tr>\n<td>__utmz<\/td>\n<td>www.google-analytics.com<\/td>\n<td>Anal\u00edtica<\/td>\n<td>Terceros (Google Analytics)<\/td>\n<\/tr>\n<tr>\n<td>ASP.NET_SessionId<\/td>\n<td>www.taeds.com<\/td>\n<td>Estrictamente necesaria<\/td>\n<td>Propia.<\/td>\n<\/tr>\n<\/tbody>\n<\/table>\n<p><strong>Revocaci\u00f3n y eliminaci\u00f3n de las cookies<\/strong><\/p>\n<p>El Usuario acepta expresamente, por la utilizaci\u00f3n de este Site, el tratamiento de la informaci\u00f3n recabada en la forma y con los fines anteriormente mencionados. Y asimismo reconoce conocer la posibilidad de rechazar el tratamiento de tales datos o informaci\u00f3n rechazando el uso de Cookies mediante la selecci\u00f3n de la configuraci\u00f3n apropiada a tal fin en su navegador. Si bien esta opci\u00f3n de bloqueo de Cookies en su navegador puede no permitirle el uso pleno de todas las funcionalidades del Website.<\/p>\n<p>Puede usted permitir, bloquear o eliminar las cookies instaladas en su equipo mediante la configuraci\u00f3n de las opciones del navegador instalado en su ordenador:<\/p>\n<ul>\n<li>Google Chrome: http:\/\/support.google.com\/chrome\/answer\/95647?hl=es<\/li>\n<li>Firefox: http:\/\/support.mozilla.org\/es\/kb\/habilitar-y-deshabilitar-cookies-que-los-sitios-we<\/li>\n<li>IE: http:\/\/windows.microsoft.com\/es-es\/windows-vista\/block-or-allow-cookies<\/li>\n<li>Safari: http:\/\/support.apple.com\/kb\/ph5042?viewlocale=es_es<\/li>\n<li>Safari para iOS: http:\/\/support.apple.com\/kb\/ht1677?viewlocale=es_es<\/li>\n<li>Chrome para Android: http:\/\/support.google.com\/chrome\/answer\/2392971?hl=es<\/li>\n<\/ul>\n<p><strong>Consentimiento Cookies<\/strong><\/p>\n<p>En\u00a0<strong>AON<\/strong>\u00a0nunca guardamos los datos personales de nuestros usuarios, a excepci\u00f3n de la direcci\u00f3n IP de acuerdo a lo descrito anteriormente, salvo que quieras registrarte, de forma voluntaria con el fin de realizar compras de los productos y servicios que ponemos a tu disposici\u00f3n o de recibir informaci\u00f3n sobre promociones y contenidos de tu inter\u00e9s.<\/p>\n<p>Al navegar y continuar en nuestra web nos indicas que est\u00e1s consintiendo el uso de las cookies antes enunciadas, y en las condiciones contenidas en la presente Pol\u00edtica de Cookies.<\/p>\n<p>Si necesitas m\u00e1s informaci\u00f3n sobre nuestra pol\u00edtica de cookies, puedes ponerte en contacto con nosotros a trav\u00e9s del correo electr\u00f3nico:\u00a0<a class=\"enlacetexto\" href=\"mailto:aon.salesportal@aon.es\">aon.salesportal@aon.es<\/a><\/p>\n","protected":false},"excerpt":{"rendered":"<p>CL\u00c1USULA DE PRIVACIDAD AVISO DE PRIVACIDAD En cumplimiento de lo dispuesto en la Ley 15\/1999, de 13 de diciembre, de Protecci\u00f3n de Datos de Car\u00e1cter Personal, Aon Gil y Carvajal, S.A.U. Corredur\u00eda de Seguros (en adelante, \u201cAON\u201d), domiciliada en C\/ Rosario Pino, 14-16, 28020 \u2013 Madrid, le informa acerca de la pol\u00edtica de privacidad y [&hellip;]<\/p>\n","protected":false},"author":20,"featured_media":0,"parent":0,"menu_order":0,"comment_status":"closed","ping_status":"closed","template":"","meta":{"footnotes":""},"class_list":["post-366","page","type-page","status-publish","hentry"],"yoast_head":"<!-- This site is optimized with the Yoast SEO plugin v27.3 - https:\/\/yoast.com\/product\/yoast-seo-wordpress\/ -->\n<title>Privacidad - healthandbenefits<\/title>\n<meta name=\"robots\" content=\"index, follow, max-snippet:-1, max-image-preview:large, max-video-preview:-1\" \/>\n<link rel=\"canonical\" href=\"https:\/\/www.aon.es\/site\/healthandbenefits\/privacidad\/\" \/>\n<meta property=\"og:locale\" content=\"es_ES\" \/>\n<meta property=\"og:type\" content=\"article\" \/>\n<meta property=\"og:title\" content=\"Privacidad - healthandbenefits\" \/>\n<meta property=\"og:description\" content=\"CL\u00c1USULA DE PRIVACIDAD AVISO DE PRIVACIDAD En cumplimiento de lo dispuesto en la Ley 15\/1999, de 13 de diciembre, de Protecci\u00f3n de Datos de Car\u00e1cter Personal, Aon Gil y Carvajal, S.A.U. Corredur\u00eda de Seguros (en adelante, \u201cAON\u201d), domiciliada en C\/ Rosario Pino, 14-16, 28020 \u2013 Madrid, le informa acerca de la pol\u00edtica de privacidad y [&hellip;]\" \/>\n<meta property=\"og:url\" content=\"https:\/\/www.aon.es\/site\/healthandbenefits\/privacidad\/\" \/>\n<meta property=\"og:site_name\" content=\"healthandbenefits\" \/>\n<meta property=\"article:publisher\" content=\"https:\/\/www.facebook.com\/aon.espana1\" \/>\n<meta property=\"article:modified_time\" content=\"2018-05-09T15:04:08+00:00\" \/>\n<meta name=\"twitter:card\" content=\"summary_large_image\" \/>\n<meta name=\"twitter:site\" content=\"@Aon_Espana\" \/>\n<meta name=\"twitter:label1\" content=\"Tiempo de lectura\" \/>\n\t<meta name=\"twitter:data1\" content=\"7 minutos\" \/>\n<script type=\"application\/ld+json\" class=\"yoast-schema-graph\">{\"@context\":\"https:\\\/\\\/schema.org\",\"@graph\":[{\"@type\":\"WebPage\",\"@id\":\"https:\\\/\\\/www.aon.es\\\/site\\\/healthandbenefits\\\/privacidad\\\/\",\"url\":\"https:\\\/\\\/www.aon.es\\\/site\\\/healthandbenefits\\\/privacidad\\\/\",\"name\":\"Privacidad - healthandbenefits\",\"isPartOf\":{\"@id\":\"https:\\\/\\\/www.aon.es\\\/site\\\/healthandbenefits\\\/#website\"},\"datePublished\":\"2018-05-09T14:58:40+00:00\",\"dateModified\":\"2018-05-09T15:04:08+00:00\",\"breadcrumb\":{\"@id\":\"https:\\\/\\\/www.aon.es\\\/site\\\/healthandbenefits\\\/privacidad\\\/#breadcrumb\"},\"inLanguage\":\"es\",\"potentialAction\":[{\"@type\":\"ReadAction\",\"target\":[\"https:\\\/\\\/www.aon.es\\\/site\\\/healthandbenefits\\\/privacidad\\\/\"]}]},{\"@type\":\"BreadcrumbList\",\"@id\":\"https:\\\/\\\/www.aon.es\\\/site\\\/healthandbenefits\\\/privacidad\\\/#breadcrumb\",\"itemListElement\":[{\"@type\":\"ListItem\",\"position\":1,\"name\":\"Portada\",\"item\":\"https:\\\/\\\/www.aon.es\\\/site\\\/healthandbenefits\\\/seguros-de-salud\\\/121-2\\\/\"},{\"@type\":\"ListItem\",\"position\":2,\"name\":\"Privacidad\"}]},{\"@type\":\"WebSite\",\"@id\":\"https:\\\/\\\/www.aon.es\\\/site\\\/healthandbenefits\\\/#website\",\"url\":\"https:\\\/\\\/www.aon.es\\\/site\\\/healthandbenefits\\\/\",\"name\":\"healthandbenefits\",\"description\":\"Otro sitio m\u00e1s de Sitios de Aon\",\"publisher\":{\"@id\":\"https:\\\/\\\/www.aon.es\\\/site\\\/healthandbenefits\\\/#organization\"},\"potentialAction\":[{\"@type\":\"SearchAction\",\"target\":{\"@type\":\"EntryPoint\",\"urlTemplate\":\"https:\\\/\\\/www.aon.es\\\/site\\\/healthandbenefits\\\/?s={search_term_string}\"},\"query-input\":{\"@type\":\"PropertyValueSpecification\",\"valueRequired\":true,\"valueName\":\"search_term_string\"}}],\"inLanguage\":\"es\"},{\"@type\":\"Organization\",\"@id\":\"https:\\\/\\\/www.aon.es\\\/site\\\/healthandbenefits\\\/#organization\",\"name\":\"Aon\",\"url\":\"https:\\\/\\\/www.aon.es\\\/site\\\/healthandbenefits\\\/\",\"logo\":{\"@type\":\"ImageObject\",\"inLanguage\":\"es\",\"@id\":\"https:\\\/\\\/www.aon.es\\\/site\\\/healthandbenefits\\\/#\\\/schema\\\/logo\\\/image\\\/\",\"url\":\"https:\\\/\\\/www.aon.es\\\/site\\\/healthandbenefits\\\/wp-content\\\/uploads\\\/sites\\\/56\\\/2017\\\/10\\\/lOGO-FOOTER.png\",\"contentUrl\":\"https:\\\/\\\/www.aon.es\\\/site\\\/healthandbenefits\\\/wp-content\\\/uploads\\\/sites\\\/56\\\/2017\\\/10\\\/lOGO-FOOTER.png\",\"width\":3072,\"height\":1833,\"caption\":\"Aon\"},\"image\":{\"@id\":\"https:\\\/\\\/www.aon.es\\\/site\\\/healthandbenefits\\\/#\\\/schema\\\/logo\\\/image\\\/\"},\"sameAs\":[\"https:\\\/\\\/www.facebook.com\\\/aon.espana1\",\"https:\\\/\\\/x.com\\\/Aon_Espana\",\"https:\\\/\\\/www.linkedin.com\\\/company\\\/aon-spain\\\/\",\"https:\\\/\\\/www.youtube.com\\\/channel\\\/UCz25ztsn0FT2ep_FYtEWuDA\"]}]}<\/script>\n<!-- \/ Yoast SEO plugin. -->","yoast_head_json":{"title":"Privacidad - healthandbenefits","robots":{"index":"index","follow":"follow","max-snippet":"max-snippet:-1","max-image-preview":"max-image-preview:large","max-video-preview":"max-video-preview:-1"},"canonical":"https:\/\/www.aon.es\/site\/healthandbenefits\/privacidad\/","og_locale":"es_ES","og_type":"article","og_title":"Privacidad - healthandbenefits","og_description":"CL\u00c1USULA DE PRIVACIDAD AVISO DE PRIVACIDAD En cumplimiento de lo dispuesto en la Ley 15\/1999, de 13 de diciembre, de Protecci\u00f3n de Datos de Car\u00e1cter Personal, Aon Gil y Carvajal, S.A.U. Corredur\u00eda de Seguros (en adelante, \u201cAON\u201d), domiciliada en C\/ Rosario Pino, 14-16, 28020 \u2013 Madrid, le informa acerca de la pol\u00edtica de privacidad y [&hellip;]","og_url":"https:\/\/www.aon.es\/site\/healthandbenefits\/privacidad\/","og_site_name":"healthandbenefits","article_publisher":"https:\/\/www.facebook.com\/aon.espana1","article_modified_time":"2018-05-09T15:04:08+00:00","twitter_card":"summary_large_image","twitter_site":"@Aon_Espana","twitter_misc":{"Tiempo de lectura":"7 minutos"},"schema":{"@context":"https:\/\/schema.org","@graph":[{"@type":"WebPage","@id":"https:\/\/www.aon.es\/site\/healthandbenefits\/privacidad\/","url":"https:\/\/www.aon.es\/site\/healthandbenefits\/privacidad\/","name":"Privacidad - healthandbenefits","isPartOf":{"@id":"https:\/\/www.aon.es\/site\/healthandbenefits\/#website"},"datePublished":"2018-05-09T14:58:40+00:00","dateModified":"2018-05-09T15:04:08+00:00","breadcrumb":{"@id":"https:\/\/www.aon.es\/site\/healthandbenefits\/privacidad\/#breadcrumb"},"inLanguage":"es","potentialAction":[{"@type":"ReadAction","target":["https:\/\/www.aon.es\/site\/healthandbenefits\/privacidad\/"]}]},{"@type":"BreadcrumbList","@id":"https:\/\/www.aon.es\/site\/healthandbenefits\/privacidad\/#breadcrumb","itemListElement":[{"@type":"ListItem","position":1,"name":"Portada","item":"https:\/\/www.aon.es\/site\/healthandbenefits\/seguros-de-salud\/121-2\/"},{"@type":"ListItem","position":2,"name":"Privacidad"}]},{"@type":"WebSite","@id":"https:\/\/www.aon.es\/site\/healthandbenefits\/#website","url":"https:\/\/www.aon.es\/site\/healthandbenefits\/","name":"healthandbenefits","description":"Otro sitio m\u00e1s de Sitios de Aon","publisher":{"@id":"https:\/\/www.aon.es\/site\/healthandbenefits\/#organization"},"potentialAction":[{"@type":"SearchAction","target":{"@type":"EntryPoint","urlTemplate":"https:\/\/www.aon.es\/site\/healthandbenefits\/?s={search_term_string}"},"query-input":{"@type":"PropertyValueSpecification","valueRequired":true,"valueName":"search_term_string"}}],"inLanguage":"es"},{"@type":"Organization","@id":"https:\/\/www.aon.es\/site\/healthandbenefits\/#organization","name":"Aon","url":"https:\/\/www.aon.es\/site\/healthandbenefits\/","logo":{"@type":"ImageObject","inLanguage":"es","@id":"https:\/\/www.aon.es\/site\/healthandbenefits\/#\/schema\/logo\/image\/","url":"https:\/\/www.aon.es\/site\/healthandbenefits\/wp-content\/uploads\/sites\/56\/2017\/10\/lOGO-FOOTER.png","contentUrl":"https:\/\/www.aon.es\/site\/healthandbenefits\/wp-content\/uploads\/sites\/56\/2017\/10\/lOGO-FOOTER.png","width":3072,"height":1833,"caption":"Aon"},"image":{"@id":"https:\/\/www.aon.es\/site\/healthandbenefits\/#\/schema\/logo\/image\/"},"sameAs":["https:\/\/www.facebook.com\/aon.espana1","https:\/\/x.com\/Aon_Espana","https:\/\/www.linkedin.com\/company\/aon-spain\/","https:\/\/www.youtube.com\/channel\/UCz25ztsn0FT2ep_FYtEWuDA"]}]}},"_links":{"self":[{"href":"https:\/\/www.aon.es\/site\/healthandbenefits\/wp-json\/wp\/v2\/pages\/366","targetHints":{"allow":["GET"]}}],"collection":[{"href":"https:\/\/www.aon.es\/site\/healthandbenefits\/wp-json\/wp\/v2\/pages"}],"about":[{"href":"https:\/\/www.aon.es\/site\/healthandbenefits\/wp-json\/wp\/v2\/types\/page"}],"author":[{"embeddable":true,"href":"https:\/\/www.aon.es\/site\/healthandbenefits\/wp-json\/wp\/v2\/users\/20"}],"replies":[{"embeddable":true,"href":"https:\/\/www.aon.es\/site\/healthandbenefits\/wp-json\/wp\/v2\/comments?post=366"}],"version-history":[{"count":3,"href":"https:\/\/www.aon.es\/site\/healthandbenefits\/wp-json\/wp\/v2\/pages\/366\/revisions"}],"predecessor-version":[{"id":376,"href":"https:\/\/www.aon.es\/site\/healthandbenefits\/wp-json\/wp\/v2\/pages\/366\/revisions\/376"}],"wp:attachment":[{"href":"https:\/\/www.aon.es\/site\/healthandbenefits\/wp-json\/wp\/v2\/media?parent=366"}],"curies":[{"name":"wp","href":"https:\/\/api.w.org\/{rel}","templated":true}]}}