{"id":138,"date":"2016-02-01T15:31:22","date_gmt":"2016-02-01T15:31:22","guid":{"rendered":"http:\/\/www.aon.es\/site\/seguro-estudiantes\/?page_id=138"},"modified":"2023-07-20T08:38:44","modified_gmt":"2023-07-20T08:38:44","slug":"condicionessegurorcp","status":"publish","type":"page","link":"https:\/\/www.aon.es\/site\/icalaspalmas\/condicionessegurorcp\/","title":{"rendered":"Condiciones del Seguro de Responsabilidad Civil Profesional"},"content":{"rendered":"\n<style type=\"text\/css\" data-created_by=\"avia_inline_auto\" id=\"style-css-av-l7ud7zea-d115d59646be62e8a5a2ada4a65a0bd5\">\n.avia-section.av-l7ud7zea-d115d59646be62e8a5a2ada4a65a0bd5{\nbackground-color:#eef6f7;\nbackground-image:unset;\n}\n<\/style>\n<div id='av_section_1'  class='avia-section av-l7ud7zea-d115d59646be62e8a5a2ada4a65a0bd5 main_color avia-section-default avia-no-border-styling  avia-builder-el-0  el_before_av_hr  avia-builder-el-first  avia-bg-style-scroll container_wrap sidebar_right'  ><div class='container av-section-cont-open' ><main  role=\"main\" itemprop=\"mainContentOfPage\"  class='template-page content  av-content-small alpha units'><div class='post-entry post-entry-type-page post-entry-138'><div class='entry-content-wrapper clearfix'>\n\n<style type=\"text\/css\" data-created_by=\"avia_inline_auto\" id=\"style-css-av-526n7u-f62c028d0d14a857c6dcd1f74386d03d\">\n.flex_column.av-526n7u-f62c028d0d14a857c6dcd1f74386d03d{\nborder-radius:0px 0px 0px 0px;\npadding:0px 0px 0px 0px;\n}\n<\/style>\n<div  class='flex_column av-526n7u-f62c028d0d14a857c6dcd1f74386d03d av_one_half  avia-builder-el-1  avia-builder-el-no-sibling  first flex_column_div av-zero-column-padding  '     ><p>\n<style type=\"text\/css\" data-created_by=\"avia_inline_auto\" id=\"style-css-av-l7ud8qi0-a8166bf60c497662457bade5343b183c\">\n#top .av_textblock_section.av-l7ud8qi0-a8166bf60c497662457bade5343b183c .avia_textblock{\nfont-size:35px;\ncolor:#262836;\n}\n<\/style>\n<section  class='av_textblock_section av-l7ud8qi0-a8166bf60c497662457bade5343b183c '   itemscope=\"itemscope\" itemtype=\"https:\/\/schema.org\/CreativeWork\" ><div class='avia_textblock av_inherit_color'  itemprop=\"text\" ><p><strong>Seguro de Responsabilidad Civil Profesional<\/strong><\/p>\n<\/div><\/section><br \/>\n\n<style type=\"text\/css\" data-created_by=\"avia_inline_auto\" id=\"style-css-av-l7ud97po-b4993c37152b4b698980dee53d01ac04\">\n#top .av_textblock_section.av-l7ud97po-b4993c37152b4b698980dee53d01ac04 .avia_textblock{\nfont-size:25px;\ncolor:#262836;\n}\n<\/style>\n<section  class='av_textblock_section av-l7ud97po-b4993c37152b4b698980dee53d01ac04 '   itemscope=\"itemscope\" itemtype=\"https:\/\/schema.org\/CreativeWork\" ><div class='avia_textblock av_inherit_color'  itemprop=\"text\" ><p>ICA Las Palmas<\/p>\n<\/div><\/section><\/p><\/div>\n<\/div><\/div><\/main><!-- close content main element --><\/div><\/div><div id='after_section_1'  class='main_color av_default_container_wrap container_wrap sidebar_right'  ><div class='container av-section-cont-open' ><div class='template-page content  av-content-small alpha units'><div class='post-entry post-entry-type-page post-entry-138'><div class='entry-content-wrapper clearfix'>\n\n<style type=\"text\/css\" data-created_by=\"avia_inline_auto\" id=\"style-css-av-4ok84i-d70bbfa8ce1d9a563f5b3fdfbe4ce339\">\n#top .hr.hr-invisible.av-4ok84i-d70bbfa8ce1d9a563f5b3fdfbe4ce339{\nheight:50px;\n}\n<\/style>\n<div  class='hr av-4ok84i-d70bbfa8ce1d9a563f5b3fdfbe4ce339 hr-invisible  avia-builder-el-4  el_after_av_section  el_before_av_one_full  avia-builder-el-first '><span class='hr-inner '><span class=\"hr-inner-style\"><\/span><\/span><\/div>\n\n<style type=\"text\/css\" data-created_by=\"avia_inline_auto\" id=\"style-css-av-4lo3o2-92ff1e996dd2abbe4b65fcd1b63a5d5d\">\n.flex_column.av-4lo3o2-92ff1e996dd2abbe4b65fcd1b63a5d5d{\nborder-radius:0px 0px 0px 0px;\npadding:0px 0px 0px 0px;\n}\n<\/style>\n<div  class='flex_column av-4lo3o2-92ff1e996dd2abbe4b65fcd1b63a5d5d av_one_full  avia-builder-el-5  el_after_av_hr  el_before_av_one_half  first flex_column_div av-zero-column-padding  '     ><p>\n<style type=\"text\/css\" data-created_by=\"avia_inline_auto\" id=\"style-css-av-l7ud9nhh-ed5f05dee03b19a87fc4a2aebb495952\">\n#top .av_textblock_section.av-l7ud9nhh-ed5f05dee03b19a87fc4a2aebb495952 .avia_textblock{\nfont-size:25px;\ncolor:#262836;\n}\n<\/style>\n<section  class='av_textblock_section av-l7ud9nhh-ed5f05dee03b19a87fc4a2aebb495952 '   itemscope=\"itemscope\" itemtype=\"https:\/\/schema.org\/CreativeWork\" ><div class='avia_textblock av_inherit_color'  itemprop=\"text\" ><p><strong>Condiciones del Seguro<\/strong><\/p>\n<\/div><\/section><br \/>\n\n<style type=\"text\/css\" data-created_by=\"avia_inline_auto\" id=\"style-css-av-484xuy-297f6517dbf39eb24aca6d643f84d291\">\n#top .hr.hr-invisible.av-484xuy-297f6517dbf39eb24aca6d643f84d291{\nheight:30px;\n}\n<\/style>\n<div  class='hr av-484xuy-297f6517dbf39eb24aca6d643f84d291 hr-invisible  avia-builder-el-7  el_after_av_textblock  avia-builder-el-last '><span class='hr-inner '><span class=\"hr-inner-style\"><\/span><\/span><\/div><\/p><\/div>\n\n<style type=\"text\/css\" data-created_by=\"avia_inline_auto\" id=\"style-css-av-44q28y-ffb33b0ddb2edd3f6bdfaf282c4ea0ea\">\n.flex_column.av-44q28y-ffb33b0ddb2edd3f6bdfaf282c4ea0ea{\nborder-radius:0px 0px 0px 0px;\npadding:0px 0px 0px 0px;\n}\n<\/style>\n<div  class='flex_column av-44q28y-ffb33b0ddb2edd3f6bdfaf282c4ea0ea av_one_half  avia-builder-el-8  el_after_av_one_full  el_before_av_one_half  first flex_column_div av-zero-column-padding  column-top-margin'     ><style type=\"text\/css\" data-created_by=\"avia_inline_auto\" id=\"style-css-av-dxz3e-50f79a994d2dc8b39539e068c095f9d9\">\n.iconbox.av-dxz3e-50f79a994d2dc8b39539e068c095f9d9 .iconbox_icon{\nbackground-color:#007585;\nborder:1px solid #eef6f7;\ncolor:#ffffff;\n}\n.iconbox.av-dxz3e-50f79a994d2dc8b39539e068c095f9d9 .iconbox_icon.avia-svg-icon svg:first-child{\nfill:#ffffff;\nstroke:#ffffff;\n}\n#top #wrap_all .iconbox.av-dxz3e-50f79a994d2dc8b39539e068c095f9d9 .iconbox_content_title{\ncolor:#262836;\n}\n.iconbox.av-dxz3e-50f79a994d2dc8b39539e068c095f9d9 .iconbox_content_container{\ncolor:#262836;\n}\n<\/style>\n<article  class='iconbox iconbox_top av-dxz3e-50f79a994d2dc8b39539e068c095f9d9  avia-builder-el-9  avia-builder-el-no-sibling  main_color'  itemscope=\"itemscope\" itemtype=\"https:\/\/schema.org\/CreativeWork\" ><div class=\"iconbox_content\"><header class=\"entry-content-header\" aria-label=\"Icon: Asegurados\"><div class='iconbox_icon heading-color avia-iconfont avia-font-entypo-fontello' data-av_icon='\ue840' data-av_iconfont='entypo-fontello'  ><\/div><h3 class='iconbox_content_title '  itemprop=\"headline\" >Asegurados<\/h3><\/header><div class='iconbox_content_container av_inherit_color'  itemprop=\"text\" ><ul>\n<li>El abogado colegiado ejerciente en el Ilustre Colegio de Abogados de las Palmas y que en el momento del siniestro est\u00e9 asegurado.<\/li>\n<li>Herederos y legatarios, representantes legales y causahabientes de un asegurado en caso de muerte, incapacidad o insolvencia, que est\u00e9n asegurados en Catalana Occidente.<\/li>\n<li>Sociedades profesionales de abogados si la reclamaci\u00f3n tiene su origen en un error o falta profesional cometida por un abogado asegurado.<\/li>\n<\/ul>\n<\/div><\/div><footer class=\"entry-footer\"><\/footer><\/article><\/div>\n\n<style type=\"text\/css\" data-created_by=\"avia_inline_auto\" id=\"style-css-av-3pcst6-a2b9cdae3198437bf6671a51acf7a3f2\">\n.flex_column.av-3pcst6-a2b9cdae3198437bf6671a51acf7a3f2{\nborder-radius:0px 0px 0px 0px;\npadding:0px 0px 0px 0px;\n}\n<\/style>\n<div  class='flex_column av-3pcst6-a2b9cdae3198437bf6671a51acf7a3f2 av_one_half  avia-builder-el-10  el_after_av_one_half  el_before_av_one_half  flex_column_div av-zero-column-padding  column-top-margin'     ><style type=\"text\/css\" data-created_by=\"avia_inline_auto\" id=\"style-css-av-3k2kte-500131e117eb71c9031e9168bd04998f\">\n.iconbox.av-3k2kte-500131e117eb71c9031e9168bd04998f .iconbox_icon{\nbackground-color:#007585;\nborder:1px solid #eef6f7;\ncolor:#ffffff;\n}\n.iconbox.av-3k2kte-500131e117eb71c9031e9168bd04998f .iconbox_icon.avia-svg-icon svg:first-child{\nfill:#ffffff;\nstroke:#ffffff;\n}\n#top #wrap_all .iconbox.av-3k2kte-500131e117eb71c9031e9168bd04998f .iconbox_content_title{\ncolor:#262836;\n}\n.iconbox.av-3k2kte-500131e117eb71c9031e9168bd04998f .iconbox_content_container{\ncolor:#262836;\n}\n<\/style>\n<article  class='iconbox iconbox_top av-3k2kte-500131e117eb71c9031e9168bd04998f  avia-builder-el-11  avia-builder-el-no-sibling  main_color'  itemscope=\"itemscope\" itemtype=\"https:\/\/schema.org\/CreativeWork\" ><div class=\"iconbox_content\"><header class=\"entry-content-header\" aria-label=\"Icon: Per\u00edodo de Seguro\"><div class='iconbox_icon heading-color avia-iconfont avia-font-entypo-fontello' data-av_icon='\ue862' data-av_iconfont='entypo-fontello'  ><\/div><h3 class='iconbox_content_title '  itemprop=\"headline\" >Per\u00edodo de Seguro<\/h3><\/header><div class='iconbox_content_container av_inherit_color'  itemprop=\"text\" ><p>La duraci\u00f3n es del 01\/07\/2023 a 30\/06\/2024.<\/p>\n<p>Si la solicitud de contrataci\u00f3n es posterior, la fecha de efecto ser\u00e1 a las 24 h del d\u00eda en que se realice la solicitud a la compa\u00f1\u00eda de seguros.<\/p>\n<p>Al t\u00e9rmino de dicho per\u00edodo las p\u00f3lizas se renovar\u00e1n anualmente con un previo acuerdo entre las\u00a0partes.<\/p>\n<\/div><\/div><footer class=\"entry-footer\"><\/footer><\/article><\/div>\n\n<style type=\"text\/css\" data-created_by=\"avia_inline_auto\" id=\"style-css-av-3dmtga-d313f2932efc11cc69f524f4f2a998e2\">\n.flex_column.av-3dmtga-d313f2932efc11cc69f524f4f2a998e2{\nborder-radius:0px 0px 0px 0px;\npadding:0px 0px 0px 0px;\n}\n<\/style>\n<div  class='flex_column av-3dmtga-d313f2932efc11cc69f524f4f2a998e2 av_one_half  avia-builder-el-12  el_after_av_one_half  el_before_av_one_half  first flex_column_div av-zero-column-padding  column-top-margin'     ><style type=\"text\/css\" data-created_by=\"avia_inline_auto\" id=\"style-css-av-38y4x6-a2ee714880af5d702d2505cb87b3ef9d\">\n.iconbox.av-38y4x6-a2ee714880af5d702d2505cb87b3ef9d .iconbox_icon{\nbackground-color:#007585;\nborder:1px solid #eef6f7;\n}\n#top #wrap_all .iconbox.av-38y4x6-a2ee714880af5d702d2505cb87b3ef9d .iconbox_content_title{\ncolor:#262836;\n}\n.iconbox.av-38y4x6-a2ee714880af5d702d2505cb87b3ef9d .iconbox_content_container{\ncolor:v;\n}\n<\/style>\n<article  class='iconbox iconbox_top av-38y4x6-a2ee714880af5d702d2505cb87b3ef9d  avia-builder-el-13  avia-builder-el-no-sibling  main_color'  itemscope=\"itemscope\" itemtype=\"https:\/\/schema.org\/CreativeWork\" ><div class=\"iconbox_content\"><header class=\"entry-content-header\" aria-label=\"Icon: \u00c1mbito Temporal\"><div class='iconbox_icon heading-color avia-iconfont avia-font-entypo-fontello' data-av_icon='\ue863' data-av_iconfont='entypo-fontello'  ><\/div><h3 class='iconbox_content_title '  itemprop=\"headline\" >\u00c1mbito Temporal<\/h3><\/header><div class='iconbox_content_container av_inherit_color'  itemprop=\"text\" ><p>La p\u00f3liza cubre reclamaciones presentadas por primera vez durante el PERIODO DE SEGURO, incluso por errores profesionales cometidos con anterioridad.<\/p>\n<\/div><\/div><footer class=\"entry-footer\"><\/footer><\/article><\/div>\n\n<style type=\"text\/css\" data-created_by=\"avia_inline_auto\" id=\"style-css-av-b85hm-febca1ebde47287a61891673c9aae2b3\">\n.flex_column.av-b85hm-febca1ebde47287a61891673c9aae2b3{\nborder-radius:0px 0px 0px 0px;\npadding:0px 0px 0px 0px;\n}\n<\/style>\n<div  class='flex_column av-b85hm-febca1ebde47287a61891673c9aae2b3 av_one_half  avia-builder-el-14  el_after_av_one_half  el_before_av_one_half  flex_column_div av-zero-column-padding  column-top-margin'     ><style type=\"text\/css\" data-created_by=\"avia_inline_auto\" id=\"style-css-av-amkhe-4887df9e843bb11e190f533644b7c179\">\n.iconbox.av-amkhe-4887df9e843bb11e190f533644b7c179 .iconbox_icon{\nbackground-color:#007575;\nborder:1px solid #eef6f7;\n}\n#top #wrap_all .iconbox.av-amkhe-4887df9e843bb11e190f533644b7c179 .iconbox_content_title{\ncolor:#262836;\n}\n.iconbox.av-amkhe-4887df9e843bb11e190f533644b7c179 .iconbox_content_container{\ncolor:#262836;\n}\n<\/style>\n<article  class='iconbox iconbox_top av-amkhe-4887df9e843bb11e190f533644b7c179  avia-builder-el-15  avia-builder-el-no-sibling  main_color'  itemscope=\"itemscope\" itemtype=\"https:\/\/schema.org\/CreativeWork\" ><div class=\"iconbox_content\"><header class=\"entry-content-header\" aria-label=\"Icon: Retroactividad\"><div class='iconbox_icon heading-color avia-iconfont avia-font-entypo-fontello' data-av_icon='\ue820' data-av_iconfont='entypo-fontello'  ><\/div><h3 class='iconbox_content_title '  itemprop=\"headline\" >Retroactividad<\/h3><\/header><div class='iconbox_content_container av_inherit_color'  itemprop=\"text\" ><p>Ilimitada<\/p>\n<\/div><\/div><footer class=\"entry-footer\"><\/footer><\/article><\/div>\n\n<style type=\"text\/css\" data-created_by=\"avia_inline_auto\" id=\"style-css-av-2nxrr6-1b064472056b5a978369a84c9af2fd34\">\n.flex_column.av-2nxrr6-1b064472056b5a978369a84c9af2fd34{\nborder-radius:0px 0px 0px 0px;\npadding:0px 0px 0px 0px;\n}\n<\/style>\n<div  class='flex_column av-2nxrr6-1b064472056b5a978369a84c9af2fd34 av_one_half  avia-builder-el-16  el_after_av_one_half  el_before_av_one_half  first flex_column_div av-zero-column-padding  column-top-margin'     ><style type=\"text\/css\" data-created_by=\"avia_inline_auto\" id=\"style-css-av-2mn2fe-364fdc53398b80a2077c7666e8e69163\">\n.iconbox.av-2mn2fe-364fdc53398b80a2077c7666e8e69163 .iconbox_icon{\nbackground-color:#007585;\nborder:1px solid #eef6f7;\n}\n#top #wrap_all .iconbox.av-2mn2fe-364fdc53398b80a2077c7666e8e69163 .iconbox_content_title{\ncolor:#262836;\n}\n.iconbox.av-2mn2fe-364fdc53398b80a2077c7666e8e69163 .iconbox_content_container{\ncolor:#262836;\n}\n<\/style>\n<article  class='iconbox iconbox_top av-2mn2fe-364fdc53398b80a2077c7666e8e69163  avia-builder-el-17  avia-builder-el-no-sibling  main_color'  itemscope=\"itemscope\" itemtype=\"https:\/\/schema.org\/CreativeWork\" ><div class=\"iconbox_content\"><header class=\"entry-content-header\" aria-label=\"Icon: \u00c1mbito Territorial\/ Jurisdiccional: \"><div class='iconbox_icon heading-color avia-iconfont avia-font-entypo-fontello' data-av_icon='\ue8b1' data-av_iconfont='entypo-fontello'  ><\/div><h3 class='iconbox_content_title '  itemprop=\"headline\" >\u00c1mbito Territorial\/ Jurisdiccional: <\/h3><\/header><div class='iconbox_content_container av_inherit_color'  itemprop=\"text\" ><p>Uni\u00f3n Europea y Andorra.<\/p>\n<\/div><\/div><footer class=\"entry-footer\"><\/footer><\/article><\/div>\n\n<style type=\"text\/css\" data-created_by=\"avia_inline_auto\" id=\"style-css-av-2cib96-ad6c40fdba26fc32687b019ec3281d20\">\n.flex_column.av-2cib96-ad6c40fdba26fc32687b019ec3281d20{\nborder-radius:0px 0px 0px 0px;\npadding:0px 0px 0px 0px;\n}\n<\/style>\n<div  class='flex_column av-2cib96-ad6c40fdba26fc32687b019ec3281d20 av_one_half  avia-builder-el-18  el_after_av_one_half  el_before_av_hr  flex_column_div av-zero-column-padding  column-top-margin'     ><style type=\"text\/css\" data-created_by=\"avia_inline_auto\" id=\"style-css-av-29s3re-7a1a3843b0c9c28c101292e60503969d\">\n.iconbox.av-29s3re-7a1a3843b0c9c28c101292e60503969d .iconbox_icon{\nbackground-color:#007585;\nborder:1px solid #eef6f7;\n}\n#top #wrap_all .iconbox.av-29s3re-7a1a3843b0c9c28c101292e60503969d .iconbox_content_title{\ncolor:#262836;\n}\n.iconbox.av-29s3re-7a1a3843b0c9c28c101292e60503969d .iconbox_content_container{\ncolor:#262836;\n}\n<\/style>\n<article  class='iconbox iconbox_top av-29s3re-7a1a3843b0c9c28c101292e60503969d  avia-builder-el-19  avia-builder-el-no-sibling  main_color'  itemscope=\"itemscope\" itemtype=\"https:\/\/schema.org\/CreativeWork\" ><div class=\"iconbox_content\"><header class=\"entry-content-header\" aria-label=\"Icon: Franquicia:\"><div class='iconbox_icon heading-color avia-iconfont avia-font-entypo-fontello' data-av_icon='' data-av_iconfont='entypo-fontello'  ><\/div><h3 class='iconbox_content_title '  itemprop=\"headline\" >Franquicia:<\/h3><\/header><div class='iconbox_content_container av_inherit_color'  itemprop=\"text\" ><p>SIN franquicia excepto para actividad concursal que es de 1.000 \u20ac por siniestro.<\/p>\n<\/div><\/div><footer class=\"entry-footer\"><\/footer><\/article><\/div>\n\n<style type=\"text\/css\" data-created_by=\"avia_inline_auto\" id=\"style-css-av-250cw2-d535525bfdc1c923c4a74020a148f19c\">\n#top .hr.hr-invisible.av-250cw2-d535525bfdc1c923c4a74020a148f19c{\nheight:100px;\n}\n<\/style>\n<div  class='hr av-250cw2-d535525bfdc1c923c4a74020a148f19c hr-invisible  avia-builder-el-20  el_after_av_one_half  el_before_av_one_third '><span class='hr-inner '><span class=\"hr-inner-style\"><\/span><\/span><\/div>\n\n<style type=\"text\/css\" data-created_by=\"avia_inline_auto\" id=\"style-css-av-1x8fqa-8180230267f5d58ce13d7fa2ab032909\">\n.flex_column.av-1x8fqa-8180230267f5d58ce13d7fa2ab032909{\nborder-radius:0px 0px 0px 0px;\npadding:0px 0px 0px 0px;\n}\n<\/style>\n<div  class='flex_column av-1x8fqa-8180230267f5d58ce13d7fa2ab032909 av_one_third  avia-builder-el-21  el_after_av_hr  el_before_av_one_third  first flex_column_div av-zero-column-padding  '     ><\/div>\n\n<style type=\"text\/css\" data-created_by=\"avia_inline_auto\" id=\"style-css-av-1ru5wi-3775660eea681f6a5684df827d7f0a28\">\n.flex_column.av-1ru5wi-3775660eea681f6a5684df827d7f0a28{\nborder-radius:0px 0px 0px 0px;\npadding:0px 0px 0px 0px;\n}\n<\/style>\n<div  class='flex_column av-1ru5wi-3775660eea681f6a5684df827d7f0a28 av_one_third  avia-builder-el-22  el_after_av_one_third  el_before_av_one_third  flex_column_div av-zero-column-padding  '     ><div  class='avia-button-wrap av-1jxfwi-5961bc370b288b0d044dcd83aaebcbf9-wrap avia-button-center  avia-builder-el-23  avia-builder-el-no-sibling '>\n<style type=\"text\/css\" data-created_by=\"avia_inline_auto\" id=\"style-css-av-1jxfwi-5961bc370b288b0d044dcd83aaebcbf9\">\n#top #wrap_all .avia-button.av-1jxfwi-5961bc370b288b0d044dcd83aaebcbf9{\nbackground-color:#262836;\nborder-color:#262836;\ntransition:all 0.4s ease-in-out;\n}\n#top #wrap_all .avia-button.av-1jxfwi-5961bc370b288b0d044dcd83aaebcbf9:hover{\nbackground-color:#007585;\ncolor:white;\ntransition:all 0.4s ease-in-out;\n}\n#top #wrap_all .avia-button.av-1jxfwi-5961bc370b288b0d044dcd83aaebcbf9:hover .avia-svg-icon svg:first-child{\nfill:white;\nstroke:white;\n}\n<\/style>\n<a href='https:\/\/www.aon.es\/site\/icalaspalmas\/contratar\/'  class='avia-button av-1jxfwi-5961bc370b288b0d044dcd83aaebcbf9 av-link-btn avia-icon_select-no avia-size-large avia-position-center avia-font-color-theme-color'   aria-label=\"Contratar\"><span class='avia_iconbox_title' >Contratar<\/span><\/a><\/div><\/div>\n<style type=\"text\/css\" data-created_by=\"avia_inline_auto\" id=\"style-css-av-1e7ohu-fc1859ffbe2e2c4d6f60fea486f54bd0\">\n.flex_column.av-1e7ohu-fc1859ffbe2e2c4d6f60fea486f54bd0{\nborder-radius:0px 0px 0px 0px;\npadding:0px 0px 0px 0px;\n}\n<\/style>\n<div  class='flex_column av-1e7ohu-fc1859ffbe2e2c4d6f60fea486f54bd0 av_one_third  avia-builder-el-24  el_after_av_one_third  el_before_av_one_full  flex_column_div av-zero-column-padding  '     ><\/div><\/p>\n\n<style type=\"text\/css\" data-created_by=\"avia_inline_auto\" id=\"style-css-av-18tnxe-64434b975f7422bc0f59bbc17ac767a1\">\n.flex_column.av-18tnxe-64434b975f7422bc0f59bbc17ac767a1{\nborder-radius:0px 0px 0px 0px;\npadding:0px 0px 0px 0px;\n}\n<\/style>\n<div  class='flex_column av-18tnxe-64434b975f7422bc0f59bbc17ac767a1 av_one_full  avia-builder-el-25  el_after_av_one_third  el_before_av_hr  first flex_column_div av-zero-column-padding  column-top-margin'     ><\/div>\n\n<style type=\"text\/css\" data-created_by=\"avia_inline_auto\" id=\"style-css-av-11qqgi-90ade25bf6016cdfde5314e21808173a\">\n#top .hr.hr-invisible.av-11qqgi-90ade25bf6016cdfde5314e21808173a{\nheight:50px;\n}\n<\/style>\n<div  class='hr av-11qqgi-90ade25bf6016cdfde5314e21808173a hr-invisible  avia-builder-el-26  el_after_av_one_full  avia-builder-el-last '><span class='hr-inner '><span class=\"hr-inner-style\"><\/span><\/span><\/div>\n","protected":false},"excerpt":{"rendered":"","protected":false},"author":1,"featured_media":0,"parent":0,"menu_order":0,"comment_status":"closed","ping_status":"closed","template":"","meta":{"footnotes":""},"class_list":["post-138","page","type-page","status-publish","hentry"],"yoast_head":"<!-- This site is optimized with the Yoast SEO plugin v27.3 - https:\/\/yoast.com\/product\/yoast-seo-wordpress\/ -->\n<title>Condiciones del Seguro de Responsabilidad Civil Profesional - Responsabilidad Civil ICA Las Palmas<\/title>\n<meta name=\"robots\" content=\"index, follow, max-snippet:-1, max-image-preview:large, max-video-preview:-1\" \/>\n<link rel=\"canonical\" href=\"https:\/\/www.aon.es\/site\/icalaspalmas\/condicionessegurorcp\/\" \/>\n<meta property=\"og:locale\" content=\"es_ES\" \/>\n<meta property=\"og:type\" content=\"article\" \/>\n<meta property=\"og:title\" content=\"Condiciones del Seguro de Responsabilidad Civil Profesional - Responsabilidad Civil ICA Las Palmas\" \/>\n<meta property=\"og:url\" content=\"https:\/\/www.aon.es\/site\/icalaspalmas\/condicionessegurorcp\/\" \/>\n<meta property=\"og:site_name\" content=\"Responsabilidad Civil ICA Las Palmas\" \/>\n<meta property=\"article:modified_time\" content=\"2023-07-20T08:38:44+00:00\" \/>\n<meta name=\"twitter:card\" content=\"summary_large_image\" \/>\n<meta name=\"twitter:label1\" content=\"Tiempo de lectura\" \/>\n\t<meta name=\"twitter:data1\" content=\"5 minutos\" \/>\n<script type=\"application\/ld+json\" class=\"yoast-schema-graph\">{\"@context\":\"https:\\\/\\\/schema.org\",\"@graph\":[{\"@type\":\"WebPage\",\"@id\":\"https:\\\/\\\/www.aon.es\\\/site\\\/icalaspalmas\\\/condicionessegurorcp\\\/\",\"url\":\"https:\\\/\\\/www.aon.es\\\/site\\\/icalaspalmas\\\/condicionessegurorcp\\\/\",\"name\":\"Condiciones del Seguro de Responsabilidad Civil Profesional - Responsabilidad Civil ICA Las Palmas\",\"isPartOf\":{\"@id\":\"https:\\\/\\\/www.aon.es\\\/site\\\/icalaspalmas\\\/#website\"},\"datePublished\":\"2016-02-01T15:31:22+00:00\",\"dateModified\":\"2023-07-20T08:38:44+00:00\",\"breadcrumb\":{\"@id\":\"https:\\\/\\\/www.aon.es\\\/site\\\/icalaspalmas\\\/condicionessegurorcp\\\/#breadcrumb\"},\"inLanguage\":\"es\",\"potentialAction\":[{\"@type\":\"ReadAction\",\"target\":[\"https:\\\/\\\/www.aon.es\\\/site\\\/icalaspalmas\\\/condicionessegurorcp\\\/\"]}]},{\"@type\":\"BreadcrumbList\",\"@id\":\"https:\\\/\\\/www.aon.es\\\/site\\\/icalaspalmas\\\/condicionessegurorcp\\\/#breadcrumb\",\"itemListElement\":[{\"@type\":\"ListItem\",\"position\":1,\"name\":\"Portada\",\"item\":\"https:\\\/\\\/www.aon.es\\\/site\\\/icalaspalmas\\\/inicio\\\/\"},{\"@type\":\"ListItem\",\"position\":2,\"name\":\"Condiciones del Seguro de Responsabilidad Civil Profesional\"}]},{\"@type\":\"WebSite\",\"@id\":\"https:\\\/\\\/www.aon.es\\\/site\\\/icalaspalmas\\\/#website\",\"url\":\"https:\\\/\\\/www.aon.es\\\/site\\\/icalaspalmas\\\/\",\"name\":\"Responsabilidad Civil ICA Las Palmas\",\"description\":\"Responsabilidad Civil Profesional\",\"potentialAction\":[{\"@type\":\"SearchAction\",\"target\":{\"@type\":\"EntryPoint\",\"urlTemplate\":\"https:\\\/\\\/www.aon.es\\\/site\\\/icalaspalmas\\\/?s={search_term_string}\"},\"query-input\":{\"@type\":\"PropertyValueSpecification\",\"valueRequired\":true,\"valueName\":\"search_term_string\"}}],\"inLanguage\":\"es\"}]}<\/script>\n<!-- \/ Yoast SEO plugin. -->","yoast_head_json":{"title":"Condiciones del Seguro de Responsabilidad Civil Profesional - Responsabilidad Civil ICA Las Palmas","robots":{"index":"index","follow":"follow","max-snippet":"max-snippet:-1","max-image-preview":"max-image-preview:large","max-video-preview":"max-video-preview:-1"},"canonical":"https:\/\/www.aon.es\/site\/icalaspalmas\/condicionessegurorcp\/","og_locale":"es_ES","og_type":"article","og_title":"Condiciones del Seguro de Responsabilidad Civil Profesional - Responsabilidad Civil ICA Las Palmas","og_url":"https:\/\/www.aon.es\/site\/icalaspalmas\/condicionessegurorcp\/","og_site_name":"Responsabilidad Civil ICA Las Palmas","article_modified_time":"2023-07-20T08:38:44+00:00","twitter_card":"summary_large_image","twitter_misc":{"Tiempo de lectura":"5 minutos"},"schema":{"@context":"https:\/\/schema.org","@graph":[{"@type":"WebPage","@id":"https:\/\/www.aon.es\/site\/icalaspalmas\/condicionessegurorcp\/","url":"https:\/\/www.aon.es\/site\/icalaspalmas\/condicionessegurorcp\/","name":"Condiciones del Seguro de Responsabilidad Civil Profesional - Responsabilidad Civil ICA Las Palmas","isPartOf":{"@id":"https:\/\/www.aon.es\/site\/icalaspalmas\/#website"},"datePublished":"2016-02-01T15:31:22+00:00","dateModified":"2023-07-20T08:38:44+00:00","breadcrumb":{"@id":"https:\/\/www.aon.es\/site\/icalaspalmas\/condicionessegurorcp\/#breadcrumb"},"inLanguage":"es","potentialAction":[{"@type":"ReadAction","target":["https:\/\/www.aon.es\/site\/icalaspalmas\/condicionessegurorcp\/"]}]},{"@type":"BreadcrumbList","@id":"https:\/\/www.aon.es\/site\/icalaspalmas\/condicionessegurorcp\/#breadcrumb","itemListElement":[{"@type":"ListItem","position":1,"name":"Portada","item":"https:\/\/www.aon.es\/site\/icalaspalmas\/inicio\/"},{"@type":"ListItem","position":2,"name":"Condiciones del Seguro de Responsabilidad Civil Profesional"}]},{"@type":"WebSite","@id":"https:\/\/www.aon.es\/site\/icalaspalmas\/#website","url":"https:\/\/www.aon.es\/site\/icalaspalmas\/","name":"Responsabilidad Civil ICA Las Palmas","description":"Responsabilidad Civil Profesional","potentialAction":[{"@type":"SearchAction","target":{"@type":"EntryPoint","urlTemplate":"https:\/\/www.aon.es\/site\/icalaspalmas\/?s={search_term_string}"},"query-input":{"@type":"PropertyValueSpecification","valueRequired":true,"valueName":"search_term_string"}}],"inLanguage":"es"}]}},"_links":{"self":[{"href":"https:\/\/www.aon.es\/site\/icalaspalmas\/wp-json\/wp\/v2\/pages\/138","targetHints":{"allow":["GET"]}}],"collection":[{"href":"https:\/\/www.aon.es\/site\/icalaspalmas\/wp-json\/wp\/v2\/pages"}],"about":[{"href":"https:\/\/www.aon.es\/site\/icalaspalmas\/wp-json\/wp\/v2\/types\/page"}],"author":[{"embeddable":true,"href":"https:\/\/www.aon.es\/site\/icalaspalmas\/wp-json\/wp\/v2\/users\/1"}],"replies":[{"embeddable":true,"href":"https:\/\/www.aon.es\/site\/icalaspalmas\/wp-json\/wp\/v2\/comments?post=138"}],"version-history":[{"count":8,"href":"https:\/\/www.aon.es\/site\/icalaspalmas\/wp-json\/wp\/v2\/pages\/138\/revisions"}],"predecessor-version":[{"id":718,"href":"https:\/\/www.aon.es\/site\/icalaspalmas\/wp-json\/wp\/v2\/pages\/138\/revisions\/718"}],"wp:attachment":[{"href":"https:\/\/www.aon.es\/site\/icalaspalmas\/wp-json\/wp\/v2\/media?parent=138"}],"curies":[{"name":"wp","href":"https:\/\/api.w.org\/{rel}","templated":true}]}}