{"id":698,"date":"2023-07-20T08:08:20","date_gmt":"2023-07-20T08:08:20","guid":{"rendered":"https:\/\/www.aon.es\/site\/icalaspalmas\/?page_id=698"},"modified":"2023-07-20T08:30:51","modified_gmt":"2023-07-20T08:30:51","slug":"contratar","status":"publish","type":"page","link":"https:\/\/www.aon.es\/site\/icalaspalmas\/contratar\/","title":{"rendered":"Contratar"},"content":{"rendered":"\n<style type=\"text\/css\" data-created_by=\"avia_inline_auto\" id=\"style-css-av-l7ub6xj8-4598e6420c2f842ef4ea5431149cae75\">\n.avia-section.av-l7ub6xj8-4598e6420c2f842ef4ea5431149cae75{\nbackground-color:#eef6f7;\nbackground-image:unset;\n}\n<\/style>\n<div id='av_section_1'  class='avia-section av-l7ub6xj8-4598e6420c2f842ef4ea5431149cae75 main_color avia-section-default avia-no-border-styling  avia-builder-el-0  el_before_av_one_full  avia-builder-el-first  avia-bg-style-scroll container_wrap sidebar_right'  ><div class='container av-section-cont-open' ><main  role=\"main\" itemprop=\"mainContentOfPage\"  class='template-page content  av-content-small alpha units'><div class='post-entry post-entry-type-page post-entry-698'><div class='entry-content-wrapper clearfix'>\n<div class='flex_column_table av-2v4pnz-955b2f364dd184e576d16bcfcf56f4e6 sc-av_one_half av-equal-height-column-flextable'>\n<style type=\"text\/css\" data-created_by=\"avia_inline_auto\" id=\"style-css-av-2v4pnz-955b2f364dd184e576d16bcfcf56f4e6\">\n.flex_column.av-2v4pnz-955b2f364dd184e576d16bcfcf56f4e6{\nborder-radius:0px 0px 0px 0px;\npadding:0px 0px 0px 0px;\n}\n<\/style>\n<div  class='flex_column av-2v4pnz-955b2f364dd184e576d16bcfcf56f4e6 av_one_half  avia-builder-el-1  el_before_av_one_half  avia-builder-el-first  first flex_column_table_cell av-equal-height-column av-align-middle av-zero-column-padding  '     ><p>\n<style type=\"text\/css\" data-created_by=\"avia_inline_auto\" id=\"style-css-av-l7ub8r7d-0a5a2e07fd7d663b877c65ec67602dd9\">\n#top .av_textblock_section.av-l7ub8r7d-0a5a2e07fd7d663b877c65ec67602dd9 .avia_textblock{\nfont-size:34px;\ncolor:#262836;\n}\n<\/style>\n<section  class='av_textblock_section av-l7ub8r7d-0a5a2e07fd7d663b877c65ec67602dd9 '   itemscope=\"itemscope\" itemtype=\"https:\/\/schema.org\/CreativeWork\" ><div class='avia_textblock av_inherit_color'  itemprop=\"text\" ><p><strong>Contrataci\u00f3n del Seguro de Responsabilidad Civil Profesional<\/strong><\/p>\n<\/div><\/section><br \/>\n\n<style type=\"text\/css\" data-created_by=\"avia_inline_auto\" id=\"style-css-av-fac9m-e0d759300ae256eadcad1e7d1b9d0043\">\n#top .av_textblock_section.av-fac9m-e0d759300ae256eadcad1e7d1b9d0043 .avia_textblock{\nfont-size:25px;\ncolor:#262836;\n}\n<\/style>\n<section  class='av_textblock_section av-fac9m-e0d759300ae256eadcad1e7d1b9d0043 '   itemscope=\"itemscope\" itemtype=\"https:\/\/schema.org\/CreativeWork\" ><div class='avia_textblock av_inherit_color'  itemprop=\"text\" ><p>ICA Las Palmas<\/p>\n<\/div><\/section><br \/>\n\n<style type=\"text\/css\" data-created_by=\"avia_inline_auto\" id=\"style-css-av-7l4bu-98842020dd9e1ed9be69602cbbfc5975\">\n#top .hr.hr-invisible.av-7l4bu-98842020dd9e1ed9be69602cbbfc5975{\nheight:32px;\n}\n<\/style>\n<div  class='hr av-7l4bu-98842020dd9e1ed9be69602cbbfc5975 hr-invisible  avia-builder-el-4  el_after_av_textblock  el_before_av_buttonrow '><span class='hr-inner '><span class=\"hr-inner-style\"><\/span><\/span><\/div><br \/>\n<div  class='avia-buttonrow-wrap av-lkavytbc-e6b9904eec470dc84dd3175e9776befd avia-buttonrow-left  avia-builder-el-5  el_after_av_hr  el_before_av_hr '>\n\n<style type=\"text\/css\" data-created_by=\"avia_inline_auto\" id=\"style-css-av-lkavxapo-ccc83ab42e632071546ddc59fbb9c0e2\">\n#top #wrap_all .avia-button.av-lkavxapo-ccc83ab42e632071546ddc59fbb9c0e2{\nmargin-bottom:16px;\nmargin-right:16px;\n}\n<\/style>\n<a href='https:\/\/www.aon.es\/site\/icalaspalmas\/wp-content\/uploads\/sites\/28\/2023\/07\/Boletin-ICA-Las-Palmas_2023.pdf'  class='avia-button av-lkavxapo-ccc83ab42e632071546ddc59fbb9c0e2 avia-icon_select-no avia-size-large avia-color-theme-color'  target=\"_blank\"  rel=\"noopener noreferrer\"  aria-label=\"Descargar solicitud\"><span class='avia_iconbox_title' >Descargar solicitud<\/span><\/a>\n\n<style type=\"text\/css\" data-created_by=\"avia_inline_auto\" id=\"style-css-av-lkavxapo-3-b21d98ea15acb65dc5e01c3fa2c6d7bb\">\n#top #wrap_all .avia-button.av-lkavxapo-3-b21d98ea15acb65dc5e01c3fa2c6d7bb{\nmargin-bottom:16px;\nmargin-right:16px;\n}\n<\/style>\n<a href='mailto:colegios@aon.es'  class='avia-button av-lkavxapo-3-b21d98ea15acb65dc5e01c3fa2c6d7bb avia-icon_select-no avia-size-large avia-color-theme-color-highlight'  target=\"_blank\"  rel=\"noopener noreferrer\"  aria-label=\"Enviar solicitud\"><span class='avia_iconbox_title' >Enviar solicitud<\/span><\/a>\n<\/div><br \/>\n\n<style type=\"text\/css\" data-created_by=\"avia_inline_auto\" id=\"style-css-av-lkaw413b-b5a5570cd80e43a91a0057f9babd9466\">\n#top .hr.hr-invisible.av-lkaw413b-b5a5570cd80e43a91a0057f9babd9466{\nheight:12px;\n}\n<\/style>\n<div  class='hr av-lkaw413b-b5a5570cd80e43a91a0057f9babd9466 hr-invisible  avia-builder-el-6  el_after_av_buttonrow  el_before_av_textblock '><span class='hr-inner '><span class=\"hr-inner-style\"><\/span><\/span><\/div><br \/>\n\n<style type=\"text\/css\" data-created_by=\"avia_inline_auto\" id=\"style-css-av-l7ubbaub-2289e4c137c9eb0f85027fac0f746574\">\n#top .av_textblock_section.av-l7ubbaub-2289e4c137c9eb0f85027fac0f746574 .avia_textblock{\ncolor:#262836;\n}\n<\/style>\n<section  class='av_textblock_section av-l7ubbaub-2289e4c137c9eb0f85027fac0f746574 '   itemscope=\"itemscope\" itemtype=\"https:\/\/schema.org\/CreativeWork\" ><div class='avia_textblock av_inherit_color'  itemprop=\"text\" ><p>Si necesitas incrementar el l\u00edmite de suma asegurada, mediante la contrataci\u00f3n de una\u00a0 ampliaci\u00f3n voluntaria, <a href=\"https:\/\/www.aon.es\/site\/icalaspalmas\/wp-content\/uploads\/sites\/28\/2023\/07\/Boletin-Ampliacion-ICA-Las-Palmas_2023.pdf\" target=\"_blank\" rel=\"noopener\"><strong>haz clic para m\u00e1s descargar la solicitud de ampliaci\u00f3n voluntaria<\/strong><\/a><\/p>\n<\/div><\/section><\/p><\/div><div class='av-flex-placeholder'><\/div>\n<style type=\"text\/css\" data-created_by=\"avia_inline_auto\" id=\"style-css-av-lkavjwco-907dcefb4febc79458547c6d7dc44ff9\">\n.flex_column.av-lkavjwco-907dcefb4febc79458547c6d7dc44ff9{\nborder-radius:8px 8px 8px 8px;\npadding:32px 48px 32px 48px;\nbackground-color:#ffffff;\n}\n<\/style>\n<div  class='flex_column av-lkavjwco-907dcefb4febc79458547c6d7dc44ff9 av_one_half  avia-builder-el-8  el_after_av_one_half  avia-builder-el-last  flex_column_table_cell av-equal-height-column av-align-middle  '     ><p>\n<style type=\"text\/css\" data-created_by=\"avia_inline_auto\" id=\"style-css-av-2j5xy7-3e38f3c31934a01f67f2e07708b0a29c\">\n#top .hr.hr-invisible.av-2j5xy7-3e38f3c31934a01f67f2e07708b0a29c{\nheight:12px;\n}\n<\/style>\n<div  class='hr av-2j5xy7-3e38f3c31934a01f67f2e07708b0a29c hr-invisible  avia-builder-el-9  el_before_av_iconlist  avia-builder-el-first '><span class='hr-inner '><span class=\"hr-inner-style\"><\/span><\/span><\/div><br \/>\n\n<style type=\"text\/css\" data-created_by=\"avia_inline_auto\" id=\"style-css-av-lkavr8tn-9fcf01fb002330dd4674c614765b3d9f\">\n#top .avia-icon-list-container.av-lkavr8tn-9fcf01fb002330dd4674c614765b3d9f .iconlist_icon{\nbackground-color:#007585;\n}\n<\/style>\n<div  class='avia-icon-list-container av-lkavr8tn-9fcf01fb002330dd4674c614765b3d9f  avia-builder-el-10  el_after_av_hr  avia-builder-el-last '><ul class='avia-icon-list avia_animate_when_almost_visible avia-icon-list-left av-iconlist-big av-lkavr8tn-9fcf01fb002330dd4674c614765b3d9f avia-iconlist-animate'>\n<li><div class='iconlist_icon av-lkavmzo2-9e85dd665510dfef9ddee6a8437c10b3 avia-font-entypo-fontello avia-iconfont avia-font-entypo-fontello'><span class='av-icon-char' data-av_icon='\ue82d' data-av_iconfont='entypo-fontello' aria-hidden=\"true\"><\/span><\/div><article class=\"article-icon-entry \"  itemscope=\"itemscope\" itemtype=\"https:\/\/schema.org\/CreativeWork\" ><div class=\"iconlist_content_wrap\"><header class=\"entry-content-header\" aria-label=\"Icon: Descarga la solicitud\"><h4 class='av_iconlist_title iconlist_title  '  itemprop=\"headline\" >Descarga la solicitud<\/h4><\/header><div class='iconlist_content '  itemprop=\"text\" ><p>Si lo necesitas, te asesoramos y ayudamos en el 91 266 70 52<\/p>\n<\/div><\/div><footer class=\"entry-footer\"><\/footer><\/article><div class=\"iconlist-timeline\"><\/div><\/li>\n<li><div class='iconlist_icon av-lkavofro-c643f060a48fb00d41f3a28ff685befa avia-font-entypo-fontello avia-iconfont avia-font-entypo-fontello'><span class='av-icon-char' data-av_icon='\ue805' data-av_iconfont='entypo-fontello' aria-hidden=\"true\"><\/span><\/div><article class=\"article-icon-entry \"  itemscope=\"itemscope\" itemtype=\"https:\/\/schema.org\/CreativeWork\" ><div class=\"iconlist_content_wrap\"><header class=\"entry-content-header\" aria-label=\"Icon: Env\u00edanosla\"><h4 class='av_iconlist_title iconlist_title  '  itemprop=\"headline\" >Env\u00edanosla<\/h4><\/header><div class='iconlist_content '  itemprop=\"text\" ><p>M\u00e1ndanos tu solicitud por email a\u00a0<a href=\"mailto:aon.salud@aon.es\">aon.salud@aon.es<\/a>\u00a0junto con una fotocopia de tu DNI.<\/p>\n<\/div><\/div><footer class=\"entry-footer\"><\/footer><\/article><div class=\"iconlist-timeline\"><\/div><\/li>\n<li><div class='iconlist_icon av-lkavpp8y-00388a0e03e95bb1e3a48112ea1047c0 avia-font-entypo-fontello avia-iconfont avia-font-entypo-fontello'><span class='av-icon-char' data-av_icon='\ue812' data-av_iconfont='entypo-fontello' aria-hidden=\"true\"><\/span><\/div><article class=\"article-icon-entry \"  itemscope=\"itemscope\" itemtype=\"https:\/\/schema.org\/CreativeWork\" ><div class=\"iconlist_content_wrap\"><header class=\"entry-content-header\" aria-label=\"Icon: \u00a1Ya est\u00e1!\"><h4 class='av_iconlist_title iconlist_title  '  itemprop=\"headline\" >\u00a1Ya est\u00e1!<\/h4><\/header><div class='iconlist_content '  itemprop=\"text\" ><p>La compa\u00f1\u00eda aseguradora revisar\u00e1 tu solicitud. Si todo es correcto, en unos d\u00edas recibir\u00e1s tu p\u00f3liza.<\/p>\n<\/div><\/div><footer class=\"entry-footer\"><\/footer><\/article><div class=\"iconlist-timeline\"><\/div><\/li>\n<\/ul><\/div><\/p><\/div><\/div><!--close column table wrapper. Autoclose: 1 --><\/div><\/div><\/main><!-- close content main element --><\/div><\/div><div id='after_section_1'  class='main_color av_default_container_wrap container_wrap sidebar_right'  ><div class='container av-section-cont-open' ><div class='template-page content  av-content-small alpha units'><div class='post-entry post-entry-type-page post-entry-698'><div class='entry-content-wrapper clearfix'>\n<style type=\"text\/css\" data-created_by=\"avia_inline_auto\" id=\"style-css-av-1vn7p3-b0f548d6c2e4950b19b3026fba0f2db2\">\n.flex_column.av-1vn7p3-b0f548d6c2e4950b19b3026fba0f2db2{\nborder-radius:0px 0px 0px 0px;\npadding:0px 0px 0px 0px;\n}\n<\/style>\n<div  class='flex_column av-1vn7p3-b0f548d6c2e4950b19b3026fba0f2db2 av_one_full  avia-builder-el-11  el_after_av_section  avia-builder-el-no-sibling  first flex_column_div av-zero-column-padding  '     ><style type=\"text\/css\" data-created_by=\"avia_inline_auto\" id=\"style-css-av-1mwrhb-2bdf865847e89d170881b6901425270b\">\n#top .av_textblock_section.av-1mwrhb-2bdf865847e89d170881b6901425270b .avia_textblock{\nfont-size:10px;\ncolor:#2d3e4a;\n}\n<\/style>\n<section  class='av_textblock_section av-1mwrhb-2bdf865847e89d170881b6901425270b '   itemscope=\"itemscope\" itemtype=\"https:\/\/schema.org\/CreativeWork\" ><div class='avia_textblock av_inherit_color'  itemprop=\"text\" ><p>Seguro intermediado por Aon Iberia Corredur\u00eda de Seguros y Reaseguros, S.A.U., Inscrita en el R\u00ba Mercantil de Madrid, Hoja M-19857, Tomo 15321, Folio 133, N.I.F. A-28109247. Inscrita en el Registro Especial de Sociedades de Corredur\u00eda de Seguros con la clave J-107. Capacidad financiera y Seguro de Responsabilidad Civil concertado seg\u00fan lo previsto en la Ley de Distribuci\u00f3n de Seguros.<\/p>\n<\/div><\/section><\/div><\/p>\n","protected":false},"excerpt":{"rendered":"","protected":false},"author":31,"featured_media":0,"parent":0,"menu_order":0,"comment_status":"closed","ping_status":"closed","template":"","meta":{"footnotes":""},"class_list":["post-698","page","type-page","status-publish","hentry"],"yoast_head":"<!-- This site is optimized with the Yoast SEO plugin v27.3 - https:\/\/yoast.com\/product\/yoast-seo-wordpress\/ -->\n<title>Contratar - Responsabilidad Civil ICA Las Palmas<\/title>\n<meta name=\"robots\" content=\"index, follow, max-snippet:-1, max-image-preview:large, max-video-preview:-1\" \/>\n<link rel=\"canonical\" href=\"https:\/\/www.aon.es\/site\/icalaspalmas\/contratar\/\" \/>\n<meta property=\"og:locale\" content=\"es_ES\" \/>\n<meta property=\"og:type\" content=\"article\" \/>\n<meta property=\"og:title\" content=\"Contratar - Responsabilidad Civil ICA Las Palmas\" \/>\n<meta property=\"og:url\" content=\"https:\/\/www.aon.es\/site\/icalaspalmas\/contratar\/\" \/>\n<meta property=\"og:site_name\" content=\"Responsabilidad Civil ICA Las Palmas\" \/>\n<meta property=\"article:modified_time\" content=\"2023-07-20T08:30:51+00:00\" \/>\n<meta name=\"twitter:card\" content=\"summary_large_image\" \/>\n<meta name=\"twitter:label1\" content=\"Tiempo de lectura\" \/>\n\t<meta name=\"twitter:data1\" content=\"5 minutos\" \/>\n<script type=\"application\/ld+json\" class=\"yoast-schema-graph\">{\"@context\":\"https:\\\/\\\/schema.org\",\"@graph\":[{\"@type\":\"WebPage\",\"@id\":\"https:\\\/\\\/www.aon.es\\\/site\\\/icalaspalmas\\\/contratar\\\/\",\"url\":\"https:\\\/\\\/www.aon.es\\\/site\\\/icalaspalmas\\\/contratar\\\/\",\"name\":\"Contratar - Responsabilidad Civil ICA Las Palmas\",\"isPartOf\":{\"@id\":\"https:\\\/\\\/www.aon.es\\\/site\\\/icalaspalmas\\\/#website\"},\"datePublished\":\"2023-07-20T08:08:20+00:00\",\"dateModified\":\"2023-07-20T08:30:51+00:00\",\"breadcrumb\":{\"@id\":\"https:\\\/\\\/www.aon.es\\\/site\\\/icalaspalmas\\\/contratar\\\/#breadcrumb\"},\"inLanguage\":\"es\",\"potentialAction\":[{\"@type\":\"ReadAction\",\"target\":[\"https:\\\/\\\/www.aon.es\\\/site\\\/icalaspalmas\\\/contratar\\\/\"]}]},{\"@type\":\"BreadcrumbList\",\"@id\":\"https:\\\/\\\/www.aon.es\\\/site\\\/icalaspalmas\\\/contratar\\\/#breadcrumb\",\"itemListElement\":[{\"@type\":\"ListItem\",\"position\":1,\"name\":\"Portada\",\"item\":\"https:\\\/\\\/www.aon.es\\\/site\\\/icalaspalmas\\\/inicio\\\/\"},{\"@type\":\"ListItem\",\"position\":2,\"name\":\"Contratar\"}]},{\"@type\":\"WebSite\",\"@id\":\"https:\\\/\\\/www.aon.es\\\/site\\\/icalaspalmas\\\/#website\",\"url\":\"https:\\\/\\\/www.aon.es\\\/site\\\/icalaspalmas\\\/\",\"name\":\"Responsabilidad Civil ICA Las Palmas\",\"description\":\"Responsabilidad Civil Profesional\",\"potentialAction\":[{\"@type\":\"SearchAction\",\"target\":{\"@type\":\"EntryPoint\",\"urlTemplate\":\"https:\\\/\\\/www.aon.es\\\/site\\\/icalaspalmas\\\/?s={search_term_string}\"},\"query-input\":{\"@type\":\"PropertyValueSpecification\",\"valueRequired\":true,\"valueName\":\"search_term_string\"}}],\"inLanguage\":\"es\"}]}<\/script>\n<!-- \/ Yoast SEO plugin. -->","yoast_head_json":{"title":"Contratar - Responsabilidad Civil ICA Las Palmas","robots":{"index":"index","follow":"follow","max-snippet":"max-snippet:-1","max-image-preview":"max-image-preview:large","max-video-preview":"max-video-preview:-1"},"canonical":"https:\/\/www.aon.es\/site\/icalaspalmas\/contratar\/","og_locale":"es_ES","og_type":"article","og_title":"Contratar - Responsabilidad Civil ICA Las Palmas","og_url":"https:\/\/www.aon.es\/site\/icalaspalmas\/contratar\/","og_site_name":"Responsabilidad Civil ICA Las Palmas","article_modified_time":"2023-07-20T08:30:51+00:00","twitter_card":"summary_large_image","twitter_misc":{"Tiempo de lectura":"5 minutos"},"schema":{"@context":"https:\/\/schema.org","@graph":[{"@type":"WebPage","@id":"https:\/\/www.aon.es\/site\/icalaspalmas\/contratar\/","url":"https:\/\/www.aon.es\/site\/icalaspalmas\/contratar\/","name":"Contratar - Responsabilidad Civil ICA Las Palmas","isPartOf":{"@id":"https:\/\/www.aon.es\/site\/icalaspalmas\/#website"},"datePublished":"2023-07-20T08:08:20+00:00","dateModified":"2023-07-20T08:30:51+00:00","breadcrumb":{"@id":"https:\/\/www.aon.es\/site\/icalaspalmas\/contratar\/#breadcrumb"},"inLanguage":"es","potentialAction":[{"@type":"ReadAction","target":["https:\/\/www.aon.es\/site\/icalaspalmas\/contratar\/"]}]},{"@type":"BreadcrumbList","@id":"https:\/\/www.aon.es\/site\/icalaspalmas\/contratar\/#breadcrumb","itemListElement":[{"@type":"ListItem","position":1,"name":"Portada","item":"https:\/\/www.aon.es\/site\/icalaspalmas\/inicio\/"},{"@type":"ListItem","position":2,"name":"Contratar"}]},{"@type":"WebSite","@id":"https:\/\/www.aon.es\/site\/icalaspalmas\/#website","url":"https:\/\/www.aon.es\/site\/icalaspalmas\/","name":"Responsabilidad Civil ICA Las Palmas","description":"Responsabilidad Civil Profesional","potentialAction":[{"@type":"SearchAction","target":{"@type":"EntryPoint","urlTemplate":"https:\/\/www.aon.es\/site\/icalaspalmas\/?s={search_term_string}"},"query-input":{"@type":"PropertyValueSpecification","valueRequired":true,"valueName":"search_term_string"}}],"inLanguage":"es"}]}},"_links":{"self":[{"href":"https:\/\/www.aon.es\/site\/icalaspalmas\/wp-json\/wp\/v2\/pages\/698","targetHints":{"allow":["GET"]}}],"collection":[{"href":"https:\/\/www.aon.es\/site\/icalaspalmas\/wp-json\/wp\/v2\/pages"}],"about":[{"href":"https:\/\/www.aon.es\/site\/icalaspalmas\/wp-json\/wp\/v2\/types\/page"}],"author":[{"embeddable":true,"href":"https:\/\/www.aon.es\/site\/icalaspalmas\/wp-json\/wp\/v2\/users\/31"}],"replies":[{"embeddable":true,"href":"https:\/\/www.aon.es\/site\/icalaspalmas\/wp-json\/wp\/v2\/comments?post=698"}],"version-history":[{"count":15,"href":"https:\/\/www.aon.es\/site\/icalaspalmas\/wp-json\/wp\/v2\/pages\/698\/revisions"}],"predecessor-version":[{"id":714,"href":"https:\/\/www.aon.es\/site\/icalaspalmas\/wp-json\/wp\/v2\/pages\/698\/revisions\/714"}],"wp:attachment":[{"href":"https:\/\/www.aon.es\/site\/icalaspalmas\/wp-json\/wp\/v2\/media?parent=698"}],"curies":[{"name":"wp","href":"https:\/\/api.w.org\/{rel}","templated":true}]}}