{"id":4163,"date":"2020-03-26T14:23:25","date_gmt":"2020-03-26T14:23:25","guid":{"rendered":"http:\/\/www.aon.es\/site\/icam\/?page_id=4163"},"modified":"2025-09-19T11:32:57","modified_gmt":"2025-09-19T11:32:57","slug":"seguro-rc","status":"publish","type":"page","link":"https:\/\/www.aon.es\/site\/icam\/seguro-rc\/","title":{"rendered":"Seguro RC"},"content":{"rendered":"\n<style type=\"text\/css\" data-created_by=\"avia_inline_auto\" id=\"style-css-av-6dfz4n-bf11cb3b255f3882a5889da76d086f83\">\n.avia-section.av-6dfz4n-bf11cb3b255f3882a5889da76d086f83{\nbackground-repeat:no-repeat;\nbackground-image:url(https:\/\/www.aon.es\/site\/icam\/wp-content\/uploads\/sites\/49\/2020\/03\/k-120-teddy-25949.jpg);\nbackground-position:50% 50%;\nbackground-attachment:scroll;\n}\n.avia-section.av-6dfz4n-bf11cb3b255f3882a5889da76d086f83 .av-section-color-overlay{\nopacity:0.9;\nbackground-color:#ffffff;\n}\n<\/style>\n<div id='av_section_1'  class='avia-section av-6dfz4n-bf11cb3b255f3882a5889da76d086f83 main_color avia-section-no-padding avia-no-border-styling  avia-builder-el-0  avia-builder-el-no-sibling  avia-full-stretch avia-bg-style-scroll av-section-color-overlay-active av-minimum-height av-minimum-height-100 av-height-100  container_wrap fullsize'  data-section-bg-repeat='stretch' data-av_minimum_height_pc='100' data-av_min_height_opt='100'><div class=\"av-section-color-overlay-wrap\"><div class=\"av-section-color-overlay\"><\/div><div class='container av-section-cont-open' ><main  role=\"main\" itemprop=\"mainContentOfPage\"  class='template-page content  av-content-full alpha units'><div class='post-entry post-entry-type-page post-entry-4163'><div class='entry-content-wrapper clearfix'>\n\n<style type=\"text\/css\" data-created_by=\"avia_inline_auto\" id=\"style-css-av-68zmr3-3df641222ebeab581a543a4949ee88bf\">\n.flex_column.av-68zmr3-3df641222ebeab581a543a4949ee88bf{\nborder-radius:0px 0px 0px 0px;\npadding:0px 0px 0px 0px;\n}\n<\/style>\n<div  class='flex_column av-68zmr3-3df641222ebeab581a543a4949ee88bf av_two_third  avia-builder-el-1  el_before_av_one_third  avia-builder-el-first  first flex_column_div av-zero-column-padding  '     ><p>\n<style type=\"text\/css\" data-created_by=\"avia_inline_auto\" id=\"style-css-av-5ziaxz-02c63cbd13efef304e5fb33ebdb2a35a\">\n#top .hr.hr-invisible.av-5ziaxz-02c63cbd13efef304e5fb33ebdb2a35a{\nheight:50px;\n}\n<\/style>\n<div  class='hr av-5ziaxz-02c63cbd13efef304e5fb33ebdb2a35a hr-invisible  avia-builder-el-2  el_before_av_heading  avia-builder-el-first '><span class='hr-inner '><span class=\"hr-inner-style\"><\/span><\/span><\/div><br \/>\n\n<style type=\"text\/css\" data-created_by=\"avia_inline_auto\" id=\"style-css-av-ss9wgz-376bd722df32b4b905923a3e985f52ff\">\n#top .av-special-heading.av-ss9wgz-376bd722df32b4b905923a3e985f52ff{\npadding-bottom:10px;\ncolor:#000000;\nfont-size:40px;\n}\nbody .av-special-heading.av-ss9wgz-376bd722df32b4b905923a3e985f52ff .av-special-heading-tag .heading-char{\nfont-size:25px;\n}\n#top #wrap_all .av-special-heading.av-ss9wgz-376bd722df32b4b905923a3e985f52ff .av-special-heading-tag{\nfont-size:40px;\n}\n.av-special-heading.av-ss9wgz-376bd722df32b4b905923a3e985f52ff .special-heading-inner-border{\nborder-color:#000000;\n}\n.av-special-heading.av-ss9wgz-376bd722df32b4b905923a3e985f52ff .av-subheading{\nfont-size:28px;\n}\n\n@media only screen and (min-width: 480px) and (max-width: 767px){ \n#top #wrap_all .av-special-heading.av-ss9wgz-376bd722df32b4b905923a3e985f52ff .av-special-heading-tag{\nfont-size:0.8em;\n}\n}\n\n@media only screen and (max-width: 479px){ \n#top #wrap_all .av-special-heading.av-ss9wgz-376bd722df32b4b905923a3e985f52ff .av-special-heading-tag{\nfont-size:0.8em;\n}\n}\n<\/style>\n<div  class='av-special-heading av-ss9wgz-376bd722df32b4b905923a3e985f52ff av-special-heading-h1 custom-color-heading blockquote modern-quote  avia-builder-el-3  el_after_av_hr  el_before_av_textblock  av-thin-font av-inherit-size av-linked-heading'><h1 class='av-special-heading-tag '  itemprop=\"headline\"  ><strong>Seguro Responsabilidad Civil Profesional<\/strong> Ilustre Colegio de Abogados de Madrid<\/h1><div class=\"special-heading-border\"><div class=\"special-heading-inner-border\"><\/div><\/div><\/div><br \/>\n<section  class='av_textblock_section av-k876qtzz-ff5150d33e8216c603ea12954f2ccb88 '   itemscope=\"itemscope\" itemtype=\"https:\/\/schema.org\/CreativeWork\" ><div class='avia_textblock'  itemprop=\"text\" ><p><span style=\"font-size: 24pt\"><strong>Aumenta tu protecci\u00f3n frente a las reclamaciones durante tu ejercicio profesional<\/strong><\/span><\/p>\n<\/div><\/section><br \/>\n\n<style type=\"text\/css\" data-created_by=\"avia_inline_auto\" id=\"style-css-av-5pdnmn-1c848f946005aeb1e249746fcdf51b1b\">\n#top .hr.av-5pdnmn-1c848f946005aeb1e249746fcdf51b1b{\nmargin-top:15px;\nmargin-bottom:0px;\n}\n.hr.av-5pdnmn-1c848f946005aeb1e249746fcdf51b1b .hr-inner{\nwidth:200px;\nborder-color:#000000;\n}\n<\/style>\n<div  class='hr av-5pdnmn-1c848f946005aeb1e249746fcdf51b1b hr-custom  avia-builder-el-5  el_after_av_textblock  avia-builder-el-last  hr-left hr-icon-no'><span class='hr-inner inner-border-av-border-fat'><span class=\"hr-inner-style\"><\/span><\/span><\/div><\/p><\/div>\n<style type=\"text\/css\" data-created_by=\"avia_inline_auto\" id=\"style-css-av-k3d87-360fe7d9088939ad16f33ef005b50f37\">\n.flex_column.av-k3d87-360fe7d9088939ad16f33ef005b50f37{\nborder-radius:0px 0px 0px 0px;\npadding:0px 0px 0px 0px;\n}\n<\/style>\n<div  class='flex_column av-k3d87-360fe7d9088939ad16f33ef005b50f37 av_one_third  avia-builder-el-6  el_after_av_two_third  el_before_av_hr  flex_column_div av-zero-column-padding  '     ><style type=\"text\/css\" data-created_by=\"avia_inline_auto\" id=\"style-css-av-5eln9j-dfc326f906b92dd9cacd12db2a4b9c21\">\n.avia-image-container.av-5eln9j-dfc326f906b92dd9cacd12db2a4b9c21 img.avia_image{\nbox-shadow:none;\n}\n.avia-image-container.av-5eln9j-dfc326f906b92dd9cacd12db2a4b9c21 .av-image-caption-overlay-center{\ncolor:#ffffff;\n}\n<\/style>\n<div  class='avia-image-container av-5eln9j-dfc326f906b92dd9cacd12db2a4b9c21 av-styling- avia-align-center  avia-builder-el-7  avia-builder-el-no-sibling  av-desktop-hide av-medium-hide av-small-hide av-mini-hide'   itemprop=\"image\" itemscope=\"itemscope\" itemtype=\"https:\/\/schema.org\/ImageObject\" ><div class=\"avia-image-container-inner\"><div class=\"avia-image-overlay-wrap\"><img decoding=\"async\" fetchpriority=\"high\" class='wp-image-3384 avia-img-lazy-loading-not-3384 avia_image ' src=\"https:\/\/www.aon.es\/site\/icam\/wp-content\/uploads\/sites\/49\/2017\/03\/NUEVO-LOGO-ICAM-287x300.png\" alt='' title='NUEVO LOGO ICAM'  height=\"300\" width=\"287\"  itemprop=\"thumbnailUrl\" srcset=\"https:\/\/www.aon.es\/site\/icam\/wp-content\/uploads\/sites\/49\/2017\/03\/NUEVO-LOGO-ICAM-287x300.png 287w, https:\/\/www.aon.es\/site\/icam\/wp-content\/uploads\/sites\/49\/2017\/03\/NUEVO-LOGO-ICAM-768x802.png 768w, https:\/\/www.aon.es\/site\/icam\/wp-content\/uploads\/sites\/49\/2017\/03\/NUEVO-LOGO-ICAM-987x1030.png 987w, https:\/\/www.aon.es\/site\/icam\/wp-content\/uploads\/sites\/49\/2017\/03\/NUEVO-LOGO-ICAM-1437x1500.png 1437w, https:\/\/www.aon.es\/site\/icam\/wp-content\/uploads\/sites\/49\/2017\/03\/NUEVO-LOGO-ICAM-676x705.png 676w, https:\/\/www.aon.es\/site\/icam\/wp-content\/uploads\/sites\/49\/2017\/03\/NUEVO-LOGO-ICAM-450x470.png 450w, https:\/\/www.aon.es\/site\/icam\/wp-content\/uploads\/sites\/49\/2017\/03\/NUEVO-LOGO-ICAM.png 1513w\" sizes=\"(max-width: 287px) 100vw, 287px\" \/><\/div><\/div><\/div><\/div>\n<style type=\"text\/css\" data-created_by=\"avia_inline_auto\" id=\"style-css-av-4jco1b-4c07c71f4a724db374c04b811b5515ca\">\n#top .hr.hr-invisible.av-4jco1b-4c07c71f4a724db374c04b811b5515ca{\nheight:60px;\n}\n<\/style>\n<div  class='hr av-4jco1b-4c07c71f4a724db374c04b811b5515ca hr-invisible  avia-builder-el-8  el_after_av_one_third  el_before_av_one_full '><span class='hr-inner '><span class=\"hr-inner-style\"><\/span><\/span><\/div>\n<div class='flex_column_table av-k876nwsh-d74f62426227a71d2f983ab52cbf1a58 sc-av_one_full av-equal-height-column-flextable'>\n<style type=\"text\/css\" data-created_by=\"avia_inline_auto\" id=\"style-css-av-k876nwsh-d74f62426227a71d2f983ab52cbf1a58\">\n@keyframes av_boxShadowEffect_av-k876nwsh-d74f62426227a71d2f983ab52cbf1a58-column {\n0%   { box-shadow:  0 0 0 0 rgba(128,129,130,0.5); opacity: 1; }\n100% { box-shadow:  0 0 10px 0 rgba(128,129,130,0.5); opacity: 1; }\n}\n.flex_column.av-k876nwsh-d74f62426227a71d2f983ab52cbf1a58{\nbox-shadow: 0 0 10px 0 rgba(128,129,130,0.5);\nborder-radius:10px 10px 10px 10px;\npadding:50px 50px 50px 50px;\nbackground-color:#ffffff;\n}\n<\/style>\n<div  class='flex_column av-k876nwsh-d74f62426227a71d2f983ab52cbf1a58 av_one_full  avia-builder-el-9  el_after_av_hr  el_before_av_hr  first flex_column_table_cell av-equal-height-column av-align-top shadow-not-animated  '     ><p><section  class='av_textblock_section av-k876qtzz-22-816808a8c98d103b35ec4e54dac60142 '   itemscope=\"itemscope\" itemtype=\"https:\/\/schema.org\/CreativeWork\" ><div class='avia_textblock'  itemprop=\"text\" ><p><span style=\"color: #5c514b;font-family: Lato\"><span style=\"font-size: 32px\"><b>Seguro Responsabilidad Civil<\/b><\/span><\/span><\/p>\n<\/div><\/section><br \/>\n\n<style type=\"text\/css\" data-created_by=\"avia_inline_auto\" id=\"style-css-av-k876v23s-141db90dea1105f0bf79f3253b5e5643\">\n#top .hr.hr-invisible.av-k876v23s-141db90dea1105f0bf79f3253b5e5643{\nmargin-top:0px;\nheight:1px;\n}\n<\/style>\n<div  class='hr av-k876v23s-141db90dea1105f0bf79f3253b5e5643 hr-invisible  avia-builder-el-11  el_after_av_textblock  el_before_av_textblock '><span class='hr-inner '><span class=\"hr-inner-style\"><\/span><\/span><\/div><br \/>\n<section  class='av_textblock_section av-1p46f-86c3a1d7d1043bd8294bffdd1db701b2 '   itemscope=\"itemscope\" itemtype=\"https:\/\/schema.org\/CreativeWork\" ><div class='avia_textblock'  itemprop=\"text\" ><p><span style=\"font-size: 14pt\">Ahora puede ampliar la cobertura de la p\u00f3liza colectiva de responsabilidad civil profesional del Ilustre Colegio de Abogados de Madrid.<\/span><\/p>\n<p><span style=\"font-size: 14pt;color: #e11b22\"><span style=\"color: #5c514b\">A trav\u00e9s de esta web<\/span> <strong>puede incrementar la suma asegurada y eliminar la franquicia<\/strong> <span style=\"color: #5c514b\">existente.<\/span><\/span><\/p>\n<p><span style=\"font-size: 14pt\">Las opciones de ampliaci\u00f3n de su seguro base son las siguientes:<\/span><\/p>\n<\/div><\/section><br \/>\n\n<style type=\"text\/css\" data-created_by=\"avia_inline_auto\" id=\"style-css-av-k876v23s-20-eead73dccffc84b70da82dc2cf236c4c\">\n#top .hr.hr-invisible.av-k876v23s-20-eead73dccffc84b70da82dc2cf236c4c{\nheight:20px;\n}\n<\/style>\n<div  class='hr av-k876v23s-20-eead73dccffc84b70da82dc2cf236c4c hr-invisible  avia-builder-el-13  el_after_av_textblock  el_before_av_table '><span class='hr-inner '><span class=\"hr-inner-style\"><\/span><\/span><\/div><br \/>\n<div  class='avia-table av-rxgahf-a66ea500d86d4aa5fcefbf57421e3106 main_color avia-pricing-table-container avia_pricing_default  avia-builder-el-14  el_after_av_hr  el_before_av_textblock  av-small-hide av-mini-hide avia-table-1'  itemscope=\"itemscope\" itemtype=\"https:\/\/schema.org\/Table\" ><div class=\"pricing-table-wrap\"><ul class='pricing-table '><li class=''><div class='first-table-item'>500.000\u20ac en exceso de 330.000\u20ac (Total 830.000 \u20ac)<\/div><span class='pricing-extra'><\/span><\/li><li class=''>700.000\u20ac en exceso de 330.000\u20ac  (Total 1.030.000 \u20ac)<\/li><li class=''>1.700.000\u20ac en exceso de 330.000\u20ac (Total 2.030.000 \u20ac)<\/li><li class=''>2.700.000\u20ac en exceso de 330.000\u20ac  (Total 3.030.000 \u20ac)<\/li><li class=''>4.700.000\u20ac en exceso de 330.000\u20ac (Total 5.030.000 \u20ac)<\/li><\/ul><\/div><div class=\"pricing-table-wrap\"><ul class='pricing-table '><li class=''><div class='first-table-item'>547,06\u20ac<\/div><span class='pricing-extra'><\/span><\/li><li class=''>704,33\u20ac<\/li><li class=''>789,31\u20ac<\/li><li class=''>935,77\u20ac<\/li><li class=''>1030,22\u20ac<\/li><\/ul><\/div><\/div><br \/>\n<section  class='av_textblock_section av-k1hxbprq-d342ec28abd825ad9832cecb16684bc6 '   itemscope=\"itemscope\" itemtype=\"https:\/\/schema.org\/CreativeWork\" ><div class='av-desktop-hide av-medium-hide avia_textblock'  itemprop=\"text\" ><div class=\"pricing-table-wrap\"><\/div>\n<div class=\"pricing-table-wrap\">\n<table style=\"width: 100%\">\n<tbody>\n<tr>\n<th style=\"width: 77.5941%;background-color: #ebebeb\">500.000\u20ac en exceso de 330.000\u20ac (Total 830.000 \u20ac)<\/th>\n<td style=\"width: 21.6712%;text-align: center\">453,05\u20ac<\/td>\n<\/tr>\n<tr>\n<th style=\"width: 77.5941%;background-color: #ebebeb\">700.000\u20ac en exceso de 330.000\u20ac (Total 1.030.000 \u20ac)<\/th>\n<td style=\"width: 21.6712%;text-align: center\">583,30\u20ac<\/td>\n<\/tr>\n<tr>\n<th style=\"width: 77.5941%;background-color: #ebebeb\">1.700.000\u20ac en exceso de 330.000\u20ac (Total 2.030.000 \u20ac)<\/th>\n<td style=\"width: 21.6712%;text-align: center\">653,67\u20ac<\/td>\n<\/tr>\n<tr>\n<th style=\"width: 77.5941%;background-color: #ebebeb\">2.700.000\u20ac en exceso de 330.000\u20ac (Total 3.030.000 \u20ac)<\/th>\n<td style=\"width: 21.6712%;text-align: center\">774,96 \u20ac<\/td>\n<\/tr>\n<tr>\n<th style=\"width: 77.5941%;background-color: #ebebeb\">4.700.000\u20ac en exceso de 330.000\u20ac (Total 5.030.000 \u20ac)<\/th>\n<td style=\"width: 21.6712%;text-align: center\">853,18 \u20ac<\/td>\n<\/tr>\n<\/tbody>\n<\/table>\n<p style=\"text-align: right\">\n<\/div>\n<\/div><\/section><br \/>\n<section  class='av_textblock_section av-1p46f-19-5359c7b8a441d67fa4e03150c4304153 '   itemscope=\"itemscope\" itemtype=\"https:\/\/schema.org\/CreativeWork\" ><div class='av-desktop-hide av-medium-hide av-small-hide av-mini-hide avia_textblock'  itemprop=\"text\" ><p><span style=\"font-size: 14pt\">Contratar esta ampliaci\u00f3n de cobertura es muy sencillo y r\u00e1pido. Solo tiene que cumplimentar este <a href=\"http:\/\/www.aon.es\/site\/icam\/formulario\/\"><strong><u>formulario<\/u><\/strong><\/a>.<\/span><\/p>\n<p><span style=\"font-size: 14pt\">Si actualmente ya tiene contratada una ampliaci\u00f3n voluntaria, la p\u00f3liza se renovar\u00e1 autom\u00e1ticamente. No es necesario volver a cumplimentar el formulario, salvo que quiera modificar su opci\u00f3n de cobertura.<\/span><\/p>\n<\/div><\/section><br \/>\n\n<style type=\"text\/css\" data-created_by=\"avia_inline_auto\" id=\"style-css-av-k876v23s-18-25410d64e0820eb0da050016f95386fc\">\n#top .hr.hr-invisible.av-k876v23s-18-25410d64e0820eb0da050016f95386fc{\nheight:40px;\n}\n<\/style>\n<div  class='hr av-k876v23s-18-25410d64e0820eb0da050016f95386fc hr-invisible  avia-builder-el-17  el_after_av_textblock  el_before_av_textblock '><span class='hr-inner '><span class=\"hr-inner-style\"><\/span><\/span><\/div><br \/>\n<section  class='av_textblock_section av-2sb77n-9b92d8e3e3c5bcb889d2dcafa621b56e '   itemscope=\"itemscope\" itemtype=\"https:\/\/schema.org\/CreativeWork\" ><div class='avia_textblock'  itemprop=\"text\" ><p><b>Para contratar la ampliaci\u00f3n cumplimenta el bolet\u00edn y env\u00edalo a <a href=\"mailto:colegios@aon.es\">colegios@aon.es<\/a><\/b><\/p>\n<\/div><\/section><br \/>\n<div  class='avia-button-wrap avia-button-center  avia-builder-el-19  el_after_av_textblock  el_before_av_hr '>\n<style type=\"text\/css\" data-created_by=\"avia_inline_auto\" id=\"style-css-av-k876u00f-e382c6ce883f63301a7922f2192db8a0\">\n#top #wrap_all .avia-button.av-k876u00f-e382c6ce883f63301a7922f2192db8a0:hover{\ncolor:white;\ntransition:all 0.4s ease-in-out;\n}\n#top #wrap_all .avia-button.av-k876u00f-e382c6ce883f63301a7922f2192db8a0:hover .avia-svg-icon svg:first-child{\nfill:white;\nstroke:white;\n}\n<\/style>\n<a href='https:\/\/www.aon.es\/site\/icam\/wp-content\/uploads\/sites\/49\/2025\/09\/Solicitud-ampliacion-RC-ICAM-2025-new.pdf' class='avia-color-theme-color avia-font-color-theme-color avia-button avia-button-fullwidth av-k876u00f-e382c6ce883f63301a7922f2192db8a0 avia-icon_select-no avia-color-theme-color'  target=\"_blank\"  rel=\"noopener noreferrer\"  aria-label=\"Descargar bolet\u00edn de ampliaci\u00f3n\"><span class='avia_iconbox_title' >Descargar bolet\u00edn de ampliaci\u00f3n<\/span><span class='avia_button_background avia-button avia-button-fullwidth avia-color-theme-color-highlight'><\/span><\/a><\/div><br \/>\n\n<style type=\"text\/css\" data-created_by=\"avia_inline_auto\" id=\"style-css-av-k876v23s-17-fa9c56c5a93863dd80d00a36e6c347a8\">\n#top .hr.hr-invisible.av-k876v23s-17-fa9c56c5a93863dd80d00a36e6c347a8{\nheight:40px;\n}\n<\/style>\n<div  class='hr av-k876v23s-17-fa9c56c5a93863dd80d00a36e6c347a8 hr-invisible  avia-builder-el-20  el_after_av_button_big  el_before_av_icon_box  avia-builder-el-first '><span class='hr-inner '><span class=\"hr-inner-style\"><\/span><\/span><\/div><br \/>\n\n<style type=\"text\/css\" data-created_by=\"avia_inline_auto\" id=\"style-css-av-1acflr-c516f7d25d2b18b682a20c54113a10e6\">\n.iconbox.av-1acflr-c516f7d25d2b18b682a20c54113a10e6 .iconbox_icon{\nbackground-color:#4c4c4c;\n}\n.iconbox.av-1acflr-c516f7d25d2b18b682a20c54113a10e6 .iconbox_content_container{\ncolor:#494949;\n}\n<\/style>\n<article  class='iconbox iconbox_top av-1acflr-c516f7d25d2b18b682a20c54113a10e6  avia-builder-el-21  el_after_av_hr  avia-builder-el-last  main_color'  itemscope=\"itemscope\" itemtype=\"https:\/\/schema.org\/CreativeWork\" ><div class=\"iconbox_content\"><header class=\"entry-content-header\" aria-label=\"Icon: \"><div class='iconbox_icon heading-color avia-iconfont avia-font-entypo-fontello' data-av_icon='\ue805' data-av_iconfont='entypo-fontello'  ><\/div><\/header><div class='iconbox_content_container av_inherit_color'  itemprop=\"text\" ><p><a href=\"mailto:colegios@aon.es\">colegios@aon.es<\/a><\/p>\n<\/div><\/div><footer class=\"entry-footer\"><\/footer><\/article><\/p><\/div><\/div><!--close column table wrapper. Autoclose: 1 -->\n<style type=\"text\/css\" data-created_by=\"avia_inline_auto\" id=\"style-css-av-4jco1b-21-733b91ea44b9d43c47c952e406fef2c3\">\n#top .hr.hr-invisible.av-4jco1b-21-733b91ea44b9d43c47c952e406fef2c3{\nheight:200px;\n}\n<\/style>\n<div  class='hr av-4jco1b-21-733b91ea44b9d43c47c952e406fef2c3 hr-invisible  avia-builder-el-22  el_after_av_one_full  avia-builder-el-last '><span class='hr-inner '><span class=\"hr-inner-style\"><\/span><\/span><\/div>\n\n","protected":false},"excerpt":{"rendered":"","protected":false},"author":31,"featured_media":0,"parent":0,"menu_order":0,"comment_status":"closed","ping_status":"closed","template":"","meta":{"footnotes":""},"class_list":["post-4163","page","type-page","status-publish","hentry"],"yoast_head":"<!-- This site is optimized with the Yoast SEO plugin v27.6 - https:\/\/yoast.com\/product\/yoast-seo-wordpress\/ -->\n<title>Seguro RC - ICAM<\/title>\n<meta name=\"robots\" content=\"index, follow, max-snippet:-1, max-image-preview:large, max-video-preview:-1\" \/>\n<link rel=\"canonical\" href=\"https:\/\/www.aon.es\/site\/icam\/seguro-rc\/\" \/>\n<meta property=\"og:locale\" content=\"es_ES\" \/>\n<meta property=\"og:type\" content=\"article\" \/>\n<meta property=\"og:title\" content=\"Seguro RC - ICAM\" \/>\n<meta property=\"og:url\" content=\"https:\/\/www.aon.es\/site\/icam\/seguro-rc\/\" \/>\n<meta property=\"og:site_name\" content=\"ICAM\" \/>\n<meta property=\"article:modified_time\" content=\"2025-09-19T11:32:57+00:00\" \/>\n<meta name=\"twitter:card\" content=\"summary_large_image\" \/>\n<meta name=\"twitter:label1\" content=\"Tiempo de lectura\" \/>\n\t<meta name=\"twitter:data1\" content=\"2 minutos\" \/>\n<script type=\"application\/ld+json\" class=\"yoast-schema-graph\">{\"@context\":\"https:\\\/\\\/schema.org\",\"@graph\":[{\"@type\":\"WebPage\",\"@id\":\"https:\\\/\\\/www.aon.es\\\/site\\\/icam\\\/seguro-rc\\\/\",\"url\":\"https:\\\/\\\/www.aon.es\\\/site\\\/icam\\\/seguro-rc\\\/\",\"name\":\"Seguro RC - ICAM\",\"isPartOf\":{\"@id\":\"https:\\\/\\\/www.aon.es\\\/site\\\/icam\\\/#website\"},\"datePublished\":\"2020-03-26T14:23:25+00:00\",\"dateModified\":\"2025-09-19T11:32:57+00:00\",\"breadcrumb\":{\"@id\":\"https:\\\/\\\/www.aon.es\\\/site\\\/icam\\\/seguro-rc\\\/#breadcrumb\"},\"inLanguage\":\"es\",\"potentialAction\":[{\"@type\":\"ReadAction\",\"target\":[\"https:\\\/\\\/www.aon.es\\\/site\\\/icam\\\/seguro-rc\\\/\"]}]},{\"@type\":\"BreadcrumbList\",\"@id\":\"https:\\\/\\\/www.aon.es\\\/site\\\/icam\\\/seguro-rc\\\/#breadcrumb\",\"itemListElement\":[{\"@type\":\"ListItem\",\"position\":1,\"name\":\"Portada\",\"item\":\"https:\\\/\\\/www.aon.es\\\/site\\\/icam\\\/nueva-home\\\/\"},{\"@type\":\"ListItem\",\"position\":2,\"name\":\"Seguro RC\"}]},{\"@type\":\"WebSite\",\"@id\":\"https:\\\/\\\/www.aon.es\\\/site\\\/icam\\\/#website\",\"url\":\"https:\\\/\\\/www.aon.es\\\/site\\\/icam\\\/\",\"name\":\"ICAM\",\"description\":\"Otro sitio m\u00e1s de Sitios de Aon\",\"potentialAction\":[{\"@type\":\"SearchAction\",\"target\":{\"@type\":\"EntryPoint\",\"urlTemplate\":\"https:\\\/\\\/www.aon.es\\\/site\\\/icam\\\/?s={search_term_string}\"},\"query-input\":{\"@type\":\"PropertyValueSpecification\",\"valueRequired\":true,\"valueName\":\"search_term_string\"}}],\"inLanguage\":\"es\"}]}<\/script>\n<!-- \/ Yoast SEO plugin. -->","yoast_head_json":{"title":"Seguro RC - ICAM","robots":{"index":"index","follow":"follow","max-snippet":"max-snippet:-1","max-image-preview":"max-image-preview:large","max-video-preview":"max-video-preview:-1"},"canonical":"https:\/\/www.aon.es\/site\/icam\/seguro-rc\/","og_locale":"es_ES","og_type":"article","og_title":"Seguro RC - ICAM","og_url":"https:\/\/www.aon.es\/site\/icam\/seguro-rc\/","og_site_name":"ICAM","article_modified_time":"2025-09-19T11:32:57+00:00","twitter_card":"summary_large_image","twitter_misc":{"Tiempo de lectura":"2 minutos"},"schema":{"@context":"https:\/\/schema.org","@graph":[{"@type":"WebPage","@id":"https:\/\/www.aon.es\/site\/icam\/seguro-rc\/","url":"https:\/\/www.aon.es\/site\/icam\/seguro-rc\/","name":"Seguro RC - ICAM","isPartOf":{"@id":"https:\/\/www.aon.es\/site\/icam\/#website"},"datePublished":"2020-03-26T14:23:25+00:00","dateModified":"2025-09-19T11:32:57+00:00","breadcrumb":{"@id":"https:\/\/www.aon.es\/site\/icam\/seguro-rc\/#breadcrumb"},"inLanguage":"es","potentialAction":[{"@type":"ReadAction","target":["https:\/\/www.aon.es\/site\/icam\/seguro-rc\/"]}]},{"@type":"BreadcrumbList","@id":"https:\/\/www.aon.es\/site\/icam\/seguro-rc\/#breadcrumb","itemListElement":[{"@type":"ListItem","position":1,"name":"Portada","item":"https:\/\/www.aon.es\/site\/icam\/nueva-home\/"},{"@type":"ListItem","position":2,"name":"Seguro RC"}]},{"@type":"WebSite","@id":"https:\/\/www.aon.es\/site\/icam\/#website","url":"https:\/\/www.aon.es\/site\/icam\/","name":"ICAM","description":"Otro sitio m\u00e1s de Sitios de Aon","potentialAction":[{"@type":"SearchAction","target":{"@type":"EntryPoint","urlTemplate":"https:\/\/www.aon.es\/site\/icam\/?s={search_term_string}"},"query-input":{"@type":"PropertyValueSpecification","valueRequired":true,"valueName":"search_term_string"}}],"inLanguage":"es"}]}},"_links":{"self":[{"href":"https:\/\/www.aon.es\/site\/icam\/wp-json\/wp\/v2\/pages\/4163","targetHints":{"allow":["GET"]}}],"collection":[{"href":"https:\/\/www.aon.es\/site\/icam\/wp-json\/wp\/v2\/pages"}],"about":[{"href":"https:\/\/www.aon.es\/site\/icam\/wp-json\/wp\/v2\/types\/page"}],"author":[{"embeddable":true,"href":"https:\/\/www.aon.es\/site\/icam\/wp-json\/wp\/v2\/users\/31"}],"replies":[{"embeddable":true,"href":"https:\/\/www.aon.es\/site\/icam\/wp-json\/wp\/v2\/comments?post=4163"}],"version-history":[{"count":42,"href":"https:\/\/www.aon.es\/site\/icam\/wp-json\/wp\/v2\/pages\/4163\/revisions"}],"predecessor-version":[{"id":4519,"href":"https:\/\/www.aon.es\/site\/icam\/wp-json\/wp\/v2\/pages\/4163\/revisions\/4519"}],"wp:attachment":[{"href":"https:\/\/www.aon.es\/site\/icam\/wp-json\/wp\/v2\/media?parent=4163"}],"curies":[{"name":"wp","href":"https:\/\/api.w.org\/{rel}","templated":true}]}}