{"id":1405,"date":"2020-05-11T16:46:37","date_gmt":"2020-05-11T16:46:37","guid":{"rendered":"http:\/\/www.aon.es\/site\/sociedades\/?page_id=1405"},"modified":"2020-11-23T17:16:12","modified_gmt":"2020-11-23T17:16:12","slug":"blog","status":"publish","type":"page","link":"https:\/\/www.aon.es\/site\/igualdad\/blog\/","title":{"rendered":"Blog"},"content":{"rendered":"<div  class='av-alb-blogposts template-blog  av-blog-meta-author-disabled av-blog-meta-comments-disabled av-blog-meta-category-disabled av-blog-meta-html-info-disabled av-blog-meta-tag-disabled '  itemscope=\"itemscope\" itemtype=\"https:\/\/schema.org\/Blog\" ><article class=\"post-entry post-entry-type-standard post-entry-1785 post-loop-1 post-parity-odd single-big with-slider post-1785 post type-post status-publish format-standard has-post-thumbnail hentry category-igualdad tag-brecha-salarial tag-igualdad tag-igualdad-retributiva tag-plan-de-igualdad\"  itemscope=\"itemscope\" itemtype=\"https:\/\/schema.org\/BlogPosting\" ><div class=\"big-preview single-big\"  itemprop=\"image\" itemscope=\"itemscope\" itemtype=\"https:\/\/schema.org\/ImageObject\" ><a href=\"https:\/\/www.aon.es\/site\/igualdad\/2022\/12\/11\/case-study-bnp-paribas-lanza-su-plan-de-desarrollo-estrategico\/\"  title=\"Captura de Pantalla 2023-01-17 a las 16.48.33\" ><img decoding=\"async\" loading=\"lazy\" width=\"1210\" height=\"423\" src=\"https:\/\/www.aon.es\/site\/igualdad\/wp-content\/uploads\/sites\/148\/2023\/01\/Captura-de-Pantalla-2023-01-17-a-las-16.48.33-e1674034136303-1210x423.jpg\" class=\"wp-image-1787 avia-img-lazy-loading-1787 attachment-entry_without_sidebar size-entry_without_sidebar wp-post-image\" alt=\"\" \/><\/a><\/div><div class=\"blog-meta\"><\/div><div class='entry-content-wrapper clearfix standard-content'><header class=\"entry-content-header\" aria-label=\"Post: Case Study: BNP Paribas lanza su Plan de Desarrollo Estrat\u00e9gico de la mano de Aon\"><h2 class='post-title entry-title '  itemprop=\"headline\" ><a href=\"https:\/\/www.aon.es\/site\/igualdad\/2022\/12\/11\/case-study-bnp-paribas-lanza-su-plan-de-desarrollo-estrategico\/\" rel=\"bookmark\" title=\"Enlace permanente: Case Study: BNP Paribas lanza su Plan de Desarrollo Estrat\u00e9gico de la mano de Aon\">Case Study: BNP Paribas lanza su Plan de Desarrollo Estrat\u00e9gico de la mano de Aon<span class=\"post-format-icon minor-meta\"><\/span><\/a><\/h2><span class=\"post-meta-infos\"><time class=\"date-container minor-meta updated\"  itemprop=\"datePublished\" datetime=\"2022-12-11T15:47:28+00:00\" >11 de diciembre de 2022<\/time><\/span><\/header><div class=\"entry-content\"  itemprop=\"text\" ><div class=\"read-more-link\"><a href=\"https:\/\/www.aon.es\/site\/igualdad\/2022\/12\/11\/case-study-bnp-paribas-lanza-su-plan-de-desarrollo-estrategico\/\" class=\"more-link\">Leer m\u00e1s<span class='more-link-arrow avia-svg-icon avia-font-svg_entypo-fontello' data-av_svg_icon='right-open-big' data-av_iconset='svg_entypo-fontello'><svg version=\"1.1\" xmlns=\"http:\/\/www.w3.org\/2000\/svg\" width=\"15\" height=\"32\" viewBox=\"0 0 15 32\" preserveAspectRatio=\"xMidYMid meet\" role=\"graphics-symbol\" aria-hidden=\"true\">\n<path d=\"M0.416 27.84l11.456-11.84-11.456-11.904q-0.832-0.832 0-1.536 0.832-0.832 1.536 0l12.544 12.608q0.768 0.832 0 1.6l-12.544 12.608q-0.704 0.832-1.536 0-0.832-0.704 0-1.536z\"><\/path>\n<\/svg><\/span><\/a><\/div>\n<\/div><footer class=\"entry-footer\"><\/footer><div class='post_delimiter'><\/div><\/div><div class=\"post_author_timeline\"><\/div><span class='hidden'>\n\t\t\t\t<span class='av-structured-data'  itemprop=\"image\" itemscope=\"itemscope\" itemtype=\"https:\/\/schema.org\/ImageObject\" >\n\t\t\t\t\t\t<span itemprop='url'>https:\/\/www.aon.es\/site\/igualdad\/wp-content\/uploads\/sites\/148\/2023\/01\/Captura-de-Pantalla-2023-01-17-a-las-16.48.33-e1674034136303.jpg<\/span>\n\t\t\t\t\t\t<span itemprop='height'>686<\/span>\n\t\t\t\t\t\t<span itemprop='width'>1782<\/span>\n\t\t\t\t<\/span>\n\t\t\t\t<span class='av-structured-data'  itemprop=\"publisher\" itemtype=\"https:\/\/schema.org\/Organization\" itemscope=\"itemscope\" >\n\t\t\t\t\t\t<span itemprop='name'>slemus<\/span>\n\t\t\t\t\t\t<span itemprop='logo' itemscope itemtype='https:\/\/schema.org\/ImageObject'>\n\t\t\t\t\t\t\t<span itemprop='url'>https:\/\/www.aon.es\/site\/igualdad\/wp-content\/uploads\/sites\/148\/2022\/05\/aon_logo_signature_red_rgb-1-1030x622.png<\/span>\n\t\t\t\t\t\t<\/span>\n\t\t\t\t<\/span><span class='av-structured-data'  itemprop=\"author\" itemscope=\"itemscope\" itemtype=\"https:\/\/schema.org\/Person\" ><span itemprop='name'>slemus<\/span><\/span><span class='av-structured-data'  itemprop=\"datePublished\" datetime=\"2022-12-11T15:47:28+00:00\" >2022-12-11 15:47:28<\/span><span class='av-structured-data'  itemprop=\"dateModified\" itemtype=\"https:\/\/schema.org\/dateModified\" >2023-01-20 09:48:01<\/span><span class='av-structured-data'  itemprop=\"mainEntityOfPage\" itemtype=\"https:\/\/schema.org\/mainEntityOfPage\" ><span itemprop='name'>Case Study: BNP Paribas lanza su Plan de Desarrollo Estrat\u00e9gico de la mano de Aon<\/span><\/span><\/span><\/article><article class=\"post-entry post-entry-type-standard post-entry-1772 post-loop-2 post-parity-even single-big with-slider post-1772 post type-post status-publish format-standard has-post-thumbnail hentry category-igualdad tag-igualdad tag-plan-de-igualdad\"  itemscope=\"itemscope\" itemtype=\"https:\/\/schema.org\/BlogPosting\" ><div class=\"big-preview single-big\"  itemprop=\"image\" itemscope=\"itemscope\" itemtype=\"https:\/\/schema.org\/ImageObject\" ><a href=\"https:\/\/www.aon.es\/site\/igualdad\/2022\/11\/25\/descripcion-de-dia-contra-la-violencia-de-genero-implicaciones-para-las-empresas-ley-10-2022\/\"  title=\"gettyimages_550215997\" ><img decoding=\"async\" loading=\"lazy\" width=\"1128\" height=\"423\" src=\"https:\/\/www.aon.es\/site\/igualdad\/wp-content\/uploads\/sites\/148\/2023\/01\/gettyimages_550215997-1128x423.jpg\" class=\"wp-image-1779 avia-img-lazy-loading-1779 attachment-entry_without_sidebar size-entry_without_sidebar wp-post-image\" alt=\"\" \/><\/a><\/div><div class=\"blog-meta\"><\/div><div class='entry-content-wrapper clearfix standard-content'><header class=\"entry-content-header\" aria-label=\"Post: D\u00eda contra la Violencia de G\u00e9nero: Implicaciones para las empresas &#8211; Ley 10\/2022\"><h2 class='post-title entry-title '  itemprop=\"headline\" ><a href=\"https:\/\/www.aon.es\/site\/igualdad\/2022\/11\/25\/descripcion-de-dia-contra-la-violencia-de-genero-implicaciones-para-las-empresas-ley-10-2022\/\" rel=\"bookmark\" title=\"Enlace permanente: D\u00eda contra la Violencia de G\u00e9nero: Implicaciones para las empresas &#8211; Ley 10\/2022\">D\u00eda contra la Violencia de G\u00e9nero: Implicaciones para las empresas &#8211; Ley 10\/2022<span class=\"post-format-icon minor-meta\"><\/span><\/a><\/h2><span class=\"post-meta-infos\"><time class=\"date-container minor-meta updated\"  itemprop=\"datePublished\" datetime=\"2022-11-25T14:46:15+00:00\" >25 de noviembre de 2022<\/time><\/span><\/header><div class=\"entry-content\"  itemprop=\"text\" ><div class=\"read-more-link\"><a href=\"https:\/\/www.aon.es\/site\/igualdad\/2022\/11\/25\/descripcion-de-dia-contra-la-violencia-de-genero-implicaciones-para-las-empresas-ley-10-2022\/\" class=\"more-link\">Leer m\u00e1s<span class='more-link-arrow avia-svg-icon avia-font-svg_entypo-fontello' data-av_svg_icon='right-open-big' data-av_iconset='svg_entypo-fontello'><svg version=\"1.1\" xmlns=\"http:\/\/www.w3.org\/2000\/svg\" width=\"15\" height=\"32\" viewBox=\"0 0 15 32\" preserveAspectRatio=\"xMidYMid meet\" role=\"graphics-symbol\" aria-hidden=\"true\">\n<path d=\"M0.416 27.84l11.456-11.84-11.456-11.904q-0.832-0.832 0-1.536 0.832-0.832 1.536 0l12.544 12.608q0.768 0.832 0 1.6l-12.544 12.608q-0.704 0.832-1.536 0-0.832-0.704 0-1.536z\"><\/path>\n<\/svg><\/span><\/a><\/div>\n<\/div><footer class=\"entry-footer\"><\/footer><div class='post_delimiter'><\/div><\/div><div class=\"post_author_timeline\"><\/div><span class='hidden'>\n\t\t\t\t<span class='av-structured-data'  itemprop=\"image\" itemscope=\"itemscope\" itemtype=\"https:\/\/schema.org\/ImageObject\" >\n\t\t\t\t\t\t<span itemprop='url'>https:\/\/www.aon.es\/site\/igualdad\/wp-content\/uploads\/sites\/148\/2023\/01\/gettyimages_550215997.jpg<\/span>\n\t\t\t\t\t\t<span itemprop='height'>752<\/span>\n\t\t\t\t\t\t<span itemprop='width'>1128<\/span>\n\t\t\t\t<\/span>\n\t\t\t\t<span class='av-structured-data'  itemprop=\"publisher\" itemtype=\"https:\/\/schema.org\/Organization\" itemscope=\"itemscope\" >\n\t\t\t\t\t\t<span itemprop='name'>slemus<\/span>\n\t\t\t\t\t\t<span itemprop='logo' itemscope itemtype='https:\/\/schema.org\/ImageObject'>\n\t\t\t\t\t\t\t<span itemprop='url'>https:\/\/www.aon.es\/site\/igualdad\/wp-content\/uploads\/sites\/148\/2022\/05\/aon_logo_signature_red_rgb-1-1030x622.png<\/span>\n\t\t\t\t\t\t<\/span>\n\t\t\t\t<\/span><span class='av-structured-data'  itemprop=\"author\" itemscope=\"itemscope\" itemtype=\"https:\/\/schema.org\/Person\" ><span itemprop='name'>slemus<\/span><\/span><span class='av-structured-data'  itemprop=\"datePublished\" datetime=\"2022-11-25T14:46:15+00:00\" >2022-11-25 14:46:15<\/span><span class='av-structured-data'  itemprop=\"dateModified\" itemtype=\"https:\/\/schema.org\/dateModified\" >2023-01-18 12:16:08<\/span><span class='av-structured-data'  itemprop=\"mainEntityOfPage\" itemtype=\"https:\/\/schema.org\/mainEntityOfPage\" ><span itemprop='name'>D\u00eda contra la Violencia de G\u00e9nero: Implicaciones para las empresas &#8211; Ley 10\/2022<\/span><\/span><\/span><\/article><article class=\"post-entry post-entry-type-standard post-entry-1755 post-loop-3 post-parity-odd post-entry-last single-big with-slider post-1755 post type-post status-publish format-standard has-post-thumbnail hentry category-igualdad tag-plan-de-igualdad\"  itemscope=\"itemscope\" itemtype=\"https:\/\/schema.org\/BlogPosting\" ><div class=\"big-preview single-big\"  itemprop=\"image\" itemscope=\"itemscope\" itemtype=\"https:\/\/schema.org\/ImageObject\" ><a href=\"https:\/\/www.aon.es\/site\/igualdad\/2022\/07\/08\/reinventando-la-flexibilidad-de-los-equipos\/\"  title=\"52082840227_d1c14cb329_o\" ><img decoding=\"async\" loading=\"lazy\" width=\"1000\" height=\"423\" src=\"https:\/\/www.aon.es\/site\/igualdad\/wp-content\/uploads\/sites\/148\/2022\/07\/52082840227_d1c14cb329_o-1000x423.jpg\" class=\"wp-image-1752 avia-img-lazy-loading-1752 attachment-entry_without_sidebar size-entry_without_sidebar wp-post-image\" alt=\"\" \/><\/a><\/div><div class=\"blog-meta\"><\/div><div class='entry-content-wrapper clearfix standard-content'><header class=\"entry-content-header\" aria-label=\"Post: Reinventando la flexibilidad de los equipos\"><h2 class='post-title entry-title '  itemprop=\"headline\" ><a href=\"https:\/\/www.aon.es\/site\/igualdad\/2022\/07\/08\/reinventando-la-flexibilidad-de-los-equipos\/\" rel=\"bookmark\" title=\"Enlace permanente: Reinventando la flexibilidad de los equipos\">Reinventando la flexibilidad de los equipos<span class=\"post-format-icon minor-meta\"><\/span><\/a><\/h2><span class=\"post-meta-infos\"><time class=\"date-container minor-meta updated\"  itemprop=\"datePublished\" datetime=\"2022-07-08T12:17:54+00:00\" >8 de julio de 2022<\/time><\/span><\/header><div class=\"entry-content\"  itemprop=\"text\" ><div class=\"read-more-link\"><a href=\"https:\/\/www.aon.es\/site\/igualdad\/2022\/07\/08\/reinventando-la-flexibilidad-de-los-equipos\/\" class=\"more-link\">Leer m\u00e1s<span class='more-link-arrow avia-svg-icon avia-font-svg_entypo-fontello' data-av_svg_icon='right-open-big' data-av_iconset='svg_entypo-fontello'><svg version=\"1.1\" xmlns=\"http:\/\/www.w3.org\/2000\/svg\" width=\"15\" height=\"32\" viewBox=\"0 0 15 32\" preserveAspectRatio=\"xMidYMid meet\" role=\"graphics-symbol\" aria-hidden=\"true\">\n<path d=\"M0.416 27.84l11.456-11.84-11.456-11.904q-0.832-0.832 0-1.536 0.832-0.832 1.536 0l12.544 12.608q0.768 0.832 0 1.6l-12.544 12.608q-0.704 0.832-1.536 0-0.832-0.704 0-1.536z\"><\/path>\n<\/svg><\/span><\/a><\/div>\n<\/div><footer class=\"entry-footer\"><\/footer><div class='post_delimiter'><\/div><\/div><div class=\"post_author_timeline\"><\/div><span class='hidden'>\n\t\t\t\t<span class='av-structured-data'  itemprop=\"image\" itemscope=\"itemscope\" itemtype=\"https:\/\/schema.org\/ImageObject\" >\n\t\t\t\t\t\t<span itemprop='url'>https:\/\/www.aon.es\/site\/igualdad\/wp-content\/uploads\/sites\/148\/2022\/07\/52082840227_d1c14cb329_o.jpg<\/span>\n\t\t\t\t\t\t<span itemprop='height'>668<\/span>\n\t\t\t\t\t\t<span itemprop='width'>1000<\/span>\n\t\t\t\t<\/span>\n\t\t\t\t<span class='av-structured-data'  itemprop=\"publisher\" itemtype=\"https:\/\/schema.org\/Organization\" itemscope=\"itemscope\" >\n\t\t\t\t\t\t<span itemprop='name'>slemus<\/span>\n\t\t\t\t\t\t<span itemprop='logo' itemscope itemtype='https:\/\/schema.org\/ImageObject'>\n\t\t\t\t\t\t\t<span itemprop='url'>https:\/\/www.aon.es\/site\/igualdad\/wp-content\/uploads\/sites\/148\/2022\/05\/aon_logo_signature_red_rgb-1-1030x622.png<\/span>\n\t\t\t\t\t\t<\/span>\n\t\t\t\t<\/span><span class='av-structured-data'  itemprop=\"author\" itemscope=\"itemscope\" itemtype=\"https:\/\/schema.org\/Person\" ><span itemprop='name'>slemus<\/span><\/span><span class='av-structured-data'  itemprop=\"datePublished\" datetime=\"2022-07-08T12:17:54+00:00\" >2022-07-08 12:17:54<\/span><span class='av-structured-data'  itemprop=\"dateModified\" itemtype=\"https:\/\/schema.org\/dateModified\" >2023-01-18 12:08:02<\/span><span class='av-structured-data'  itemprop=\"mainEntityOfPage\" itemtype=\"https:\/\/schema.org\/mainEntityOfPage\" ><span itemprop='name'>Reinventando la flexibilidad de los equipos<\/span><\/span><\/span><\/article><div class='single-big'><nav class='pagination'><span class='pagination-meta'>P\u00e1gina 1 de 3<\/span><span class='current'>1<\/span><a href='https:\/\/www.aon.es\/site\/igualdad\/wp-json\/wp\/v2\/pages\/1405\/page\/2\/' class='inactive next_page' >2<\/a><a href='https:\/\/www.aon.es\/site\/igualdad\/wp-json\/wp\/v2\/pages\/1405\/page\/3\/' class='inactive' >3<\/a><\/nav>\n<\/div><\/div>\n","protected":false},"excerpt":{"rendered":"<p>Blog sobre seguros de sociedades profesionales: consejos, informaciones \u00fatiles, etc.<\/p>\n","protected":false},"author":1,"featured_media":0,"parent":0,"menu_order":0,"comment_status":"closed","ping_status":"closed","template":"","meta":{"footnotes":""},"class_list":["post-1405","page","type-page","status-publish","hentry"],"yoast_head":"<!-- This site is optimized with the Yoast SEO plugin v27.5 - https:\/\/yoast.com\/product\/yoast-seo-wordpress\/ -->\n<title>Blog - igualdad - \u00daltimas noticias<\/title>\n<meta name=\"description\" content=\"Conoce las \u00faltimas noticias sobre la necesaria aplicaci\u00f3n y regulaci\u00f3n de los Planes de Igualdad en las empresas.\" \/>\n<meta name=\"robots\" content=\"index, follow, max-snippet:-1, max-image-preview:large, max-video-preview:-1\" \/>\n<link rel=\"canonical\" href=\"https:\/\/www.aon.es\/site\/igualdad\/blog\/\" \/>\n<meta property=\"og:locale\" content=\"es_ES\" \/>\n<meta property=\"og:type\" content=\"article\" \/>\n<meta property=\"og:title\" content=\"Blog - igualdad - \u00daltimas noticias\" \/>\n<meta property=\"og:description\" content=\"Conoce las \u00faltimas noticias sobre la necesaria aplicaci\u00f3n y regulaci\u00f3n de los Planes de Igualdad en las empresas.\" \/>\n<meta property=\"og:url\" content=\"https:\/\/www.aon.es\/site\/igualdad\/blog\/\" \/>\n<meta property=\"og:site_name\" content=\"igualdad\" \/>\n<meta property=\"article:modified_time\" content=\"2020-11-23T17:16:12+00:00\" \/>\n<meta name=\"twitter:card\" content=\"summary_large_image\" \/>\n<script type=\"application\/ld+json\" class=\"yoast-schema-graph\">{\"@context\":\"https:\\\/\\\/schema.org\",\"@graph\":[{\"@type\":\"WebPage\",\"@id\":\"https:\\\/\\\/www.aon.es\\\/site\\\/igualdad\\\/blog\\\/\",\"url\":\"https:\\\/\\\/www.aon.es\\\/site\\\/igualdad\\\/blog\\\/\",\"name\":\"Blog - igualdad - \u00daltimas noticias\",\"isPartOf\":{\"@id\":\"https:\\\/\\\/www.aon.es\\\/site\\\/igualdad\\\/#website\"},\"datePublished\":\"2020-05-11T16:46:37+00:00\",\"dateModified\":\"2020-11-23T17:16:12+00:00\",\"description\":\"Conoce las \u00faltimas noticias sobre la necesaria aplicaci\u00f3n y regulaci\u00f3n de los Planes de Igualdad en las empresas.\",\"breadcrumb\":{\"@id\":\"https:\\\/\\\/www.aon.es\\\/site\\\/igualdad\\\/blog\\\/#breadcrumb\"},\"inLanguage\":\"es\",\"potentialAction\":[{\"@type\":\"ReadAction\",\"target\":[\"https:\\\/\\\/www.aon.es\\\/site\\\/igualdad\\\/blog\\\/\"]}]},{\"@type\":\"BreadcrumbList\",\"@id\":\"https:\\\/\\\/www.aon.es\\\/site\\\/igualdad\\\/blog\\\/#breadcrumb\",\"itemListElement\":[{\"@type\":\"ListItem\",\"position\":1,\"name\":\"Portada\",\"item\":\"https:\\\/\\\/www.aon.es\\\/site\\\/igualdad\\\/planes-igualdad\\\/\"},{\"@type\":\"ListItem\",\"position\":2,\"name\":\"Blog\"}]},{\"@type\":\"WebSite\",\"@id\":\"https:\\\/\\\/www.aon.es\\\/site\\\/igualdad\\\/#website\",\"url\":\"https:\\\/\\\/www.aon.es\\\/site\\\/igualdad\\\/\",\"name\":\"igualdad\",\"description\":\"Otro sitio m\u00e1s de Sitios de Aon\",\"potentialAction\":[{\"@type\":\"SearchAction\",\"target\":{\"@type\":\"EntryPoint\",\"urlTemplate\":\"https:\\\/\\\/www.aon.es\\\/site\\\/igualdad\\\/?s={search_term_string}\"},\"query-input\":{\"@type\":\"PropertyValueSpecification\",\"valueRequired\":true,\"valueName\":\"search_term_string\"}}],\"inLanguage\":\"es\"}]}<\/script>\n<!-- \/ Yoast SEO plugin. -->","yoast_head_json":{"title":"Blog - igualdad - \u00daltimas noticias","description":"Conoce las \u00faltimas noticias sobre la necesaria aplicaci\u00f3n y regulaci\u00f3n de los Planes de Igualdad en las empresas.","robots":{"index":"index","follow":"follow","max-snippet":"max-snippet:-1","max-image-preview":"max-image-preview:large","max-video-preview":"max-video-preview:-1"},"canonical":"https:\/\/www.aon.es\/site\/igualdad\/blog\/","og_locale":"es_ES","og_type":"article","og_title":"Blog - igualdad - \u00daltimas noticias","og_description":"Conoce las \u00faltimas noticias sobre la necesaria aplicaci\u00f3n y regulaci\u00f3n de los Planes de Igualdad en las empresas.","og_url":"https:\/\/www.aon.es\/site\/igualdad\/blog\/","og_site_name":"igualdad","article_modified_time":"2020-11-23T17:16:12+00:00","twitter_card":"summary_large_image","schema":{"@context":"https:\/\/schema.org","@graph":[{"@type":"WebPage","@id":"https:\/\/www.aon.es\/site\/igualdad\/blog\/","url":"https:\/\/www.aon.es\/site\/igualdad\/blog\/","name":"Blog - igualdad - \u00daltimas noticias","isPartOf":{"@id":"https:\/\/www.aon.es\/site\/igualdad\/#website"},"datePublished":"2020-05-11T16:46:37+00:00","dateModified":"2020-11-23T17:16:12+00:00","description":"Conoce las \u00faltimas noticias sobre la necesaria aplicaci\u00f3n y regulaci\u00f3n de los Planes de Igualdad en las empresas.","breadcrumb":{"@id":"https:\/\/www.aon.es\/site\/igualdad\/blog\/#breadcrumb"},"inLanguage":"es","potentialAction":[{"@type":"ReadAction","target":["https:\/\/www.aon.es\/site\/igualdad\/blog\/"]}]},{"@type":"BreadcrumbList","@id":"https:\/\/www.aon.es\/site\/igualdad\/blog\/#breadcrumb","itemListElement":[{"@type":"ListItem","position":1,"name":"Portada","item":"https:\/\/www.aon.es\/site\/igualdad\/planes-igualdad\/"},{"@type":"ListItem","position":2,"name":"Blog"}]},{"@type":"WebSite","@id":"https:\/\/www.aon.es\/site\/igualdad\/#website","url":"https:\/\/www.aon.es\/site\/igualdad\/","name":"igualdad","description":"Otro sitio m\u00e1s de Sitios de Aon","potentialAction":[{"@type":"SearchAction","target":{"@type":"EntryPoint","urlTemplate":"https:\/\/www.aon.es\/site\/igualdad\/?s={search_term_string}"},"query-input":{"@type":"PropertyValueSpecification","valueRequired":true,"valueName":"search_term_string"}}],"inLanguage":"es"}]}},"_links":{"self":[{"href":"https:\/\/www.aon.es\/site\/igualdad\/wp-json\/wp\/v2\/pages\/1405","targetHints":{"allow":["GET"]}}],"collection":[{"href":"https:\/\/www.aon.es\/site\/igualdad\/wp-json\/wp\/v2\/pages"}],"about":[{"href":"https:\/\/www.aon.es\/site\/igualdad\/wp-json\/wp\/v2\/types\/page"}],"author":[{"embeddable":true,"href":"https:\/\/www.aon.es\/site\/igualdad\/wp-json\/wp\/v2\/users\/1"}],"replies":[{"embeddable":true,"href":"https:\/\/www.aon.es\/site\/igualdad\/wp-json\/wp\/v2\/comments?post=1405"}],"version-history":[{"count":4,"href":"https:\/\/www.aon.es\/site\/igualdad\/wp-json\/wp\/v2\/pages\/1405\/revisions"}],"predecessor-version":[{"id":1588,"href":"https:\/\/www.aon.es\/site\/igualdad\/wp-json\/wp\/v2\/pages\/1405\/revisions\/1588"}],"wp:attachment":[{"href":"https:\/\/www.aon.es\/site\/igualdad\/wp-json\/wp\/v2\/media?parent=1405"}],"curies":[{"name":"wp","href":"https:\/\/api.w.org\/{rel}","templated":true}]}}