{"id":545,"date":"2023-05-26T11:17:33","date_gmt":"2023-05-26T11:17:33","guid":{"rendered":"https:\/\/www.aon.es\/site\/notesva\/?page_id=545"},"modified":"2023-05-26T11:17:48","modified_gmt":"2023-05-26T11:17:48","slug":"politica-generali","status":"publish","type":"page","link":"https:\/\/www.aon.es\/site\/notesva\/politica-generali\/","title":{"rendered":"Politica generali"},"content":{"rendered":"<div id='av_section_1'  class='avia-section av-av_section-b2d889cc908147c5a47544f27799b370 main_color avia-section-default avia-no-border-styling  avia-builder-el-0  avia-builder-el-no-sibling  avia-bg-style-scroll container_wrap fullsize'  ><div class='container av-section-cont-open' ><main  role=\"main\" itemprop=\"mainContentOfPage\"  class='template-page content  av-content-full alpha units'><div class='post-entry post-entry-type-page post-entry-545'><div class='entry-content-wrapper clearfix'>\n<div  class='flex_column av-av_one_full-692a56cb27b4036f41891925b87c1c70 av_one_full  avia-builder-el-1  avia-builder-el-no-sibling  first flex_column_div  '     ><section  class='av_textblock_section av-li4gximq-4dbb8de7e1dcd606aade0ec283bb2ca8 '   itemscope=\"itemscope\" itemtype=\"https:\/\/schema.org\/CreativeWork\" ><div class='avia_textblock'  itemprop=\"text\" ><p>Responsable del tratamiento<br \/>\nGenerali Espa\u00f1a S.A, de Seguros y Reaseguros (\u201cGENERALI\u201d).<\/p>\n<p>Finalidades del tratamiento<br \/>\n1.Gestionar su solicitud y ofrecerle el producto de seguro que m\u00e1s se ajusta a sus exigencias y necesidades.<br \/>\n2.Valorar, seleccionar y tarificar los riesgos asociados a su solicitud.<br \/>\n3. Comunicar sus datos a terceros \u00fanicamente cuando sea necesario para cumplir con una obligaci\u00f3n legal o para formalizar la presente solicitud.<\/p>\n<p>Legitimaci\u00f3n del tratamiento<br \/>\nSus datos personales, as\u00ed como los que se puedan generar en caso de siniestro, incluso los de salud que fueran necesarios para su tramitaci\u00f3n, ser\u00e1n tratados con base en la aplicaci\u00f3n de medidas precontractuales, el cumplimiento de una obligaci\u00f3n legal, el inter\u00e9s leg\u00edtimo de GENERALI a efectuar dicho tratamiento y el consentimiento expresamente otorgado por usted.<\/p>\n<p>Potenciales destinatarios de los datos<br \/>\nEntidades aseguradoras, coaseguradoras y reaseguradoras y administraciones p\u00fablicas<\/p>\n<p>Procedencia de los datos<br \/>\nDatos personales facilitados por usted y\/o su mediador de seguros, as\u00ed como procedentes de ficheros comunes, ficheros sectoriales y\/o organismos p\u00fablicos, y m\u00e9dicos o centros sanitarios y hospitales que le hubieran asistido o reconocido.<\/p>\n<p>Derechos de protecci\u00f3n de datos<br \/>\nUsted puede revocar en cualquier momento el consentimiento otorgado para las actividades de tratamiento de datos personales por parte de GENERALI, as\u00ed como ejercitar sus derechos de acceso, rectificaci\u00f3n, supresi\u00f3n, limitaci\u00f3n u oposici\u00f3n al tratamiento de datos y portabilidad de datos, tal como se detalla en la \u201cInformaci\u00f3n Adicional\u201d.<\/p>\n<p>Informaci\u00f3n adicional<br \/>\nPuede consultar la informaci\u00f3n adicional detallada sobre Protecci\u00f3n de Datos en la siguiente web: https:\/\/www.generali.es\/quienes-somos\/privacidad.<\/p>\n<p>Mediante la firma de esta Solicitud de Seguro y salvo indicaci\u00f3n en contrario por su parte notificada a la Compa\u00f1\u00eda Aseguradora, usted consiente expresamente la utilizaci\u00f3n indistintamente del correo electr\u00f3nico, mensaje de texto (SMS), fax, burofax o por correo postal como medio para el env\u00edo de comunicaciones y notificaciones, incluidos los recibos de prima, en los t\u00e9rminos previstos en la cl\u00e1usula \u201cComunicaciones y notificaciones entre las partes\u201d de las Condiciones Generales de su contrato de seguro.<br \/>\nNo obstante, lo anterior, si desea contactar con la Compa\u00f1\u00eda v\u00eda Redes Sociales (ej. Twitter, Facebook, etc.), la Compa\u00f1\u00eda podr\u00eda dar respuesta a la consulta por este canal, siempre respetando los t\u00e9rminos de la normativa de protecci\u00f3n de datos personales, y sin perjuicio de utilizar en adici\u00f3n los medios anteriormente mencionados.<br \/>\nEl tomador del seguro y las personas a asegurar conocen y aceptan espec\u00edficamente las condiciones limitativas de la p\u00f3liza que, en cumplimiento de lo dispuesto en el art\u00edculo 3 de la ley 50\/1980 de Contrato de Seguro, expresamente se recogen en esta solicitud.<br \/>\nAsimismo, los abajo firmantes, reconocen que el Asegurador no contrae ninguna obligaci\u00f3n en virtud a la presente solicitud y que se reserva el derecho de aceptaci\u00f3n o rechazo total o parcial de la misma.<\/p>\n<\/div><\/section><\/div>\n","protected":false},"excerpt":{"rendered":"","protected":false},"author":31,"featured_media":0,"parent":0,"menu_order":0,"comment_status":"closed","ping_status":"closed","template":"","meta":{"footnotes":""},"class_list":["post-545","page","type-page","status-publish","hentry"],"yoast_head":"<!-- This site is optimized with the Yoast SEO plugin v27.3 - https:\/\/yoast.com\/product\/yoast-seo-wordpress\/ -->\n<title>Politica generali - notesva<\/title>\n<meta name=\"robots\" content=\"index, follow, max-snippet:-1, max-image-preview:large, max-video-preview:-1\" \/>\n<link rel=\"canonical\" href=\"https:\/\/www.aon.es\/site\/notesva\/politica-generali\/\" \/>\n<meta property=\"og:locale\" content=\"es_ES\" \/>\n<meta property=\"og:type\" content=\"article\" \/>\n<meta property=\"og:title\" content=\"Politica generali - notesva\" \/>\n<meta property=\"og:url\" content=\"https:\/\/www.aon.es\/site\/notesva\/politica-generali\/\" \/>\n<meta property=\"og:site_name\" content=\"notesva\" \/>\n<meta property=\"article:modified_time\" content=\"2023-05-26T11:17:48+00:00\" \/>\n<meta name=\"twitter:card\" content=\"summary_large_image\" \/>\n<meta name=\"twitter:label1\" content=\"Tiempo de lectura\" \/>\n\t<meta name=\"twitter:data1\" content=\"4 minutos\" \/>\n<script type=\"application\/ld+json\" class=\"yoast-schema-graph\">{\"@context\":\"https:\\\/\\\/schema.org\",\"@graph\":[{\"@type\":\"WebPage\",\"@id\":\"https:\\\/\\\/www.aon.es\\\/site\\\/notesva\\\/politica-generali\\\/\",\"url\":\"https:\\\/\\\/www.aon.es\\\/site\\\/notesva\\\/politica-generali\\\/\",\"name\":\"Politica generali - notesva\",\"isPartOf\":{\"@id\":\"https:\\\/\\\/www.aon.es\\\/site\\\/notesva\\\/#website\"},\"datePublished\":\"2023-05-26T11:17:33+00:00\",\"dateModified\":\"2023-05-26T11:17:48+00:00\",\"breadcrumb\":{\"@id\":\"https:\\\/\\\/www.aon.es\\\/site\\\/notesva\\\/politica-generali\\\/#breadcrumb\"},\"inLanguage\":\"es\",\"potentialAction\":[{\"@type\":\"ReadAction\",\"target\":[\"https:\\\/\\\/www.aon.es\\\/site\\\/notesva\\\/politica-generali\\\/\"]}]},{\"@type\":\"BreadcrumbList\",\"@id\":\"https:\\\/\\\/www.aon.es\\\/site\\\/notesva\\\/politica-generali\\\/#breadcrumb\",\"itemListElement\":[{\"@type\":\"ListItem\",\"position\":1,\"name\":\"Portada\",\"item\":\"https:\\\/\\\/www.aon.es\\\/site\\\/notesva\\\/salud-notarios\\\/\"},{\"@type\":\"ListItem\",\"position\":2,\"name\":\"Politica generali\"}]},{\"@type\":\"WebSite\",\"@id\":\"https:\\\/\\\/www.aon.es\\\/site\\\/notesva\\\/#website\",\"url\":\"https:\\\/\\\/www.aon.es\\\/site\\\/notesva\\\/\",\"name\":\"Seguros de Salud para Notarios - Notesva\",\"description\":\"Otro sitio m\u00e1s de Sitios de Aon\",\"potentialAction\":[{\"@type\":\"SearchAction\",\"target\":{\"@type\":\"EntryPoint\",\"urlTemplate\":\"https:\\\/\\\/www.aon.es\\\/site\\\/notesva\\\/?s={search_term_string}\"},\"query-input\":{\"@type\":\"PropertyValueSpecification\",\"valueRequired\":true,\"valueName\":\"search_term_string\"}}],\"inLanguage\":\"es\"}]}<\/script>\n<!-- \/ Yoast SEO plugin. -->","yoast_head_json":{"title":"Politica generali - notesva","robots":{"index":"index","follow":"follow","max-snippet":"max-snippet:-1","max-image-preview":"max-image-preview:large","max-video-preview":"max-video-preview:-1"},"canonical":"https:\/\/www.aon.es\/site\/notesva\/politica-generali\/","og_locale":"es_ES","og_type":"article","og_title":"Politica generali - notesva","og_url":"https:\/\/www.aon.es\/site\/notesva\/politica-generali\/","og_site_name":"notesva","article_modified_time":"2023-05-26T11:17:48+00:00","twitter_card":"summary_large_image","twitter_misc":{"Tiempo de lectura":"4 minutos"},"schema":{"@context":"https:\/\/schema.org","@graph":[{"@type":"WebPage","@id":"https:\/\/www.aon.es\/site\/notesva\/politica-generali\/","url":"https:\/\/www.aon.es\/site\/notesva\/politica-generali\/","name":"Politica generali - notesva","isPartOf":{"@id":"https:\/\/www.aon.es\/site\/notesva\/#website"},"datePublished":"2023-05-26T11:17:33+00:00","dateModified":"2023-05-26T11:17:48+00:00","breadcrumb":{"@id":"https:\/\/www.aon.es\/site\/notesva\/politica-generali\/#breadcrumb"},"inLanguage":"es","potentialAction":[{"@type":"ReadAction","target":["https:\/\/www.aon.es\/site\/notesva\/politica-generali\/"]}]},{"@type":"BreadcrumbList","@id":"https:\/\/www.aon.es\/site\/notesva\/politica-generali\/#breadcrumb","itemListElement":[{"@type":"ListItem","position":1,"name":"Portada","item":"https:\/\/www.aon.es\/site\/notesva\/salud-notarios\/"},{"@type":"ListItem","position":2,"name":"Politica generali"}]},{"@type":"WebSite","@id":"https:\/\/www.aon.es\/site\/notesva\/#website","url":"https:\/\/www.aon.es\/site\/notesva\/","name":"Seguros de Salud para Notarios - Notesva","description":"Otro sitio m\u00e1s de Sitios de Aon","potentialAction":[{"@type":"SearchAction","target":{"@type":"EntryPoint","urlTemplate":"https:\/\/www.aon.es\/site\/notesva\/?s={search_term_string}"},"query-input":{"@type":"PropertyValueSpecification","valueRequired":true,"valueName":"search_term_string"}}],"inLanguage":"es"}]}},"_links":{"self":[{"href":"https:\/\/www.aon.es\/site\/notesva\/wp-json\/wp\/v2\/pages\/545","targetHints":{"allow":["GET"]}}],"collection":[{"href":"https:\/\/www.aon.es\/site\/notesva\/wp-json\/wp\/v2\/pages"}],"about":[{"href":"https:\/\/www.aon.es\/site\/notesva\/wp-json\/wp\/v2\/types\/page"}],"author":[{"embeddable":true,"href":"https:\/\/www.aon.es\/site\/notesva\/wp-json\/wp\/v2\/users\/31"}],"replies":[{"embeddable":true,"href":"https:\/\/www.aon.es\/site\/notesva\/wp-json\/wp\/v2\/comments?post=545"}],"version-history":[{"count":1,"href":"https:\/\/www.aon.es\/site\/notesva\/wp-json\/wp\/v2\/pages\/545\/revisions"}],"predecessor-version":[{"id":546,"href":"https:\/\/www.aon.es\/site\/notesva\/wp-json\/wp\/v2\/pages\/545\/revisions\/546"}],"wp:attachment":[{"href":"https:\/\/www.aon.es\/site\/notesva\/wp-json\/wp\/v2\/media?parent=545"}],"curies":[{"name":"wp","href":"https:\/\/api.w.org\/{rel}","templated":true}]}}